{"id":16342,"date":"2025-02-18T15:28:46","date_gmt":"2025-02-18T12:28:46","guid":{"rendered":"https:\/\/dentgen.clinic\/uzm-dt-busra-kocak\/"},"modified":"2025-03-26T14:07:07","modified_gmt":"2025-03-26T11:07:07","slug":"uzm-dt-busra-kocak","status":"publish","type":"page","link":"https:\/\/dentgen.clinic\/bg\/%d0%b7%d1%8a%d0%b1%d0%be%d0%bb%d0%b5%d0%ba%d0%b0%d1%80%d0%b8\/uzm-dt-busra-kocak\/","title":{"rendered":"Uzm. Dt. B\u00fc\u015fra Ko\u00e7ak"},"content":{"rendered":"\t\t<div data-elementor-type=\"wp-page\" data-elementor-id=\"16342\" class=\"elementor elementor-16342 elementor-14131\" data-elementor-post-type=\"page\">\n\t\t\t\t<div class=\"elementor-element elementor-element-3bb41793 e-con-full e-flex e-con e-parent\" data-id=\"3bb41793\" data-element_type=\"container\" data-settings=\"{&quot;background_background&quot;:&quot;classic&quot;,&quot;shape_divider_bottom&quot;:&quot;waves&quot;}\">\n\t\t\t\t<div class=\"elementor-shape elementor-shape-bottom\" aria-hidden=\"true\" data-negative=\"false\">\n\t\t\t<svg xmlns=\"http:\/\/www.w3.org\/2000\/svg\" viewBox=\"0 0 1000 100\" preserveAspectRatio=\"none\">\n\t<path class=\"elementor-shape-fill\" d=\"M421.9,6.5c22.6-2.5,51.5,0.4,75.5,5.3c23.6,4.9,70.9,23.5,100.5,35.7c75.8,32.2,133.7,44.5,192.6,49.7\n\tc23.6,2.1,48.7,3.5,103.4-2.5c54.7-6,106.2-25.6,106.2-25.6V0H0v30.3c0,0,72,32.6,158.4,30.5c39.2-0.7,92.8-6.7,134-22.4\n\tc21.2-8.1,52.2-18.2,79.7-24.2C399.3,7.9,411.6,7.5,421.9,6.5z\"\/>\n<\/svg>\t\t<\/div>\n\t\t\t\t<div class=\"elementor-element elementor-element-4674f152 elementor-invisible elementor-widget elementor-widget-heading\" data-id=\"4674f152\" data-element_type=\"widget\" data-settings=\"{&quot;_animation&quot;:&quot;fadeIn&quot;}\" data-widget_type=\"heading.default\">\n\t\t\t\t<div class=\"elementor-widget-container\">\n\t\t\t\t\t<span class=\"elementor-heading-title elementor-size-default\">Uzm. Dt. B\u00fc\u015fra Ko\u00e7ak<\/span>\t\t\t\t<\/div>\n\t\t\t\t<\/div>\n\t\t\t\t<\/div>\n\t\t<div class=\"elementor-element elementor-element-45b1b46c e-con-full e-flex e-con e-parent\" data-id=\"45b1b46c\" data-element_type=\"container\" data-settings=\"{&quot;background_background&quot;:&quot;classic&quot;}\">\n\t\t<div class=\"elementor-element elementor-element-7c357568 e-con-full e-flex e-con e-child\" data-id=\"7c357568\" data-element_type=\"container\">\n\t\t\t\t<div class=\"elementor-element elementor-element-7990810f elementor-widget__width-initial elementor-widget elementor-widget-heading\" data-id=\"7990810f\" data-element_type=\"widget\" data-widget_type=\"heading.default\">\n\t\t\t\t<div class=\"elementor-widget-container\">\n\t\t\t\t\t<h2 class=\"elementor-heading-title elementor-size-default\">Uzm. Dt. B\u00fc\u015fra Ko\u00e7ak<\/h2>\t\t\t\t<\/div>\n\t\t\t\t<\/div>\n\t\t\t\t<div class=\"elementor-element elementor-element-600be71b elementor-invisible elementor-widget elementor-widget-text-editor\" data-id=\"600be71b\" data-element_type=\"widget\" data-settings=\"{&quot;_animation&quot;:&quot;fadeIn&quot;,&quot;_animation_delay&quot;:200}\" data-widget_type=\"text-editor.default\">\n\t\t\t\t<div class=\"elementor-widget-container\">\n\t\t\t\t\t\t\t\t\t<div class=\"flex flex-grow flex-col max-w-full\">\n<div class=\"min-h-[20px] text-message flex flex-col items-start whitespace-pre-wrap break-words [.text-message+&amp;]:mt-5 juice:w-full juice:items-end overflow-x-auto gap-2\" dir=\"auto\" data-message-author-role=\"assistant\" data-message-id=\"169c136f-2d49-4e82-9b2a-48c9dadcd18f\">\n<div class=\"flex w-full flex-col gap-1 juice:empty:hidden juice:first:pt-[3px]\">\n<div class=\"markdown prose w-full break-words dark:prose-invert light\">\n<p>\u0411\u044e\u0448\u0440\u0430 \u041a\u043e\u0447\u0430\u043a \u0435 \u0440\u043e\u0434\u0435\u043d\u0430 \u0432 \u0410\u043d\u043a\u0430\u0440\u0430 \u043f\u0440\u0435\u0437 1993 \u0433. \u0438 \u0437\u0430\u0432\u044a\u0440\u0448\u0432\u0430 \u0441\u0440\u0435\u0434\u043d\u043e\u0442\u043e \u0441\u0438 \u043e\u0431\u0440\u0430\u0437\u043e\u0432\u0430\u043d\u0438\u0435 \u0432 \u0433\u0438\u043c\u043d\u0430\u0437\u0438\u044f\u0442\u0430 \u201e\u0410\u0442\u0430\u0442\u044e\u0440\u043a\u201c \u0432 \u0410\u043d\u043a\u0430\u0440\u0430 (Ta\u015f Mektep). \u041f\u0440\u0435\u0437 2012 \u0433. \u0437\u0430\u043f\u043e\u0447\u0432\u0430 \u0431\u0430\u043a\u0430\u043b\u0430\u0432\u044a\u0440\u0441\u043a\u043e\u0442\u043e \u0441\u0438 \u043e\u0431\u0443\u0447\u0435\u043d\u0438\u0435 \u0432 \u0423\u043d\u0438\u0432\u0435\u0440\u0441\u0438\u0442\u0435\u0442\u0430 \u043d\u0430 \u0411\u043b\u0438\u0437\u043a\u0438\u044f \u0438\u0437\u0442\u043e\u043a \u0441 \u043f\u044a\u043b\u043d\u0430 \u0441\u0442\u0438\u043f\u0435\u043d\u0434\u0438\u044f. \u041f\u0440\u0435\u0437 2017 \u0433. \u0437\u0430\u043f\u043e\u0447\u0432\u0430 \u0434\u043e\u043a\u0442\u043e\u0440\u0441\u043a\u0430\u0442\u0430 \u0441\u0438 \u0441\u0442\u0435\u043f\u0435\u043d \u0432 \u041a\u0430\u0442\u0435\u0434\u0440\u0430\u0442\u0430 \u043f\u043e \u0435\u043d\u0434\u043e\u0434\u043e\u043d\u0442\u0438\u044f \u0438 \u0437\u0430\u0449\u0438\u0442\u0430\u0432\u0430 \u0443\u0441\u043f\u0435\u0448\u043d\u043e \u0441\u0432\u043e\u044f\u0442\u0430 \u0434\u0438\u0441\u0435\u0440\u0442\u0430\u0446\u0438\u044f \u043f\u0440\u0435\u0437 2021 \u0433. \u041e\u0442 2017 \u0433. \u0440\u0430\u0431\u043e\u0442\u0438 \u0432 \u0440\u0430\u0437\u043b\u0438\u0447\u043d\u0438 \u0447\u0430\u0441\u0442\u043d\u0438 \u043a\u043b\u0438\u043d\u0438\u043a\u0438, \u043a\u0430\u0442\u043e \u0443\u0441\u044a\u0432\u044a\u0440\u0448\u0435\u043d\u0441\u0442\u0432\u0430 \u0443\u043c\u0435\u043d\u0438\u044f\u0442\u0430 \u0441\u0438 \u043d\u0435 \u0441\u0430\u043c\u043e \u0432 \u0435\u043d\u0434\u043e\u0434\u043e\u043d\u0442\u0438\u044f\u0442\u0430, \u043d\u043e \u0438 \u0432 \u0434\u0440\u0443\u0433\u0438 \u043e\u0431\u043b\u0430\u0441\u0442\u0438 \u043d\u0430 \u0434\u0435\u043d\u0442\u0430\u043b\u043d\u0430\u0442\u0430 \u043c\u0435\u0434\u0438\u0446\u0438\u043d\u0430.   <\/p>\n<\/div>\n<\/div>\n<\/div>\n<\/div>\n\t\t\t\t\t\t\t\t<\/div>\n\t\t\t\t<\/div>\n\t\t\t\t<div class=\"elementor-element elementor-element-45e8d990 elementor-align-center elementor-invisible elementor-widget elementor-widget-button\" data-id=\"45e8d990\" data-element_type=\"widget\" data-settings=\"{&quot;_animation&quot;:&quot;fadeIn&quot;,&quot;_animation_delay&quot;:400}\" data-widget_type=\"button.default\">\n\t\t\t\t<div class=\"elementor-widget-container\">\n\t\t\t\t\t\t\t\t\t<div class=\"elementor-button-wrapper\">\n\t\t\t\t\t<a class=\"elementor-button elementor-button-link elementor-size-sm\" href=\"#name\">\n\t\t\t\t\t\t<span class=\"elementor-button-content-wrapper\">\n\t\t\t\t\t\t<span class=\"elementor-button-icon\">\n\t\t\t\t<svg aria-hidden=\"true\" class=\"e-font-icon-svg e-fas-arrow-alt-circle-down\" viewBox=\"0 0 512 512\" xmlns=\"http:\/\/www.w3.org\/2000\/svg\"><path d=\"M504 256c0 137-111 248-248 248S8 393 8 256 119 8 256 8s248 111 248 248zM212 140v116h-70.9c-10.7 0-16.1 13-8.5 20.5l114.9 114.3c4.7 4.7 12.2 4.7 16.9 0l114.9-114.3c7.6-7.6 2.2-20.5-8.5-20.5H300V140c0-6.6-5.4-12-12-12h-64c-6.6 0-12 5.4-12 12z\"><\/path><\/svg>\t\t\t<\/span>\n\t\t\t\t\t\t\t\t\t<span class=\"elementor-button-text\">\u041f\u0440\u0435\u0433\u043b\u0435\u0434 \u043d\u0430 \u0430\u0432\u0442\u043e\u0431\u0438\u043e\u0433\u0440\u0430\u0444\u0438\u044f\u0442\u0430<\/span>\n\t\t\t\t\t<\/span>\n\t\t\t\t\t<\/a>\n\t\t\t\t<\/div>\n\t\t\t\t\t\t\t\t<\/div>\n\t\t\t\t<\/div>\n\t\t\t\t<\/div>\n\t\t<div class=\"elementor-element elementor-element-743123aa e-con-full e-flex e-con e-child\" data-id=\"743123aa\" data-element_type=\"container\" data-settings=\"{&quot;background_background&quot;:&quot;classic&quot;}\">\n\t\t\t\t<div class=\"elementor-element elementor-element-45884666 elementor-invisible elementor-widget elementor-widget-image\" data-id=\"45884666\" data-element_type=\"widget\" data-settings=\"{&quot;_animation&quot;:&quot;zoomIn&quot;}\" data-widget_type=\"image.default\">\n\t\t\t\t<div class=\"elementor-widget-container\">\n\t\t\t\t\t\t\t\t\t\t\t\t\t\t\t<img fetchpriority=\"high\" decoding=\"async\" width=\"1707\" height=\"2560\" src=\"https:\/\/dentgen.clinic\/wp-content\/uploads\/2025\/02\/DR.DT_.-BUSRA-KOCAK-KAVAKLIDERE-scaled.jpg\" class=\"attachment-full size-full wp-image-14382\" alt=\"\" srcset=\"https:\/\/dentgen.clinic\/wp-content\/uploads\/2025\/02\/DR.DT_.-BUSRA-KOCAK-KAVAKLIDERE-scaled.jpg 1707w, https:\/\/dentgen.clinic\/wp-content\/uploads\/2025\/02\/DR.DT_.-BUSRA-KOCAK-KAVAKLIDERE-200x300.jpg 200w, https:\/\/dentgen.clinic\/wp-content\/uploads\/2025\/02\/DR.DT_.-BUSRA-KOCAK-KAVAKLIDERE-683x1024.jpg 683w, https:\/\/dentgen.clinic\/wp-content\/uploads\/2025\/02\/DR.DT_.-BUSRA-KOCAK-KAVAKLIDERE-768x1152.jpg 768w, https:\/\/dentgen.clinic\/wp-content\/uploads\/2025\/02\/DR.DT_.-BUSRA-KOCAK-KAVAKLIDERE-1024x1536.jpg 1024w, https:\/\/dentgen.clinic\/wp-content\/uploads\/2025\/02\/DR.DT_.-BUSRA-KOCAK-KAVAKLIDERE-1365x2048.jpg 1365w\" sizes=\"(max-width: 1707px) 100vw, 1707px\" \/>\t\t\t\t\t\t\t\t\t\t\t\t\t\t\t<\/div>\n\t\t\t\t<\/div>\n\t\t\t\t<\/div>\n\t\t\t\t<\/div>\n\t\t<div class=\"elementor-element elementor-element-51322a4 e-con-full e-flex e-con e-child\" data-id=\"51322a4\" data-element_type=\"container\" id=\"name\" data-settings=\"{&quot;background_background&quot;:&quot;classic&quot;,&quot;shape_divider_bottom&quot;:&quot;waves&quot;,&quot;shape_divider_top&quot;:&quot;waves&quot;}\">\n\t\t\t\t<div class=\"elementor-shape elementor-shape-top\" aria-hidden=\"true\" data-negative=\"false\">\n\t\t\t<svg xmlns=\"http:\/\/www.w3.org\/2000\/svg\" viewBox=\"0 0 1000 100\" preserveAspectRatio=\"none\">\n\t<path class=\"elementor-shape-fill\" d=\"M421.9,6.5c22.6-2.5,51.5,0.4,75.5,5.3c23.6,4.9,70.9,23.5,100.5,35.7c75.8,32.2,133.7,44.5,192.6,49.7\n\tc23.6,2.1,48.7,3.5,103.4-2.5c54.7-6,106.2-25.6,106.2-25.6V0H0v30.3c0,0,72,32.6,158.4,30.5c39.2-0.7,92.8-6.7,134-22.4\n\tc21.2-8.1,52.2-18.2,79.7-24.2C399.3,7.9,411.6,7.5,421.9,6.5z\"\/>\n<\/svg>\t\t<\/div>\n\t\t\t\t<div class=\"elementor-shape elementor-shape-bottom\" aria-hidden=\"true\" data-negative=\"false\">\n\t\t\t<svg xmlns=\"http:\/\/www.w3.org\/2000\/svg\" viewBox=\"0 0 1000 100\" preserveAspectRatio=\"none\">\n\t<path class=\"elementor-shape-fill\" d=\"M421.9,6.5c22.6-2.5,51.5,0.4,75.5,5.3c23.6,4.9,70.9,23.5,100.5,35.7c75.8,32.2,133.7,44.5,192.6,49.7\n\tc23.6,2.1,48.7,3.5,103.4-2.5c54.7-6,106.2-25.6,106.2-25.6V0H0v30.3c0,0,72,32.6,158.4,30.5c39.2-0.7,92.8-6.7,134-22.4\n\tc21.2-8.1,52.2-18.2,79.7-24.2C399.3,7.9,411.6,7.5,421.9,6.5z\"\/>\n<\/svg>\t\t<\/div>\n\t\t\t\t<div class=\"elementor-element elementor-element-1b9937e elementor-widget__width-initial elementor-widget elementor-widget-text-editor\" data-id=\"1b9937e\" data-element_type=\"widget\" data-widget_type=\"text-editor.default\">\n\t\t\t\t<div class=\"elementor-widget-container\">\n\t\t\t\t\t\t\t\t\t<p><\/p>\n<table border=\"1\" width=\"100%\" cellspacing=\"0\" cellpadding=\"4\">\n<tbody>\n<tr valign=\"TOP\">\n<td width=\"50%\"><strong>\u0418\u043c\u0435<\/strong><\/td>\n<td width=\"50%\"><strong>Uzm. Dt. B\u00fc\u015fra Ko\u00e7ak<\/strong><\/td>\n<\/tr>\n<tr valign=\"TOP\">\n<td width=\"50%\"><strong>\u0421\u043f\u0435\u0446\u0438\u0430\u043b\u0438\u0437\u0430\u0446\u0438\u044f:<\/strong><\/td> <td width=\"50%\"><strong>\u0421\u043f\u0435\u0446\u0438\u0430\u043b\u0438\u0441\u0442 \u043f\u043e \u0435\u043d\u0434\u043e\u0434\u043e\u043d\u0442\u0438\u044f<\/strong><\/td>\n<\/tr>\n<tr valign=\"TOP\">\n<td width=\"50%\"><strong>\u041f\u0440\u043e\u0444\u0435\u0441\u0438\u043e\u043d\u0430\u043b\u043d\u0438 \u0438\u043d\u0442\u0435\u0440\u0435\u0441\u0438<\/strong><\/td>\n<td width=\"50%\">\n<ul>\n<li>\u041b\u0435\u0447\u0435\u043d\u0438\u0435 \u043d\u0430 \u043a\u043e\u0440\u0435\u043d\u043e\u0432\u0438 \u043a\u0430\u043d\u0430\u043b\u0438<\/li>\n<\/ul>\n<ul>\n<li>\u0415\u0441\u0442\u0435\u0442\u0438\u0447\u043d\u0438 \u043f\u043b\u043e\u043c\u0431\u0438<\/li>\n<\/ul>\n<ul>\n<li>\u0425\u0438\u0440\u0443\u0440\u0433\u0438\u044f \u043d\u0430 \u0437\u044a\u0431\u043d\u0438 \u0438\u043c\u043f\u043b\u0430\u043d\u0442\u0438<\/li>\n<\/ul>\n<ul>\n<li>\u0415\u043a\u0441\u0442\u0440\u0430\u043a\u0446\u0438\u044f \u043d\u0430 \u0443\u0434\u0430\u0440\u0435\u043d \u0437\u044a\u0431<\/li>\n<\/ul>\n<ul>\n<li>\u041f\u0440\u043e\u0442\u0435\u0442\u0438\u0447\u043d\u043e \u0434\u0435\u043d\u0442\u0430\u043b\u043d\u043e \u043b\u0435\u0447\u0435\u043d\u0438\u0435<\/li>\n<\/ul>\n<ul>\n<li>\u041f\u043b\u043e\u043c\u0431\u0438 \u0438 \u0431\u043e\u0442\u043e\u043a\u0441 \u043f\u0440\u043e\u0446\u0435\u0434\u0443\u0440\u0438<\/li>\n<\/ul>\n<\/td>\n<\/tr>\n<tr valign=\"TOP\">\n<td width=\"50%\"><strong>\u041e\u0431\u0440\u0430\u0437\u043e\u0432\u0430\u043d\u0438\u0435<\/strong><\/td>\n<td width=\"50%\">\n<ul>\n<li><strong style=\"background-color: transparent; color: var( --e-global-color-text ); letter-spacing: 0px; text-align: var(--text-align);\"><span style=\"background-color: #ffffff; font-size: 20px; text-align: center; color: var( --e-global-color-text ); letter-spacing: 0px;\">Yak\u0131n Do\u011fu University<\/span><span style=\"background-color: #ffffff; font-size: 20px; text-align: center; color: var( --e-global-color-text ); letter-spacing: 0px;\">&nbsp;<\/span><\/strong><\/li>\n<li><strong style=\"background-color: transparent; color: var( --e-global-color-text ); letter-spacing: 0px; text-align: var(--text-align);\">\u0414\u043e\u043a\u0442\u043e\u0440\u0430\u043d\u0442\u0443\u0440\u0430, \u041a\u0430\u0442\u0435\u0434\u0440\u0430 \u043f\u043e \u0435\u043d\u0434\u043e\u0434\u043e\u043d\u0442\u0438\u044f<\/strong><\/li>\n<\/ul>\n<\/td>\n<\/tr>\n<\/tbody>\n<\/table>\t\t\t\t\t\t\t\t<\/div>\n\t\t\t\t<\/div>\n\t\t\t\t<\/div>\n\t\t\t\t<\/div>\n\t\t","protected":false},"excerpt":{"rendered":"<p>Uzm. Dt. B\u00fc\u015fra Ko\u00e7ak Uzm. Dt. B\u00fc\u015fra Ko\u00e7ak \u0411\u044e\u0448\u0440\u0430 \u041a\u043e\u0447\u0430\u043a \u0435 \u0440\u043e\u0434\u0435\u043d\u0430 \u0432 \u0410\u043d\u043a\u0430\u0440\u0430 \u043f\u0440\u0435\u0437 1993 \u0433. \u0438 \u0437\u0430\u0432\u044a\u0440\u0448\u0432\u0430 \u0441\u0440\u0435\u0434\u043d\u043e\u0442\u043e \u0441\u0438 \u043e\u0431\u0440\u0430\u0437\u043e\u0432\u0430\u043d\u0438\u0435 \u0432 \u0433\u0438\u043c\u043d\u0430\u0437\u0438\u044f\u0442\u0430 \u201e\u0410\u0442\u0430\u0442\u044e\u0440\u043a\u201c \u0432 \u0410\u043d\u043a\u0430\u0440\u0430 (Ta\u015f Mektep). \u041f\u0440\u0435\u0437 2012 \u0433. \u0437\u0430\u043f\u043e\u0447\u0432\u0430 \u0431\u0430\u043a\u0430\u043b\u0430\u0432\u044a\u0440\u0441\u043a\u043e\u0442\u043e \u0441\u0438 \u043e\u0431\u0443\u0447\u0435\u043d\u0438\u0435 \u0432 \u0423\u043d\u0438\u0432\u0435\u0440\u0441\u0438\u0442\u0435\u0442\u0430 \u043d\u0430 \u0411\u043b\u0438\u0437\u043a\u0438\u044f \u0438\u0437\u0442\u043e\u043a \u0441 \u043f\u044a\u043b\u043d\u0430 \u0441\u0442\u0438\u043f\u0435\u043d\u0434\u0438\u044f. \u041f\u0440\u0435\u0437 2017 \u0433. \u0437\u0430\u043f\u043e\u0447\u0432\u0430 \u0434\u043e\u043a\u0442\u043e\u0440\u0441\u043a\u0430\u0442\u0430 \u0441\u0438 \u0441\u0442\u0435\u043f\u0435\u043d \u0432 \u041a\u0430\u0442\u0435\u0434\u0440\u0430\u0442\u0430 \u043f\u043e \u0435\u043d\u0434\u043e\u0434\u043e\u043d\u0442\u0438\u044f [&hellip;]<\/p>\n","protected":false},"author":1,"featured_media":0,"parent":16488,"menu_order":0,"comment_status":"closed","ping_status":"closed","template":"elementor_header_footer","meta":{"footnotes":""},"class_list":["post-16342","page","type-page","status-publish","hentry"],"_links":{"self":[{"href":"https:\/\/dentgen.clinic\/bg\/wp-json\/wp\/v2\/pages\/16342","targetHints":{"allow":["GET"]}}],"collection":[{"href":"https:\/\/dentgen.clinic\/bg\/wp-json\/wp\/v2\/pages"}],"about":[{"href":"https:\/\/dentgen.clinic\/bg\/wp-json\/wp\/v2\/types\/page"}],"author":[{"embeddable":true,"href":"https:\/\/dentgen.clinic\/bg\/wp-json\/wp\/v2\/users\/1"}],"replies":[{"embeddable":true,"href":"https:\/\/dentgen.clinic\/bg\/wp-json\/wp\/v2\/comments?post=16342"}],"version-history":[{"count":0,"href":"https:\/\/dentgen.clinic\/bg\/wp-json\/wp\/v2\/pages\/16342\/revisions"}],"up":[{"embeddable":true,"href":"https:\/\/dentgen.clinic\/bg\/wp-json\/wp\/v2\/pages\/16488"}],"wp:attachment":[{"href":"https:\/\/dentgen.clinic\/bg\/wp-json\/wp\/v2\/media?parent=16342"}],"curies":[{"name":"wp","href":"https:\/\/api.w.org\/{rel}","templated":true}]}}