{"id":11420,"date":"2024-08-14T17:33:34","date_gmt":"2024-08-14T14:33:34","guid":{"rendered":"https:\/\/dentgen.clinic\/dt-ali-riza-taghavi\/"},"modified":"2025-03-26T14:05:54","modified_gmt":"2025-03-26T11:05:54","slug":"dt-ali-riza-taghavi","status":"publish","type":"page","link":"https:\/\/dentgen.clinic\/de\/zahnaerzte\/dt-ali-riza-taghavi\/","title":{"rendered":"Dt. Ali R\u0131za Taghavi"},"content":{"rendered":"\t\t<div data-elementor-type=\"wp-page\" data-elementor-id=\"11420\" class=\"elementor elementor-11420 elementor-11360\" data-elementor-post-type=\"page\">\n\t\t\t\t<div class=\"elementor-element elementor-element-3bb41793 e-con-full e-flex e-con e-parent\" data-id=\"3bb41793\" data-element_type=\"container\" data-settings=\"{&quot;background_background&quot;:&quot;classic&quot;,&quot;shape_divider_bottom&quot;:&quot;waves&quot;}\">\n\t\t\t\t<div class=\"elementor-shape elementor-shape-bottom\" aria-hidden=\"true\" data-negative=\"false\">\n\t\t\t<svg xmlns=\"http:\/\/www.w3.org\/2000\/svg\" viewBox=\"0 0 1000 100\" preserveAspectRatio=\"none\">\n\t<path class=\"elementor-shape-fill\" d=\"M421.9,6.5c22.6-2.5,51.5,0.4,75.5,5.3c23.6,4.9,70.9,23.5,100.5,35.7c75.8,32.2,133.7,44.5,192.6,49.7\n\tc23.6,2.1,48.7,3.5,103.4-2.5c54.7-6,106.2-25.6,106.2-25.6V0H0v30.3c0,0,72,32.6,158.4,30.5c39.2-0.7,92.8-6.7,134-22.4\n\tc21.2-8.1,52.2-18.2,79.7-24.2C399.3,7.9,411.6,7.5,421.9,6.5z\"\/>\n<\/svg>\t\t<\/div>\n\t\t\t\t<div class=\"elementor-element elementor-element-4674f152 elementor-invisible elementor-widget elementor-widget-heading\" data-id=\"4674f152\" data-element_type=\"widget\" data-settings=\"{&quot;_animation&quot;:&quot;fadeIn&quot;}\" data-widget_type=\"heading.default\">\n\t\t\t\t<div class=\"elementor-widget-container\">\n\t\t\t\t\t<span class=\"elementor-heading-title elementor-size-default\">Dt. Ali R\u0131za Taghavi<\/span>\t\t\t\t<\/div>\n\t\t\t\t<\/div>\n\t\t\t\t<\/div>\n\t\t<div class=\"elementor-element elementor-element-45b1b46c e-con-full e-flex e-con e-parent\" data-id=\"45b1b46c\" data-element_type=\"container\" data-settings=\"{&quot;background_background&quot;:&quot;classic&quot;}\">\n\t\t<div class=\"elementor-element elementor-element-7c357568 e-con-full e-flex e-con e-child\" data-id=\"7c357568\" data-element_type=\"container\">\n\t\t\t\t<div class=\"elementor-element elementor-element-7990810f elementor-widget elementor-widget-heading\" data-id=\"7990810f\" data-element_type=\"widget\" data-widget_type=\"heading.default\">\n\t\t\t\t<div class=\"elementor-widget-container\">\n\t\t\t\t\t<h2 class=\"elementor-heading-title elementor-size-default\">Dt. Ali R\u0131za Taghavi<\/h2>\t\t\t\t<\/div>\n\t\t\t\t<\/div>\n\t\t\t\t<div class=\"elementor-element elementor-element-a9d18c5 elementor-invisible elementor-widget elementor-widget-text-editor\" data-id=\"a9d18c5\" data-element_type=\"widget\" data-settings=\"{&quot;_animation&quot;:&quot;fadeIn&quot;,&quot;_animation_delay&quot;:200}\" data-widget_type=\"text-editor.default\">\n\t\t\t\t<div class=\"elementor-widget-container\">\n\t\t\t\t\t\t\t\t\t<div class=\"flex flex-grow flex-col max-w-full\"><div class=\"min-h-[20px] text-message flex flex-col items-start whitespace-pre-wrap break-words [.text-message+&amp;]:mt-5 juice:w-full juice:items-end overflow-x-auto gap-2\" dir=\"auto\" data-message-author-role=\"assistant\" data-message-id=\"ba6a38ec-ed7b-4c25-a406-11a3949dadbb\"><div class=\"flex w-full flex-col gap-1 juice:empty:hidden juice:first:pt-[3px]\"><div class=\"markdown prose w-full break-words dark:prose-invert light\"><div class=\"flex max-w-full flex-col flex-grow\"><div class=\"min-h-[20px] text-message flex w-full flex-col items-end gap-2 whitespace-pre-wrap break-words [.text-message+&amp;]:mt-5 overflow-x-auto\" dir=\"auto\" data-message-author-role=\"assistant\" data-message-id=\"1bae4a86-36d7-4e6b-955a-39c88cf5a282\"><div class=\"flex w-full flex-col gap-1 empty:hidden first:pt-[3px]\"><div class=\"markdown prose w-full break-words dark:prose-invert light\"><p>Dr. Alir\u0131za Taghavi ist ein hochqualifizierter und engagierter Zahnarzt mit einer soliden Ausbildung. Er erwarb seinen Abschluss in Zahnmedizin an der Karadeniz Technischen Universit\u00e4t und hat sich seitdem der Bereitstellung erstklassiger zahn\u00e4rztlicher Versorgung verschrieben. Sein Streben nach Exzellenz f\u00fchrte ihn zu einer weiteren Spezialisierung, und er absolviert derzeit eine Promotion in Kieferorthop\u00e4die an der Istanbul Ayd\u0131n Universit\u00e4t. Neben seinem praktischen Wissen hat Dr. Taghavi seine Fachkenntnisse auch durch die Teilnahme an verschiedenen Fachkursen und Kongressen erweitert. Er spricht mehrere Sprachen flie\u00dfend, darunter Englisch, Persisch, Aserbaidschanisch und Arabisch, und ist daher bestens ausgestattet, um eine vielf\u00e4ltige Patientenbasis mit gr\u00f6\u00dfter Sorgfalt und Professionalit\u00e4t zu betreuen.<\/p><\/div><\/div><\/div><\/div><\/div><\/div><\/div><\/div>\t\t\t\t\t\t\t\t<\/div>\n\t\t\t\t<\/div>\n\t\t\t\t<div class=\"elementor-element elementor-element-45e8d990 elementor-align-center elementor-invisible elementor-widget elementor-widget-button\" data-id=\"45e8d990\" data-element_type=\"widget\" data-settings=\"{&quot;_animation&quot;:&quot;fadeIn&quot;,&quot;_animation_delay&quot;:400}\" data-widget_type=\"button.default\">\n\t\t\t\t<div class=\"elementor-widget-container\">\n\t\t\t\t\t\t\t\t\t<div class=\"elementor-button-wrapper\">\n\t\t\t\t\t<a class=\"elementor-button elementor-button-link elementor-size-sm\" href=\"#name\">\n\t\t\t\t\t\t<span class=\"elementor-button-content-wrapper\">\n\t\t\t\t\t\t<span class=\"elementor-button-icon\">\n\t\t\t\t<svg aria-hidden=\"true\" class=\"e-font-icon-svg e-fas-arrow-alt-circle-down\" viewBox=\"0 0 512 512\" xmlns=\"http:\/\/www.w3.org\/2000\/svg\"><path d=\"M504 256c0 137-111 248-248 248S8 393 8 256 119 8 256 8s248 111 248 248zM212 140v116h-70.9c-10.7 0-16.1 13-8.5 20.5l114.9 114.3c4.7 4.7 12.2 4.7 16.9 0l114.9-114.3c7.6-7.6 2.2-20.5-8.5-20.5H300V140c0-6.6-5.4-12-12-12h-64c-6.6 0-12 5.4-12 12z\"><\/path><\/svg>\t\t\t<\/span>\n\t\t\t\t\t\t\t\t\t<span class=\"elementor-button-text\">Bewertung CV<\/span>\n\t\t\t\t\t<\/span>\n\t\t\t\t\t<\/a>\n\t\t\t\t<\/div>\n\t\t\t\t\t\t\t\t<\/div>\n\t\t\t\t<\/div>\n\t\t\t\t<\/div>\n\t\t<div class=\"elementor-element elementor-element-743123aa e-con-full e-flex e-con e-child\" data-id=\"743123aa\" data-element_type=\"container\" data-settings=\"{&quot;background_background&quot;:&quot;classic&quot;}\">\n\t\t\t\t<div class=\"elementor-element elementor-element-45884666 elementor-invisible elementor-widget elementor-widget-image\" data-id=\"45884666\" data-element_type=\"widget\" data-settings=\"{&quot;_animation&quot;:&quot;zoomIn&quot;}\" data-widget_type=\"image.default\">\n\t\t\t\t<div class=\"elementor-widget-container\">\n\t\t\t\t\t\t\t\t\t\t\t\t\t\t\t<img fetchpriority=\"high\" decoding=\"async\" width=\"1000\" height=\"1779\" src=\"https:\/\/dentgen.clinic\/wp-content\/uploads\/2024\/08\/ali-riza-taghavi.png\" class=\"attachment-full size-full wp-image-11354\" alt=\"\" srcset=\"https:\/\/dentgen.clinic\/wp-content\/uploads\/2024\/08\/ali-riza-taghavi.png 1000w, https:\/\/dentgen.clinic\/wp-content\/uploads\/2024\/08\/ali-riza-taghavi-169x300.png 169w, https:\/\/dentgen.clinic\/wp-content\/uploads\/2024\/08\/ali-riza-taghavi-576x1024.png 576w, https:\/\/dentgen.clinic\/wp-content\/uploads\/2024\/08\/ali-riza-taghavi-768x1366.png 768w, https:\/\/dentgen.clinic\/wp-content\/uploads\/2024\/08\/ali-riza-taghavi-863x1536.png 863w\" sizes=\"(max-width: 1000px) 100vw, 1000px\" \/>\t\t\t\t\t\t\t\t\t\t\t\t\t\t\t<\/div>\n\t\t\t\t<\/div>\n\t\t\t\t<\/div>\n\t\t\t\t<\/div>\n\t\t<div class=\"elementor-element elementor-element-51322a4 e-con-full e-flex e-con e-child\" data-id=\"51322a4\" data-element_type=\"container\" id=\"name\" data-settings=\"{&quot;background_background&quot;:&quot;classic&quot;,&quot;shape_divider_bottom&quot;:&quot;waves&quot;,&quot;shape_divider_top&quot;:&quot;waves&quot;}\">\n\t\t\t\t<div class=\"elementor-shape elementor-shape-top\" aria-hidden=\"true\" data-negative=\"false\">\n\t\t\t<svg xmlns=\"http:\/\/www.w3.org\/2000\/svg\" viewBox=\"0 0 1000 100\" preserveAspectRatio=\"none\">\n\t<path class=\"elementor-shape-fill\" d=\"M421.9,6.5c22.6-2.5,51.5,0.4,75.5,5.3c23.6,4.9,70.9,23.5,100.5,35.7c75.8,32.2,133.7,44.5,192.6,49.7\n\tc23.6,2.1,48.7,3.5,103.4-2.5c54.7-6,106.2-25.6,106.2-25.6V0H0v30.3c0,0,72,32.6,158.4,30.5c39.2-0.7,92.8-6.7,134-22.4\n\tc21.2-8.1,52.2-18.2,79.7-24.2C399.3,7.9,411.6,7.5,421.9,6.5z\"\/>\n<\/svg>\t\t<\/div>\n\t\t\t\t<div class=\"elementor-shape elementor-shape-bottom\" aria-hidden=\"true\" data-negative=\"false\">\n\t\t\t<svg xmlns=\"http:\/\/www.w3.org\/2000\/svg\" viewBox=\"0 0 1000 100\" preserveAspectRatio=\"none\">\n\t<path class=\"elementor-shape-fill\" d=\"M421.9,6.5c22.6-2.5,51.5,0.4,75.5,5.3c23.6,4.9,70.9,23.5,100.5,35.7c75.8,32.2,133.7,44.5,192.6,49.7\n\tc23.6,2.1,48.7,3.5,103.4-2.5c54.7-6,106.2-25.6,106.2-25.6V0H0v30.3c0,0,72,32.6,158.4,30.5c39.2-0.7,92.8-6.7,134-22.4\n\tc21.2-8.1,52.2-18.2,79.7-24.2C399.3,7.9,411.6,7.5,421.9,6.5z\"\/>\n<\/svg>\t\t<\/div>\n\t\t\t\t<div class=\"elementor-element elementor-element-1b9937e elementor-widget__width-initial elementor-widget elementor-widget-text-editor\" data-id=\"1b9937e\" data-element_type=\"widget\" data-widget_type=\"text-editor.default\">\n\t\t\t\t<div class=\"elementor-widget-container\">\n\t\t\t\t\t\t\t\t\t<h3 class=\"western\">\u00a0<\/h3><table border=\"0\" width=\"635\" cellspacing=\"0\" cellpadding=\"2\"><thead><tr><th width=\"162\"><p style=\"text-align: left;\"><strong>Name<\/strong><\/p><\/th><th width=\"465\"><p style=\"text-align: left;\">Dr. Ali R\u0131za Taghavi<\/p><\/th><\/tr><\/thead><tbody><tr><td width=\"162\"><p><strong>Spezialisierung<\/strong><\/p><\/td><td width=\"465\"><p>Kieferorthop\u00e4de<\/p><\/td><\/tr><tr><td width=\"162\"><p><strong>Ausbildung<\/strong><\/p><\/td><td width=\"465\"><p>&#8211; Zahnmedizin \u2013 Karadeniz Technische Universit\u00e4t, Trabzon<br \/>&#8211; Kieferorthop\u00e4die (PhD) \u2013 Istanbul Ayd\u0131n Universit\u00e4t, Istanbul<br \/>&#8211; Maschinenbau<\/p><\/td><\/tr><tr><td width=\"162\"><p><strong>Zertifikate<\/strong><\/p><\/td><td width=\"465\"><p>&#8211; TDB Nationaler Studentenkongress<br \/>&#8211; TDB Internationaler Zahn\u00e4rztekongress<br \/>&#8211; Internationaler Kongress der T\u00fcrkischen Orthodontischen Gesellschaft<br \/>&#8211; Graphik und Direct Aligner Design (DAD)<\/p><\/td><\/tr><tr><td width=\"162\"><p><strong>Kurs<\/strong><\/p><\/td><td width=\"465\"><p>Biomechanik in der Kieferorthop\u00e4die<\/p><\/td><\/tr><tr><td width=\"162\"><p><strong>Berufsmitgliedschaften<\/strong><\/p><\/td><td width=\"465\"><p>&#8211; T\u00fcrkische Zahn\u00e4rztevereinigung<br \/>&#8211; Zahn\u00e4rztekammer Istanbul<\/p><\/td><\/tr><\/tbody><\/table><h3 class=\"western\"><br \/><br \/><\/h3><h3 class=\"western\"><br \/><br \/><\/h3>\t\t\t\t\t\t\t\t<\/div>\n\t\t\t\t<\/div>\n\t\t\t\t<\/div>\n\t\t\t\t<\/div>\n\t\t","protected":false},"excerpt":{"rendered":"<p>Dt. Ali R\u0131za Taghavi Dt. Ali R\u0131za Taghavi Dr. Alir\u0131za Taghavi ist ein hochqualifizierter und engagierter Zahnarzt mit einer soliden Ausbildung. Er erwarb seinen Abschluss in Zahnmedizin an der Karadeniz Technischen Universit\u00e4t und hat sich seitdem der Bereitstellung erstklassiger zahn\u00e4rztlicher Versorgung verschrieben. Sein Streben nach Exzellenz f\u00fchrte ihn zu einer weiteren Spezialisierung, und er absolviert [&hellip;]<\/p>\n","protected":false},"author":1,"featured_media":0,"parent":16484,"menu_order":0,"comment_status":"closed","ping_status":"closed","template":"elementor_header_footer","meta":{"footnotes":""},"class_list":["post-11420","page","type-page","status-publish","hentry"],"_links":{"self":[{"href":"https:\/\/dentgen.clinic\/de\/wp-json\/wp\/v2\/pages\/11420","targetHints":{"allow":["GET"]}}],"collection":[{"href":"https:\/\/dentgen.clinic\/de\/wp-json\/wp\/v2\/pages"}],"about":[{"href":"https:\/\/dentgen.clinic\/de\/wp-json\/wp\/v2\/types\/page"}],"author":[{"embeddable":true,"href":"https:\/\/dentgen.clinic\/de\/wp-json\/wp\/v2\/users\/1"}],"replies":[{"embeddable":true,"href":"https:\/\/dentgen.clinic\/de\/wp-json\/wp\/v2\/comments?post=11420"}],"version-history":[{"count":0,"href":"https:\/\/dentgen.clinic\/de\/wp-json\/wp\/v2\/pages\/11420\/revisions"}],"up":[{"embeddable":true,"href":"https:\/\/dentgen.clinic\/de\/wp-json\/wp\/v2\/pages\/16484"}],"wp:attachment":[{"href":"https:\/\/dentgen.clinic\/de\/wp-json\/wp\/v2\/media?parent=11420"}],"curies":[{"name":"wp","href":"https:\/\/api.w.org\/{rel}","templated":true}]}}