{"id":16289,"date":"2025-02-17T20:16:58","date_gmt":"2025-02-17T17:16:58","guid":{"rendered":"https:\/\/dentgen.clinic\/dr-dt-ilayda-huenler-doenmez\/"},"modified":"2025-03-26T14:05:55","modified_gmt":"2025-03-26T11:05:55","slug":"dr-dt-ilayda-huenler-doenmez","status":"publish","type":"page","link":"https:\/\/dentgen.clinic\/de\/zahnaerzte\/dr-dt-ilayda-huenler-doenmez\/","title":{"rendered":"Dr. Dt. \u0130layda H\u00fcnler D\u00f6nmez"},"content":{"rendered":"\t\t<div data-elementor-type=\"wp-page\" data-elementor-id=\"16289\" class=\"elementor elementor-16289 elementor-13802\" data-elementor-post-type=\"page\">\n\t\t\t\t<div class=\"elementor-element elementor-element-3bb41793 e-con-full e-flex e-con e-parent\" data-id=\"3bb41793\" data-element_type=\"container\" data-settings=\"{&quot;background_background&quot;:&quot;classic&quot;,&quot;shape_divider_bottom&quot;:&quot;waves&quot;}\">\n\t\t\t\t<div class=\"elementor-shape elementor-shape-bottom\" aria-hidden=\"true\" data-negative=\"false\">\n\t\t\t<svg xmlns=\"http:\/\/www.w3.org\/2000\/svg\" viewBox=\"0 0 1000 100\" preserveAspectRatio=\"none\">\n\t<path class=\"elementor-shape-fill\" d=\"M421.9,6.5c22.6-2.5,51.5,0.4,75.5,5.3c23.6,4.9,70.9,23.5,100.5,35.7c75.8,32.2,133.7,44.5,192.6,49.7\n\tc23.6,2.1,48.7,3.5,103.4-2.5c54.7-6,106.2-25.6,106.2-25.6V0H0v30.3c0,0,72,32.6,158.4,30.5c39.2-0.7,92.8-6.7,134-22.4\n\tc21.2-8.1,52.2-18.2,79.7-24.2C399.3,7.9,411.6,7.5,421.9,6.5z\"\/>\n<\/svg>\t\t<\/div>\n\t\t\t\t<div class=\"elementor-element elementor-element-4674f152 elementor-widget__width-initial elementor-invisible elementor-widget elementor-widget-heading\" data-id=\"4674f152\" data-element_type=\"widget\" data-settings=\"{&quot;_animation&quot;:&quot;fadeIn&quot;}\" data-widget_type=\"heading.default\">\n\t\t\t\t<div class=\"elementor-widget-container\">\n\t\t\t\t\t<span class=\"elementor-heading-title elementor-size-default\">Dr. Dt. \u0130layda H\u00fcnler D\u00f6nmez <\/span>\t\t\t\t<\/div>\n\t\t\t\t<\/div>\n\t\t\t\t<\/div>\n\t\t<div class=\"elementor-element elementor-element-45b1b46c e-con-full e-flex e-con e-parent\" data-id=\"45b1b46c\" data-element_type=\"container\" data-settings=\"{&quot;background_background&quot;:&quot;classic&quot;}\">\n\t\t<div class=\"elementor-element elementor-element-7c357568 e-con-full e-flex e-con e-child\" data-id=\"7c357568\" data-element_type=\"container\">\n\t\t\t\t<div class=\"elementor-element elementor-element-7990810f elementor-widget__width-initial elementor-widget elementor-widget-heading\" data-id=\"7990810f\" data-element_type=\"widget\" data-widget_type=\"heading.default\">\n\t\t\t\t<div class=\"elementor-widget-container\">\n\t\t\t\t\t<h2 class=\"elementor-heading-title elementor-size-default\">Dr. Dt. \u0130layda H\u00fcnler D\u00f6nmez <\/h2>\t\t\t\t<\/div>\n\t\t\t\t<\/div>\n\t\t\t\t<div class=\"elementor-element elementor-element-600be71b elementor-invisible elementor-widget elementor-widget-text-editor\" data-id=\"600be71b\" data-element_type=\"widget\" data-settings=\"{&quot;_animation&quot;:&quot;fadeIn&quot;,&quot;_animation_delay&quot;:200}\" data-widget_type=\"text-editor.default\">\n\t\t\t\t<div class=\"elementor-widget-container\">\n\t\t\t\t\t\t\t\t\t<div class=\"flex flex-grow flex-col max-w-full\">\n<div class=\"min-h-[20px] text-message flex flex-col items-start whitespace-pre-wrap break-words [.text-message+&amp;]:mt-5 juice:w-full juice:items-end overflow-x-auto gap-2\" dir=\"auto\" data-message-author-role=\"assistant\" data-message-id=\"169c136f-2d49-4e82-9b2a-48c9dadcd18f\">\n<div class=\"flex w-full flex-col gap-1 juice:empty:hidden juice:first:pt-[3px]\">\n<div class=\"markdown prose w-full break-words dark:prose-invert light\">\n<p data-start=\"0\" data-end=\"280\">\u0130layda H\u00fcnler D\u00f6nmez wurde 1991 in \u0130zmir geboren und absolvierte ihre Schulausbildung in der deutschen Abteilung des Bornova Anatolischen Gymnasiums. Sie begann ihr Studium an der Yeditepe Universit\u00e4t im Jahr 2009 und schloss ihr Studium an der Fakult\u00e4t f\u00fcr Zahnmedizin der Ba\u015fkent Universit\u00e4t im Jahr 2015 ab. <\/p>\n<p data-start=\"282\" data-end=\"624\" data-is-last-node=\"\">Im Jahr 2017 begann D\u00f6nmez ihr Promotionsstudium an der Gazi Universit\u00e4t, Abteilung f\u00fcr Kinderzahnheilkunde, und schloss ihre Promotion erfolgreich im Jahr 2021 mit der Einreichung ihrer Doktorarbeit ab. Seit 2015 hat sie in verschiedenen privaten Kliniken Erfahrungen gesammelt. Als Kinderzahn\u00e4rztin in unserer Klinik bietet sie zahn\u00e4rztliche Behandlungen f\u00fcr Patienten im Alter von 0 bis 16 Jahren an.  <\/p>\n<\/div>\n<\/div>\n<\/div>\n<\/div>\n\t\t\t\t\t\t\t\t<\/div>\n\t\t\t\t<\/div>\n\t\t\t\t<div class=\"elementor-element elementor-element-45e8d990 elementor-align-center elementor-invisible elementor-widget elementor-widget-button\" data-id=\"45e8d990\" data-element_type=\"widget\" data-settings=\"{&quot;_animation&quot;:&quot;fadeIn&quot;,&quot;_animation_delay&quot;:400}\" data-widget_type=\"button.default\">\n\t\t\t\t<div class=\"elementor-widget-container\">\n\t\t\t\t\t\t\t\t\t<div class=\"elementor-button-wrapper\">\n\t\t\t\t\t<a class=\"elementor-button elementor-button-link elementor-size-sm\" href=\"#name\">\n\t\t\t\t\t\t<span class=\"elementor-button-content-wrapper\">\n\t\t\t\t\t\t<span class=\"elementor-button-icon\">\n\t\t\t\t<svg aria-hidden=\"true\" class=\"e-font-icon-svg e-fas-arrow-alt-circle-down\" viewBox=\"0 0 512 512\" xmlns=\"http:\/\/www.w3.org\/2000\/svg\"><path d=\"M504 256c0 137-111 248-248 248S8 393 8 256 119 8 256 8s248 111 248 248zM212 140v116h-70.9c-10.7 0-16.1 13-8.5 20.5l114.9 114.3c4.7 4.7 12.2 4.7 16.9 0l114.9-114.3c7.6-7.6 2.2-20.5-8.5-20.5H300V140c0-6.6-5.4-12-12-12h-64c-6.6 0-12 5.4-12 12z\"><\/path><\/svg>\t\t\t<\/span>\n\t\t\t\t\t\t\t\t\t<span class=\"elementor-button-text\">Bewertung CV<\/span>\n\t\t\t\t\t<\/span>\n\t\t\t\t\t<\/a>\n\t\t\t\t<\/div>\n\t\t\t\t\t\t\t\t<\/div>\n\t\t\t\t<\/div>\n\t\t\t\t<\/div>\n\t\t<div class=\"elementor-element elementor-element-743123aa e-con-full e-flex e-con e-child\" data-id=\"743123aa\" data-element_type=\"container\" data-settings=\"{&quot;background_background&quot;:&quot;classic&quot;}\">\n\t\t\t\t<div class=\"elementor-element elementor-element-45884666 elementor-invisible elementor-widget elementor-widget-image\" data-id=\"45884666\" data-element_type=\"widget\" data-settings=\"{&quot;_animation&quot;:&quot;zoomIn&quot;}\" data-widget_type=\"image.default\">\n\t\t\t\t<div class=\"elementor-widget-container\">\n\t\t\t\t\t\t\t\t\t\t\t\t\t\t\t<img fetchpriority=\"high\" decoding=\"async\" width=\"1707\" height=\"2560\" src=\"https:\/\/dentgen.clinic\/wp-content\/uploads\/2025\/02\/WhatsApp-Image-2025-02-22-at-11.07.10-scaled.jpeg\" class=\"attachment-full size-full wp-image-14588\" alt=\"\" srcset=\"https:\/\/dentgen.clinic\/wp-content\/uploads\/2025\/02\/WhatsApp-Image-2025-02-22-at-11.07.10-scaled.jpeg 1707w, https:\/\/dentgen.clinic\/wp-content\/uploads\/2025\/02\/WhatsApp-Image-2025-02-22-at-11.07.10-200x300.jpeg 200w, https:\/\/dentgen.clinic\/wp-content\/uploads\/2025\/02\/WhatsApp-Image-2025-02-22-at-11.07.10-683x1024.jpeg 683w, https:\/\/dentgen.clinic\/wp-content\/uploads\/2025\/02\/WhatsApp-Image-2025-02-22-at-11.07.10-768x1152.jpeg 768w, https:\/\/dentgen.clinic\/wp-content\/uploads\/2025\/02\/WhatsApp-Image-2025-02-22-at-11.07.10-1024x1536.jpeg 1024w, https:\/\/dentgen.clinic\/wp-content\/uploads\/2025\/02\/WhatsApp-Image-2025-02-22-at-11.07.10-1365x2048.jpeg 1365w\" sizes=\"(max-width: 1707px) 100vw, 1707px\" \/>\t\t\t\t\t\t\t\t\t\t\t\t\t\t\t<\/div>\n\t\t\t\t<\/div>\n\t\t\t\t<\/div>\n\t\t\t\t<\/div>\n\t\t<div class=\"elementor-element elementor-element-51322a4 e-con-full e-flex e-con e-child\" data-id=\"51322a4\" data-element_type=\"container\" id=\"name\" data-settings=\"{&quot;background_background&quot;:&quot;classic&quot;,&quot;shape_divider_bottom&quot;:&quot;waves&quot;,&quot;shape_divider_top&quot;:&quot;waves&quot;}\">\n\t\t\t\t<div class=\"elementor-shape elementor-shape-top\" aria-hidden=\"true\" data-negative=\"false\">\n\t\t\t<svg xmlns=\"http:\/\/www.w3.org\/2000\/svg\" viewBox=\"0 0 1000 100\" preserveAspectRatio=\"none\">\n\t<path class=\"elementor-shape-fill\" d=\"M421.9,6.5c22.6-2.5,51.5,0.4,75.5,5.3c23.6,4.9,70.9,23.5,100.5,35.7c75.8,32.2,133.7,44.5,192.6,49.7\n\tc23.6,2.1,48.7,3.5,103.4-2.5c54.7-6,106.2-25.6,106.2-25.6V0H0v30.3c0,0,72,32.6,158.4,30.5c39.2-0.7,92.8-6.7,134-22.4\n\tc21.2-8.1,52.2-18.2,79.7-24.2C399.3,7.9,411.6,7.5,421.9,6.5z\"\/>\n<\/svg>\t\t<\/div>\n\t\t\t\t<div class=\"elementor-shape elementor-shape-bottom\" aria-hidden=\"true\" data-negative=\"false\">\n\t\t\t<svg xmlns=\"http:\/\/www.w3.org\/2000\/svg\" viewBox=\"0 0 1000 100\" preserveAspectRatio=\"none\">\n\t<path class=\"elementor-shape-fill\" d=\"M421.9,6.5c22.6-2.5,51.5,0.4,75.5,5.3c23.6,4.9,70.9,23.5,100.5,35.7c75.8,32.2,133.7,44.5,192.6,49.7\n\tc23.6,2.1,48.7,3.5,103.4-2.5c54.7-6,106.2-25.6,106.2-25.6V0H0v30.3c0,0,72,32.6,158.4,30.5c39.2-0.7,92.8-6.7,134-22.4\n\tc21.2-8.1,52.2-18.2,79.7-24.2C399.3,7.9,411.6,7.5,421.9,6.5z\"\/>\n<\/svg>\t\t<\/div>\n\t\t\t\t<div class=\"elementor-element elementor-element-1b9937e elementor-widget__width-initial elementor-widget elementor-widget-text-editor\" data-id=\"1b9937e\" data-element_type=\"widget\" data-widget_type=\"text-editor.default\">\n\t\t\t\t<div class=\"elementor-widget-container\">\n\t\t\t\t\t\t\t\t\t&nbsp;\n<table border=\"1\" width=\"100%\" cellspacing=\"0\" cellpadding=\"4\">\n<tbody>\n<tr valign=\"TOP\">\n<td width=\"50%\"><strong>Name<\/strong><\/td>\n<td width=\"50%\">Dr. Dt. \u0130layda H\u00fcnler D\u00f6nmez <\/td>\n<\/tr>\n<tr valign=\"TOP\">\n<td width=\"50%\"><strong>Spezialisierung: <\/strong><\/td><td width=\"50%\">Kinderzahnheilkunde<\/td>\n<\/tr>\n<tr valign=\"TOP\">\n<td width=\"50%\"><strong>Berufliche Interessen<\/strong><\/td>\n<td width=\"50%\">\n<ul>\n \t<li>Fissurenversiegelung (Sch\u00fctzende F\u00fcllungen)<\/li>\n<\/ul>\n<ul>\n \t<li><strong>Fluoridanwendungen (Fluoridlack, Fluoridgel)<\/strong><\/li>\n<\/ul>\n<ul>\n \t<li><strong>Gewohnheitsbrechende Ger\u00e4te<\/strong><\/li>\n<\/ul>\n<ul>\n \t<li>Farbige F\u00fcllungen<\/li>\n<\/ul>\n<ul>\n \t<li><strong>Amputation von Milchz\u00e4hnen<\/strong><\/li>\n<\/ul>\n<ul>\n \t<li><strong>Wurzelbehandlungen f\u00fcr Milch- und bleibende Z\u00e4hne<\/strong><\/li>\n<\/ul>\n<ul>\n \t<li><strong>Feste und herausnehmbare Platzhalter<\/strong><\/li>\n<\/ul>\n<ul>\n \t<li><strong>Behandlung von Zahntrauma<\/strong><\/li>\n<\/ul>\n<\/td>\n<\/tr>\n<tr valign=\"TOP\">\n<td width=\"50%\"><strong>Bildung<\/strong><\/td>\n<td width=\"50%\">\n<ul>\n \t<li><strong><span style=\"background-color: transparent; color: var( --e-global-color-text ); letter-spacing: 0px; text-align: var(--text-align);\">Beginn des Studiums an der Yeditepe Universit\u00e4t <\/span>im Jahr 2009, Fakult\u00e4t f\u00fcr Zahnmedizin<\/strong><\/li>\n \t<li>Abschluss der Fakult\u00e4t f\u00fcr Zahnmedizin der Ba\u015fkent Universit\u00e4t im Jahr 2015<\/li>\n \t<li>Abschluss der Promotion in Kinderzahnheilkunde an der Gazi Universit\u00e4t im Jahr 2021\n<\/tbody>\n<\/table>\t\t\t\t\t\t\t\t<\/div>\n\t\t\t\t<\/div>\n\t\t\t\t<\/div>\n\t\t\t\t<\/div>\n\t\t","protected":false},"excerpt":{"rendered":"<p>Dr. Dt. \u0130layda H\u00fcnler D\u00f6nmez Dr. Dt. \u0130layda H\u00fcnler D\u00f6nmez \u0130layda H\u00fcnler D\u00f6nmez wurde 1991 in \u0130zmir geboren und absolvierte ihre Schulausbildung in der deutschen Abteilung des Bornova Anatolischen Gymnasiums. Sie begann ihr Studium an der Yeditepe Universit\u00e4t im Jahr 2009 und schloss ihr Studium an der Fakult\u00e4t f\u00fcr Zahnmedizin der Ba\u015fkent Universit\u00e4t im Jahr [&hellip;]<\/p>\n","protected":false},"author":1,"featured_media":0,"parent":16484,"menu_order":0,"comment_status":"closed","ping_status":"closed","template":"elementor_header_footer","meta":{"footnotes":""},"class_list":["post-16289","page","type-page","status-publish","hentry"],"_links":{"self":[{"href":"https:\/\/dentgen.clinic\/de\/wp-json\/wp\/v2\/pages\/16289","targetHints":{"allow":["GET"]}}],"collection":[{"href":"https:\/\/dentgen.clinic\/de\/wp-json\/wp\/v2\/pages"}],"about":[{"href":"https:\/\/dentgen.clinic\/de\/wp-json\/wp\/v2\/types\/page"}],"author":[{"embeddable":true,"href":"https:\/\/dentgen.clinic\/de\/wp-json\/wp\/v2\/users\/1"}],"replies":[{"embeddable":true,"href":"https:\/\/dentgen.clinic\/de\/wp-json\/wp\/v2\/comments?post=16289"}],"version-history":[{"count":0,"href":"https:\/\/dentgen.clinic\/de\/wp-json\/wp\/v2\/pages\/16289\/revisions"}],"up":[{"embeddable":true,"href":"https:\/\/dentgen.clinic\/de\/wp-json\/wp\/v2\/pages\/16484"}],"wp:attachment":[{"href":"https:\/\/dentgen.clinic\/de\/wp-json\/wp\/v2\/media?parent=16289"}],"curies":[{"name":"wp","href":"https:\/\/api.w.org\/{rel}","templated":true}]}}