{"id":16321,"date":"2025-02-18T15:27:54","date_gmt":"2025-02-18T12:27:54","guid":{"rendered":"https:\/\/dentgen.clinic\/uzm-dt-tutku-mertbay\/"},"modified":"2025-09-24T17:05:50","modified_gmt":"2025-09-24T14:05:50","slug":"uzm-dt-tutku-mertbay","status":"publish","type":"page","link":"https:\/\/dentgen.clinic\/de\/zahnaerzte\/uzm-dt-tutku-mertbay\/","title":{"rendered":"Uzm. Dt. Tutku Mertbay"},"content":{"rendered":"\t\t<div data-elementor-type=\"wp-page\" data-elementor-id=\"16321\" class=\"elementor elementor-16321 elementor-14126\" data-elementor-post-type=\"page\">\n\t\t\t\t<div class=\"elementor-element elementor-element-3bb41793 e-con-full e-flex e-con e-parent\" data-id=\"3bb41793\" data-element_type=\"container\" data-settings=\"{&quot;background_background&quot;:&quot;classic&quot;,&quot;shape_divider_bottom&quot;:&quot;waves&quot;}\">\n\t\t\t\t<div class=\"elementor-shape elementor-shape-bottom\" aria-hidden=\"true\" data-negative=\"false\">\n\t\t\t<svg xmlns=\"http:\/\/www.w3.org\/2000\/svg\" viewBox=\"0 0 1000 100\" preserveAspectRatio=\"none\">\n\t<path class=\"elementor-shape-fill\" d=\"M421.9,6.5c22.6-2.5,51.5,0.4,75.5,5.3c23.6,4.9,70.9,23.5,100.5,35.7c75.8,32.2,133.7,44.5,192.6,49.7\n\tc23.6,2.1,48.7,3.5,103.4-2.5c54.7-6,106.2-25.6,106.2-25.6V0H0v30.3c0,0,72,32.6,158.4,30.5c39.2-0.7,92.8-6.7,134-22.4\n\tc21.2-8.1,52.2-18.2,79.7-24.2C399.3,7.9,411.6,7.5,421.9,6.5z\"\/>\n<\/svg>\t\t<\/div>\n\t\t\t\t<div class=\"elementor-element elementor-element-4674f152 elementor-invisible elementor-widget elementor-widget-heading\" data-id=\"4674f152\" data-element_type=\"widget\" data-settings=\"{&quot;_animation&quot;:&quot;fadeIn&quot;}\" data-widget_type=\"heading.default\">\n\t\t\t\t<div class=\"elementor-widget-container\">\n\t\t\t\t\t<span class=\"elementor-heading-title elementor-size-default\">Uzm. Dt. Tutku Mertbay<\/span>\t\t\t\t<\/div>\n\t\t\t\t<\/div>\n\t\t\t\t<\/div>\n\t\t<div class=\"elementor-element elementor-element-45b1b46c e-con-full e-flex e-con e-parent\" data-id=\"45b1b46c\" data-element_type=\"container\" data-settings=\"{&quot;background_background&quot;:&quot;classic&quot;}\">\n\t\t<div class=\"elementor-element elementor-element-7c357568 e-con-full e-flex e-con e-child\" data-id=\"7c357568\" data-element_type=\"container\">\n\t\t\t\t<div class=\"elementor-element elementor-element-7990810f elementor-widget__width-initial elementor-widget elementor-widget-heading\" data-id=\"7990810f\" data-element_type=\"widget\" data-widget_type=\"heading.default\">\n\t\t\t\t<div class=\"elementor-widget-container\">\n\t\t\t\t\t<h2 class=\"elementor-heading-title elementor-size-default\">Uzm. Dt. Tutku Mertbay<\/h2>\t\t\t\t<\/div>\n\t\t\t\t<\/div>\n\t\t\t\t<div class=\"elementor-element elementor-element-600be71b elementor-invisible elementor-widget elementor-widget-text-editor\" data-id=\"600be71b\" data-element_type=\"widget\" data-settings=\"{&quot;_animation&quot;:&quot;fadeIn&quot;,&quot;_animation_delay&quot;:200}\" data-widget_type=\"text-editor.default\">\n\t\t\t\t<div class=\"elementor-widget-container\">\n\t\t\t\t\t\t\t\t\t<p>Tutku Mertbay wurde 1994 in Ankara geboren und absolvierte ihre Schulausbildung an der Atat\u00fcrk-Oberschule in Ankara. Sie begann ihr Studium an der Fakult\u00e4t f\u00fcr Zahnmedizin der Universit\u00e4t Ankara im Jahr 2013 und schloss ihr Studium 2018 als Jahrgangsbeste ab. Im Jahr 2019 begann sie ihre Facharztausbildung in der Abteilung f\u00fcr Prothetik an der Universit\u00e4t Ankara. Nach erfolgreicher Verteidigung ihrer Facharbeit im Jahr 2023 schloss sie ihre akademische Ausbildung ab. Seit 2023 sammelte sie Erfahrungen in verschiedenen privaten Kliniken und bietet derzeit \u00e4sthetische und funktionale prothetische Zahnbehandlungen in unserer Klinik an.   <\/p>\t\t\t\t\t\t\t\t<\/div>\n\t\t\t\t<\/div>\n\t\t\t\t<div class=\"elementor-element elementor-element-45e8d990 elementor-align-center elementor-invisible elementor-widget elementor-widget-button\" data-id=\"45e8d990\" data-element_type=\"widget\" data-settings=\"{&quot;_animation&quot;:&quot;fadeIn&quot;,&quot;_animation_delay&quot;:400}\" data-widget_type=\"button.default\">\n\t\t\t\t<div class=\"elementor-widget-container\">\n\t\t\t\t\t\t\t\t\t<div class=\"elementor-button-wrapper\">\n\t\t\t\t\t<a class=\"elementor-button elementor-button-link elementor-size-sm\" href=\"#name\">\n\t\t\t\t\t\t<span class=\"elementor-button-content-wrapper\">\n\t\t\t\t\t\t<span class=\"elementor-button-icon\">\n\t\t\t\t<svg aria-hidden=\"true\" class=\"e-font-icon-svg e-fas-arrow-alt-circle-down\" viewBox=\"0 0 512 512\" xmlns=\"http:\/\/www.w3.org\/2000\/svg\"><path d=\"M504 256c0 137-111 248-248 248S8 393 8 256 119 8 256 8s248 111 248 248zM212 140v116h-70.9c-10.7 0-16.1 13-8.5 20.5l114.9 114.3c4.7 4.7 12.2 4.7 16.9 0l114.9-114.3c7.6-7.6 2.2-20.5-8.5-20.5H300V140c0-6.6-5.4-12-12-12h-64c-6.6 0-12 5.4-12 12z\"><\/path><\/svg>\t\t\t<\/span>\n\t\t\t\t\t\t\t\t\t<span class=\"elementor-button-text\">Bewertung CV<\/span>\n\t\t\t\t\t<\/span>\n\t\t\t\t\t<\/a>\n\t\t\t\t<\/div>\n\t\t\t\t\t\t\t\t<\/div>\n\t\t\t\t<\/div>\n\t\t\t\t<\/div>\n\t\t<div class=\"elementor-element elementor-element-743123aa e-con-full e-flex e-con e-child\" data-id=\"743123aa\" data-element_type=\"container\" data-settings=\"{&quot;background_background&quot;:&quot;classic&quot;}\">\n\t\t\t\t<div class=\"elementor-element elementor-element-45884666 elementor-invisible elementor-widget elementor-widget-image\" data-id=\"45884666\" data-element_type=\"widget\" data-settings=\"{&quot;_animation&quot;:&quot;zoomIn&quot;}\" data-widget_type=\"image.default\">\n\t\t\t\t<div class=\"elementor-widget-container\">\n\t\t\t\t\t\t\t\t\t\t\t\t\t\t\t<img fetchpriority=\"high\" decoding=\"async\" width=\"1066\" height=\"1600\" src=\"https:\/\/dentgen.clinic\/wp-content\/uploads\/2025\/09\/dt-gulden-e1758722472754.jpeg\" class=\"attachment-full size-full wp-image-19937\" alt=\"\" \/>\t\t\t\t\t\t\t\t\t\t\t\t\t\t\t<\/div>\n\t\t\t\t<\/div>\n\t\t\t\t<\/div>\n\t\t\t\t<\/div>\n\t\t<div class=\"elementor-element elementor-element-51322a4 e-con-full e-flex e-con e-child\" data-id=\"51322a4\" data-element_type=\"container\" id=\"name\" data-settings=\"{&quot;background_background&quot;:&quot;classic&quot;,&quot;shape_divider_bottom&quot;:&quot;waves&quot;,&quot;shape_divider_top&quot;:&quot;waves&quot;}\">\n\t\t\t\t<div class=\"elementor-shape elementor-shape-top\" aria-hidden=\"true\" data-negative=\"false\">\n\t\t\t<svg xmlns=\"http:\/\/www.w3.org\/2000\/svg\" viewBox=\"0 0 1000 100\" preserveAspectRatio=\"none\">\n\t<path class=\"elementor-shape-fill\" d=\"M421.9,6.5c22.6-2.5,51.5,0.4,75.5,5.3c23.6,4.9,70.9,23.5,100.5,35.7c75.8,32.2,133.7,44.5,192.6,49.7\n\tc23.6,2.1,48.7,3.5,103.4-2.5c54.7-6,106.2-25.6,106.2-25.6V0H0v30.3c0,0,72,32.6,158.4,30.5c39.2-0.7,92.8-6.7,134-22.4\n\tc21.2-8.1,52.2-18.2,79.7-24.2C399.3,7.9,411.6,7.5,421.9,6.5z\"\/>\n<\/svg>\t\t<\/div>\n\t\t\t\t<div class=\"elementor-shape elementor-shape-bottom\" aria-hidden=\"true\" data-negative=\"false\">\n\t\t\t<svg xmlns=\"http:\/\/www.w3.org\/2000\/svg\" viewBox=\"0 0 1000 100\" preserveAspectRatio=\"none\">\n\t<path class=\"elementor-shape-fill\" d=\"M421.9,6.5c22.6-2.5,51.5,0.4,75.5,5.3c23.6,4.9,70.9,23.5,100.5,35.7c75.8,32.2,133.7,44.5,192.6,49.7\n\tc23.6,2.1,48.7,3.5,103.4-2.5c54.7-6,106.2-25.6,106.2-25.6V0H0v30.3c0,0,72,32.6,158.4,30.5c39.2-0.7,92.8-6.7,134-22.4\n\tc21.2-8.1,52.2-18.2,79.7-24.2C399.3,7.9,411.6,7.5,421.9,6.5z\"\/>\n<\/svg>\t\t<\/div>\n\t\t\t\t<div class=\"elementor-element elementor-element-1b9937e elementor-widget__width-initial elementor-widget elementor-widget-text-editor\" data-id=\"1b9937e\" data-element_type=\"widget\" data-widget_type=\"text-editor.default\">\n\t\t\t\t<div class=\"elementor-widget-container\">\n\t\t\t\t\t\t\t\t\t<p> <\/p><table border=\"1\" width=\"100%\" cellspacing=\"0\" cellpadding=\"4\"><tbody><tr valign=\"TOP\"><td width=\"50%\"><strong>Name<\/strong><\/td><td width=\"50%\"><strong>Uzm. Dt. Tutku Mertbay<\/strong><\/td><\/tr><tr valign=\"TOP\"><td width=\"50%\"><strong>Spezialisierung: <\/strong><\/td><td width=\"50%\">Fach\u00e4rztin f\u00fcr Prothetik<\/td><\/tr><tr valign=\"TOP\"><td width=\"50%\"><strong>Berufliche Interessen<\/strong><\/td><td width=\"50%\"><ul><li data-start=\"1091\" data-end=\"1143\">Festsitzender oder herausnehmbarer implantatgetragener Zahnersatz<\/li><li data-start=\"1144\" data-end=\"1176\">Kronen- und Br\u00fcckenprothetik<\/li><li data-start=\"1177\" data-end=\"1219\">Pr\u00e4zisionsbefestigte Kronen und Prothesen<\/li><li data-start=\"1220\" data-end=\"1242\">Herausnehmbare Prothesen<\/li><li data-start=\"1243\" data-end=\"1259\">Overdentures<\/li><li data-start=\"1260\" data-end=\"1300\">Br\u00fccken ohne Zahnbeschleifen<\/li><li data-start=\"1301\" data-end=\"1332\">Intraorale Porzellanreparaturen<\/li><li data-start=\"1333\" data-end=\"1360\">Schutzschienen f\u00fcr die Nacht<\/li><li data-start=\"1361\" data-end=\"1419\">Prothesen f\u00fcr angeboren fehlende Z\u00e4hne bei Kindern<\/li><li data-start=\"1420\" data-end=\"1473\">Prothetische Behandlungen f\u00fcr \u00e4ltere Patienten<\/li><li data-start=\"1474\" data-end=\"1504\">Kiefer- und Gesichtsprothesen<\/li><li data-start=\"1505\" data-end=\"1555\">Behandlung von Kiefergelenkserkrankungen (TMD)<\/li><li data-start=\"1556\" data-end=\"1600\">Anwendungen zur Zahn- und L\u00e4chel\u00e4sthetik<\/li><li data-start=\"1601\" data-end=\"1665\">Unterst\u00fctzende Behandlung bei Schlafapnoe, Schnarchen und Allergien<\/li><li data-start=\"1666\" data-end=\"1691\">Behandlung von Mundkrebs<\/li><li data-start=\"1692\" data-end=\"1724\">Reparatur von traumatischen Verletzungen<\/li><\/ul><\/td><\/tr><tr valign=\"TOP\"><td width=\"50%\"><strong>Bildung<\/strong><\/td><td width=\"50%\"><ul><li>Universit\u00e4t Ankara, Fakult\u00e4t f\u00fcr Zahnmedizin<\/li><li>Universit\u00e4t Ankara, Fachrichtung Prothetik<\/li><\/ul><\/td><\/tr><\/tbody><\/table>\t\t\t\t\t\t\t\t<\/div>\n\t\t\t\t<\/div>\n\t\t\t\t<\/div>\n\t\t\t\t<\/div>\n\t\t","protected":false},"excerpt":{"rendered":"<p>Uzm. Dt. Tutku Mertbay Uzm. Dt. Tutku Mertbay Tutku Mertbay wurde 1994 in Ankara geboren und absolvierte ihre Schulausbildung an der Atat\u00fcrk-Oberschule in Ankara. Sie begann ihr Studium an der Fakult\u00e4t f\u00fcr Zahnmedizin der Universit\u00e4t Ankara im Jahr 2013 und schloss ihr Studium 2018 als Jahrgangsbeste ab. Im Jahr 2019 begann sie ihre Facharztausbildung in [&hellip;]<\/p>\n","protected":false},"author":1,"featured_media":0,"parent":16484,"menu_order":0,"comment_status":"closed","ping_status":"closed","template":"elementor_header_footer","meta":{"footnotes":""},"class_list":["post-16321","page","type-page","status-publish","hentry"],"_links":{"self":[{"href":"https:\/\/dentgen.clinic\/de\/wp-json\/wp\/v2\/pages\/16321","targetHints":{"allow":["GET"]}}],"collection":[{"href":"https:\/\/dentgen.clinic\/de\/wp-json\/wp\/v2\/pages"}],"about":[{"href":"https:\/\/dentgen.clinic\/de\/wp-json\/wp\/v2\/types\/page"}],"author":[{"embeddable":true,"href":"https:\/\/dentgen.clinic\/de\/wp-json\/wp\/v2\/users\/1"}],"replies":[{"embeddable":true,"href":"https:\/\/dentgen.clinic\/de\/wp-json\/wp\/v2\/comments?post=16321"}],"version-history":[{"count":1,"href":"https:\/\/dentgen.clinic\/de\/wp-json\/wp\/v2\/pages\/16321\/revisions"}],"predecessor-version":[{"id":19957,"href":"https:\/\/dentgen.clinic\/de\/wp-json\/wp\/v2\/pages\/16321\/revisions\/19957"}],"up":[{"embeddable":true,"href":"https:\/\/dentgen.clinic\/de\/wp-json\/wp\/v2\/pages\/16484"}],"wp:attachment":[{"href":"https:\/\/dentgen.clinic\/de\/wp-json\/wp\/v2\/media?parent=16321"}],"curies":[{"name":"wp","href":"https:\/\/api.w.org\/{rel}","templated":true}]}}