{"id":5930,"date":"2024-06-28T13:04:43","date_gmt":"2024-06-28T10:04:43","guid":{"rendered":"https:\/\/dentgen.clinic\/datenschutzbestimmungen\/"},"modified":"2024-07-09T16:03:13","modified_gmt":"2024-07-09T13:03:13","slug":"datenschutzbestimmungen","status":"publish","type":"page","link":"https:\/\/dentgen.clinic\/de\/datenschutzbestimmungen\/","title":{"rendered":"Datenschutzbestimmungen"},"content":{"rendered":"\t\t<div data-elementor-type=\"wp-page\" data-elementor-id=\"5930\" class=\"elementor elementor-5930 elementor-5462\" data-elementor-post-type=\"page\">\n\t\t\t\t<div class=\"elementor-element elementor-element-3bb41793 e-con-full e-flex e-con e-parent\" data-id=\"3bb41793\" data-element_type=\"container\" data-settings=\"{&quot;background_background&quot;:&quot;classic&quot;,&quot;shape_divider_bottom&quot;:&quot;waves&quot;}\">\n\t\t\t\t<div class=\"elementor-shape elementor-shape-bottom\" aria-hidden=\"true\" data-negative=\"false\">\n\t\t\t<svg xmlns=\"http:\/\/www.w3.org\/2000\/svg\" viewBox=\"0 0 1000 100\" preserveAspectRatio=\"none\">\n\t<path class=\"elementor-shape-fill\" d=\"M421.9,6.5c22.6-2.5,51.5,0.4,75.5,5.3c23.6,4.9,70.9,23.5,100.5,35.7c75.8,32.2,133.7,44.5,192.6,49.7\n\tc23.6,2.1,48.7,3.5,103.4-2.5c54.7-6,106.2-25.6,106.2-25.6V0H0v30.3c0,0,72,32.6,158.4,30.5c39.2-0.7,92.8-6.7,134-22.4\n\tc21.2-8.1,52.2-18.2,79.7-24.2C399.3,7.9,411.6,7.5,421.9,6.5z\"\/>\n<\/svg>\t\t<\/div>\n\t\t\t\t<div class=\"elementor-element elementor-element-4674f152 elementor-invisible elementor-widget elementor-widget-heading\" data-id=\"4674f152\" data-element_type=\"widget\" data-settings=\"{&quot;_animation&quot;:&quot;fadeIn&quot;}\" data-widget_type=\"heading.default\">\n\t\t\t\t<div class=\"elementor-widget-container\">\n\t\t\t\t\t<span class=\"elementor-heading-title elementor-size-default\">Schutz pers\u00f6nlicher Daten<\/span>\t\t\t\t<\/div>\n\t\t\t\t<\/div>\n\t\t\t\t<\/div>\n\t\t<div class=\"elementor-element elementor-element-431461f e-con-full e-flex e-con e-parent\" data-id=\"431461f\" data-element_type=\"container\">\n\t\t\t\t<div class=\"elementor-element elementor-element-de56660 elementor-widget__width-initial elementor-widget elementor-widget-heading\" data-id=\"de56660\" data-element_type=\"widget\" data-widget_type=\"heading.default\">\n\t\t\t\t<div class=\"elementor-widget-container\">\n\t\t\t\t\t<h1 class=\"elementor-heading-title elementor-size-default\">Gesetz zum Schutz personenbezogener Daten Text zur Offenlegung von Informationen<\/h1>\t\t\t\t<\/div>\n\t\t\t\t<\/div>\n\t\t\t\t<div class=\"elementor-element elementor-element-31acd82 elementor-widget__width-initial elementor-widget elementor-widget-text-editor\" data-id=\"31acd82\" data-element_type=\"widget\" data-widget_type=\"text-editor.default\">\n\t\t\t\t<div class=\"elementor-widget-container\">\n\t\t\t\t\t\t\t\t\t<div class=\"w-full text-token-text-primary\" dir=\"auto\" data-testid=\"conversation-turn-3\" data-scroll-anchor=\"false\">\n<div class=\"py-2 juice:py-[18px] px-3 text-base md:px-4 m-auto md:px-5 lg:px-1 xl:px-5\">\n<div class=\"mx-auto flex flex-1 gap-3 text-base juice:gap-4 juice:md:gap-5 juice:lg:gap-6 md:max-w-3xl lg:max-w-[40rem] xl:max-w-[48rem]\">\n<div class=\"group\/conversation-turn relative flex w-full min-w-0 flex-col agent-turn\">\n<div class=\"flex-col gap-1 md:gap-3\">\n<div class=\"flex flex-grow flex-col max-w-full\">\n<div class=\"min-h-[20px] text-message flex flex-col items-start whitespace-pre-wrap break-words [.text-message+&amp;]:mt-5 juice:w-full juice:items-end overflow-x-auto gap-2\" dir=\"auto\" data-message-author-role=\"assistant\" data-message-id=\"62ddb323-c0a9-48cc-91f1-d7b38cdd434a\">\n<div class=\"flex w-full flex-col gap-1 juice:empty:hidden juice:first:pt-[3px]\">\n<div class=\"markdown prose w-full break-words dark:prose-invert light\">\n<p><strong>Informationen \u00fcber den Inhaber der Daten<\/strong> STT Oral and Dental Health Inc. (Dentgen), eingetragen im Handelsregister Istanbul unter der Registernummer 449663-5 und der Mersis-Nummer 0781104214000001, mit Sitz in \u015eerifali Mah. Miras Sok. \u00c7ankaya Plaza 20\/1 \u00dcmraniye\/ISTANBUL, fungiert als Datenverantwortlicher. Dentgen verarbeitet und nutzt Ihre pers\u00f6nlichen Daten in \u00dcbereinstimmung mit der einschl\u00e4gigen Gesetzgebung und stellt sicher, dass Ihre pers\u00f6nlichen Daten rechtm\u00e4\u00dfig verarbeitet werden und Ihre Privatsph\u00e4re durch die Ergreifung der erforderlichen Sicherheitsma\u00dfnahmen gesch\u00fctzt wird.<\/p>\n<p><strong>Zweck des Informationstextes zum Schutz personenbezogener Daten<\/strong> Das Gesetz zum Schutz personenbezogener Daten Nr. 6698 (&#8222;Gesetz&#8220;) wurde verabschiedet, um die Grundrechte und -freiheiten nat\u00fcrlicher Personen, insbesondere den Schutz der Privatsph\u00e4re, bei der Verarbeitung personenbezogener Daten zu sch\u00fctzen und die Pflichten sowie die Verfahren und Grunds\u00e4tze zu regeln, die von nat\u00fcrlichen und juristischen Personen, die personenbezogene Daten verarbeiten, zu befolgen sind.<\/p>\n<p>Der Zweck dieses Informationstextes besteht darin, unsere Patienten, potenziellen Patienten, Gesch\u00e4ftspartner und Lieferanten sowie die Besucher unserer Website \u00fcber die Methoden der Erhebung, die Zwecke der Verarbeitung, die beteiligten Personen, die rechtlichen Gr\u00fcnde und Ihre Rechte in Bezug auf Ihre pers\u00f6nlichen Daten gem\u00e4\u00df Artikel 10 des Gesetzes zum Schutz pers\u00f6nlicher Daten Nr. 6698 zu informieren.<\/p>\n<p><strong>Verarbeitete personenbezogene Daten, Zweck und rechtliche Gr\u00fcnde f\u00fcr die Verarbeitung Ihrer personenbezogenen Daten<\/strong> <strong>Verwaltung der Beziehungen zu unseren Gesch\u00e4ftspartnern und Lieferanten:<\/strong> Wir verarbeiten die personenbezogenen Daten unserer Gesch\u00e4ftspartner und Lieferanten wie Name, Vorname, E-Mail-Adresse, Telefonnummer, Adresse, t\u00fcrkische ID-Nummer, Geburtsdatum, Geburtsort und Bankkontoinformationen aufgrund der Notwendigkeit der Verarbeitung personenbezogener Daten, die in direktem Zusammenhang mit dem Abschluss oder der Erf\u00fcllung eines Vertrages stehen, um Vertr\u00e4ge zu schlie\u00dfen, die Befugnisse der zur Unterzeichnung von Vertr\u00e4gen befugten Mitarbeiter zu \u00fcberpr\u00fcfen und den Vertrag zu erf\u00fcllen.<\/p>\n<p><strong>Beschwerdemanagement:<\/strong> Um Beschwerden zu bearbeiten, Ihre Fragen entgegenzunehmen und zu beantworten, Informations- und Beratungsdienste anzubieten, Sie zu informieren und auf Ihre Beschwerden und Anfragen zu antworten und sie als Beweismittel in eventuellen Streitf\u00e4llen zu verwenden, k\u00f6nnen wir Ihren Vor- und Nachnamen, Ihre E-Mail-Adresse, Ihre Telefonnummer und Ihre Adresse auf der Grundlage des Rechtsgrundes verarbeiten, dass die Datenverarbeitung f\u00fcr unsere berechtigten Interessen zwingend erforderlich ist, vorausgesetzt, Ihre Grundrechte und -freiheiten werden dadurch nicht beeintr\u00e4chtigt.<\/p>\n<p><strong>Gew\u00e4hrleistung der Sicherheit:<\/strong> Zur Gew\u00e4hrleistung der Sicherheit von Mitarbeitern, Besuchern, Patienten, Angeh\u00f6rigen von Patienten und Lieferanten, zur Verhinderung m\u00f6glicher Unf\u00e4lle, rechtswidriger Handlungen oder krimineller Vorf\u00e4lle und zur Information der zust\u00e4ndigen Strafverfolgungsbeh\u00f6rden, wenn solche Vorf\u00e4lle nicht verhindert werden k\u00f6nnen, erheben wir vor\u00fcbergehend visuelle Daten mit Ger\u00e4ten, die \u00fcber visuelle \u00dcberwachungs- und Aufzeichnungsfunktionen (ohne Tonaufzeichnung) an den Eing\u00e4ngen und B\u00fcrofluren von Dentgen verf\u00fcgen. Dies geschieht aus dem rechtlichen Grund, dass die Datenverarbeitung f\u00fcr unsere legitimen Interessen zwingend erforderlich ist, sofern sie Ihre Grundrechte und -freiheiten nicht beeintr\u00e4chtigt. Um den Beschwerdemanagementprozess zu verwalten, Problem-\/Fehlermeldungen zu erhalten und zu l\u00f6sen, Beschwerden zu erhalten und zu l\u00f6sen, Informations- und Beratungsservices anzubieten, Termine zu vereinbaren, Ihre Beschwerden und Anfragen zu informieren und zu beantworten und sie als Beweismittel in m\u00f6glichen Streitf\u00e4llen zu verwenden, k\u00f6nnen wir Ihren Vor- und Nachnamen, Ihre E-Mail-Adresse, Telefonnummer und Adresse auf der Grundlage des Rechtsgrundes verarbeiten, dass die Datenverarbeitung f\u00fcr unsere berechtigten Interessen zwingend erforderlich ist, vorausgesetzt, Ihre Grundrechte und -freiheiten werden dadurch nicht beeintr\u00e4chtigt.<\/p>\n<p><strong>Bereitstellung von Gesundheitsdienstleistungen:<\/strong>  F\u00fcr die Erbringung der von Dentgen angebotenen Gesundheitsdienstleistungen; Ihre gesundheitsbezogenen Daten, die bei der Durchf\u00fchrung medizinischer Diagnose-, Behandlungs- und Pflegedienste erhoben werden, wie z.B. Labor- und Bildgebungsergebnisse, Testergebnisse, Untersuchungsdaten und von Ihnen zur Verf\u00fcgung gestellte Verordnungsinformationen, Ihre Daten im Zusammenhang mit privaten Krankenversicherungen und Daten der Sozialversicherungsanstalt zur Finanzierung und Planung von Gesundheitsleistungen, Aufzeichnungen von \u00dcberwachungskameras, die w\u00e4hrend Ihres Besuchs bei Dentgen aufgenommen wurden, Browsing-Informationen, die bei der Nutzung unserer Website und mobilen Anwendung gewonnen wurden, Ihre IP-Adresse, Browserinformationen, medizinische Dokumente, Umfragen, Formularinformationen und Standortdaten, die Sie mit Ihrer Zustimmung zur Verf\u00fcgung gestellt haben, Sprachaufzeichnungen, die gespeichert werden, wenn Sie unser Call Center kontaktieren, und Daten zum Kfz-Kennzeichen, wenn Sie Park- und Valet-Services nutzen.<\/p>\n<p><strong>Mitarbeiterdaten:<\/strong> Detaillierte Informationen dar\u00fcber, wie Mitarbeiterdaten verarbeitet werden, finden Sie im Text zur Mitarbeiterinformation unter <a href=\"https:\/\/dentgen.clinic\/de\/\" target=\"_new\" rel=\"noreferrer\">https:\/\/dentgen.clinic.<\/a><\/p>\n<p><strong>Informationen \u00fcber Personen oder Organisationen, an die Ihre pers\u00f6nlichen Daten weitergegeben werden k\u00f6nnen<\/strong> Zus\u00e4tzlich zu den oben genannten Zwecken k\u00f6nnen Ihre erfassten pers\u00f6nlichen Daten an folgende Stellen weitergegeben werden:<\/p>\n<ul>\n<li>Personen oder Organisationen, die gem\u00e4\u00df den Bestimmungen des Steuerverfahrensgesetzes, des Rechnungshofgesetzes, des Gesetzes zur Verhinderung des Waschens von Ertr\u00e4gen aus Straftaten, des Gesetzes zur Verhinderung von Geldw\u00e4sche, des t\u00fcrkischen Handelsgesetzbuches, des Obligationenrechts und anderer Gesetze verpflichtet sind,<\/li>\n<li>Rechtlich befugte \u00f6ffentliche Einrichtungen und Organisationen, wie das Gouverneursamt, das Innenministerium, das Gesundheitsministerium, die Strafverfolgungsbeh\u00f6rden, die Generaldirektion f\u00fcr Sicherheit, die Staatsanwaltschaft und andere Justizbeh\u00f6rden sowie Verwaltungs- und Rechtsbeh\u00f6rden, die aus rechtlichen Gr\u00fcnden darum ersuchen,<\/li>\n<li>Interne und externe Pr\u00fcfungsgesellschaften und Wirtschaftspr\u00fcfer,<\/li>\n<li>Nat\u00fcrliche oder juristische Personen, Programmpartner und Organisationen, mit denen wir zu Zwecken des Produkt-\/Dienstleistungsvergleichs, der Analyse, der Bewertung, der Werbung und der Verwirklichung der oben genannten Zwecke zusammenarbeiten,<\/li>\n<li>Anw\u00e4lte und Finanzberater f\u00fcr die Abwicklung von Prozessen, Folgeprozessen und Rechtsverfahren,<\/li>\n<li>Im Rahmen der in den Artikeln 8 und 9 des Gesetzes Nr. 6698 festgelegten Bedingungen und Zwecke der Verarbeitung personenbezogener Daten.<\/li>\n<\/ul>\n<p><strong>Wie werden Ihre pers\u00f6nlichen Daten gesammelt?<\/strong>  Ihre pers\u00f6nlichen Daten werden aus den Informationen, die Sie direkt, m\u00fcndlich, schriftlich oder online von den betroffenen Personen zur Verf\u00fcgung gestellt haben, aus der Website, Vertr\u00e4gen, Antr\u00e4gen, Formularen, Angeboten und Cookies, die vom Computer verwendet werden, um Sie bei Besuchen der Dentgen-Website zu erkennen, sowie mit Hilfe von Tools, die Bilder m\u00fcndlich, schriftlich oder elektronisch aufzeichnen, gesammelt.<\/p>\n<p><strong>Rechte des Inhabers personenbezogener Daten gem\u00e4\u00df Artikel 11 des Gesetzes Nr. 6698<\/strong> Gem\u00e4\u00df der KVKK und den einschl\u00e4gigen Rechtsvorschriften haben Sie in Bezug auf Ihre personenbezogenen Daten das Recht auf:<\/p>\n<ul>\n<li>Erfahren Sie, ob Ihre pers\u00f6nlichen Daten verarbeitet werden,<\/li>\n<li>Fordern Sie Informationen an, wenn Ihre pers\u00f6nlichen Daten verarbeitet wurden,<\/li>\n<li>Erfahren Sie, zu welchem Zweck Ihre pers\u00f6nlichen Daten verarbeitet werden und ob sie entsprechend ihrem Zweck verwendet werden,<\/li>\n<li>Sie kennen die Dritten, an die Ihre pers\u00f6nlichen Daten im In- oder Ausland \u00fcbermittelt werden,<\/li>\n<li>die Berichtigung Ihrer pers\u00f6nlichen Daten zu verlangen, wenn diese unvollst\u00e4ndig sind oder nicht korrekt verarbeitet wurden,<\/li>\n<li>die L\u00f6schung oder Vernichtung Ihrer pers\u00f6nlichen Daten im Rahmen der in der KVKK-Gesetzgebung festgelegten Bedingungen zu verlangen,<\/li>\n<li>Verlangen Sie, dass die Dritten, an die Ihre personenbezogenen Daten weitergegeben wurden, \u00fcber die Korrektur, L\u00f6schung oder Vernichtung Ihrer personenbezogenen Daten informiert werden,<\/li>\n<li>Verlangen Sie Schadensersatz, wenn Ihnen durch die unrechtm\u00e4\u00dfige Verarbeitung Ihrer pers\u00f6nlichen Daten ein Schaden entstanden ist.<\/li>\n<\/ul>\n<p><strong>Bewerbungsmethoden<\/strong> Sie k\u00f6nnen Ihre Bewerbung und Anfragen zu Ihren pers\u00f6nlichen Daten mit einem nass unterschriebenen Antrag oder elektronisch \u00fcbermitteln. In Ihrem Antrag m\u00fcssen Ihr Name, Nachname und Ihre Unterschrift, falls der Antrag schriftlich gestellt wird, Ihre t\u00fcrkische ID-Nummer, Ihre Wohnsitz- oder Arbeitsplatzadresse f\u00fcr die Zustellung, falls vorhanden, Ihre E-Mail-Adresse f\u00fcr die Zustellung, Telefon- und Faxnummern sowie der Gegenstand des Antrags enthalten sein. Dem Antrag m\u00fcssen Informationen und Dokumente zu dem Thema beigef\u00fcgt werden. Der Antrag muss sich auf die eigenen Daten des Antragstellers beziehen; handelt er im Namen einer anderen Person, muss der Antragsteller dazu ausdr\u00fccklich bevollm\u00e4chtigt sein und diese Vollmacht muss dokumentiert werden (Sondervollmacht). Der Antrag muss auch Angaben zur Identit\u00e4t und Adresse des Antragstellers enthalten, und dem Antrag m\u00fcssen Dokumente zum Nachweis der Identit\u00e4t beigef\u00fcgt werden. Antr\u00e4ge, die von unbefugten Dritten im Namen einer anderen Person gestellt werden, werden nicht ber\u00fccksichtigt. Das Antragsdatum ist das Datum, an dem die schriftlichen Antr\u00e4ge dem f\u00fcr die Datenverarbeitung Verantwortlichen mitgeteilt werden. Bei Antr\u00e4gen, die auf andere Weise gestellt werden, ist das Antragsdatum das Datum, an dem der Antrag bei dem f\u00fcr die Datenverarbeitung Verantwortlichen eingeht. Sie k\u00f6nnen Ihre schriftliche Bewerbung an \u015eerifali Mah senden. Miras Sok. \u00c7ankaya Plaza 20\/1 \u00dcmraniye\/ISTANBUL oder bewerben Sie sich pers\u00f6nlich bei dieser Adresse. Sie k\u00f6nnen Ihren elektronisch erstellten und mit einer Handy-Signatur oder einer sicheren elektronischen Signatur versehenen Antrag per E-Mail an <a rel=\"noreferrer\">info@dentgen.com.tr<\/a> oder per eingeschriebener elektronischer Post (KEP-Adresse) und sicherer elektronischer Signatur oder Handy-Signatur an <a rel=\"noreferrer\">sttadsm@hs01.kep.tr<\/a> senden <a rel=\"noreferrer\">.<\/a><\/p>\n<p><strong>Antwortzeit und Geb\u00fchr f\u00fcr Antr\u00e4ge<\/strong> Ihre Anfragen bez\u00fcglich Ihrer pers\u00f6nlichen Daten werden sp\u00e4testens innerhalb von 30 Tagen nach Eingang bei uns gepr\u00fcft und beantwortet. Im Falle einer negativen Bewertung Ihrer Bewerbung werden die Gr\u00fcnde f\u00fcr die Ablehnung an die in der Bewerbung angegebene Adresse per elektronischer Post oder per Post, vor allem per Versand an die Adresse, gesendet. F\u00fcr schriftliche Antworten von bis zu zehn Seiten wird keine Geb\u00fchr erhoben. F\u00fcr jede Seite \u00fcber zehn Seiten kann eine Transaktionsgeb\u00fchr von 1 T\u00fcrkischen Lira erhoben werden. Wenn die Antwort auf den Antrag auf einem Aufzeichnungsmedium wie einer CD oder einem Flash-Speicher erfolgt, darf die Geb\u00fchr, die der f\u00fcr die Datenverarbeitung Verantwortliche verlangen kann, die Kosten f\u00fcr das Aufzeichnungsmedium nicht \u00fcbersteigen.<\/p>\n<\/div>\n<\/div>\n<\/div>\n<\/div>\n<\/div>\n<\/div>\n<\/div>\n<\/div>\n<\/div>\n\t\t\t\t\t\t\t\t<\/div>\n\t\t\t\t<\/div>\n\t\t\t\t<\/div>\n\t\t\t\t<\/div>\n\t\t","protected":false},"excerpt":{"rendered":"<p>Schutz pers\u00f6nlicher Daten Gesetz zum Schutz personenbezogener Daten Text zur Offenlegung von Informationen Informationen \u00fcber den Inhaber der Daten STT Oral and Dental Health Inc. (Dentgen), eingetragen im Handelsregister Istanbul unter der Registernummer 449663-5 und der Mersis-Nummer 0781104214000001, mit Sitz in \u015eerifali Mah. Miras Sok. \u00c7ankaya Plaza 20\/1 \u00dcmraniye\/ISTANBUL, fungiert als Datenverantwortlicher. Dentgen verarbeitet und [&hellip;]<\/p>\n","protected":false},"author":1,"featured_media":0,"parent":0,"menu_order":0,"comment_status":"closed","ping_status":"closed","template":"elementor_header_footer","meta":{"footnotes":""},"class_list":["post-5930","page","type-page","status-publish","hentry"],"_links":{"self":[{"href":"https:\/\/dentgen.clinic\/de\/wp-json\/wp\/v2\/pages\/5930","targetHints":{"allow":["GET"]}}],"collection":[{"href":"https:\/\/dentgen.clinic\/de\/wp-json\/wp\/v2\/pages"}],"about":[{"href":"https:\/\/dentgen.clinic\/de\/wp-json\/wp\/v2\/types\/page"}],"author":[{"embeddable":true,"href":"https:\/\/dentgen.clinic\/de\/wp-json\/wp\/v2\/users\/1"}],"replies":[{"embeddable":true,"href":"https:\/\/dentgen.clinic\/de\/wp-json\/wp\/v2\/comments?post=5930"}],"version-history":[{"count":0,"href":"https:\/\/dentgen.clinic\/de\/wp-json\/wp\/v2\/pages\/5930\/revisions"}],"wp:attachment":[{"href":"https:\/\/dentgen.clinic\/de\/wp-json\/wp\/v2\/media?parent=5930"}],"curies":[{"name":"wp","href":"https:\/\/api.w.org\/{rel}","templated":true}]}}