{"id":5530,"date":"2024-06-28T17:28:34","date_gmt":"2024-06-28T14:28:34","guid":{"rendered":"https:\/\/dentgen.clinic\/diseno-de-sonrisas-hollywood-2\/"},"modified":"2024-06-28T17:29:28","modified_gmt":"2024-06-28T14:29:28","slug":"diseno-de-sonrisas-hollywood-2","status":"publish","type":"page","link":"https:\/\/dentgen.clinic\/es\/tratamientos\/diseno-de-sonrisas-hollywood-2\/","title":{"rendered":"Dise\u00f1o de Sonrisas Hollywood"},"content":{"rendered":"\t\t<div data-elementor-type=\"wp-page\" data-elementor-id=\"5530\" class=\"elementor elementor-5530 elementor-5504\" data-elementor-post-type=\"page\">\n\t\t\t\t<div class=\"elementor-element elementor-element-7e6c252 e-con-full e-flex e-con e-parent\" data-id=\"7e6c252\" data-element_type=\"container\" data-settings=\"{&quot;background_background&quot;:&quot;classic&quot;,&quot;shape_divider_bottom&quot;:&quot;waves&quot;}\">\n\t\t\t\t<div class=\"elementor-shape elementor-shape-bottom\" aria-hidden=\"true\" data-negative=\"false\">\n\t\t\t<svg xmlns=\"http:\/\/www.w3.org\/2000\/svg\" viewBox=\"0 0 1000 100\" preserveAspectRatio=\"none\">\n\t<path class=\"elementor-shape-fill\" d=\"M421.9,6.5c22.6-2.5,51.5,0.4,75.5,5.3c23.6,4.9,70.9,23.5,100.5,35.7c75.8,32.2,133.7,44.5,192.6,49.7\n\tc23.6,2.1,48.7,3.5,103.4-2.5c54.7-6,106.2-25.6,106.2-25.6V0H0v30.3c0,0,72,32.6,158.4,30.5c39.2-0.7,92.8-6.7,134-22.4\n\tc21.2-8.1,52.2-18.2,79.7-24.2C399.3,7.9,411.6,7.5,421.9,6.5z\"\/>\n<\/svg>\t\t<\/div>\n\t\t\t\t<div class=\"elementor-element elementor-element-a3ee7ab elementor-invisible elementor-widget elementor-widget-heading\" data-id=\"a3ee7ab\" data-element_type=\"widget\" data-settings=\"{&quot;_animation&quot;:&quot;fadeIn&quot;}\" data-widget_type=\"heading.default\">\n\t\t\t\t<div class=\"elementor-widget-container\">\n\t\t\t\t\t<h1 class=\"elementor-heading-title elementor-size-default\">Dise\u00f1o de Sonrisas Hollywood<\/h1>\t\t\t\t<\/div>\n\t\t\t\t<\/div>\n\t\t\t\t<\/div>\n\t\t<div class=\"elementor-element elementor-element-3bb41793 e-flex e-con-boxed e-con e-parent\" data-id=\"3bb41793\" data-element_type=\"container\">\n\t\t\t\t\t<div class=\"e-con-inner\">\n\t\t\t\t<div class=\"elementor-element elementor-element-4674f152 elementor-invisible elementor-widget elementor-widget-heading\" data-id=\"4674f152\" data-element_type=\"widget\" data-settings=\"{&quot;_animation&quot;:&quot;fadeIn&quot;}\" data-widget_type=\"heading.default\">\n\t\t\t\t<div class=\"elementor-widget-container\">\n\t\t\t\t\t<h1 class=\"elementor-heading-title elementor-size-default\">Acerca de Hollywood Smile Design<\/h1>\t\t\t\t<\/div>\n\t\t\t\t<\/div>\n\t\t\t\t<div class=\"elementor-element elementor-element-de383f0 elementor-widget elementor-widget-heading\" data-id=\"de383f0\" data-element_type=\"widget\" data-widget_type=\"heading.default\">\n\t\t\t\t<div class=\"elementor-widget-container\">\n\t\t\t\t\t<h5 class=\"elementor-heading-title elementor-size-default\">Hollywood Smile Design es un enfoque integral de la odontolog\u00eda est\u00e9tica que se centra en transformar tu sonrisa en una obra de arte. Combina t\u00e9cnicas odontol\u00f3gicas avanzadas, principios art\u00edsticos y personalizaci\u00f3n a medida para conseguir una sonrisa deslumbrante y armoniosa que complemente tus rasgos faciales y mejore tu aspecto general.Ventajas de la dentadura postiza en DentGEN<\/h5>\t\t\t\t<\/div>\n\t\t\t\t<\/div>\n\t\t\t\t\t<\/div>\n\t\t\t\t<\/div>\n\t\t<div class=\"elementor-element elementor-element-2d137094 e-flex e-con-boxed e-con e-parent\" data-id=\"2d137094\" data-element_type=\"container\" data-settings=\"{&quot;background_background&quot;:&quot;classic&quot;,&quot;shape_divider_top&quot;:&quot;waves&quot;,&quot;shape_divider_bottom&quot;:&quot;waves&quot;}\">\n\t\t\t\t\t<div class=\"e-con-inner\">\n\t\t\t\t<div class=\"elementor-shape elementor-shape-top\" aria-hidden=\"true\" data-negative=\"false\">\n\t\t\t<svg xmlns=\"http:\/\/www.w3.org\/2000\/svg\" viewBox=\"0 0 1000 100\" preserveAspectRatio=\"none\">\n\t<path class=\"elementor-shape-fill\" d=\"M421.9,6.5c22.6-2.5,51.5,0.4,75.5,5.3c23.6,4.9,70.9,23.5,100.5,35.7c75.8,32.2,133.7,44.5,192.6,49.7\n\tc23.6,2.1,48.7,3.5,103.4-2.5c54.7-6,106.2-25.6,106.2-25.6V0H0v30.3c0,0,72,32.6,158.4,30.5c39.2-0.7,92.8-6.7,134-22.4\n\tc21.2-8.1,52.2-18.2,79.7-24.2C399.3,7.9,411.6,7.5,421.9,6.5z\"\/>\n<\/svg>\t\t<\/div>\n\t\t\t\t<div class=\"elementor-shape elementor-shape-bottom\" aria-hidden=\"true\" data-negative=\"false\">\n\t\t\t<svg xmlns=\"http:\/\/www.w3.org\/2000\/svg\" viewBox=\"0 0 1000 100\" preserveAspectRatio=\"none\">\n\t<path class=\"elementor-shape-fill\" d=\"M421.9,6.5c22.6-2.5,51.5,0.4,75.5,5.3c23.6,4.9,70.9,23.5,100.5,35.7c75.8,32.2,133.7,44.5,192.6,49.7\n\tc23.6,2.1,48.7,3.5,103.4-2.5c54.7-6,106.2-25.6,106.2-25.6V0H0v30.3c0,0,72,32.6,158.4,30.5c39.2-0.7,92.8-6.7,134-22.4\n\tc21.2-8.1,52.2-18.2,79.7-24.2C399.3,7.9,411.6,7.5,421.9,6.5z\"\/>\n<\/svg>\t\t<\/div>\n\t\t<div class=\"elementor-element elementor-element-3e3cdba3 e-con-full e-flex e-con e-child\" data-id=\"3e3cdba3\" data-element_type=\"container\">\n\t\t\t\t<div class=\"elementor-element elementor-element-3e3531af elementor-widget elementor-widget-heading\" data-id=\"3e3531af\" data-element_type=\"widget\" data-widget_type=\"heading.default\">\n\t\t\t\t<div class=\"elementor-widget-container\">\n\t\t\t\t\t<h2 class=\"elementor-heading-title elementor-size-default\">La magia detr\u00e1s del dise\u00f1o de sonrisas de Hollywood<\/h2>\t\t\t\t<\/div>\n\t\t\t\t<\/div>\n\t\t\t\t<div class=\"elementor-element elementor-element-5e60caed elementor-widget elementor-widget-text-editor\" data-id=\"5e60caed\" data-element_type=\"widget\" data-widget_type=\"text-editor.default\">\n\t\t\t\t<div class=\"elementor-widget-container\">\n\t\t\t\t\t\t\t\t\t<ul>\n<li><span style=\"font-size: medium;\">An\u00e1lisis de sonrisa personalizado: Tu camino hacia una sonrisa digna de Hollywood comienza con un an\u00e1lisis completo de tu sonrisa en DentGEN. Nuestro equipo de expertos eval\u00faa tus proporciones faciales, el color de los dientes, la alineaci\u00f3n y la salud de las enc\u00edas para dise\u00f1ar una sonrisa a tu medida.<\/span><\/li>\n<li><span style=\"font-size: medium;\">Dise\u00f1o Digital de la Sonrisa (DSD): Utilizando tecnolog\u00eda de vanguardia, empleamos el Dise\u00f1o Digital de la Sonrisa (DSD) para crear un plano virtual de tu sonrisa ideal. Esto te permite previsualizar y afinar el dise\u00f1o antes de que comience cualquier tratamiento, garantizando que tus expectativas se cumplan con precisi\u00f3n.<\/span><\/li>\n<\/ul>\n\t\t\t\t\t\t\t\t<\/div>\n\t\t\t\t<\/div>\n\t\t\t\t<\/div>\n\t\t<div class=\"elementor-element elementor-element-120e57f3 e-con-full e-flex e-con e-child\" data-id=\"120e57f3\" data-element_type=\"container\">\n\t\t\t\t<div class=\"elementor-element elementor-element-20e02c42 elementor-widget elementor-widget-image\" data-id=\"20e02c42\" data-element_type=\"widget\" data-widget_type=\"image.default\">\n\t\t\t\t<div class=\"elementor-widget-container\">\n\t\t\t\t\t\t\t\t\t\t\t\t\t\t\t<img fetchpriority=\"high\" decoding=\"async\" width=\"800\" height=\"755\" src=\"https:\/\/dentgen.clinic\/wp-content\/uploads\/2024\/06\/hollywood-smile-2-1024x967.jpg\" class=\"attachment-large size-large wp-image-632\" alt=\"\" srcset=\"https:\/\/dentgen.clinic\/wp-content\/uploads\/2024\/06\/hollywood-smile-2-1024x967.jpg 1024w, https:\/\/dentgen.clinic\/wp-content\/uploads\/2024\/06\/hollywood-smile-2-300x283.jpg 300w, https:\/\/dentgen.clinic\/wp-content\/uploads\/2024\/06\/hollywood-smile-2-768x725.jpg 768w, https:\/\/dentgen.clinic\/wp-content\/uploads\/2024\/06\/hollywood-smile-2-1536x1451.jpg 1536w, https:\/\/dentgen.clinic\/wp-content\/uploads\/2024\/06\/hollywood-smile-2.jpg 2020w\" sizes=\"(max-width: 800px) 100vw, 800px\" \/>\t\t\t\t\t\t\t\t\t\t\t\t\t\t\t<\/div>\n\t\t\t\t<\/div>\n\t\t\t\t<\/div>\n\t\t\t\t\t<\/div>\n\t\t\t\t<\/div>\n\t\t<div class=\"elementor-element elementor-element-443577a8 e-flex e-con-boxed e-con e-parent\" data-id=\"443577a8\" data-element_type=\"container\" data-settings=\"{&quot;background_background&quot;:&quot;classic&quot;}\">\n\t\t\t\t\t<div class=\"e-con-inner\">\n\t\t<div class=\"elementor-element elementor-element-55bda7d9 e-con-full e-flex e-con e-child\" data-id=\"55bda7d9\" data-element_type=\"container\">\n\t\t\t\t<div class=\"elementor-element elementor-element-2b142c67 elementor-widget elementor-widget-image\" data-id=\"2b142c67\" data-element_type=\"widget\" data-widget_type=\"image.default\">\n\t\t\t\t<div class=\"elementor-widget-container\">\n\t\t\t\t\t\t\t\t\t\t\t\t\t\t\t<img decoding=\"async\" width=\"800\" height=\"673\" src=\"https:\/\/dentgen.clinic\/wp-content\/uploads\/2024\/06\/hollywood-smile-1-1024x861.jpg\" class=\"attachment-large size-large wp-image-633\" alt=\"\" srcset=\"https:\/\/dentgen.clinic\/wp-content\/uploads\/2024\/06\/hollywood-smile-1-1024x861.jpg 1024w, https:\/\/dentgen.clinic\/wp-content\/uploads\/2024\/06\/hollywood-smile-1-300x252.jpg 300w, https:\/\/dentgen.clinic\/wp-content\/uploads\/2024\/06\/hollywood-smile-1-768x646.jpg 768w, https:\/\/dentgen.clinic\/wp-content\/uploads\/2024\/06\/hollywood-smile-1.jpg 1208w\" sizes=\"(max-width: 800px) 100vw, 800px\" \/>\t\t\t\t\t\t\t\t\t\t\t\t\t\t\t<\/div>\n\t\t\t\t<\/div>\n\t\t\t\t<\/div>\n\t\t<div class=\"elementor-element elementor-element-36e70d0b e-con-full e-flex e-con e-child\" data-id=\"36e70d0b\" data-element_type=\"container\">\n\t\t\t\t<div class=\"elementor-element elementor-element-2aee5387 elementor-widget elementor-widget-heading\" data-id=\"2aee5387\" data-element_type=\"widget\" data-widget_type=\"heading.default\">\n\t\t\t\t<div class=\"elementor-widget-container\">\n\t\t\t\t\t<h2 class=\"elementor-heading-title elementor-size-default\">Planificaci\u00f3n y ejecuci\u00f3n<\/h2>\t\t\t\t<\/div>\n\t\t\t\t<\/div>\n\t\t\t\t<div class=\"elementor-element elementor-element-37503f83 elementor-widget elementor-widget-text-editor\" data-id=\"37503f83\" data-element_type=\"widget\" data-widget_type=\"text-editor.default\">\n\t\t\t\t<div class=\"elementor-widget-container\">\n\t\t\t\t\t\t\t\t\t<ul>\n<li><span style=\"font-size: medium;\">Plan de tratamiento integral: Bas\u00e1ndose en los resultados de tu DSD y en tus objetivos est\u00e9ticos, nuestros cualificados profesionales dentales de DentGEN desarrollan un plan de tratamiento integral que puede incluir una combinaci\u00f3n de procedimientos est\u00e9ticos como carillas, blanqueamiento dental, implantes dentales, contorneado de enc\u00edas y mucho m\u00e1s.<\/span><\/li>\n<li><span style=\"font-size: medium;\">Arte en Odontolog\u00eda: Hollywood Smile Design va m\u00e1s all\u00e1 de la odontolog\u00eda convencional al incorporar elementos art\u00edsticos. Cada aspecto de tu sonrisa, desde la forma y el tama\u00f1o de los dientes hasta el color y la simetr\u00eda, se elabora meticulosamente para crear una sonrisa radiante y de aspecto natural que irradie confianza y belleza.<\/span><\/li>\n<\/ul>\n\t\t\t\t\t\t\t\t<\/div>\n\t\t\t\t<\/div>\n\t\t\t\t<\/div>\n\t\t\t\t\t<\/div>\n\t\t\t\t<\/div>\n\t\t\t\t<\/div>\n\t\t","protected":false},"excerpt":{"rendered":"<p>Dise\u00f1o de Sonrisas Hollywood Acerca de Hollywood Smile Design Hollywood Smile Design es un enfoque integral de la odontolog\u00eda est\u00e9tica que se centra en transformar tu sonrisa en una obra de arte. Combina t\u00e9cnicas odontol\u00f3gicas avanzadas, principios art\u00edsticos y personalizaci\u00f3n a medida para conseguir una sonrisa deslumbrante y armoniosa que complemente tus rasgos faciales y [&hellip;]<\/p>\n","protected":false},"author":1,"featured_media":1598,"parent":1591,"menu_order":0,"comment_status":"closed","ping_status":"closed","template":"elementor_header_footer","meta":{"footnotes":""},"class_list":["post-5530","page","type-page","status-publish","has-post-thumbnail","hentry"],"_links":{"self":[{"href":"https:\/\/dentgen.clinic\/es\/wp-json\/wp\/v2\/pages\/5530","targetHints":{"allow":["GET"]}}],"collection":[{"href":"https:\/\/dentgen.clinic\/es\/wp-json\/wp\/v2\/pages"}],"about":[{"href":"https:\/\/dentgen.clinic\/es\/wp-json\/wp\/v2\/types\/page"}],"author":[{"embeddable":true,"href":"https:\/\/dentgen.clinic\/es\/wp-json\/wp\/v2\/users\/1"}],"replies":[{"embeddable":true,"href":"https:\/\/dentgen.clinic\/es\/wp-json\/wp\/v2\/comments?post=5530"}],"version-history":[{"count":0,"href":"https:\/\/dentgen.clinic\/es\/wp-json\/wp\/v2\/pages\/5530\/revisions"}],"up":[{"embeddable":true,"href":"https:\/\/dentgen.clinic\/es\/wp-json\/wp\/v2\/pages\/1591"}],"wp:featuredmedia":[{"embeddable":true,"href":"https:\/\/dentgen.clinic\/es\/wp-json\/wp\/v2\/media\/1598"}],"wp:attachment":[{"href":"https:\/\/dentgen.clinic\/es\/wp-json\/wp\/v2\/media?parent=5530"}],"curies":[{"name":"wp","href":"https:\/\/api.w.org\/{rel}","templated":true}]}}