{"id":5847,"date":"2024-06-28T13:04:43","date_gmt":"2024-06-28T10:04:43","guid":{"rendered":"https:\/\/dentgen.clinic\/politica-de-privacidad\/"},"modified":"2024-07-09T15:54:41","modified_gmt":"2024-07-09T12:54:41","slug":"politica-de-privacidad","status":"publish","type":"page","link":"https:\/\/dentgen.clinic\/es\/politica-de-privacidad\/","title":{"rendered":"Pol\u00edtica de privacidad"},"content":{"rendered":"\t\t<div data-elementor-type=\"wp-page\" data-elementor-id=\"5847\" class=\"elementor elementor-5847 elementor-5462\" data-elementor-post-type=\"page\">\n\t\t\t\t<div class=\"elementor-element elementor-element-3bb41793 e-con-full e-flex e-con e-parent\" data-id=\"3bb41793\" data-element_type=\"container\" data-settings=\"{&quot;background_background&quot;:&quot;classic&quot;,&quot;shape_divider_bottom&quot;:&quot;waves&quot;}\">\n\t\t\t\t<div class=\"elementor-shape elementor-shape-bottom\" aria-hidden=\"true\" data-negative=\"false\">\n\t\t\t<svg xmlns=\"http:\/\/www.w3.org\/2000\/svg\" viewBox=\"0 0 1000 100\" preserveAspectRatio=\"none\">\n\t<path class=\"elementor-shape-fill\" d=\"M421.9,6.5c22.6-2.5,51.5,0.4,75.5,5.3c23.6,4.9,70.9,23.5,100.5,35.7c75.8,32.2,133.7,44.5,192.6,49.7\n\tc23.6,2.1,48.7,3.5,103.4-2.5c54.7-6,106.2-25.6,106.2-25.6V0H0v30.3c0,0,72,32.6,158.4,30.5c39.2-0.7,92.8-6.7,134-22.4\n\tc21.2-8.1,52.2-18.2,79.7-24.2C399.3,7.9,411.6,7.5,421.9,6.5z\"\/>\n<\/svg>\t\t<\/div>\n\t\t\t\t<div class=\"elementor-element elementor-element-4674f152 elementor-invisible elementor-widget elementor-widget-heading\" data-id=\"4674f152\" data-element_type=\"widget\" data-settings=\"{&quot;_animation&quot;:&quot;fadeIn&quot;}\" data-widget_type=\"heading.default\">\n\t\t\t\t<div class=\"elementor-widget-container\">\n\t\t\t\t\t<span class=\"elementor-heading-title elementor-size-default\">Protecci\u00f3n de datos personales<\/span>\t\t\t\t<\/div>\n\t\t\t\t<\/div>\n\t\t\t\t<\/div>\n\t\t<div class=\"elementor-element elementor-element-431461f e-con-full e-flex e-con e-parent\" data-id=\"431461f\" data-element_type=\"container\">\n\t\t\t\t<div class=\"elementor-element elementor-element-de56660 elementor-widget__width-initial elementor-widget elementor-widget-heading\" data-id=\"de56660\" data-element_type=\"widget\" data-widget_type=\"heading.default\">\n\t\t\t\t<div class=\"elementor-widget-container\">\n\t\t\t\t\t<h1 class=\"elementor-heading-title elementor-size-default\">Ley de protecci\u00f3n de datos personales Texto de divulgaci\u00f3n de informaci\u00f3n<\/h1>\t\t\t\t<\/div>\n\t\t\t\t<\/div>\n\t\t\t\t<div class=\"elementor-element elementor-element-31acd82 elementor-widget__width-initial elementor-widget elementor-widget-text-editor\" data-id=\"31acd82\" data-element_type=\"widget\" data-widget_type=\"text-editor.default\">\n\t\t\t\t<div class=\"elementor-widget-container\">\n\t\t\t\t\t\t\t\t\t<div class=\"w-full text-token-text-primary\" dir=\"auto\" data-testid=\"conversation-turn-3\" data-scroll-anchor=\"false\">\n<div class=\"py-2 juice:py-[18px] px-3 text-base md:px-4 m-auto md:px-5 lg:px-1 xl:px-5\">\n<div class=\"mx-auto flex flex-1 gap-3 text-base juice:gap-4 juice:md:gap-5 juice:lg:gap-6 md:max-w-3xl lg:max-w-[40rem] xl:max-w-[48rem]\">\n<div class=\"group\/conversation-turn relative flex w-full min-w-0 flex-col agent-turn\">\n<div class=\"flex-col gap-1 md:gap-3\">\n<div class=\"flex flex-grow flex-col max-w-full\">\n<div class=\"min-h-[20px] text-message flex flex-col items-start whitespace-pre-wrap break-words [.text-message+&amp;]:mt-5 juice:w-full juice:items-end overflow-x-auto gap-2\" dir=\"auto\" data-message-author-role=\"assistant\" data-message-id=\"62ddb323-c0a9-48cc-91f1-d7b38cdd434a\">\n<div class=\"flex w-full flex-col gap-1 juice:empty:hidden juice:first:pt-[3px]\">\n<div class=\"markdown prose w-full break-words dark:prose-invert light\">\n<p><strong>Informaci\u00f3n sobre el responsable del tratamiento<\/strong> STT Oral and Dental Health Inc. (Dentgen), inscrita en el Registro Mercantil de Estambul con el n\u00famero de registro 449663-5 y el n\u00famero de Mersis 0781104214000001, con sede en \u015eerifali Mah. Miras Sok. \u00c7ankaya Plaza 20\/1 \u00dcmraniye\/ISTANBUL, act\u00faa como responsable del tratamiento. Dentgen procesa y utiliza tus datos personales de acuerdo con la legislaci\u00f3n pertinente, garantizando que tus datos personales se procesan legalmente y que tu privacidad est\u00e1 protegida mediante la adopci\u00f3n de las medidas de seguridad necesarias.<\/p>\n<p><strong>Objeto del Texto Informativo<\/strong> de Protecci\u00f3n de Datos Personales La Ley de Protecci\u00f3n de Datos Personales n\u00ba 6698 (\u00abLey\u00bb) se adopt\u00f3 para proteger los derechos y libertades fundamentales de las personas, especialmente la intimidad de la vida privada, en el tratamiento de datos personales y para regular las obligaciones y los procedimientos y principios que deben seguir las personas f\u00edsicas y jur\u00eddicas que traten datos personales.<\/p>\n<p>El objetivo de este texto de divulgaci\u00f3n es informar a nuestros pacientes, pacientes potenciales, socios comerciales y proveedores, y visitantes del sitio web sobre los m\u00e9todos de recopilaci\u00f3n, los fines del procesamiento, las personas compartidas, los motivos legales y tus derechos en relaci\u00f3n con tus datos personales, de conformidad con el art\u00edculo 10 de la Ley de Protecci\u00f3n de Datos Personales n\u00ba 6698.<\/p>\n<p>Datos personales <strong>procesados, finalidad y motivos legales para procesar tus datos<\/strong> personales <strong>Gesti\u00f3n de las relaciones con nuestros socios comerciales y proveedores:<\/strong> Tratamos los datos personales de nuestros socios comerciales y proveedores, como nombre y apellidos, direcci\u00f3n de correo electr\u00f3nico, n\u00famero de tel\u00e9fono, direcci\u00f3n, n\u00famero de identificaci\u00f3n turca, fecha de nacimiento, lugar de nacimiento e informaci\u00f3n sobre cuentas bancarias, bas\u00e1ndonos en la necesidad de tratar datos personales directamente relacionados con el establecimiento o la ejecuci\u00f3n de un contrato con el fin de establecer contratos, verificar la autoridad del personal autorizado para firmar contratos y ejecutar el contrato.<\/p>\n<p><strong>Gesti\u00f3n de reclamaciones:<\/strong> Para gestionar las reclamaciones, recibir y resolver tus consultas, prestar servicios de informaci\u00f3n y apoyo de consultor\u00eda, informar y responder a tus quejas y solicitudes, y utilizarlas como prueba en posibles litigios, podemos tratar tu nombre y apellidos, direcci\u00f3n de correo electr\u00f3nico, n\u00famero de tel\u00e9fono y direcci\u00f3n bas\u00e1ndonos en la raz\u00f3n legal de que el tratamiento de datos es obligatorio para nuestros intereses leg\u00edtimos, siempre que no perjudique tus derechos y libertades fundamentales.<\/p>\n<p><strong>Garantizar la seguridad:<\/strong> Para garantizar la seguridad de los empleados, visitantes, pacientes, familiares de pacientes y proveedores, prevenir posibles accidentes, actos il\u00edcitos o sucesos delictivos, y proporcionar informaci\u00f3n a los organismos policiales pertinentes si dichos sucesos no pueden evitarse, recopilamos temporalmente datos visuales con herramientas que disponen de funciones de supervisi\u00f3n y grabaci\u00f3n visual (sin grabaci\u00f3n de audio) en las entradas y pasillos de las oficinas de Dentgen, bas\u00e1ndonos en la raz\u00f3n legal de que el procesamiento de datos es obligatorio para nuestros intereses leg\u00edtimos, siempre que no perjudique tus derechos y libertades fundamentales. Para gestionar el proceso de gesti\u00f3n de reclamaciones, recibir y resolver notificaciones de problemas\/errores, recibir y resolver notificaciones de molestias, prestar servicios de informaci\u00f3n y apoyo de consultor\u00eda, crear citas, informar y responder a tus reclamaciones y solicitudes, y utilizarlas como prueba en posibles litigios, podemos procesar tu nombre y apellidos, direcci\u00f3n de correo electr\u00f3nico, n\u00famero de tel\u00e9fono y direcci\u00f3n bas\u00e1ndonos en la raz\u00f3n legal de que el procesamiento de datos es obligatorio para nuestros intereses leg\u00edtimos, siempre que no perjudique tus derechos y libertades fundamentales.<\/p>\n<p><strong>Prestaci\u00f3n de Servicios Sanitarios:<\/strong>  Para la prestaci\u00f3n de servicios sanitarios ofrecidos por Dentgen; tus datos relacionados con la salud obtenidos durante la ejecuci\u00f3n de los servicios de diagn\u00f3stico, tratamiento y atenci\u00f3n m\u00e9dica, como los resultados de laboratorio y de diagn\u00f3stico por imagen, los resultados de pruebas, los datos de ex\u00e1menes y la informaci\u00f3n sobre prescripciones proporcionada por ti, tus datos relacionados con el seguro m\u00e9dico privado y los datos de la Instituci\u00f3n de la Seguridad Social para la financiaci\u00f3n y planificaci\u00f3n de los servicios sanitarios, grabaciones de c\u00e1maras de circuito cerrado tomadas durante tu visita a Dentgen, informaci\u00f3n de navegaci\u00f3n obtenida durante el uso de nuestro sitio web y aplicaci\u00f3n m\u00f3vil, se recopilan tu direcci\u00f3n IP, informaci\u00f3n del navegador, documentos m\u00e9dicos, encuestas, informaci\u00f3n de formularios y datos de localizaci\u00f3n proporcionados por ti con tu consentimiento, grabaciones de voz guardadas cuando te pones en contacto con nuestro Centro de Atenci\u00f3n Telef\u00f3nica y datos de la matr\u00edcula del veh\u00edculo si utilizas los servicios de aparcamiento y aparcacoches.<\/p>\n<p><strong>Datos de los empleados:<\/strong> La informaci\u00f3n detallada sobre c\u00f3mo se procesan los datos de los empleados se explica en el texto de informaci\u00f3n para empleados disponible en <a href=\"https:\/\/dentgen.clinic\/es\/\" target=\"_new\" rel=\"noreferrer\">https:\/\/dentgen.clinic.<\/a><\/p>\n<p><strong>Informaci\u00f3n sobre personas u organizaciones a las que pueden transferirse tus datos<\/strong> personales Adem\u00e1s de los fines mencionados anteriormente, tus datos personales recogidos pueden transferirse a:<\/p>\n<ul>\n<li>Personas u organizaciones obligadas por las disposiciones de la Ley de Procedimiento Fiscal, la Ley del Tribunal de Cuentas, la Ley de Prevenci\u00f3n del Blanqueo de Productos del Delito, la Ley de Prevenci\u00f3n del Blanqueo de Dinero, el C\u00f3digo de Comercio turco, el C\u00f3digo de Obligaciones y otras leyes,<\/li>\n<li>Instituciones y organizaciones p\u00fablicas legalmente autorizadas, como la Gobernaci\u00f3n, el Ministerio del Interior, el Ministerio de Sanidad, los cuerpos y fuerzas de seguridad, la Direcci\u00f3n General de Seguridad, los fiscales y otras autoridades judiciales y autoridades administrativas y judiciales que lo soliciten por motivos legales,<\/li>\n<li>Empresas de auditor\u00eda interna y externa y auditores,<\/li>\n<li>Personas f\u00edsicas o jur\u00eddicas, instituciones asociadas al programa y organizaciones con las que cooperamos con fines de comparaci\u00f3n de productos\/servicios, an\u00e1lisis, evaluaci\u00f3n, publicidad y realizaci\u00f3n de los fines mencionados anteriormente,<\/li>\n<li>Abogados y asesores financieros para el cumplimiento de demandas, seguimientos y procesos judiciales,<\/li>\n<li>En el marco de las condiciones y finalidades del tratamiento de datos personales especificadas en los art\u00edculos 8 y 9 de la Ley n\u00ba 6698.<\/li>\n<\/ul>\n<p><strong>\u00bfC\u00f3mo se recogen tus datos personales?<\/strong>  Tus datos personales se recogen a partir de la informaci\u00f3n que proporcionas directamente, verbalmente, por escrito o en l\u00ednea por los interesados, del sitio web, contratos, solicitudes, formularios, ofertas y cookies utilizadas por el ordenador para reconocerte durante las visitas al sitio web de Dentgen, y mediante herramientas que registran im\u00e1genes verbalmente, por escrito o electr\u00f3nicamente.<\/p>\n<p><strong>Derechos del titular de los datos personales enumerados en el art\u00edculo 11 de la Ley n\u00ba 6698<\/strong> Seg\u00fan la KVKK y la legislaci\u00f3n pertinente, en relaci\u00f3n con tus datos personales, tienes derecho a:<\/p>\n<ul>\n<li>Averigua si se procesan tus datos personales,<\/li>\n<li>Solicitar informaci\u00f3n si se han tratado tus datos personales,<\/li>\n<li>Conoce la finalidad del tratamiento de tus datos personales y si se utilizan de acuerdo con su finalidad,<\/li>\n<li>Conocer a los terceros a los que se transfieren tus datos personales dentro o fuera del pa\u00eds,<\/li>\n<li>Solicitar la rectificaci\u00f3n de tus datos personales si est\u00e1n incompletos o han sido tratados incorrectamente,<\/li>\n<li>Solicitar la supresi\u00f3n o destrucci\u00f3n de tus datos personales en el marco de las condiciones estipuladas en la legislaci\u00f3n del KVKK,<\/li>\n<li>Solicitar que se notifique a los terceros a los que se hayan transferido tus datos personales la rectificaci\u00f3n, supresi\u00f3n o destrucci\u00f3n de los mismos,<\/li>\n<li>Solicitar la reparaci\u00f3n del da\u00f1o si sufres un perjuicio debido al tratamiento il\u00edcito de tus datos personales.<\/li>\n<\/ul>\n<p><strong>M\u00e9todos de solicitud<\/strong> Puedes enviar tu solicitud y las peticiones relativas a tus datos personales con una petici\u00f3n firmada en papel mojado o electr\u00f3nicamente. En tu petici\u00f3n de solicitud, debes incluir tu nombre, apellidos y firma si la solicitud es por escrito, tu n\u00famero de identificaci\u00f3n turco, la direcci\u00f3n de tu domicilio o lugar de trabajo para notificaciones, en su caso, tu direcci\u00f3n de correo electr\u00f3nico para notificaciones, los n\u00fameros de tel\u00e9fono y fax, y el asunto de la solicitud. La informaci\u00f3n y los documentos relacionados con el tema deben adjuntarse a la petici\u00f3n de solicitud. La solicitud debe estar relacionada con los datos del propio solicitante; si act\u00faa en nombre de otra persona, el solicitante debe estar espec\u00edficamente autorizado al respecto y dicha autorizaci\u00f3n debe estar documentada (poder especial). La solicitud tambi\u00e9n debe incluir la informaci\u00f3n sobre la identidad y la direcci\u00f3n del solicitante, y deben adjuntarse a la solicitud documentos que verifiquen la identidad. No se tendr\u00e1n en cuenta las solicitudes realizadas por terceros no autorizados en nombre de otra persona. La fecha de solicitud es la fecha en que las solicitudes escritas se notifican al responsable del tratamiento. Para las solicitudes realizadas por otros m\u00e9todos, la fecha de solicitud es la fecha en que la solicitud llega al responsable del tratamiento. Puedes enviar tu petici\u00f3n de solicitud por escrito a \u015eerifali Mah. Miras Sok. \u00c7ankaya Plaza 20\/1 \u00dcmraniye\/ISTANBUL o pres\u00e9ntate personalmente en esta direcci\u00f3n. Puedes enviar tu petici\u00f3n de solicitud preparada electr\u00f3nicamente, firmada con firma m\u00f3vil o firma electr\u00f3nica segura, por correo electr\u00f3nico a <a rel=\"noreferrer\">info@dentgen.com.tr<\/a> o por correo electr\u00f3nico certificado (direcci\u00f3n KEP) y firma electr\u00f3nica segura o firma m\u00f3vil a <a rel=\"noreferrer\">sttadsm@hs01.kep.tr.<\/a><\/p>\n<p><strong>Tiempo de respuesta y tasa para las<\/strong> solicitudes Tus solicitudes relativas a tus datos personales se evaluar\u00e1n y responder\u00e1n en un plazo m\u00e1ximo de 30 d\u00edas a partir de la fecha en que las recibamos. En caso de evaluaci\u00f3n negativa de tu solicitud, los motivos del rechazo se enviar\u00e1n a la direcci\u00f3n especificada en la solicitud por correo electr\u00f3nico o por correo, principalmente mediante env\u00edo a la direcci\u00f3n. Las respuestas escritas de hasta diez p\u00e1ginas son gratuitas. Se puede cobrar una tasa de transacci\u00f3n de 1 lira turca por cada p\u00e1gina que supere las diez p\u00e1ginas. Si la respuesta a la solicitud se da en un soporte de grabaci\u00f3n, como un CD o una memoria flash, la tarifa que puede pedir el responsable del tratamiento no puede superar el coste del soporte de grabaci\u00f3n.<\/p>\n<\/div>\n<\/div>\n<\/div>\n<\/div>\n<\/div>\n<\/div>\n<\/div>\n<\/div>\n<\/div>\n\t\t\t\t\t\t\t\t<\/div>\n\t\t\t\t<\/div>\n\t\t\t\t<\/div>\n\t\t\t\t<\/div>\n\t\t","protected":false},"excerpt":{"rendered":"<p>Protecci\u00f3n de datos personales Ley de protecci\u00f3n de datos personales Texto de divulgaci\u00f3n de informaci\u00f3n Informaci\u00f3n sobre el responsable del tratamiento STT Oral and Dental Health Inc. (Dentgen), inscrita en el Registro Mercantil de Estambul con el n\u00famero de registro 449663-5 y el n\u00famero de Mersis 0781104214000001, con sede en \u015eerifali Mah. Miras Sok. \u00c7ankaya [&hellip;]<\/p>\n","protected":false},"author":1,"featured_media":0,"parent":0,"menu_order":0,"comment_status":"closed","ping_status":"closed","template":"elementor_header_footer","meta":{"footnotes":""},"class_list":["post-5847","page","type-page","status-publish","hentry"],"_links":{"self":[{"href":"https:\/\/dentgen.clinic\/es\/wp-json\/wp\/v2\/pages\/5847","targetHints":{"allow":["GET"]}}],"collection":[{"href":"https:\/\/dentgen.clinic\/es\/wp-json\/wp\/v2\/pages"}],"about":[{"href":"https:\/\/dentgen.clinic\/es\/wp-json\/wp\/v2\/types\/page"}],"author":[{"embeddable":true,"href":"https:\/\/dentgen.clinic\/es\/wp-json\/wp\/v2\/users\/1"}],"replies":[{"embeddable":true,"href":"https:\/\/dentgen.clinic\/es\/wp-json\/wp\/v2\/comments?post=5847"}],"version-history":[{"count":0,"href":"https:\/\/dentgen.clinic\/es\/wp-json\/wp\/v2\/pages\/5847\/revisions"}],"wp:attachment":[{"href":"https:\/\/dentgen.clinic\/es\/wp-json\/wp\/v2\/media?parent=5847"}],"curies":[{"name":"wp","href":"https:\/\/api.w.org\/{rel}","templated":true}]}}