{"id":16270,"date":"2025-02-17T19:55:20","date_gmt":"2025-02-17T16:55:20","guid":{"rendered":"https:\/\/dentgen.clinic\/dt-burak-yilmaz\/"},"modified":"2025-03-26T14:06:34","modified_gmt":"2025-03-26T11:06:34","slug":"dt-burak-yilmaz","status":"publish","type":"page","link":"https:\/\/dentgen.clinic\/fr\/dentistes\/dt-burak-yilmaz\/","title":{"rendered":"Dt. Burak Y\u0131lmaz"},"content":{"rendered":"\t\t<div data-elementor-type=\"wp-page\" data-elementor-id=\"16270\" class=\"elementor elementor-16270 elementor-13782\" data-elementor-post-type=\"page\">\n\t\t\t\t<div class=\"elementor-element elementor-element-3bb41793 e-con-full e-flex e-con e-parent\" data-id=\"3bb41793\" data-element_type=\"container\" data-settings=\"{&quot;background_background&quot;:&quot;classic&quot;,&quot;shape_divider_bottom&quot;:&quot;waves&quot;}\">\n\t\t\t\t<div class=\"elementor-shape elementor-shape-bottom\" aria-hidden=\"true\" data-negative=\"false\">\n\t\t\t<svg xmlns=\"http:\/\/www.w3.org\/2000\/svg\" viewBox=\"0 0 1000 100\" preserveAspectRatio=\"none\">\n\t<path class=\"elementor-shape-fill\" d=\"M421.9,6.5c22.6-2.5,51.5,0.4,75.5,5.3c23.6,4.9,70.9,23.5,100.5,35.7c75.8,32.2,133.7,44.5,192.6,49.7\n\tc23.6,2.1,48.7,3.5,103.4-2.5c54.7-6,106.2-25.6,106.2-25.6V0H0v30.3c0,0,72,32.6,158.4,30.5c39.2-0.7,92.8-6.7,134-22.4\n\tc21.2-8.1,52.2-18.2,79.7-24.2C399.3,7.9,411.6,7.5,421.9,6.5z\"\/>\n<\/svg>\t\t<\/div>\n\t\t\t\t<div class=\"elementor-element elementor-element-4674f152 elementor-invisible elementor-widget elementor-widget-heading\" data-id=\"4674f152\" data-element_type=\"widget\" data-settings=\"{&quot;_animation&quot;:&quot;fadeIn&quot;}\" data-widget_type=\"heading.default\">\n\t\t\t\t<div class=\"elementor-widget-container\">\n\t\t\t\t\t<span class=\"elementor-heading-title elementor-size-default\">Dt. Burak Y\u0131lmaz <\/span>\t\t\t\t<\/div>\n\t\t\t\t<\/div>\n\t\t\t\t<\/div>\n\t\t<div class=\"elementor-element elementor-element-45b1b46c e-con-full e-flex e-con e-parent\" data-id=\"45b1b46c\" data-element_type=\"container\" data-settings=\"{&quot;background_background&quot;:&quot;classic&quot;}\">\n\t\t<div class=\"elementor-element elementor-element-7c357568 e-con-full e-flex e-con e-child\" data-id=\"7c357568\" data-element_type=\"container\">\n\t\t\t\t<div class=\"elementor-element elementor-element-7990810f elementor-widget__width-initial elementor-widget elementor-widget-heading\" data-id=\"7990810f\" data-element_type=\"widget\" data-widget_type=\"heading.default\">\n\t\t\t\t<div class=\"elementor-widget-container\">\n\t\t\t\t\t<h2 class=\"elementor-heading-title elementor-size-default\">Dt. Burak Y\u0131lmaz <\/h2>\t\t\t\t<\/div>\n\t\t\t\t<\/div>\n\t\t\t\t<div class=\"elementor-element elementor-element-600be71b elementor-invisible elementor-widget elementor-widget-text-editor\" data-id=\"600be71b\" data-element_type=\"widget\" data-settings=\"{&quot;_animation&quot;:&quot;fadeIn&quot;,&quot;_animation_delay&quot;:200}\" data-widget_type=\"text-editor.default\">\n\t\t\t\t<div class=\"elementor-widget-container\">\n\t\t\t\t\t\t\t\t\t<div class=\"flex flex-grow flex-col max-w-full\">\n<div class=\"min-h-[20px] text-message flex flex-col items-start whitespace-pre-wrap break-words [.text-message+&amp;]:mt-5 juice:w-full juice:items-end overflow-x-auto gap-2\" dir=\"auto\" data-message-author-role=\"assistant\" data-message-id=\"169c136f-2d49-4e82-9b2a-48c9dadcd18f\">\n<div class=\"flex w-full flex-col gap-1 juice:empty:hidden juice:first:pt-[3px]\">\n<div class=\"markdown prose w-full break-words dark:prose-invert light\">\n<div class=\"flex flex-grow flex-col max-w-full\">\n<div class=\"min-h-[20px] text-message flex flex-col items-start whitespace-pre-wrap break-words [.text-message+&amp;]:mt-5 juice:w-full juice:items-end overflow-x-auto gap-2\" dir=\"auto\" data-message-author-role=\"assistant\" data-message-id=\"169c136f-2d49-4e82-9b2a-48c9dadcd18f\">\n<div class=\"flex w-full flex-col gap-1 juice:empty:hidden juice:first:pt-[3px]\">\n<div class=\"markdown prose w-full break-words dark:prose-invert light\">\n<p data-start=\"50\" data-end=\"332\">Burak Y\u0131lmaz est n\u00e9 en 1998 \u00e0 Bursa et a termin\u00e9 ses \u00e9tudes secondaires au Lyc\u00e9e Scientifique d&rsquo;Ere\u011fli. Il a \u00e9t\u00e9 dipl\u00f4m\u00e9 de la Facult\u00e9 de M\u00e9decine Dentaire de l&rsquo;Universit\u00e9 Eski\u015fehir Osmangazi. Depuis 2021, il fournit divers traitements dentaires dans des cliniques priv\u00e9es.  <\/p>\n<\/div>\n<\/div>\n<\/div>\n<\/div>\n<\/div>\n<\/div>\n<\/div>\n<\/div>\n\t\t\t\t\t\t\t\t<\/div>\n\t\t\t\t<\/div>\n\t\t\t\t<div class=\"elementor-element elementor-element-45e8d990 elementor-align-center elementor-invisible elementor-widget elementor-widget-button\" data-id=\"45e8d990\" data-element_type=\"widget\" data-settings=\"{&quot;_animation&quot;:&quot;fadeIn&quot;,&quot;_animation_delay&quot;:400}\" data-widget_type=\"button.default\">\n\t\t\t\t<div class=\"elementor-widget-container\">\n\t\t\t\t\t\t\t\t\t<div class=\"elementor-button-wrapper\">\n\t\t\t\t\t<a class=\"elementor-button elementor-button-link elementor-size-sm\" href=\"#name\">\n\t\t\t\t\t\t<span class=\"elementor-button-content-wrapper\">\n\t\t\t\t\t\t<span class=\"elementor-button-icon\">\n\t\t\t\t<svg aria-hidden=\"true\" class=\"e-font-icon-svg e-fas-arrow-alt-circle-down\" viewBox=\"0 0 512 512\" xmlns=\"http:\/\/www.w3.org\/2000\/svg\"><path d=\"M504 256c0 137-111 248-248 248S8 393 8 256 119 8 256 8s248 111 248 248zM212 140v116h-70.9c-10.7 0-16.1 13-8.5 20.5l114.9 114.3c4.7 4.7 12.2 4.7 16.9 0l114.9-114.3c7.6-7.6 2.2-20.5-8.5-20.5H300V140c0-6.6-5.4-12-12-12h-64c-6.6 0-12 5.4-12 12z\"><\/path><\/svg>\t\t\t<\/span>\n\t\t\t\t\t\t\t\t\t<span class=\"elementor-button-text\">CV de r\u00e9vision<\/span>\n\t\t\t\t\t<\/span>\n\t\t\t\t\t<\/a>\n\t\t\t\t<\/div>\n\t\t\t\t\t\t\t\t<\/div>\n\t\t\t\t<\/div>\n\t\t\t\t<\/div>\n\t\t<div class=\"elementor-element elementor-element-743123aa e-con-full e-flex e-con e-child\" data-id=\"743123aa\" data-element_type=\"container\" data-settings=\"{&quot;background_background&quot;:&quot;classic&quot;}\">\n\t\t\t\t<div class=\"elementor-element elementor-element-45884666 elementor-invisible elementor-widget elementor-widget-image\" data-id=\"45884666\" data-element_type=\"widget\" data-settings=\"{&quot;_animation&quot;:&quot;zoomIn&quot;}\" data-widget_type=\"image.default\">\n\t\t\t\t<div class=\"elementor-widget-container\">\n\t\t\t\t\t\t\t\t\t\t\t\t\t\t\t<img fetchpriority=\"high\" decoding=\"async\" width=\"1707\" height=\"2560\" src=\"https:\/\/dentgen.clinic\/wp-content\/uploads\/2025\/02\/DT.-BURAK-YILMAZ-KAVAKLIDERE-VE-BEYTEPE-scaled.jpg\" class=\"attachment-full size-full wp-image-14413\" alt=\"\" srcset=\"https:\/\/dentgen.clinic\/wp-content\/uploads\/2025\/02\/DT.-BURAK-YILMAZ-KAVAKLIDERE-VE-BEYTEPE-scaled.jpg 1707w, https:\/\/dentgen.clinic\/wp-content\/uploads\/2025\/02\/DT.-BURAK-YILMAZ-KAVAKLIDERE-VE-BEYTEPE-200x300.jpg 200w, https:\/\/dentgen.clinic\/wp-content\/uploads\/2025\/02\/DT.-BURAK-YILMAZ-KAVAKLIDERE-VE-BEYTEPE-683x1024.jpg 683w, https:\/\/dentgen.clinic\/wp-content\/uploads\/2025\/02\/DT.-BURAK-YILMAZ-KAVAKLIDERE-VE-BEYTEPE-768x1152.jpg 768w, https:\/\/dentgen.clinic\/wp-content\/uploads\/2025\/02\/DT.-BURAK-YILMAZ-KAVAKLIDERE-VE-BEYTEPE-1024x1536.jpg 1024w, https:\/\/dentgen.clinic\/wp-content\/uploads\/2025\/02\/DT.-BURAK-YILMAZ-KAVAKLIDERE-VE-BEYTEPE-1365x2048.jpg 1365w\" sizes=\"(max-width: 1707px) 100vw, 1707px\" \/>\t\t\t\t\t\t\t\t\t\t\t\t\t\t\t<\/div>\n\t\t\t\t<\/div>\n\t\t\t\t<\/div>\n\t\t\t\t<\/div>\n\t\t<div class=\"elementor-element elementor-element-51322a4 e-con-full e-flex e-con e-child\" data-id=\"51322a4\" data-element_type=\"container\" id=\"name\" data-settings=\"{&quot;background_background&quot;:&quot;classic&quot;,&quot;shape_divider_bottom&quot;:&quot;waves&quot;,&quot;shape_divider_top&quot;:&quot;waves&quot;}\">\n\t\t\t\t<div class=\"elementor-shape elementor-shape-top\" aria-hidden=\"true\" data-negative=\"false\">\n\t\t\t<svg xmlns=\"http:\/\/www.w3.org\/2000\/svg\" viewBox=\"0 0 1000 100\" preserveAspectRatio=\"none\">\n\t<path class=\"elementor-shape-fill\" d=\"M421.9,6.5c22.6-2.5,51.5,0.4,75.5,5.3c23.6,4.9,70.9,23.5,100.5,35.7c75.8,32.2,133.7,44.5,192.6,49.7\n\tc23.6,2.1,48.7,3.5,103.4-2.5c54.7-6,106.2-25.6,106.2-25.6V0H0v30.3c0,0,72,32.6,158.4,30.5c39.2-0.7,92.8-6.7,134-22.4\n\tc21.2-8.1,52.2-18.2,79.7-24.2C399.3,7.9,411.6,7.5,421.9,6.5z\"\/>\n<\/svg>\t\t<\/div>\n\t\t\t\t<div class=\"elementor-shape elementor-shape-bottom\" aria-hidden=\"true\" data-negative=\"false\">\n\t\t\t<svg xmlns=\"http:\/\/www.w3.org\/2000\/svg\" viewBox=\"0 0 1000 100\" preserveAspectRatio=\"none\">\n\t<path class=\"elementor-shape-fill\" d=\"M421.9,6.5c22.6-2.5,51.5,0.4,75.5,5.3c23.6,4.9,70.9,23.5,100.5,35.7c75.8,32.2,133.7,44.5,192.6,49.7\n\tc23.6,2.1,48.7,3.5,103.4-2.5c54.7-6,106.2-25.6,106.2-25.6V0H0v30.3c0,0,72,32.6,158.4,30.5c39.2-0.7,92.8-6.7,134-22.4\n\tc21.2-8.1,52.2-18.2,79.7-24.2C399.3,7.9,411.6,7.5,421.9,6.5z\"\/>\n<\/svg>\t\t<\/div>\n\t\t\t\t<div class=\"elementor-element elementor-element-1b9937e elementor-widget__width-initial elementor-widget elementor-widget-text-editor\" data-id=\"1b9937e\" data-element_type=\"widget\" data-widget_type=\"text-editor.default\">\n\t\t\t\t<div class=\"elementor-widget-container\">\n\t\t\t\t\t\t\t\t\t<table border=\"1\" width=\"100%\" cellspacing=\"0\" cellpadding=\"4\">\n<tbody>\n<tr valign=\"TOP\">\n<td width=\"50%\"><strong>Nom<\/strong><\/td>\n<td width=\"50%\"><strong>Dt. Burak Y\u0131lmaz <\/strong><\/td>\n<\/tr>\n<tr valign=\"TOP\">\n<td width=\"50%\">Sp\u00e9cialisation<\/td>\n<p>: <\/p>\n<td width=\"50%\">M\u00e9decin G\u00e9n\u00e9raliste<\/td>\n<\/tr>\n<tr valign=\"TOP\">\n<td width=\"50%\"><strong>Int\u00e9r\u00eats professionnels<\/strong><\/td>\n<td width=\"50%\">\n<ul>\n<li data-start=\"381\" data-end=\"401\"><strong data-start=\"383\" data-end=\"399\">Conception du Sourire<\/strong><\/li>\n<li data-start=\"402\" data-end=\"441\"><strong data-start=\"404\" data-end=\"439\">Restaurations en Zirconium-Emax-MDP<\/strong><\/li>\n<li data-start=\"442\" data-end=\"470\"><strong data-start=\"444\" data-end=\"468\">Traitement Endodontique<\/strong><\/li>\n<li data-start=\"471\" data-end=\"494\"><strong data-start=\"473\" data-end=\"492\">Plombages Dentaires<\/strong><\/li>\n<li data-start=\"495\" data-end=\"519\"><strong data-start=\"497\" data-end=\"517\">Extraction dentaire<\/strong><\/li>\n<li data-start=\"520\" data-end=\"553\"><strong data-start=\"522\" data-end=\"551\">Extraction d&rsquo;une dent incluse<\/strong><\/li>\n<li data-start=\"554\" data-end=\"590\"><strong data-start=\"556\" data-end=\"588\">Plombages Esth\u00e9tiques en Composite<\/strong><\/li>\n<li data-start=\"591\" data-end=\"626\"><strong data-start=\"593\" data-end=\"624\">Blanchiment des dents (Bleaching)<\/strong><\/li>\n<li data-start=\"627\" data-end=\"658\"><strong data-start=\"629\" data-end=\"656\">Applications de Pivot en Fibre<\/strong><\/li>\n<li data-start=\"659\" data-end=\"700\"><strong data-start=\"661\" data-end=\"698\">Retraitement du Traitement Endodontique<\/strong><\/li>\n<li data-start=\"701\" data-end=\"731\"><strong data-start=\"703\" data-end=\"729\">Apexification avec MTA<\/strong><\/li>\n<li data-start=\"732\" data-end=\"750\"><strong data-start=\"734\" data-end=\"748\">Kystectomie<\/strong><\/li>\n<li data-start=\"751\" data-end=\"771\"><strong data-start=\"753\" data-end=\"769\">Implantologie<\/strong><\/li>\n<li data-start=\"772\" data-end=\"818\"><strong data-start=\"774\" data-end=\"816\">Proc\u00e9dures de Sinus Lift Ferm\u00e9 et Ouvert<\/strong><\/li>\n<li data-start=\"819\" data-end=\"875\"><strong data-start=\"821\" data-end=\"873\">Gestion des Dents Incluses au Niveau Maxillaire et Mandibulaire<\/strong><\/li>\n<li data-start=\"876\" data-end=\"908\"><strong data-start=\"878\" data-end=\"906\">Proc\u00e9dures de Greffe Osseuse<\/strong><\/li>\n<li data-start=\"909\" data-end=\"964\"><strong data-start=\"911\" data-end=\"962\">Proth\u00e8ses Fixes et Amovibles Support\u00e9es par Implants<\/strong><\/li>\n<\/ul>\n<\/td>\n<\/tr>\n<tr valign=\"TOP\">\n<td width=\"50%\"><strong>L&rsquo;\u00e9ducation<\/strong><\/td>\n<td width=\"50%\">\n<ul>\n<li><strong>Universit\u00e9 Eski\u015fehir Osmangazi, Facult\u00e9 de M\u00e9decine Dentaire<\/strong><\/li>\n<\/ul>\n<\/td>\n<\/tr>\n<\/tbody>\n<\/table>\n\t\t\t\t\t\t\t\t<\/div>\n\t\t\t\t<\/div>\n\t\t\t\t<\/div>\n\t\t\t\t<\/div>\n\t\t","protected":false},"excerpt":{"rendered":"<p>Dt. Burak Y\u0131lmaz Dt. Burak Y\u0131lmaz Burak Y\u0131lmaz est n\u00e9 en 1998 \u00e0 Bursa et a termin\u00e9 ses \u00e9tudes secondaires au Lyc\u00e9e Scientifique d&rsquo;Ere\u011fli. Il a \u00e9t\u00e9 dipl\u00f4m\u00e9 de la Facult\u00e9 de M\u00e9decine Dentaire de l&rsquo;Universit\u00e9 Eski\u015fehir Osmangazi. Depuis 2021, il fournit divers traitements dentaires dans des cliniques priv\u00e9es. CV de r\u00e9vision Nom Dt. Burak [&hellip;]<\/p>\n","protected":false},"author":1,"featured_media":0,"parent":16486,"menu_order":0,"comment_status":"closed","ping_status":"closed","template":"elementor_header_footer","meta":{"footnotes":""},"class_list":["post-16270","page","type-page","status-publish","hentry"],"_links":{"self":[{"href":"https:\/\/dentgen.clinic\/fr\/wp-json\/wp\/v2\/pages\/16270","targetHints":{"allow":["GET"]}}],"collection":[{"href":"https:\/\/dentgen.clinic\/fr\/wp-json\/wp\/v2\/pages"}],"about":[{"href":"https:\/\/dentgen.clinic\/fr\/wp-json\/wp\/v2\/types\/page"}],"author":[{"embeddable":true,"href":"https:\/\/dentgen.clinic\/fr\/wp-json\/wp\/v2\/users\/1"}],"replies":[{"embeddable":true,"href":"https:\/\/dentgen.clinic\/fr\/wp-json\/wp\/v2\/comments?post=16270"}],"version-history":[{"count":0,"href":"https:\/\/dentgen.clinic\/fr\/wp-json\/wp\/v2\/pages\/16270\/revisions"}],"up":[{"embeddable":true,"href":"https:\/\/dentgen.clinic\/fr\/wp-json\/wp\/v2\/pages\/16486"}],"wp:attachment":[{"href":"https:\/\/dentgen.clinic\/fr\/wp-json\/wp\/v2\/media?parent=16270"}],"curies":[{"name":"wp","href":"https:\/\/api.w.org\/{rel}","templated":true}]}}