{"id":16307,"date":"2025-02-18T15:12:11","date_gmt":"2025-02-18T12:12:11","guid":{"rendered":"https:\/\/dentgen.clinic\/dt-onder-ozturk\/"},"modified":"2025-03-26T14:06:35","modified_gmt":"2025-03-26T11:06:35","slug":"dt-onder-ozturk","status":"publish","type":"page","link":"https:\/\/dentgen.clinic\/fr\/dentistes\/dt-onder-ozturk\/","title":{"rendered":"Dt. \u00d6nder \u00d6zt\u00fcrk"},"content":{"rendered":"\t\t<div data-elementor-type=\"wp-page\" data-elementor-id=\"16307\" class=\"elementor elementor-16307 elementor-14110\" data-elementor-post-type=\"page\">\n\t\t\t\t<div class=\"elementor-element elementor-element-3bb41793 e-con-full e-flex e-con e-parent\" data-id=\"3bb41793\" data-element_type=\"container\" data-settings=\"{&quot;background_background&quot;:&quot;classic&quot;,&quot;shape_divider_bottom&quot;:&quot;waves&quot;}\">\n\t\t\t\t<div class=\"elementor-shape elementor-shape-bottom\" aria-hidden=\"true\" data-negative=\"false\">\n\t\t\t<svg xmlns=\"http:\/\/www.w3.org\/2000\/svg\" viewBox=\"0 0 1000 100\" preserveAspectRatio=\"none\">\n\t<path class=\"elementor-shape-fill\" d=\"M421.9,6.5c22.6-2.5,51.5,0.4,75.5,5.3c23.6,4.9,70.9,23.5,100.5,35.7c75.8,32.2,133.7,44.5,192.6,49.7\n\tc23.6,2.1,48.7,3.5,103.4-2.5c54.7-6,106.2-25.6,106.2-25.6V0H0v30.3c0,0,72,32.6,158.4,30.5c39.2-0.7,92.8-6.7,134-22.4\n\tc21.2-8.1,52.2-18.2,79.7-24.2C399.3,7.9,411.6,7.5,421.9,6.5z\"\/>\n<\/svg>\t\t<\/div>\n\t\t\t\t<div class=\"elementor-element elementor-element-4674f152 elementor-invisible elementor-widget elementor-widget-heading\" data-id=\"4674f152\" data-element_type=\"widget\" data-settings=\"{&quot;_animation&quot;:&quot;fadeIn&quot;}\" data-widget_type=\"heading.default\">\n\t\t\t\t<div class=\"elementor-widget-container\">\n\t\t\t\t\t<span class=\"elementor-heading-title elementor-size-default\">Dt. \u00d6nder \u00d6zt\u00fcrk<\/span>\t\t\t\t<\/div>\n\t\t\t\t<\/div>\n\t\t\t\t<\/div>\n\t\t<div class=\"elementor-element elementor-element-45b1b46c e-con-full e-flex e-con e-parent\" data-id=\"45b1b46c\" data-element_type=\"container\" data-settings=\"{&quot;background_background&quot;:&quot;classic&quot;}\">\n\t\t<div class=\"elementor-element elementor-element-7c357568 e-con-full e-flex e-con e-child\" data-id=\"7c357568\" data-element_type=\"container\">\n\t\t\t\t<div class=\"elementor-element elementor-element-7990810f elementor-widget__width-initial elementor-widget elementor-widget-heading\" data-id=\"7990810f\" data-element_type=\"widget\" data-widget_type=\"heading.default\">\n\t\t\t\t<div class=\"elementor-widget-container\">\n\t\t\t\t\t<h2 class=\"elementor-heading-title elementor-size-default\">Dt. \u00d6nder \u00d6zt\u00fcrk<\/h2>\t\t\t\t<\/div>\n\t\t\t\t<\/div>\n\t\t\t\t<div class=\"elementor-element elementor-element-600be71b elementor-invisible elementor-widget elementor-widget-text-editor\" data-id=\"600be71b\" data-element_type=\"widget\" data-settings=\"{&quot;_animation&quot;:&quot;fadeIn&quot;,&quot;_animation_delay&quot;:200}\" data-widget_type=\"text-editor.default\">\n\t\t\t\t<div class=\"elementor-widget-container\">\n\t\t\t\t\t\t\t\t\t<p data-start=\"0\" data-end=\"409\"><strong>Le Dr \u00d6nder \u00d6zt\u00fcrk est n\u00e9 le 1er mars 1993 \u00e0 Ankara. Il a termin\u00e9 ses \u00e9tudes primaires, secondaires et lyc\u00e9ennes \u00e0 Ankara. Plus tard, il a \u00e9t\u00e9 dipl\u00f4m\u00e9 de la Facult\u00e9 de M\u00e9decine Dentaire de l&rsquo;Universit\u00e9 d&rsquo;Ankara en 2017 et, la m\u00eame ann\u00e9e, il a commenc\u00e9 sa formation sp\u00e9cialis\u00e9e en tant qu&rsquo;assistant de recherche au D\u00e9partement de Parodontologie de la Facult\u00e9 de M\u00e9decine Dentaire de l&rsquo;Universit\u00e9 d&rsquo;Ankara.  <\/strong><\/p>\n<p data-start=\"411\" data-end=\"688\" data-is-last-node=\"\"><strong>Il a commenc\u00e9 \u00e0 pratiquer les implants, les applications d&rsquo;implants imm\u00e9diats et les traitements proth\u00e9tiques soutenus par implants. En plus de la dentisterie esth\u00e9tique et des traitements implantaires, il s&rsquo;est r\u00e9cemment int\u00e9ress\u00e9 \u00e0 la dentisterie num\u00e9rique et continue de travailler dans ce domaine. <\/strong><\/p>\n\t\t\t\t\t\t\t\t<\/div>\n\t\t\t\t<\/div>\n\t\t\t\t<div class=\"elementor-element elementor-element-45e8d990 elementor-align-center elementor-invisible elementor-widget elementor-widget-button\" data-id=\"45e8d990\" data-element_type=\"widget\" data-settings=\"{&quot;_animation&quot;:&quot;fadeIn&quot;,&quot;_animation_delay&quot;:400}\" data-widget_type=\"button.default\">\n\t\t\t\t<div class=\"elementor-widget-container\">\n\t\t\t\t\t\t\t\t\t<div class=\"elementor-button-wrapper\">\n\t\t\t\t\t<a class=\"elementor-button elementor-button-link elementor-size-sm\" href=\"#name\">\n\t\t\t\t\t\t<span class=\"elementor-button-content-wrapper\">\n\t\t\t\t\t\t<span class=\"elementor-button-icon\">\n\t\t\t\t<svg aria-hidden=\"true\" class=\"e-font-icon-svg e-fas-arrow-alt-circle-down\" viewBox=\"0 0 512 512\" xmlns=\"http:\/\/www.w3.org\/2000\/svg\"><path d=\"M504 256c0 137-111 248-248 248S8 393 8 256 119 8 256 8s248 111 248 248zM212 140v116h-70.9c-10.7 0-16.1 13-8.5 20.5l114.9 114.3c4.7 4.7 12.2 4.7 16.9 0l114.9-114.3c7.6-7.6 2.2-20.5-8.5-20.5H300V140c0-6.6-5.4-12-12-12h-64c-6.6 0-12 5.4-12 12z\"><\/path><\/svg>\t\t\t<\/span>\n\t\t\t\t\t\t\t\t\t<span class=\"elementor-button-text\">CV de r\u00e9vision<\/span>\n\t\t\t\t\t<\/span>\n\t\t\t\t\t<\/a>\n\t\t\t\t<\/div>\n\t\t\t\t\t\t\t\t<\/div>\n\t\t\t\t<\/div>\n\t\t\t\t<\/div>\n\t\t<div class=\"elementor-element elementor-element-743123aa e-con-full e-flex e-con e-child\" data-id=\"743123aa\" data-element_type=\"container\" data-settings=\"{&quot;background_background&quot;:&quot;classic&quot;}\">\n\t\t\t\t<div class=\"elementor-element elementor-element-45884666 elementor-invisible elementor-widget elementor-widget-image\" data-id=\"45884666\" data-element_type=\"widget\" data-settings=\"{&quot;_animation&quot;:&quot;zoomIn&quot;}\" data-widget_type=\"image.default\">\n\t\t\t\t<div class=\"elementor-widget-container\">\n\t\t\t\t\t\t\t\t\t\t\t\t\t\t\t<img fetchpriority=\"high\" decoding=\"async\" width=\"1707\" height=\"2560\" src=\"https:\/\/dentgen.clinic\/wp-content\/uploads\/2025\/02\/KURUCU-HEKIM-DT.ONDER-OZTURK-KAVAKLIDERE-scaled.jpg\" class=\"attachment-full size-full wp-image-14443\" alt=\"\" srcset=\"https:\/\/dentgen.clinic\/wp-content\/uploads\/2025\/02\/KURUCU-HEKIM-DT.ONDER-OZTURK-KAVAKLIDERE-scaled.jpg 1707w, https:\/\/dentgen.clinic\/wp-content\/uploads\/2025\/02\/KURUCU-HEKIM-DT.ONDER-OZTURK-KAVAKLIDERE-200x300.jpg 200w, https:\/\/dentgen.clinic\/wp-content\/uploads\/2025\/02\/KURUCU-HEKIM-DT.ONDER-OZTURK-KAVAKLIDERE-683x1024.jpg 683w, https:\/\/dentgen.clinic\/wp-content\/uploads\/2025\/02\/KURUCU-HEKIM-DT.ONDER-OZTURK-KAVAKLIDERE-768x1152.jpg 768w, https:\/\/dentgen.clinic\/wp-content\/uploads\/2025\/02\/KURUCU-HEKIM-DT.ONDER-OZTURK-KAVAKLIDERE-1024x1536.jpg 1024w, https:\/\/dentgen.clinic\/wp-content\/uploads\/2025\/02\/KURUCU-HEKIM-DT.ONDER-OZTURK-KAVAKLIDERE-1365x2048.jpg 1365w\" sizes=\"(max-width: 1707px) 100vw, 1707px\" \/>\t\t\t\t\t\t\t\t\t\t\t\t\t\t\t<\/div>\n\t\t\t\t<\/div>\n\t\t\t\t<\/div>\n\t\t\t\t<\/div>\n\t\t<div class=\"elementor-element elementor-element-51322a4 e-con-full e-flex e-con e-child\" data-id=\"51322a4\" data-element_type=\"container\" id=\"name\" data-settings=\"{&quot;background_background&quot;:&quot;classic&quot;,&quot;shape_divider_bottom&quot;:&quot;waves&quot;,&quot;shape_divider_top&quot;:&quot;waves&quot;}\">\n\t\t\t\t<div class=\"elementor-shape elementor-shape-top\" aria-hidden=\"true\" data-negative=\"false\">\n\t\t\t<svg xmlns=\"http:\/\/www.w3.org\/2000\/svg\" viewBox=\"0 0 1000 100\" preserveAspectRatio=\"none\">\n\t<path class=\"elementor-shape-fill\" d=\"M421.9,6.5c22.6-2.5,51.5,0.4,75.5,5.3c23.6,4.9,70.9,23.5,100.5,35.7c75.8,32.2,133.7,44.5,192.6,49.7\n\tc23.6,2.1,48.7,3.5,103.4-2.5c54.7-6,106.2-25.6,106.2-25.6V0H0v30.3c0,0,72,32.6,158.4,30.5c39.2-0.7,92.8-6.7,134-22.4\n\tc21.2-8.1,52.2-18.2,79.7-24.2C399.3,7.9,411.6,7.5,421.9,6.5z\"\/>\n<\/svg>\t\t<\/div>\n\t\t\t\t<div class=\"elementor-shape elementor-shape-bottom\" aria-hidden=\"true\" data-negative=\"false\">\n\t\t\t<svg xmlns=\"http:\/\/www.w3.org\/2000\/svg\" viewBox=\"0 0 1000 100\" preserveAspectRatio=\"none\">\n\t<path class=\"elementor-shape-fill\" d=\"M421.9,6.5c22.6-2.5,51.5,0.4,75.5,5.3c23.6,4.9,70.9,23.5,100.5,35.7c75.8,32.2,133.7,44.5,192.6,49.7\n\tc23.6,2.1,48.7,3.5,103.4-2.5c54.7-6,106.2-25.6,106.2-25.6V0H0v30.3c0,0,72,32.6,158.4,30.5c39.2-0.7,92.8-6.7,134-22.4\n\tc21.2-8.1,52.2-18.2,79.7-24.2C399.3,7.9,411.6,7.5,421.9,6.5z\"\/>\n<\/svg>\t\t<\/div>\n\t\t\t\t<div class=\"elementor-element elementor-element-1b9937e elementor-widget__width-initial elementor-widget elementor-widget-text-editor\" data-id=\"1b9937e\" data-element_type=\"widget\" data-widget_type=\"text-editor.default\">\n\t\t\t\t<div class=\"elementor-widget-container\">\n\t\t\t\t\t\t\t\t\t<\/p>\n<table border=\"1\" width=\"100%\" cellspacing=\"0\" cellpadding=\"4\">\n<tbody>\n<tr valign=\"TOP\">\n<td width=\"50%\"><strong>Nom<\/strong><\/td>\n<td width=\"50%\"><strong>Dt. \u00d6nder \u00d6zt\u00fcrk<\/strong><\/td>\n<\/tr>\n<tr valign=\"TOP\">\n<td width=\"50%\"><strong>Sp\u00e9cialisation:<\/strong><\/td>\n<td width=\"50%\"><strong>Parodontologie<\/strong><\/td>\n<\/tr>\n<tr valign=\"TOP\">\n<td width=\"50%\"><strong>Int\u00e9r\u00eats professionnels<\/strong><\/td>\n<td width=\"50%\">\n<ul>\n<li><b>Implantation<\/b><\/li>\n<\/ul>\n<ul>\n<li><strong>Applications d&rsquo;implants imm\u00e9diats<\/strong><\/li>\n<\/ul>\n<ul>\n<li><strong>Traitements proth\u00e9tiques soutenus par implants<\/strong><\/li>\n<\/ul>\n<ul>\n<li><strong>Dentisterie num\u00e9rique<\/strong><\/li>\n<\/ul>\n<ul>\n<li><strong>Dentisterie esth\u00e9tique<\/strong><\/li>\n<\/ul>\n<\/td>\n<\/tr>\n<tr valign=\"TOP\">\n<td width=\"50%\"><strong>L&rsquo;\u00e9ducation<\/strong><\/td>\n<td width=\"50%\">\n<ul>\n<li><strong>Universit\u00e9 d&rsquo;Ankara, Facult\u00e9 de M\u00e9decine Dentaire<\/strong><\/li>\n<li><strong>Universit\u00e9 d&rsquo;Ankara, Facult\u00e9 de M\u00e9decine Dentaire &#8211; Parodontologie <\/strong><\/li>\n<\/ul>\n<\/td>\n<\/tr>\n<\/tbody>\n<\/table>\n\t\t\t\t\t\t\t\t<\/div>\n\t\t\t\t<\/div>\n\t\t\t\t<\/div>\n\t\t\t\t<\/div>\n\t\t","protected":false},"excerpt":{"rendered":"<p>Dt. \u00d6nder \u00d6zt\u00fcrk Dt. \u00d6nder \u00d6zt\u00fcrk Le Dr \u00d6nder \u00d6zt\u00fcrk est n\u00e9 le 1er mars 1993 \u00e0 Ankara. Il a termin\u00e9 ses \u00e9tudes primaires, secondaires et lyc\u00e9ennes \u00e0 Ankara. Plus tard, il a \u00e9t\u00e9 dipl\u00f4m\u00e9 de la Facult\u00e9 de M\u00e9decine Dentaire de l&rsquo;Universit\u00e9 d&rsquo;Ankara en 2017 et, la m\u00eame ann\u00e9e, il a commenc\u00e9 sa formation [&hellip;]<\/p>\n","protected":false},"author":1,"featured_media":0,"parent":16486,"menu_order":0,"comment_status":"closed","ping_status":"closed","template":"elementor_header_footer","meta":{"footnotes":""},"class_list":["post-16307","page","type-page","status-publish","hentry"],"_links":{"self":[{"href":"https:\/\/dentgen.clinic\/fr\/wp-json\/wp\/v2\/pages\/16307","targetHints":{"allow":["GET"]}}],"collection":[{"href":"https:\/\/dentgen.clinic\/fr\/wp-json\/wp\/v2\/pages"}],"about":[{"href":"https:\/\/dentgen.clinic\/fr\/wp-json\/wp\/v2\/types\/page"}],"author":[{"embeddable":true,"href":"https:\/\/dentgen.clinic\/fr\/wp-json\/wp\/v2\/users\/1"}],"replies":[{"embeddable":true,"href":"https:\/\/dentgen.clinic\/fr\/wp-json\/wp\/v2\/comments?post=16307"}],"version-history":[{"count":0,"href":"https:\/\/dentgen.clinic\/fr\/wp-json\/wp\/v2\/pages\/16307\/revisions"}],"up":[{"embeddable":true,"href":"https:\/\/dentgen.clinic\/fr\/wp-json\/wp\/v2\/pages\/16486"}],"wp:attachment":[{"href":"https:\/\/dentgen.clinic\/fr\/wp-json\/wp\/v2\/media?parent=16307"}],"curies":[{"name":"wp","href":"https:\/\/api.w.org\/{rel}","templated":true}]}}