{"id":3348,"date":"2024-05-29T11:02:30","date_gmt":"2024-05-29T08:02:30","guid":{"rendered":"https:\/\/dentgen.clinic\/traitements\/"},"modified":"2025-06-03T19:01:32","modified_gmt":"2025-06-03T16:01:32","slug":"traitements","status":"publish","type":"page","link":"https:\/\/dentgen.clinic\/fr\/traitements\/","title":{"rendered":"Traitements"},"content":{"rendered":"\t\t<div data-elementor-type=\"wp-page\" data-elementor-id=\"3348\" class=\"elementor elementor-3348 elementor-59\" data-elementor-post-type=\"page\">\n\t\t\t\t<div class=\"elementor-element elementor-element-3bb41793 e-con-full e-flex e-con e-parent\" data-id=\"3bb41793\" data-element_type=\"container\" data-settings=\"{&quot;background_background&quot;:&quot;classic&quot;,&quot;shape_divider_bottom&quot;:&quot;waves&quot;}\">\n\t\t\t\t<div class=\"elementor-shape elementor-shape-bottom\" aria-hidden=\"true\" data-negative=\"false\">\n\t\t\t<svg xmlns=\"http:\/\/www.w3.org\/2000\/svg\" viewBox=\"0 0 1000 100\" preserveAspectRatio=\"none\">\n\t<path class=\"elementor-shape-fill\" d=\"M421.9,6.5c22.6-2.5,51.5,0.4,75.5,5.3c23.6,4.9,70.9,23.5,100.5,35.7c75.8,32.2,133.7,44.5,192.6,49.7\n\tc23.6,2.1,48.7,3.5,103.4-2.5c54.7-6,106.2-25.6,106.2-25.6V0H0v30.3c0,0,72,32.6,158.4,30.5c39.2-0.7,92.8-6.7,134-22.4\n\tc21.2-8.1,52.2-18.2,79.7-24.2C399.3,7.9,411.6,7.5,421.9,6.5z\"\/>\n<\/svg>\t\t<\/div>\n\t\t\t\t<div class=\"elementor-element elementor-element-4674f152 elementor-invisible elementor-widget elementor-widget-heading\" data-id=\"4674f152\" data-element_type=\"widget\" data-settings=\"{&quot;_animation&quot;:&quot;fadeIn&quot;}\" data-widget_type=\"heading.default\">\n\t\t\t\t<div class=\"elementor-widget-container\">\n\t\t\t\t\t<h1 class=\"elementor-heading-title elementor-size-default\">Traitements<\/h1>\t\t\t\t<\/div>\n\t\t\t\t<\/div>\n\t\t\t\t<\/div>\n\t\t<div class=\"elementor-element elementor-element-2d137094 e-flex e-con-boxed e-con e-parent\" data-id=\"2d137094\" data-element_type=\"container\" data-settings=\"{&quot;background_background&quot;:&quot;classic&quot;}\">\n\t\t\t\t\t<div class=\"e-con-inner\">\n\t\t<div class=\"elementor-element elementor-element-3e3cdba3 e-con-full e-flex e-con e-child\" data-id=\"3e3cdba3\" data-element_type=\"container\">\n\t\t\t\t<div class=\"elementor-element elementor-element-3e3531af elementor-widget elementor-widget-heading\" data-id=\"3e3531af\" data-element_type=\"widget\" data-widget_type=\"heading.default\">\n\t\t\t\t<div class=\"elementor-widget-container\">\n\t\t\t\t\t<h2 class=\"elementor-heading-title elementor-size-default\">Implants dentaires<\/h2>\t\t\t\t<\/div>\n\t\t\t\t<\/div>\n\t\t\t\t<div class=\"elementor-element elementor-element-5e60caed elementor-widget elementor-widget-text-editor\" data-id=\"5e60caed\" data-element_type=\"widget\" data-widget_type=\"text-editor.default\">\n\t\t\t\t<div class=\"elementor-widget-container\">\n\t\t\t\t\t\t\t\t\t<p>Perdre une dent peut \u00eatre une exp\u00e9rience p\u00e9nible, ayant un impact non seulement sur votre confiance en vous, mais \u00e9galement sur votre sant\u00e9 bucco-dentaire. Heureusement, la dentisterie moderne offre une solution r\u00e9volutionnaire gr\u00e2ce aux implants dentaires, un traitement de pointe qui restaure \u00e0 la fois l\u2019esth\u00e9tique et la fonctionnalit\u00e9 de votre sourire. Plongeons dans le monde des implants dentaires et d\u00e9couvrons comment ils peuvent transformer votre parcours de sant\u00e9 dentaire.<\/p>\n\t\t\t\t\t\t\t\t<\/div>\n\t\t\t\t<\/div>\n\t\t\t\t<\/div>\n\t\t<div class=\"elementor-element elementor-element-120e57f3 e-con-full e-flex e-con e-child\" data-id=\"120e57f3\" data-element_type=\"container\">\n\t\t\t\t<div class=\"elementor-element elementor-element-20e02c42 elementor-widget elementor-widget-image\" data-id=\"20e02c42\" data-element_type=\"widget\" data-widget_type=\"image.default\">\n\t\t\t\t<div class=\"elementor-widget-container\">\n\t\t\t\t\t\t\t\t\t\t\t\t\t\t\t<img fetchpriority=\"high\" decoding=\"async\" width=\"800\" height=\"643\" src=\"https:\/\/dentgen.clinic\/wp-content\/uploads\/2024\/06\/dental-implant.jpg\" class=\"attachment-large size-large wp-image-3349\" alt=\"\" srcset=\"https:\/\/dentgen.clinic\/wp-content\/uploads\/2024\/06\/dental-implant.jpg 1000w, https:\/\/dentgen.clinic\/wp-content\/uploads\/2024\/06\/dental-implant-300x241.jpg 300w, https:\/\/dentgen.clinic\/wp-content\/uploads\/2024\/06\/dental-implant-768x617.jpg 768w\" sizes=\"(max-width: 800px) 100vw, 800px\" \/>\t\t\t\t\t\t\t\t\t\t\t\t\t\t\t<\/div>\n\t\t\t\t<\/div>\n\t\t\t\t<\/div>\n\t\t\t\t\t<\/div>\n\t\t\t\t<\/div>\n\t\t<div class=\"elementor-element elementor-element-443577a8 e-flex e-con-boxed e-con e-parent\" data-id=\"443577a8\" data-element_type=\"container\" data-settings=\"{&quot;background_background&quot;:&quot;classic&quot;,&quot;shape_divider_top&quot;:&quot;waves&quot;,&quot;shape_divider_bottom&quot;:&quot;waves&quot;}\">\n\t\t\t\t\t<div class=\"e-con-inner\">\n\t\t\t\t<div class=\"elementor-shape elementor-shape-top\" aria-hidden=\"true\" data-negative=\"false\">\n\t\t\t<svg xmlns=\"http:\/\/www.w3.org\/2000\/svg\" viewBox=\"0 0 1000 100\" preserveAspectRatio=\"none\">\n\t<path class=\"elementor-shape-fill\" d=\"M421.9,6.5c22.6-2.5,51.5,0.4,75.5,5.3c23.6,4.9,70.9,23.5,100.5,35.7c75.8,32.2,133.7,44.5,192.6,49.7\n\tc23.6,2.1,48.7,3.5,103.4-2.5c54.7-6,106.2-25.6,106.2-25.6V0H0v30.3c0,0,72,32.6,158.4,30.5c39.2-0.7,92.8-6.7,134-22.4\n\tc21.2-8.1,52.2-18.2,79.7-24.2C399.3,7.9,411.6,7.5,421.9,6.5z\"\/>\n<\/svg>\t\t<\/div>\n\t\t\t\t<div class=\"elementor-shape elementor-shape-bottom\" aria-hidden=\"true\" data-negative=\"false\">\n\t\t\t<svg xmlns=\"http:\/\/www.w3.org\/2000\/svg\" viewBox=\"0 0 1000 100\" preserveAspectRatio=\"none\">\n\t<path class=\"elementor-shape-fill\" d=\"M421.9,6.5c22.6-2.5,51.5,0.4,75.5,5.3c23.6,4.9,70.9,23.5,100.5,35.7c75.8,32.2,133.7,44.5,192.6,49.7\n\tc23.6,2.1,48.7,3.5,103.4-2.5c54.7-6,106.2-25.6,106.2-25.6V0H0v30.3c0,0,72,32.6,158.4,30.5c39.2-0.7,92.8-6.7,134-22.4\n\tc21.2-8.1,52.2-18.2,79.7-24.2C399.3,7.9,411.6,7.5,421.9,6.5z\"\/>\n<\/svg>\t\t<\/div>\n\t\t<div class=\"elementor-element elementor-element-55bda7d9 e-con-full e-flex e-con e-child\" data-id=\"55bda7d9\" data-element_type=\"container\">\n\t\t\t\t<div class=\"elementor-element elementor-element-2b142c67 elementor-widget elementor-widget-image\" data-id=\"2b142c67\" data-element_type=\"widget\" data-widget_type=\"image.default\">\n\t\t\t\t<div class=\"elementor-widget-container\">\n\t\t\t\t\t\t\t\t\t\t\t\t\t\t\t<img decoding=\"async\" width=\"800\" height=\"673\" src=\"https:\/\/dentgen.clinic\/wp-content\/uploads\/2024\/06\/dental-crown.jpg\" class=\"attachment-large size-large wp-image-3352\" alt=\"\" srcset=\"https:\/\/dentgen.clinic\/wp-content\/uploads\/2024\/06\/dental-crown.jpg 1000w, https:\/\/dentgen.clinic\/wp-content\/uploads\/2024\/06\/dental-crown-300x252.jpg 300w, https:\/\/dentgen.clinic\/wp-content\/uploads\/2024\/06\/dental-crown-768x646.jpg 768w\" sizes=\"(max-width: 800px) 100vw, 800px\" \/>\t\t\t\t\t\t\t\t\t\t\t\t\t\t\t<\/div>\n\t\t\t\t<\/div>\n\t\t\t\t<\/div>\n\t\t<div class=\"elementor-element elementor-element-36e70d0b e-con-full e-flex e-con e-child\" data-id=\"36e70d0b\" data-element_type=\"container\">\n\t\t\t\t<div class=\"elementor-element elementor-element-2aee5387 elementor-widget elementor-widget-heading\" data-id=\"2aee5387\" data-element_type=\"widget\" data-widget_type=\"heading.default\">\n\t\t\t\t<div class=\"elementor-widget-container\">\n\t\t\t\t\t<h2 class=\"elementor-heading-title elementor-size-default\">Couronnes dentaires<\/h2>\t\t\t\t<\/div>\n\t\t\t\t<\/div>\n\t\t\t\t<div class=\"elementor-element elementor-element-37503f83 elementor-widget elementor-widget-text-editor\" data-id=\"37503f83\" data-element_type=\"widget\" data-widget_type=\"text-editor.default\">\n\t\t\t\t<div class=\"elementor-widget-container\">\n\t\t\t\t\t\t\t\t\t<p>Un sourire confiant est le reflet du bonheur int\u00e9rieur et de la confiance en soi. Cependant, des probl\u00e8mes dentaires tels que la carie dentaire, les fractures ou la d\u00e9coloration peuvent diminuer la beaut\u00e9 et la fonctionnalit\u00e9 de vos dents. Heureusement, la dentisterie moderne offre une solution polyvalente gr\u00e2ce aux couronnes dentaires, un traitement transformateur qui rajeunit votre sourire et restaure la sant\u00e9 dentaire. Explorons le monde des couronnes dentaires et d\u00e9couvrons comment elles peuvent revitaliser votre esth\u00e9tique et votre fonction dentaire.<\/p>\n\t\t\t\t\t\t\t\t<\/div>\n\t\t\t\t<\/div>\n\t\t\t\t<\/div>\n\t\t\t\t\t<\/div>\n\t\t\t\t<\/div>\n\t\t<div class=\"elementor-element elementor-element-7c7b8b09 e-flex e-con-boxed e-con e-parent\" data-id=\"7c7b8b09\" data-element_type=\"container\" data-settings=\"{&quot;background_background&quot;:&quot;classic&quot;}\">\n\t\t\t\t\t<div class=\"e-con-inner\">\n\t\t<div class=\"elementor-element elementor-element-634498cc e-con-full e-flex e-con e-child\" data-id=\"634498cc\" data-element_type=\"container\">\n\t\t\t\t<div class=\"elementor-element elementor-element-49393d23 elementor-widget elementor-widget-heading\" data-id=\"49393d23\" data-element_type=\"widget\" data-widget_type=\"heading.default\">\n\t\t\t\t<div class=\"elementor-widget-container\">\n\t\t\t\t\t<h2 class=\"elementor-heading-title elementor-size-default\">Facettes dentaires<\/h2>\t\t\t\t<\/div>\n\t\t\t\t<\/div>\n\t\t\t\t<div class=\"elementor-element elementor-element-3e8e7371 elementor-widget elementor-widget-text-editor\" data-id=\"3e8e7371\" data-element_type=\"widget\" data-widget_type=\"text-editor.default\">\n\t\t\t\t<div class=\"elementor-widget-container\">\n\t\t\t\t\t\t\t\t\t<p>Les facettes dentaires sont des coques ultra fines, g\u00e9n\u00e9ralement fabriqu\u00e9es \u00e0 partir de porcelaine ou de r\u00e9sine composite, fabriqu\u00e9es sur mesure pour s&rsquo;adapter \u00e0 la surface avant de vos dents. Ces facettes sont m\u00e9ticuleusement con\u00e7ues pour correspondre \u00e0 la couleur, \u00e0 la forme et \u00e0 la taille de vos dents naturelles, cr\u00e9ant ainsi un sourire homog\u00e8ne et radieux. Les avantages des proth\u00e8ses dentaires chez DentGEN<\/p>\n\t\t\t\t\t\t\t\t<\/div>\n\t\t\t\t<\/div>\n\t\t\t\t<\/div>\n\t\t<div class=\"elementor-element elementor-element-1dfbcf8e e-con-full e-flex e-con e-child\" data-id=\"1dfbcf8e\" data-element_type=\"container\">\n\t\t\t\t<div class=\"elementor-element elementor-element-5df17e8 elementor-widget elementor-widget-image\" data-id=\"5df17e8\" data-element_type=\"widget\" data-widget_type=\"image.default\">\n\t\t\t\t<div class=\"elementor-widget-container\">\n\t\t\t\t\t\t\t\t\t\t\t\t\t\t\t<img decoding=\"async\" width=\"800\" height=\"534\" src=\"https:\/\/dentgen.clinic\/wp-content\/uploads\/2024\/06\/teeth-veneers.jpg\" class=\"attachment-large size-large wp-image-3350\" alt=\"\" srcset=\"https:\/\/dentgen.clinic\/wp-content\/uploads\/2024\/06\/teeth-veneers.jpg 1000w, https:\/\/dentgen.clinic\/wp-content\/uploads\/2024\/06\/teeth-veneers-300x200.jpg 300w, https:\/\/dentgen.clinic\/wp-content\/uploads\/2024\/06\/teeth-veneers-768x512.jpg 768w\" sizes=\"(max-width: 800px) 100vw, 800px\" \/>\t\t\t\t\t\t\t\t\t\t\t\t\t\t\t<\/div>\n\t\t\t\t<\/div>\n\t\t\t\t<\/div>\n\t\t\t\t\t<\/div>\n\t\t\t\t<\/div>\n\t\t<div class=\"elementor-element elementor-element-4715a1a2 e-flex e-con-boxed e-con e-parent\" data-id=\"4715a1a2\" data-element_type=\"container\" data-settings=\"{&quot;background_background&quot;:&quot;classic&quot;,&quot;shape_divider_top&quot;:&quot;waves&quot;,&quot;shape_divider_bottom&quot;:&quot;waves&quot;}\">\n\t\t\t\t\t<div class=\"e-con-inner\">\n\t\t\t\t<div class=\"elementor-shape elementor-shape-top\" aria-hidden=\"true\" data-negative=\"false\">\n\t\t\t<svg xmlns=\"http:\/\/www.w3.org\/2000\/svg\" viewBox=\"0 0 1000 100\" preserveAspectRatio=\"none\">\n\t<path class=\"elementor-shape-fill\" d=\"M421.9,6.5c22.6-2.5,51.5,0.4,75.5,5.3c23.6,4.9,70.9,23.5,100.5,35.7c75.8,32.2,133.7,44.5,192.6,49.7\n\tc23.6,2.1,48.7,3.5,103.4-2.5c54.7-6,106.2-25.6,106.2-25.6V0H0v30.3c0,0,72,32.6,158.4,30.5c39.2-0.7,92.8-6.7,134-22.4\n\tc21.2-8.1,52.2-18.2,79.7-24.2C399.3,7.9,411.6,7.5,421.9,6.5z\"\/>\n<\/svg>\t\t<\/div>\n\t\t\t\t<div class=\"elementor-shape elementor-shape-bottom\" aria-hidden=\"true\" data-negative=\"false\">\n\t\t\t<svg xmlns=\"http:\/\/www.w3.org\/2000\/svg\" viewBox=\"0 0 1000 100\" preserveAspectRatio=\"none\">\n\t<path class=\"elementor-shape-fill\" d=\"M421.9,6.5c22.6-2.5,51.5,0.4,75.5,5.3c23.6,4.9,70.9,23.5,100.5,35.7c75.8,32.2,133.7,44.5,192.6,49.7\n\tc23.6,2.1,48.7,3.5,103.4-2.5c54.7-6,106.2-25.6,106.2-25.6V0H0v30.3c0,0,72,32.6,158.4,30.5c39.2-0.7,92.8-6.7,134-22.4\n\tc21.2-8.1,52.2-18.2,79.7-24.2C399.3,7.9,411.6,7.5,421.9,6.5z\"\/>\n<\/svg>\t\t<\/div>\n\t\t<div class=\"elementor-element elementor-element-2325c394 e-con-full e-flex e-con e-child\" data-id=\"2325c394\" data-element_type=\"container\">\n\t\t\t\t<div class=\"elementor-element elementor-element-5ad9678c elementor-widget elementor-widget-image\" data-id=\"5ad9678c\" data-element_type=\"widget\" data-widget_type=\"image.default\">\n\t\t\t\t<div class=\"elementor-widget-container\">\n\t\t\t\t\t\t\t\t\t\t\t\t\t\t\t<img loading=\"lazy\" decoding=\"async\" width=\"800\" height=\"534\" src=\"https:\/\/dentgen.clinic\/wp-content\/uploads\/2024\/06\/hollywood-smile.jpg\" class=\"attachment-large size-large wp-image-3354\" alt=\"\" srcset=\"https:\/\/dentgen.clinic\/wp-content\/uploads\/2024\/06\/hollywood-smile.jpg 1000w, https:\/\/dentgen.clinic\/wp-content\/uploads\/2024\/06\/hollywood-smile-300x200.jpg 300w, https:\/\/dentgen.clinic\/wp-content\/uploads\/2024\/06\/hollywood-smile-768x512.jpg 768w\" sizes=\"(max-width: 800px) 100vw, 800px\" \/>\t\t\t\t\t\t\t\t\t\t\t\t\t\t\t<\/div>\n\t\t\t\t<\/div>\n\t\t\t\t<\/div>\n\t\t<div class=\"elementor-element elementor-element-4354a18 e-con-full e-flex e-con e-child\" data-id=\"4354a18\" data-element_type=\"container\">\n\t\t\t\t<div class=\"elementor-element elementor-element-54ba73ea elementor-widget elementor-widget-heading\" data-id=\"54ba73ea\" data-element_type=\"widget\" data-widget_type=\"heading.default\">\n\t\t\t\t<div class=\"elementor-widget-container\">\n\t\t\t\t\t<h2 class=\"elementor-heading-title elementor-size-default\">Conception de sourire hollywoodien<\/h2>\t\t\t\t<\/div>\n\t\t\t\t<\/div>\n\t\t\t\t<div class=\"elementor-element elementor-element-722f39de elementor-widget elementor-widget-text-editor\" data-id=\"722f39de\" data-element_type=\"widget\" data-widget_type=\"text-editor.default\">\n\t\t\t\t<div class=\"elementor-widget-container\">\n\t\t\t\t\t\t\t\t\t<p>Hollywood Smile Design est une approche globale de la dentisterie esth\u00e9tique qui vise \u00e0 transformer votre sourire en \u0153uvre d&rsquo;art. Il combine des techniques dentaires avanc\u00e9es, des principes artistiques et une personnalisation personnalis\u00e9e pour obtenir un sourire \u00e9blouissant et harmonieux qui compl\u00e8te les traits de votre visage et am\u00e9liore votre apparence g\u00e9n\u00e9rale. Les avantages des proth\u00e8ses dentaires chez DentGEN.<\/p>\n\t\t\t\t\t\t\t\t<\/div>\n\t\t\t\t<\/div>\n\t\t\t\t<\/div>\n\t\t\t\t\t<\/div>\n\t\t\t\t<\/div>\n\t\t<div class=\"elementor-element elementor-element-4098e858 e-flex e-con-boxed e-con e-parent\" data-id=\"4098e858\" data-element_type=\"container\" data-settings=\"{&quot;background_background&quot;:&quot;classic&quot;}\">\n\t\t\t\t\t<div class=\"e-con-inner\">\n\t\t<div class=\"elementor-element elementor-element-6eb45547 e-con-full e-flex e-con e-child\" data-id=\"6eb45547\" data-element_type=\"container\">\n\t\t\t\t<div class=\"elementor-element elementor-element-6b4b05c4 elementor-widget elementor-widget-heading\" data-id=\"6b4b05c4\" data-element_type=\"widget\" data-widget_type=\"heading.default\">\n\t\t\t\t<div class=\"elementor-widget-container\">\n\t\t\t\t\t<h2 class=\"elementor-heading-title elementor-size-default\">Blanchissement dentaire<\/h2>\t\t\t\t<\/div>\n\t\t\t\t<\/div>\n\t\t\t\t<div class=\"elementor-element elementor-element-4f05de38 elementor-widget elementor-widget-text-editor\" data-id=\"4f05de38\" data-element_type=\"widget\" data-widget_type=\"text-editor.default\">\n\t\t\t\t<div class=\"elementor-widget-container\">\n\t\t\t\t\t\t\t\t\t<p>Comprendre le blanchiment des dents Le blanchiment des dents est une proc\u00e9dure dentaire cosm\u00e9tique con\u00e7ue pour \u00e9claircir la couleur de vos dents et \u00e9liminer les taches ou la d\u00e9coloration. C\u2019est l\u2019un des moyens les plus populaires et non invasifs d\u2019am\u00e9liorer l\u2019esth\u00e9tique de votre sourire et de renforcer votre confiance en vous. Les avantages du blanchiment des dents professionne<\/p>\n\t\t\t\t\t\t\t\t<\/div>\n\t\t\t\t<\/div>\n\t\t\t\t<\/div>\n\t\t<div class=\"elementor-element elementor-element-1116040e e-con-full e-flex e-con e-child\" data-id=\"1116040e\" data-element_type=\"container\">\n\t\t\t\t<div class=\"elementor-element elementor-element-3ad6070d elementor-widget elementor-widget-image\" data-id=\"3ad6070d\" data-element_type=\"widget\" data-widget_type=\"image.default\">\n\t\t\t\t<div class=\"elementor-widget-container\">\n\t\t\t\t\t\t\t\t\t\t\t\t\t\t\t<img loading=\"lazy\" decoding=\"async\" width=\"800\" height=\"532\" src=\"https:\/\/dentgen.clinic\/wp-content\/uploads\/2024\/06\/teeth-whitening.jpg\" class=\"attachment-large size-large wp-image-3351\" alt=\"\" srcset=\"https:\/\/dentgen.clinic\/wp-content\/uploads\/2024\/06\/teeth-whitening.jpg 1000w, https:\/\/dentgen.clinic\/wp-content\/uploads\/2024\/06\/teeth-whitening-300x200.jpg 300w, https:\/\/dentgen.clinic\/wp-content\/uploads\/2024\/06\/teeth-whitening-768x511.jpg 768w\" sizes=\"(max-width: 800px) 100vw, 800px\" \/>\t\t\t\t\t\t\t\t\t\t\t\t\t\t\t<\/div>\n\t\t\t\t<\/div>\n\t\t\t\t<\/div>\n\t\t\t\t\t<\/div>\n\t\t\t\t<\/div>\n\t\t<div class=\"elementor-element elementor-element-ead0070 e-flex e-con-boxed e-con e-parent\" data-id=\"ead0070\" data-element_type=\"container\" data-settings=\"{&quot;background_background&quot;:&quot;classic&quot;,&quot;shape_divider_top&quot;:&quot;waves&quot;,&quot;shape_divider_bottom&quot;:&quot;waves&quot;}\">\n\t\t\t\t\t<div class=\"e-con-inner\">\n\t\t\t\t<div class=\"elementor-shape elementor-shape-top\" aria-hidden=\"true\" data-negative=\"false\">\n\t\t\t<svg xmlns=\"http:\/\/www.w3.org\/2000\/svg\" viewBox=\"0 0 1000 100\" preserveAspectRatio=\"none\">\n\t<path class=\"elementor-shape-fill\" d=\"M421.9,6.5c22.6-2.5,51.5,0.4,75.5,5.3c23.6,4.9,70.9,23.5,100.5,35.7c75.8,32.2,133.7,44.5,192.6,49.7\n\tc23.6,2.1,48.7,3.5,103.4-2.5c54.7-6,106.2-25.6,106.2-25.6V0H0v30.3c0,0,72,32.6,158.4,30.5c39.2-0.7,92.8-6.7,134-22.4\n\tc21.2-8.1,52.2-18.2,79.7-24.2C399.3,7.9,411.6,7.5,421.9,6.5z\"\/>\n<\/svg>\t\t<\/div>\n\t\t\t\t<div class=\"elementor-shape elementor-shape-bottom\" aria-hidden=\"true\" data-negative=\"false\">\n\t\t\t<svg xmlns=\"http:\/\/www.w3.org\/2000\/svg\" viewBox=\"0 0 1000 100\" preserveAspectRatio=\"none\">\n\t<path class=\"elementor-shape-fill\" d=\"M421.9,6.5c22.6-2.5,51.5,0.4,75.5,5.3c23.6,4.9,70.9,23.5,100.5,35.7c75.8,32.2,133.7,44.5,192.6,49.7\n\tc23.6,2.1,48.7,3.5,103.4-2.5c54.7-6,106.2-25.6,106.2-25.6V0H0v30.3c0,0,72,32.6,158.4,30.5c39.2-0.7,92.8-6.7,134-22.4\n\tc21.2-8.1,52.2-18.2,79.7-24.2C399.3,7.9,411.6,7.5,421.9,6.5z\"\/>\n<\/svg>\t\t<\/div>\n\t\t<div class=\"elementor-element elementor-element-837b81a e-con-full e-flex e-con e-child\" data-id=\"837b81a\" data-element_type=\"container\">\n\t\t\t\t<div class=\"elementor-element elementor-element-4d74364 elementor-widget elementor-widget-image\" data-id=\"4d74364\" data-element_type=\"widget\" data-widget_type=\"image.default\">\n\t\t\t\t<div class=\"elementor-widget-container\">\n\t\t\t\t\t\t\t\t\t\t\t\t\t\t\t<img loading=\"lazy\" decoding=\"async\" width=\"800\" height=\"534\" src=\"https:\/\/dentgen.clinic\/wp-content\/uploads\/2024\/06\/dentures.jpg\" class=\"attachment-large size-large wp-image-3353\" alt=\"\" srcset=\"https:\/\/dentgen.clinic\/wp-content\/uploads\/2024\/06\/dentures.jpg 1000w, https:\/\/dentgen.clinic\/wp-content\/uploads\/2024\/06\/dentures-300x200.jpg 300w, https:\/\/dentgen.clinic\/wp-content\/uploads\/2024\/06\/dentures-768x512.jpg 768w\" sizes=\"(max-width: 800px) 100vw, 800px\" \/>\t\t\t\t\t\t\t\t\t\t\t\t\t\t\t<\/div>\n\t\t\t\t<\/div>\n\t\t\t\t<\/div>\n\t\t<div class=\"elementor-element elementor-element-c3afb81 e-con-full e-flex e-con e-child\" data-id=\"c3afb81\" data-element_type=\"container\">\n\t\t\t\t<div class=\"elementor-element elementor-element-0fa7510 elementor-widget elementor-widget-heading\" data-id=\"0fa7510\" data-element_type=\"widget\" data-widget_type=\"heading.default\">\n\t\t\t\t<div class=\"elementor-widget-container\">\n\t\t\t\t\t<h2 class=\"elementor-heading-title elementor-size-default\">Dentiers<\/h2>\t\t\t\t<\/div>\n\t\t\t\t<\/div>\n\t\t\t\t<div class=\"elementor-element elementor-element-e08a925 elementor-widget elementor-widget-text-editor\" data-id=\"e08a925\" data-element_type=\"widget\" data-widget_type=\"text-editor.default\">\n\t\t\t\t<div class=\"elementor-widget-container\">\n\t\t\t\t\t\t\t\t\t<p>Les proth\u00e8ses dentaires sont des proth\u00e8ses buccales amovibles con\u00e7ues pour remplacer les dents manquantes et restaurer la fonction buccale. Ils sont fabriqu\u00e9s sur mesure pour s\u2019adapter confortablement \u00e0 votre bouche et reproduire l\u2019apparence naturelle des dents et des gencives. Les proth\u00e8ses dentaires peuvent constituer une solution transformatrice pour les personnes souffrant de perte partielle ou totale de dents, offrant des avantages \u00e0 la fois esth\u00e9tiques et fonctionnels. Les avantages des proth\u00e8ses dentaires chez DentGEN<\/p>\n\t\t\t\t\t\t\t\t<\/div>\n\t\t\t\t<\/div>\n\t\t\t\t<\/div>\n\t\t\t\t\t<\/div>\n\t\t\t\t<\/div>\n\t\t\t\t<\/div>\n\t\t","protected":false},"excerpt":{"rendered":"<p>Traitements Implants dentaires Perdre une dent peut \u00eatre une exp\u00e9rience p\u00e9nible, ayant un impact non seulement sur votre confiance en vous, mais \u00e9galement sur votre sant\u00e9 bucco-dentaire. Heureusement, la dentisterie moderne offre une solution r\u00e9volutionnaire gr\u00e2ce aux implants dentaires, un traitement de pointe qui restaure \u00e0 la fois l\u2019esth\u00e9tique et la fonctionnalit\u00e9 de votre sourire. [&hellip;]<\/p>\n","protected":false},"author":1,"featured_media":7481,"parent":0,"menu_order":0,"comment_status":"closed","ping_status":"closed","template":"elementor_header_footer","meta":{"footnotes":""},"class_list":["post-3348","page","type-page","status-publish","has-post-thumbnail","hentry"],"_links":{"self":[{"href":"https:\/\/dentgen.clinic\/fr\/wp-json\/wp\/v2\/pages\/3348","targetHints":{"allow":["GET"]}}],"collection":[{"href":"https:\/\/dentgen.clinic\/fr\/wp-json\/wp\/v2\/pages"}],"about":[{"href":"https:\/\/dentgen.clinic\/fr\/wp-json\/wp\/v2\/types\/page"}],"author":[{"embeddable":true,"href":"https:\/\/dentgen.clinic\/fr\/wp-json\/wp\/v2\/users\/1"}],"replies":[{"embeddable":true,"href":"https:\/\/dentgen.clinic\/fr\/wp-json\/wp\/v2\/comments?post=3348"}],"version-history":[{"count":0,"href":"https:\/\/dentgen.clinic\/fr\/wp-json\/wp\/v2\/pages\/3348\/revisions"}],"wp:featuredmedia":[{"embeddable":true,"href":"https:\/\/dentgen.clinic\/fr\/wp-json\/wp\/v2\/media\/7481"}],"wp:attachment":[{"href":"https:\/\/dentgen.clinic\/fr\/wp-json\/wp\/v2\/media?parent=3348"}],"curies":[{"name":"wp","href":"https:\/\/api.w.org\/{rel}","templated":true}]}}