{"id":3359,"date":"2024-05-29T20:33:17","date_gmt":"2024-05-29T17:33:17","guid":{"rendered":"https:\/\/dentgen.clinic\/conception-de-sourire-hollywoodien\/"},"modified":"2025-06-02T13:09:18","modified_gmt":"2025-06-02T10:09:18","slug":"conception-de-sourire-hollywoodien","status":"publish","type":"page","link":"https:\/\/dentgen.clinic\/fr\/conception-de-sourire-hollywoodien\/","title":{"rendered":"Anesth\u00e9sie g\u00e9n\u00e9rale lors des traitements"},"content":{"rendered":"\t\t<div data-elementor-type=\"wp-page\" data-elementor-id=\"3359\" class=\"elementor elementor-3359 elementor-389\" data-elementor-post-type=\"page\">\n\t\t\t\t<div class=\"elementor-element elementor-element-7e6c252 e-con-full e-flex e-con e-parent\" data-id=\"7e6c252\" data-element_type=\"container\" data-settings=\"{&quot;background_background&quot;:&quot;classic&quot;,&quot;shape_divider_bottom&quot;:&quot;waves&quot;}\">\n\t\t\t\t<div class=\"elementor-shape elementor-shape-bottom\" aria-hidden=\"true\" data-negative=\"false\">\n\t\t\t<svg xmlns=\"http:\/\/www.w3.org\/2000\/svg\" viewBox=\"0 0 1000 100\" preserveAspectRatio=\"none\">\n\t<path class=\"elementor-shape-fill\" d=\"M421.9,6.5c22.6-2.5,51.5,0.4,75.5,5.3c23.6,4.9,70.9,23.5,100.5,35.7c75.8,32.2,133.7,44.5,192.6,49.7\n\tc23.6,2.1,48.7,3.5,103.4-2.5c54.7-6,106.2-25.6,106.2-25.6V0H0v30.3c0,0,72,32.6,158.4,30.5c39.2-0.7,92.8-6.7,134-22.4\n\tc21.2-8.1,52.2-18.2,79.7-24.2C399.3,7.9,411.6,7.5,421.9,6.5z\"\/>\n<\/svg>\t\t<\/div>\n\t\t\t\t<div class=\"elementor-element elementor-element-a3ee7ab elementor-invisible elementor-widget elementor-widget-heading\" data-id=\"a3ee7ab\" data-element_type=\"widget\" data-settings=\"{&quot;_animation&quot;:&quot;fadeIn&quot;}\" data-widget_type=\"heading.default\">\n\t\t\t\t<div class=\"elementor-widget-container\">\n\t\t\t\t\t<h1 class=\"elementor-heading-title elementor-size-default\">Mise en \u0153uvre de l'anesth\u00e9sie g\u00e9n\u00e9rale<\/h1>\t\t\t\t<\/div>\n\t\t\t\t<\/div>\n\t\t\t\t<\/div>\n\t\t<div class=\"elementor-element elementor-element-3bb41793 e-con-full e-flex e-con e-parent\" data-id=\"3bb41793\" data-element_type=\"container\">\n\t\t\t\t<div class=\"elementor-element elementor-element-4674f152 elementor-widget__width-initial elementor-invisible elementor-widget elementor-widget-heading\" data-id=\"4674f152\" data-element_type=\"widget\" data-settings=\"{&quot;_animation&quot;:&quot;fadeIn&quot;}\" data-widget_type=\"heading.default\">\n\t\t\t\t<div class=\"elementor-widget-container\">\n\t\t\t\t\t<h1 class=\"elementor-heading-title elementor-size-default\">Traitement dentaire sous anesth\u00e9sie g\u00e9n\u00e9rale :\n<br>Une exp\u00e9rience confortable et sans douleur\n\n<\/h1>\t\t\t\t<\/div>\n\t\t\t\t<\/div>\n\t\t\t\t<div class=\"elementor-element elementor-element-de383f0 elementor-widget__width-initial elementor-widget elementor-widget-heading\" data-id=\"de383f0\" data-element_type=\"widget\" data-widget_type=\"heading.default\">\n\t\t\t\t<div class=\"elementor-widget-container\">\n\t\t\t\t\t<h5 class=\"elementor-heading-title elementor-size-default\">Les traitements dentaires peuvent repr\u00e9senter un d\u00e9fi psychologique et physique pour de nombreuses personnes. S'asseoir sur le fauteuil du dentiste suscite souvent de l'anxi\u00e9t\u00e9 et de la peur. Les personnes qui ont d\u00e9j\u00e0 subi des traitements dentaires douloureux ont tendance \u00e0 \u00e9viter les soins n\u00e9cessaires. Cependant, la dentisterie moderne propose diverses m\u00e9thodes pour minimiser ces craintes et ces angoisses, l'une d'entre elles \u00e9tant le traitement dentaire sous anesth\u00e9sie g\u00e9n\u00e9rale.<\/h5>\t\t\t\t<\/div>\n\t\t\t\t<\/div>\n\t\t\t\t<\/div>\n\t\t<div class=\"elementor-element elementor-element-2d137094 e-con-full e-flex e-con e-parent\" data-id=\"2d137094\" data-element_type=\"container\" data-settings=\"{&quot;background_background&quot;:&quot;classic&quot;,&quot;shape_divider_top&quot;:&quot;waves&quot;,&quot;shape_divider_bottom&quot;:&quot;waves&quot;}\">\n\t\t\t\t<div class=\"elementor-shape elementor-shape-top\" aria-hidden=\"true\" data-negative=\"false\">\n\t\t\t<svg xmlns=\"http:\/\/www.w3.org\/2000\/svg\" viewBox=\"0 0 1000 100\" preserveAspectRatio=\"none\">\n\t<path class=\"elementor-shape-fill\" d=\"M421.9,6.5c22.6-2.5,51.5,0.4,75.5,5.3c23.6,4.9,70.9,23.5,100.5,35.7c75.8,32.2,133.7,44.5,192.6,49.7\n\tc23.6,2.1,48.7,3.5,103.4-2.5c54.7-6,106.2-25.6,106.2-25.6V0H0v30.3c0,0,72,32.6,158.4,30.5c39.2-0.7,92.8-6.7,134-22.4\n\tc21.2-8.1,52.2-18.2,79.7-24.2C399.3,7.9,411.6,7.5,421.9,6.5z\"\/>\n<\/svg>\t\t<\/div>\n\t\t\t\t<div class=\"elementor-shape elementor-shape-bottom\" aria-hidden=\"true\" data-negative=\"false\">\n\t\t\t<svg xmlns=\"http:\/\/www.w3.org\/2000\/svg\" viewBox=\"0 0 1000 100\" preserveAspectRatio=\"none\">\n\t<path class=\"elementor-shape-fill\" d=\"M421.9,6.5c22.6-2.5,51.5,0.4,75.5,5.3c23.6,4.9,70.9,23.5,100.5,35.7c75.8,32.2,133.7,44.5,192.6,49.7\n\tc23.6,2.1,48.7,3.5,103.4-2.5c54.7-6,106.2-25.6,106.2-25.6V0H0v30.3c0,0,72,32.6,158.4,30.5c39.2-0.7,92.8-6.7,134-22.4\n\tc21.2-8.1,52.2-18.2,79.7-24.2C399.3,7.9,411.6,7.5,421.9,6.5z\"\/>\n<\/svg>\t\t<\/div>\n\t\t<div class=\"elementor-element elementor-element-3e3cdba3 e-con-full e-flex e-con e-child\" data-id=\"3e3cdba3\" data-element_type=\"container\">\n\t\t\t\t<div class=\"elementor-element elementor-element-3e3531af elementor-widget elementor-widget-heading\" data-id=\"3e3531af\" data-element_type=\"widget\" data-widget_type=\"heading.default\">\n\t\t\t\t<div class=\"elementor-widget-container\">\n\t\t\t\t\t<h2 class=\"elementor-heading-title elementor-size-default\">Mise en \u0153uvre de l'anesth\u00e9sie g\u00e9n\u00e9rale<\/h2>\t\t\t\t<\/div>\n\t\t\t\t<\/div>\n\t\t\t\t<div class=\"elementor-element elementor-element-5e60caed elementor-widget elementor-widget-text-editor\" data-id=\"5e60caed\" data-element_type=\"widget\" data-widget_type=\"text-editor.default\">\n\t\t\t\t<div class=\"elementor-widget-container\">\n\t\t\t\t\t\t\t\t\t<p>L&rsquo;anesth\u00e9sie g\u00e9n\u00e9rale est un traitement m\u00e9dicamenteux qui permet au patient d&rsquo;\u00eatre compl\u00e8tement endormi et de ne rien ressentir pendant l&rsquo;intervention. Avant le traitement dentaire, l&rsquo;anesth\u00e9sie g\u00e9n\u00e9rale permet au patient de dormir et de ne ressentir aucune douleur ou g\u00eane pendant toute la dur\u00e9e du traitement. Cette m\u00e9thode est particuli\u00e8rement appr\u00e9ci\u00e9e dans les situations suivantes :<\/p>\n<p><strong>Patients souffrant d&rsquo;une peur dentaire s\u00e9v\u00e8re :<\/strong> l&rsquo;anesth\u00e9sie g\u00e9n\u00e9rale apporte un grand confort aux patients qui ont extr\u00eamement peur de se rendre chez le dentiste et qui retardent donc leurs traitements.<\/p>\n<p><strong>Traitements dentaires \u00e9tendus et complexes :<\/strong> Pour les traitements longs et multiples, l&rsquo;anesth\u00e9sie g\u00e9n\u00e9rale peut \u00eatre choisie pour assurer le confort du patient.<\/p>\n<p><strong>Patients ayant des besoins particuliers :<\/strong> Les personnes souffrant d&rsquo;un handicap ou de troubles psychologiques peuvent subir un traitement dentaire plus facilement gr\u00e2ce \u00e0 l&rsquo;anesth\u00e9sie g\u00e9n\u00e9rale.<\/p>\n\t\t\t\t\t\t\t\t<\/div>\n\t\t\t\t<\/div>\n\t\t\t\t<\/div>\n\t\t<div class=\"elementor-element elementor-element-120e57f3 e-con-full e-flex e-con e-child\" data-id=\"120e57f3\" data-element_type=\"container\">\n\t\t\t\t<div class=\"elementor-element elementor-element-20e02c42 elementor-widget elementor-widget-image\" data-id=\"20e02c42\" data-element_type=\"widget\" data-widget_type=\"image.default\">\n\t\t\t\t<div class=\"elementor-widget-container\">\n\t\t\t\t\t\t\t\t\t\t\t\t\t\t\t<img fetchpriority=\"high\" decoding=\"async\" width=\"800\" height=\"534\" src=\"https:\/\/dentgen.clinic\/wp-content\/uploads\/2024\/06\/general-anesthesia.jpg\" class=\"attachment-large size-large wp-image-5508\" alt=\"\" srcset=\"https:\/\/dentgen.clinic\/wp-content\/uploads\/2024\/06\/general-anesthesia.jpg 1000w, https:\/\/dentgen.clinic\/wp-content\/uploads\/2024\/06\/general-anesthesia-300x200.jpg 300w, https:\/\/dentgen.clinic\/wp-content\/uploads\/2024\/06\/general-anesthesia-768x512.jpg 768w\" sizes=\"(max-width: 800px) 100vw, 800px\" \/>\t\t\t\t\t\t\t\t\t\t\t\t\t\t\t<\/div>\n\t\t\t\t<\/div>\n\t\t\t\t<\/div>\n\t\t\t\t<\/div>\n\t\t<div class=\"elementor-element elementor-element-443577a8 e-con-full e-flex e-con e-parent\" data-id=\"443577a8\" data-element_type=\"container\" data-settings=\"{&quot;background_background&quot;:&quot;classic&quot;}\">\n\t\t<div class=\"elementor-element elementor-element-55bda7d9 e-con-full e-flex e-con e-child\" data-id=\"55bda7d9\" data-element_type=\"container\">\n\t\t\t\t<div class=\"elementor-element elementor-element-2b142c67 elementor-widget elementor-widget-image\" data-id=\"2b142c67\" data-element_type=\"widget\" data-widget_type=\"image.default\">\n\t\t\t\t<div class=\"elementor-widget-container\">\n\t\t\t\t\t\t\t\t\t\t\t\t\t\t\t<img decoding=\"async\" width=\"800\" height=\"583\" src=\"https:\/\/dentgen.clinic\/wp-content\/uploads\/2024\/06\/operation-theatre.jpg\" class=\"attachment-large size-large wp-image-5490\" alt=\"\" srcset=\"https:\/\/dentgen.clinic\/wp-content\/uploads\/2024\/06\/operation-theatre.jpg 1000w, https:\/\/dentgen.clinic\/wp-content\/uploads\/2024\/06\/operation-theatre-300x219.jpg 300w, https:\/\/dentgen.clinic\/wp-content\/uploads\/2024\/06\/operation-theatre-768x560.jpg 768w\" sizes=\"(max-width: 800px) 100vw, 800px\" \/>\t\t\t\t\t\t\t\t\t\t\t\t\t\t\t<\/div>\n\t\t\t\t<\/div>\n\t\t\t\t<\/div>\n\t\t<div class=\"elementor-element elementor-element-36e70d0b e-con-full e-flex e-con e-child\" data-id=\"36e70d0b\" data-element_type=\"container\">\n\t\t\t\t<div class=\"elementor-element elementor-element-2aee5387 elementor-widget elementor-widget-heading\" data-id=\"2aee5387\" data-element_type=\"widget\" data-widget_type=\"heading.default\">\n\t\t\t\t<div class=\"elementor-widget-container\">\n\t\t\t\t\t<h2 class=\"elementor-heading-title elementor-size-default\">Avantages d'un traitement dentaire sous anesth\u00e9sie g\u00e9n\u00e9rale\n\n<\/h2>\t\t\t\t<\/div>\n\t\t\t\t<\/div>\n\t\t\t\t<div class=\"elementor-element elementor-element-37503f83 elementor-widget elementor-widget-text-editor\" data-id=\"37503f83\" data-element_type=\"widget\" data-widget_type=\"text-editor.default\">\n\t\t\t\t<div class=\"elementor-widget-container\">\n\t\t\t\t\t\t\t\t\t<ul>\n<li><strong>Confort et facilit\u00e9 :<\/strong> Les patients dorment pendant toute la dur\u00e9e du traitement et ne ressentent aucune douleur ou g\u00eane. Cela a un impact positif sur le processus de r\u00e9tablissement apr\u00e8s le traitement.<\/li>\n<li><strong>Traitement rapide et efficace :<\/strong> Sous anesth\u00e9sie g\u00e9n\u00e9rale, le dentiste peut travailler plus rapidement et plus efficacement. L&rsquo;immobilit\u00e9 du patient permet d&rsquo;effectuer le traitement en moins de temps.<\/li>\n<li><strong>Plusieurs proc\u00e9dures en une seule s\u00e9ance :<\/strong> Gr\u00e2ce \u00e0 l&rsquo;anesth\u00e9sie g\u00e9n\u00e9rale, plusieurs traitements dentaires peuvent \u00eatre effectu\u00e9s simultan\u00e9ment, ce qui \u00e9limine le besoin de visites r\u00e9p\u00e9t\u00e9es.<\/li>\n<li><strong>R\u00e9duction du stress et de l&rsquo;anxi\u00e9t\u00e9 :<\/strong> Pour les patients qui ont peur des traitements dentaires, l&rsquo;anesth\u00e9sie g\u00e9n\u00e9rale \u00e9limine compl\u00e8tement cette peur, ce qui rend le processus de traitement moins stressant.<\/li>\n<\/ul>\n\t\t\t\t\t\t\t\t<\/div>\n\t\t\t\t<\/div>\n\t\t\t\t<\/div>\n\t\t\t\t<\/div>\n\t\t<div class=\"elementor-element elementor-element-4c2ceb4 e-con-full e-flex e-con e-parent\" data-id=\"4c2ceb4\" data-element_type=\"container\" data-settings=\"{&quot;background_background&quot;:&quot;classic&quot;,&quot;shape_divider_top&quot;:&quot;waves&quot;,&quot;shape_divider_bottom&quot;:&quot;waves&quot;}\">\n\t\t\t\t<div class=\"elementor-shape elementor-shape-top\" aria-hidden=\"true\" data-negative=\"false\">\n\t\t\t<svg xmlns=\"http:\/\/www.w3.org\/2000\/svg\" viewBox=\"0 0 1000 100\" preserveAspectRatio=\"none\">\n\t<path class=\"elementor-shape-fill\" d=\"M421.9,6.5c22.6-2.5,51.5,0.4,75.5,5.3c23.6,4.9,70.9,23.5,100.5,35.7c75.8,32.2,133.7,44.5,192.6,49.7\n\tc23.6,2.1,48.7,3.5,103.4-2.5c54.7-6,106.2-25.6,106.2-25.6V0H0v30.3c0,0,72,32.6,158.4,30.5c39.2-0.7,92.8-6.7,134-22.4\n\tc21.2-8.1,52.2-18.2,79.7-24.2C399.3,7.9,411.6,7.5,421.9,6.5z\"\/>\n<\/svg>\t\t<\/div>\n\t\t\t\t<div class=\"elementor-shape elementor-shape-bottom\" aria-hidden=\"true\" data-negative=\"false\">\n\t\t\t<svg xmlns=\"http:\/\/www.w3.org\/2000\/svg\" viewBox=\"0 0 1000 100\" preserveAspectRatio=\"none\">\n\t<path class=\"elementor-shape-fill\" d=\"M421.9,6.5c22.6-2.5,51.5,0.4,75.5,5.3c23.6,4.9,70.9,23.5,100.5,35.7c75.8,32.2,133.7,44.5,192.6,49.7\n\tc23.6,2.1,48.7,3.5,103.4-2.5c54.7-6,106.2-25.6,106.2-25.6V0H0v30.3c0,0,72,32.6,158.4,30.5c39.2-0.7,92.8-6.7,134-22.4\n\tc21.2-8.1,52.2-18.2,79.7-24.2C399.3,7.9,411.6,7.5,421.9,6.5z\"\/>\n<\/svg>\t\t<\/div>\n\t\t<div class=\"elementor-element elementor-element-fc2cc81 e-con-full e-flex e-con e-child\" data-id=\"fc2cc81\" data-element_type=\"container\">\n\t\t\t\t<div class=\"elementor-element elementor-element-86c0226 elementor-widget elementor-widget-heading\" data-id=\"86c0226\" data-element_type=\"widget\" data-widget_type=\"heading.default\">\n\t\t\t\t<div class=\"elementor-widget-container\">\n\t\t\t\t\t<h2 class=\"elementor-heading-title elementor-size-default\">Conclusion<\/h2>\t\t\t\t<\/div>\n\t\t\t\t<\/div>\n\t\t\t\t<div class=\"elementor-element elementor-element-e060253 elementor-widget elementor-widget-text-editor\" data-id=\"e060253\" data-element_type=\"widget\" data-widget_type=\"text-editor.default\">\n\t\t\t\t<div class=\"elementor-widget-container\">\n\t\t\t\t\t\t\t\t\t<p>Les traitements dentaires sous anesth\u00e9sie g\u00e9n\u00e9rale sont une excellente solution pour les personnes qui ont peur des dents ou qui ont besoin de traitements importants. Cette m\u00e9thode permet aux patients de b\u00e9n\u00e9ficier d&rsquo;un traitement indolore, confortable et d\u00e9tendu. Les traitements dentaires sous anesth\u00e9sie g\u00e9n\u00e9rale, effectu\u00e9s dans une salle d&rsquo;op\u00e9ration st\u00e9rile et s\u00fbre, sont l&rsquo;un des moyens les plus confortables de maintenir et d&rsquo;am\u00e9liorer votre sant\u00e9 bucco-dentaire.<\/p>\n<p>Vous pouvez obtenir plus d&rsquo;informations sur les traitements dentaires sous anesth\u00e9sie g\u00e9n\u00e9rale sur notre site web et prendre rendez-vous. Ne retardez pas votre sant\u00e9 ; contactez-nous pour une exp\u00e9rience de traitement confortable et indolore.<\/p>\n\t\t\t\t\t\t\t\t<\/div>\n\t\t\t\t<\/div>\n\t\t\t\t<\/div>\n\t\t<div class=\"elementor-element elementor-element-b23097a e-con-full e-flex e-con e-child\" data-id=\"b23097a\" data-element_type=\"container\">\n\t\t\t\t<div class=\"elementor-element elementor-element-39777ed elementor-widget elementor-widget-image\" data-id=\"39777ed\" data-element_type=\"widget\" data-widget_type=\"image.default\">\n\t\t\t\t<div class=\"elementor-widget-container\">\n\t\t\t\t\t\t\t\t\t\t\t\t\t\t\t<img decoding=\"async\" width=\"800\" height=\"549\" src=\"https:\/\/dentgen.clinic\/wp-content\/uploads\/2024\/06\/observation-room.jpg\" class=\"attachment-large size-large wp-image-5498\" alt=\"\" srcset=\"https:\/\/dentgen.clinic\/wp-content\/uploads\/2024\/06\/observation-room.jpg 1000w, https:\/\/dentgen.clinic\/wp-content\/uploads\/2024\/06\/observation-room-300x206.jpg 300w, https:\/\/dentgen.clinic\/wp-content\/uploads\/2024\/06\/observation-room-768x527.jpg 768w\" sizes=\"(max-width: 800px) 100vw, 800px\" \/>\t\t\t\t\t\t\t\t\t\t\t\t\t\t\t<\/div>\n\t\t\t\t<\/div>\n\t\t\t\t<\/div>\n\t\t\t\t<\/div>\n\t\t\t\t<\/div>\n\t\t","protected":false},"excerpt":{"rendered":"<p>Mise en \u0153uvre de l&rsquo;anesth\u00e9sie g\u00e9n\u00e9rale Traitement dentaire sous anesth\u00e9sie g\u00e9n\u00e9rale : Une exp\u00e9rience confortable et sans douleur Les traitements dentaires peuvent repr\u00e9senter un d\u00e9fi psychologique et physique pour de nombreuses personnes. S&rsquo;asseoir sur le fauteuil du dentiste suscite souvent de l&rsquo;anxi\u00e9t\u00e9 et de la peur. Les personnes qui ont d\u00e9j\u00e0 subi des traitements dentaires [&hellip;]<\/p>\n","protected":false},"author":1,"featured_media":5490,"parent":0,"menu_order":0,"comment_status":"closed","ping_status":"closed","template":"elementor_header_footer","meta":{"footnotes":""},"class_list":["post-3359","page","type-page","status-publish","has-post-thumbnail","hentry"],"_links":{"self":[{"href":"https:\/\/dentgen.clinic\/fr\/wp-json\/wp\/v2\/pages\/3359","targetHints":{"allow":["GET"]}}],"collection":[{"href":"https:\/\/dentgen.clinic\/fr\/wp-json\/wp\/v2\/pages"}],"about":[{"href":"https:\/\/dentgen.clinic\/fr\/wp-json\/wp\/v2\/types\/page"}],"author":[{"embeddable":true,"href":"https:\/\/dentgen.clinic\/fr\/wp-json\/wp\/v2\/users\/1"}],"replies":[{"embeddable":true,"href":"https:\/\/dentgen.clinic\/fr\/wp-json\/wp\/v2\/comments?post=3359"}],"version-history":[{"count":0,"href":"https:\/\/dentgen.clinic\/fr\/wp-json\/wp\/v2\/pages\/3359\/revisions"}],"wp:featuredmedia":[{"embeddable":true,"href":"https:\/\/dentgen.clinic\/fr\/wp-json\/wp\/v2\/media\/5490"}],"wp:attachment":[{"href":"https:\/\/dentgen.clinic\/fr\/wp-json\/wp\/v2\/media?parent=3359"}],"curies":[{"name":"wp","href":"https:\/\/api.w.org\/{rel}","templated":true}]}}