{"id":5845,"date":"2024-06-28T12:35:37","date_gmt":"2024-06-28T09:35:37","guid":{"rendered":"https:\/\/dentgen.clinic\/politique-en-matiere-de-cookies\/"},"modified":"2024-07-09T15:54:40","modified_gmt":"2024-07-09T12:54:40","slug":"politique-en-matiere-de-cookies","status":"publish","type":"page","link":"https:\/\/dentgen.clinic\/fr\/politique-en-matiere-de-cookies\/","title":{"rendered":"Politique en mati\u00e8re de cookies"},"content":{"rendered":"\t\t<div data-elementor-type=\"wp-page\" data-elementor-id=\"5845\" class=\"elementor elementor-5845 elementor-5451\" data-elementor-post-type=\"page\">\n\t\t\t\t<div class=\"elementor-element elementor-element-3bb41793 e-con-full e-flex e-con e-parent\" data-id=\"3bb41793\" data-element_type=\"container\" data-settings=\"{&quot;background_background&quot;:&quot;classic&quot;,&quot;shape_divider_bottom&quot;:&quot;waves&quot;}\">\n\t\t\t\t<div class=\"elementor-shape elementor-shape-bottom\" aria-hidden=\"true\" data-negative=\"false\">\n\t\t\t<svg xmlns=\"http:\/\/www.w3.org\/2000\/svg\" viewBox=\"0 0 1000 100\" preserveAspectRatio=\"none\">\n\t<path class=\"elementor-shape-fill\" d=\"M421.9,6.5c22.6-2.5,51.5,0.4,75.5,5.3c23.6,4.9,70.9,23.5,100.5,35.7c75.8,32.2,133.7,44.5,192.6,49.7\n\tc23.6,2.1,48.7,3.5,103.4-2.5c54.7-6,106.2-25.6,106.2-25.6V0H0v30.3c0,0,72,32.6,158.4,30.5c39.2-0.7,92.8-6.7,134-22.4\n\tc21.2-8.1,52.2-18.2,79.7-24.2C399.3,7.9,411.6,7.5,421.9,6.5z\"\/>\n<\/svg>\t\t<\/div>\n\t\t\t\t<div class=\"elementor-element elementor-element-4674f152 elementor-invisible elementor-widget elementor-widget-heading\" data-id=\"4674f152\" data-element_type=\"widget\" data-settings=\"{&quot;_animation&quot;:&quot;fadeIn&quot;}\" data-widget_type=\"heading.default\">\n\t\t\t\t<div class=\"elementor-widget-container\">\n\t\t\t\t\t<span class=\"elementor-heading-title elementor-size-default\">Politique en mati\u00e8re de cookies<\/span>\t\t\t\t<\/div>\n\t\t\t\t<\/div>\n\t\t\t\t<\/div>\n\t\t<div class=\"elementor-element elementor-element-431461f e-con-full e-flex e-con e-parent\" data-id=\"431461f\" data-element_type=\"container\">\n\t\t\t\t<div class=\"elementor-element elementor-element-de56660 elementor-widget__width-initial elementor-widget elementor-widget-heading\" data-id=\"de56660\" data-element_type=\"widget\" data-widget_type=\"heading.default\">\n\t\t\t\t<div class=\"elementor-widget-container\">\n\t\t\t\t\t<h1 class=\"elementor-heading-title elementor-size-default\">STT Oral and Dental Health Inc. Politique en mati\u00e8re de cookies<\/h1>\t\t\t\t<\/div>\n\t\t\t\t<\/div>\n\t\t\t\t<div class=\"elementor-element elementor-element-31acd82 elementor-widget__width-initial elementor-widget elementor-widget-text-editor\" data-id=\"31acd82\" data-element_type=\"widget\" data-widget_type=\"text-editor.default\">\n\t\t\t\t<div class=\"elementor-widget-container\">\n\t\t\t\t\t\t\t\t\t<p>Dans le contexte de la pr\u00e9sente politique, le terme \u00ab\u00a0cookie\u00a0\u00bb fait r\u00e9f\u00e9rence aux cookies et aux produits similaires ayant la m\u00eame finalit\u00e9.<\/p>\n<p><strong>Qu&rsquo;est-ce qu&rsquo;un cookie ?<\/strong><\/p>\n<p>Un cookie est un petit fichier texte qu&rsquo;un site enregistre sur votre ordinateur ou votre appareil mobile lorsque vous le visitez. Les cookies sont g\u00e9n\u00e9ralement utilis\u00e9s pour permettre \u00e0 un site web de fonctionner, de fonctionner plus efficacement ou de fournir des informations aux propri\u00e9taires du site web.<\/p>\n<p><strong>\u00c0 quoi sert-il ?<\/strong><\/p>\n<p>Les cookies sont utilis\u00e9s pour collecter et conserver des informations vous identifiant sur des ordinateurs, des t\u00e9l\u00e9phones et d&rsquo;autres appareils, ainsi que vos mouvements et vos habitudes d&rsquo;utilisation pendant que vous utilisez le site. Elles sont ensuite utilis\u00e9es pour am\u00e9liorer notre site web et le personnaliser pour vous.<\/p>\n<p>En tant que STT Oral and Dental Health Inc, nous utilisons divers t\u00e9moins sur notre site Web <strong>https:\/\/dentgen.clinic<\/strong> afin de d\u00e9terminer comment vous interagissez avec le contenu du site et d&rsquo;am\u00e9liorer votre exp\u00e9rience d&rsquo;utilisateur.<\/p>\n<p>Vous pouvez consulter la section Param\u00e8tres des cookies -&gt;Notification des cookies dans le panneau des pr\u00e9f\u00e9rences de confidentialit\u00e9 pour en savoir plus sur les cookies utilis\u00e9s sur notre site web.<\/p>\n<p><strong>Types de cookies et leurs objectifs<\/strong><\/p>\n<p><strong>Cookies par p\u00e9riode de validit\u00e9 :<\/strong><\/p>\n<p>Il existe deux types de cookies en fonction de leur dur\u00e9e de validit\u00e9 : Les cookies permanents et les cookies temporaires. Les cookies temporaires sont cr\u00e9\u00e9s lorsque vous visitez le site web et ne sont valables que jusqu&rsquo;\u00e0 ce que vous fermiez votre navigateur. Les cookies permanents sont cr\u00e9\u00e9s lorsque vous visitez le site web et restent en place jusqu&rsquo;\u00e0 ce que vous les supprimiez ou qu&rsquo;ils expirent. Les cookies permanents sont utilis\u00e9s pour des op\u00e9rations telles que la fourniture d&rsquo;une exp\u00e9rience personnalis\u00e9e en fonction de vos param\u00e8tres.<\/p>\n<p><strong>Cookies de premi\u00e8re partie :<\/strong><\/p>\n<p>Les cookies de premi\u00e8re partie sont mis en place par le site web que vous visitez et ne peuvent \u00eatre lus que par ce site.<\/p>\n<p><strong>Cookies de tiers :<\/strong><\/p>\n<p>Les cookies de tiers sont mis en place par d&rsquo;autres organisations utilis\u00e9es pour diff\u00e9rents services. Il s&rsquo;agit de cookies appartenant \u00e0 et exploit\u00e9s par des tiers tels que des partenaires ou des prestataires de services.<\/p>\n<p><strong>Comment puis-je supprimer ou refuser les cookies ?<\/strong><\/p>\n<p>Des cookies obligatoires sont utilis\u00e9s sur le site web <strong>https:\/\/dentgen.clinic<\/strong> pour assurer le fonctionnement actif et efficace de notre site. Ces cookies ne peuvent pas \u00eatre d\u00e9sactiv\u00e9s via le panneau de pr\u00e9f\u00e9rences de confidentialit\u00e9.<\/p>\n<p>En revanche, tous les groupes de cookies autres que les cookies obligatoires sont automatiquement d\u00e9finis comme \u00ab\u00a0d\u00e9sactiv\u00e9s\u00a0\u00bb. Nos utilisateurs peuvent r\u00e9activer ces cookies \u00e0 leur gr\u00e9 ou d\u00e9sactiver ult\u00e9rieurement les cookies qu&rsquo;ils ont activ\u00e9s. Toutefois, il est important de noter que le fait de d\u00e9sactiver les cookies que nous utilisons peut affecter votre exp\u00e9rience d&rsquo;utilisateur sur le site web <strong>https:\/\/dentgen.clinic<\/strong>. Si les cookies non essentiels ne sont pas activ\u00e9s, vous pouvez continuer \u00e0 utiliser l&rsquo;application et\/ou le site web, mais il se peut que vous n&rsquo;ayez pas acc\u00e8s \u00e0 toutes les fonctions ou que l&rsquo;acc\u00e8s soit limit\u00e9. Nous vous recommandons d&rsquo;autoriser les cookies pour profiter pleinement de l&rsquo;application et\/ou du site web.<\/p>\n<p><strong>Gestion des cookies en dehors du \u00ab\u00a0panneau de pr\u00e9f\u00e9rences de confidentialit\u00e9\u00a0\u00bb :<\/strong><\/p>\n<p>La gestion la plus efficace des cookies utilis\u00e9s sur notre site est assur\u00e9e par le \u00ab\u00a0Privacy Preference Panel\u00a0\u00bb. Cependant, vous pouvez \u00e9galement g\u00e9rer les cookies en utilisant le menu aide\/param\u00e8tres de votre navigateur ou application. Par exemple :<\/p>\n<p><strong>Param\u00e8tres des cookies sur les appareils Apple :<\/strong><\/p>\n<p>Pour supprimer votre historique et vos cookies, allez dans R\u00e9glages -&gt; Safari et appuyez sur Effacer l&rsquo;historique et les donn\u00e9es du site web. Lorsque votre historique, vos cookies et vos donn\u00e9es de navigation sont effac\u00e9s de Safari, les informations relatives \u00e0 l&rsquo;AutoFill restent inchang\u00e9es. Pour supprimer les cookies tout en conservant votre historique, allez dans R\u00e9glages -&gt; Safari -&gt; Avanc\u00e9 -&gt; Donn\u00e9es de site web et appuyez sur Supprimer toutes les donn\u00e9es de site web. Si vous ne souhaitez pas conserver les donn\u00e9es historiques lorsque vous visitez des sites, suivez les \u00e9tapes suivantes : Safari &#8211; ic\u00f4ne&gt; -&gt; Private -&gt; Done. Pour choisir si Safari bloque les cookies, allez dans R\u00e9glages -&gt; Safari -&gt; Bloquer tous les cookies.<\/p>\n<p><strong>Param\u00e8tres des cookies sur les appareils Android :<\/strong><\/p>\n<p>Avec l&rsquo;application Chrome -&gt; Param\u00e8tres -&gt; Confidentialit\u00e9 -&gt; Effacer les donn\u00e9es de navigation -&gt; Cookies, licences m\u00e9dia et donn\u00e9es de site -&gt; Effacer les donn\u00e9es, vous pouvez effacer les cookies. Dans l&rsquo;application Chrome -&gt; Param\u00e8tres -&gt; Param\u00e8tres du site -&gt; Cookies, vous pouvez autoriser ou bloquer les cookies.<\/p>\n<p><strong>Param\u00e8tres des cookies via les navigateurs web :<\/strong><\/p>\n<p><strong>Pour Chrome :<\/strong><\/p>\n<p>Application Chrome -&gt; Param\u00e8tres -&gt; Confidentialit\u00e9 et s\u00e9curit\u00e9 -&gt; L&rsquo;option Cookies et autres donn\u00e9es de site vous permet d&rsquo;activer ou de bloquer les cookies.<\/p>\n<p><strong>Pour Firefox :<\/strong><\/p>\n<p>Menu -&gt; Options -&gt; Confidentialit\u00e9 et s\u00e9curit\u00e9 -&gt; Sous Protection renforc\u00e9e contre le suivi, vous pouvez g\u00e9rer les cookies avec l&rsquo;option Cookies et donn\u00e9es du site.<\/p>\n<p><strong>Pour Internet Explorer :<\/strong><\/p>\n<p>Internet Explorer -&gt; Param\u00e8tres -&gt; Options Internet -&gt; Confidentialit\u00e9 -&gt; L&rsquo;option des param\u00e8tres avanc\u00e9s vous permet de g\u00e9rer les cookies.<\/p>\n\t\t\t\t\t\t\t\t<\/div>\n\t\t\t\t<\/div>\n\t\t\t\t<\/div>\n\t\t\t\t<\/div>\n\t\t","protected":false},"excerpt":{"rendered":"<p>Politique en mati\u00e8re de cookies STT Oral and Dental Health Inc. Politique en mati\u00e8re de cookies Dans le contexte de la pr\u00e9sente politique, le terme \u00ab\u00a0cookie\u00a0\u00bb fait r\u00e9f\u00e9rence aux cookies et aux produits similaires ayant la m\u00eame finalit\u00e9. Qu&rsquo;est-ce qu&rsquo;un cookie ? Un cookie est un petit fichier texte qu&rsquo;un site enregistre sur votre ordinateur [&hellip;]<\/p>\n","protected":false},"author":1,"featured_media":0,"parent":0,"menu_order":0,"comment_status":"closed","ping_status":"closed","template":"elementor_header_footer","meta":{"footnotes":""},"class_list":["post-5845","page","type-page","status-publish","hentry"],"_links":{"self":[{"href":"https:\/\/dentgen.clinic\/fr\/wp-json\/wp\/v2\/pages\/5845","targetHints":{"allow":["GET"]}}],"collection":[{"href":"https:\/\/dentgen.clinic\/fr\/wp-json\/wp\/v2\/pages"}],"about":[{"href":"https:\/\/dentgen.clinic\/fr\/wp-json\/wp\/v2\/types\/page"}],"author":[{"embeddable":true,"href":"https:\/\/dentgen.clinic\/fr\/wp-json\/wp\/v2\/users\/1"}],"replies":[{"embeddable":true,"href":"https:\/\/dentgen.clinic\/fr\/wp-json\/wp\/v2\/comments?post=5845"}],"version-history":[{"count":0,"href":"https:\/\/dentgen.clinic\/fr\/wp-json\/wp\/v2\/pages\/5845\/revisions"}],"wp:attachment":[{"href":"https:\/\/dentgen.clinic\/fr\/wp-json\/wp\/v2\/media?parent=5845"}],"curies":[{"name":"wp","href":"https:\/\/api.w.org\/{rel}","templated":true}]}}