{"id":5910,"date":"2024-06-13T15:22:26","date_gmt":"2024-06-13T12:22:26","guid":{"rendered":"https:\/\/dentgen.clinic\/dt-cem-taze\/"},"modified":"2025-03-26T14:06:32","modified_gmt":"2025-03-26T11:06:32","slug":"dt-cem-taze","status":"publish","type":"page","link":"https:\/\/dentgen.clinic\/fr\/dentistes\/dt-cem-taze\/","title":{"rendered":"Dt. Cem Taze"},"content":{"rendered":"\t\t<div data-elementor-type=\"wp-page\" data-elementor-id=\"5910\" class=\"elementor elementor-5910 elementor-4040\" data-elementor-post-type=\"page\">\n\t\t\t\t<div class=\"elementor-element elementor-element-3bb41793 e-con-full e-flex e-con e-parent\" data-id=\"3bb41793\" data-element_type=\"container\" data-settings=\"{&quot;background_background&quot;:&quot;classic&quot;,&quot;shape_divider_bottom&quot;:&quot;waves&quot;}\">\n\t\t\t\t<div class=\"elementor-shape elementor-shape-bottom\" aria-hidden=\"true\" data-negative=\"false\">\n\t\t\t<svg xmlns=\"http:\/\/www.w3.org\/2000\/svg\" viewBox=\"0 0 1000 100\" preserveAspectRatio=\"none\">\n\t<path class=\"elementor-shape-fill\" d=\"M421.9,6.5c22.6-2.5,51.5,0.4,75.5,5.3c23.6,4.9,70.9,23.5,100.5,35.7c75.8,32.2,133.7,44.5,192.6,49.7\n\tc23.6,2.1,48.7,3.5,103.4-2.5c54.7-6,106.2-25.6,106.2-25.6V0H0v30.3c0,0,72,32.6,158.4,30.5c39.2-0.7,92.8-6.7,134-22.4\n\tc21.2-8.1,52.2-18.2,79.7-24.2C399.3,7.9,411.6,7.5,421.9,6.5z\"\/>\n<\/svg>\t\t<\/div>\n\t\t\t\t<div class=\"elementor-element elementor-element-4674f152 elementor-invisible elementor-widget elementor-widget-heading\" data-id=\"4674f152\" data-element_type=\"widget\" data-settings=\"{&quot;_animation&quot;:&quot;fadeIn&quot;}\" data-widget_type=\"heading.default\">\n\t\t\t\t<div class=\"elementor-widget-container\">\n\t\t\t\t\t<span class=\"elementor-heading-title elementor-size-default\">Dt. Cem Taze<\/span>\t\t\t\t<\/div>\n\t\t\t\t<\/div>\n\t\t\t\t<\/div>\n\t\t<div class=\"elementor-element elementor-element-45b1b46c e-con-full e-flex e-con e-parent\" data-id=\"45b1b46c\" data-element_type=\"container\" data-settings=\"{&quot;background_background&quot;:&quot;classic&quot;}\">\n\t\t<div class=\"elementor-element elementor-element-7c357568 e-con-full e-flex e-con e-child\" data-id=\"7c357568\" data-element_type=\"container\">\n\t\t\t\t<div class=\"elementor-element elementor-element-7990810f elementor-widget elementor-widget-heading\" data-id=\"7990810f\" data-element_type=\"widget\" data-widget_type=\"heading.default\">\n\t\t\t\t<div class=\"elementor-widget-container\">\n\t\t\t\t\t<h2 class=\"elementor-heading-title elementor-size-default\">Dt. Cem Taze<\/h2>\t\t\t\t<\/div>\n\t\t\t\t<\/div>\n\t\t\t\t<div class=\"elementor-element elementor-element-600be71b elementor-invisible elementor-widget elementor-widget-text-editor\" data-id=\"600be71b\" data-element_type=\"widget\" data-settings=\"{&quot;_animation&quot;:&quot;fadeIn&quot;,&quot;_animation_delay&quot;:200}\" data-widget_type=\"text-editor.default\">\n\t\t\t\t<div class=\"elementor-widget-container\">\n\t\t\t\t\t\t\t\t\t<div class=\"flex flex-grow flex-col max-w-full\">\n<div class=\"min-h-[20px] text-message flex flex-col items-start whitespace-pre-wrap break-words [.text-message+&amp;]:mt-5 juice:w-full juice:items-end overflow-x-auto gap-2\" dir=\"auto\" data-message-author-role=\"assistant\" data-message-id=\"169c136f-2d49-4e82-9b2a-48c9dadcd18f\">\n<div class=\"flex w-full flex-col gap-1 juice:empty:hidden juice:first:pt-[3px]\">\n<div class=\"markdown prose w-full break-words dark:prose-invert light\">\n<p>Le Dr Cem Taze est un m\u00e9decin g\u00e9n\u00e9raliste comp\u00e9tent, sp\u00e9cialis\u00e9 dans diverses proc\u00e9dures dentaires avanc\u00e9es. Il s&rsquo;int\u00e9resse notamment \u00e0 l&rsquo;extraction des dents incluses, \u00e0 la chirurgie implantaire avanc\u00e9e, \u00e0 l&rsquo;augmentation osseuse, aux applications de botox et de produits de comblement dermique, aux op\u00e9rations sur les kystes, \u00e0 la chirurgie des tissus mous, \u00e0 la chirurgie endodontique et \u00e0 la bichectomie. Le Dr Taze a obtenu son dipl\u00f4me de dentiste \u00e0 la facult\u00e9 de m\u00e9decine dentaire de l&rsquo;universit\u00e9 de Gazi et s&rsquo;est sp\u00e9cialis\u00e9 en chirurgie orale et maxillo-faciale \u00e0 la facult\u00e9 de m\u00e9decine dentaire de l&rsquo;universit\u00e9 de K\u0131r\u0131kkale. Il a particip\u00e9 activement \u00e0 de nombreux cours et symposiums, y compris des pr\u00e9sentations au 15e congr\u00e8s international de l&rsquo;A\u00c7B\u0130D et des cours de formation sur les techniques dentaires avanc\u00e9es. Il a \u00e9galement contribu\u00e9 \u00e0 la communaut\u00e9 scientifique avec sa publication sur la production d&rsquo;implants dentaires biomim\u00e9tiques \u00e0 l&rsquo;aide de la fusion s\u00e9lective par laser sur lit de poudre.<\/p>\n<\/div>\n<\/div>\n<\/div>\n<\/div>\n\t\t\t\t\t\t\t\t<\/div>\n\t\t\t\t<\/div>\n\t\t\t\t<div class=\"elementor-element elementor-element-45e8d990 elementor-align-center elementor-invisible elementor-widget elementor-widget-button\" data-id=\"45e8d990\" data-element_type=\"widget\" data-settings=\"{&quot;_animation&quot;:&quot;fadeIn&quot;,&quot;_animation_delay&quot;:400}\" data-widget_type=\"button.default\">\n\t\t\t\t<div class=\"elementor-widget-container\">\n\t\t\t\t\t\t\t\t\t<div class=\"elementor-button-wrapper\">\n\t\t\t\t\t<a class=\"elementor-button elementor-button-link elementor-size-sm\" href=\"#name\">\n\t\t\t\t\t\t<span class=\"elementor-button-content-wrapper\">\n\t\t\t\t\t\t<span class=\"elementor-button-icon\">\n\t\t\t\t<svg aria-hidden=\"true\" class=\"e-font-icon-svg e-fas-arrow-alt-circle-down\" viewBox=\"0 0 512 512\" xmlns=\"http:\/\/www.w3.org\/2000\/svg\"><path d=\"M504 256c0 137-111 248-248 248S8 393 8 256 119 8 256 8s248 111 248 248zM212 140v116h-70.9c-10.7 0-16.1 13-8.5 20.5l114.9 114.3c4.7 4.7 12.2 4.7 16.9 0l114.9-114.3c7.6-7.6 2.2-20.5-8.5-20.5H300V140c0-6.6-5.4-12-12-12h-64c-6.6 0-12 5.4-12 12z\"><\/path><\/svg>\t\t\t<\/span>\n\t\t\t\t\t\t\t\t\t<span class=\"elementor-button-text\">CV de r\u00e9vision<\/span>\n\t\t\t\t\t<\/span>\n\t\t\t\t\t<\/a>\n\t\t\t\t<\/div>\n\t\t\t\t\t\t\t\t<\/div>\n\t\t\t\t<\/div>\n\t\t\t\t<\/div>\n\t\t<div class=\"elementor-element elementor-element-743123aa e-con-full e-flex e-con e-child\" data-id=\"743123aa\" data-element_type=\"container\" data-settings=\"{&quot;background_background&quot;:&quot;classic&quot;}\">\n\t\t\t\t<div class=\"elementor-element elementor-element-45884666 elementor-invisible elementor-widget elementor-widget-image\" data-id=\"45884666\" data-element_type=\"widget\" data-settings=\"{&quot;_animation&quot;:&quot;zoomIn&quot;}\" data-widget_type=\"image.default\">\n\t\t\t\t<div class=\"elementor-widget-container\">\n\t\t\t\t\t\t\t\t\t\t\t\t\t\t\t<img fetchpriority=\"high\" decoding=\"async\" width=\"1000\" height=\"1779\" src=\"https:\/\/dentgen.clinic\/wp-content\/uploads\/2024\/06\/4-1-1-1-1-1-1-1-1-1-1.jpg\" class=\"attachment-full size-full wp-image-3964\" alt=\"\" srcset=\"https:\/\/dentgen.clinic\/wp-content\/uploads\/2024\/06\/4-1-1-1-1-1-1-1-1-1-1.jpg 1000w, https:\/\/dentgen.clinic\/wp-content\/uploads\/2024\/06\/4-1-1-1-1-1-1-1-1-1-1-169x300.jpg 169w, https:\/\/dentgen.clinic\/wp-content\/uploads\/2024\/06\/4-1-1-1-1-1-1-1-1-1-1-576x1024.jpg 576w, https:\/\/dentgen.clinic\/wp-content\/uploads\/2024\/06\/4-1-1-1-1-1-1-1-1-1-1-768x1366.jpg 768w, https:\/\/dentgen.clinic\/wp-content\/uploads\/2024\/06\/4-1-1-1-1-1-1-1-1-1-1-863x1536.jpg 863w\" sizes=\"(max-width: 1000px) 100vw, 1000px\" \/>\t\t\t\t\t\t\t\t\t\t\t\t\t\t\t<\/div>\n\t\t\t\t<\/div>\n\t\t\t\t<\/div>\n\t\t\t\t<\/div>\n\t\t<div class=\"elementor-element elementor-element-51322a4 e-con-full e-flex e-con e-child\" data-id=\"51322a4\" data-element_type=\"container\" id=\"name\" data-settings=\"{&quot;background_background&quot;:&quot;classic&quot;,&quot;shape_divider_bottom&quot;:&quot;waves&quot;,&quot;shape_divider_top&quot;:&quot;waves&quot;}\">\n\t\t\t\t<div class=\"elementor-shape elementor-shape-top\" aria-hidden=\"true\" data-negative=\"false\">\n\t\t\t<svg xmlns=\"http:\/\/www.w3.org\/2000\/svg\" viewBox=\"0 0 1000 100\" preserveAspectRatio=\"none\">\n\t<path class=\"elementor-shape-fill\" d=\"M421.9,6.5c22.6-2.5,51.5,0.4,75.5,5.3c23.6,4.9,70.9,23.5,100.5,35.7c75.8,32.2,133.7,44.5,192.6,49.7\n\tc23.6,2.1,48.7,3.5,103.4-2.5c54.7-6,106.2-25.6,106.2-25.6V0H0v30.3c0,0,72,32.6,158.4,30.5c39.2-0.7,92.8-6.7,134-22.4\n\tc21.2-8.1,52.2-18.2,79.7-24.2C399.3,7.9,411.6,7.5,421.9,6.5z\"\/>\n<\/svg>\t\t<\/div>\n\t\t\t\t<div class=\"elementor-shape elementor-shape-bottom\" aria-hidden=\"true\" data-negative=\"false\">\n\t\t\t<svg xmlns=\"http:\/\/www.w3.org\/2000\/svg\" viewBox=\"0 0 1000 100\" preserveAspectRatio=\"none\">\n\t<path class=\"elementor-shape-fill\" d=\"M421.9,6.5c22.6-2.5,51.5,0.4,75.5,5.3c23.6,4.9,70.9,23.5,100.5,35.7c75.8,32.2,133.7,44.5,192.6,49.7\n\tc23.6,2.1,48.7,3.5,103.4-2.5c54.7-6,106.2-25.6,106.2-25.6V0H0v30.3c0,0,72,32.6,158.4,30.5c39.2-0.7,92.8-6.7,134-22.4\n\tc21.2-8.1,52.2-18.2,79.7-24.2C399.3,7.9,411.6,7.5,421.9,6.5z\"\/>\n<\/svg>\t\t<\/div>\n\t\t\t\t<div class=\"elementor-element elementor-element-1b9937e elementor-widget__width-initial elementor-widget elementor-widget-text-editor\" data-id=\"1b9937e\" data-element_type=\"widget\" data-widget_type=\"text-editor.default\">\n\t\t\t\t<div class=\"elementor-widget-container\">\n\t\t\t\t\t\t\t\t\t<table border=\"1\" width=\"100%\" cellspacing=\"0\" cellpadding=\"4\">\n<tbody>\n<tr valign=\"TOP\">\n<td width=\"50%\">\n<p><strong>Nom<\/strong><\/p>\n<\/td>\n<td width=\"50%\">\n<p><strong>Dt. Cem Taze<\/strong><\/p>\n<\/td>\n<\/tr>\n<tr valign=\"TOP\">\n<td width=\"50%\">\n<p><strong>Sp\u00e9cialisation<\/strong><\/p>\n<\/td>\n<td width=\"50%\">\n<p><strong>M\u00e9decin g\u00e9n\u00e9raliste<\/strong><\/p>\n<\/td>\n<\/tr>\n<tr valign=\"TOP\">\n<td width=\"50%\">\n<p><strong>Int\u00e9r\u00eats professionnels<\/strong><\/p>\n<\/td>\n<td width=\"50%\">\n<ul>\n<li>\n<p><strong>Extraction d&rsquo;une dent incluse<\/strong><\/p>\n<\/li>\n<\/ul>\n<ul>\n<li>\n<p><strong>Chirurgie implantaire avanc\u00e9e<\/strong><\/p>\n<\/li>\n<\/ul>\n<ul>\n<li>\n<p><strong>Augmentation osseuse<\/strong><\/p>\n<\/li>\n<\/ul>\n<ul>\n<li>\n<p><strong>Botox et comblement dermique<\/strong><\/p>\n<\/li>\n<\/ul>\n<ul>\n<li>\n<p><strong>Op\u00e9ration du kyste<\/strong><\/p>\n<\/li>\n<\/ul>\n<ul>\n<li>\n<p><strong>Chirurgie des tissus mous<\/strong><\/p>\n<\/li>\n<\/ul>\n<ul>\n<li>\n<p><strong>Chirurgie endodontique<\/strong><\/p>\n<\/li>\n<\/ul>\n<ul>\n<li>\n<p><strong>Bichectomie<\/strong><\/p>\n<\/li>\n<\/ul>\n<\/td>\n<\/tr>\n<tr valign=\"TOP\">\n<td width=\"50%\">\n<p><strong>L&rsquo;\u00e9ducation<\/strong><\/p>\n<\/td>\n<td width=\"50%\">\n<ul>\n<li>\n<p><strong>Universit\u00e9 de Gazi, Facult\u00e9 d&rsquo;odontologie<\/strong><\/p>\n<\/li>\n<li>\n<p><strong>Universit\u00e9 de K\u0131r\u0131kkale, Facult\u00e9 de m\u00e9decine dentaire &#8211; Chirurgie orale et maxillo-faciale<\/strong><\/p>\n<\/li>\n<\/ul>\n<\/td>\n<\/tr>\n<tr valign=\"TOP\">\n<td width=\"50%\">\n<p><strong>Cours\/Symposiums\/Pr\u00e9sentations<\/strong><\/p>\n<\/td>\n<td width=\"50%\">\n<ul>\n<li>\n<p><strong>Cem Taze, \u00d6zkan \u00d6zg\u00fcl, Mustafa Erc\u00fcment \u00d6nder, Umut Tekin, Petek Korkusuz, \u00ab\u00a0Biomimetic Porous Dental Implant Design, In Vivo Evaluation,\u00a0\u00bb Oral Presentation, A\u00c7B\u0130D 15th International Congress, May 11-15, 2022.<\/strong><\/p>\n<\/li>\n<\/ul>\n<ul>\n<li>\n<p><strong>Cyprus American University Continuous Education Application and Research Center \u00ab\u00a0Botox and Dermal Filler Training Course\u00a0\u00bb, 12 mars 2022, Ankara<\/strong><\/p>\n<\/li>\n<\/ul>\n<ul>\n<li>\n<p><strong>Nobel Biocare \u00ab\u00a0All-on-4 Treatment Concept for Fully Edentulous and Potentially Edentulous Patients\u00a0\u00bb, 2 novembre 2019, Ankara<\/strong><\/p>\n<\/li>\n<\/ul>\n<ul>\n<li>\n<p><strong>Bilimimplant \u00ab\u00a0Sinus Lifting, Bone Grafting Techniques, and Implant-Supported Prosthetics\u00a0\u00bb, 6 avril 2019, Ankara<\/strong><\/p>\n<\/li>\n<\/ul>\n<ul>\n<li>\n<p><strong>Nobel Biocare \u00ab\u00a0Alternative Concept Trefoil System for Total Mandibular Edentulism\u00a0\u00bb, 11 novembre 2021, Antalya<\/strong><\/p>\n<\/li>\n<\/ul>\n<ul>\n<li>\n<p><strong>Nobel Biocare \u00ab\u00a0Total Edentulism Solutions\u00a0\u00bb, 6 avril 2019, Ankara<\/strong><\/p>\n<\/li>\n<\/ul>\n<ul>\n<li>\n<p><strong>Dentimplant \u00ab\u00a0Angled Implants from the Perspective of Minimally Invasive Implantology\u00a0\u00bb, 30 novembre 2019, Ankara<\/strong><\/p>\n<\/li>\n<\/ul>\n<ul>\n<li>\n<p><strong>Dentimplant \u00ab\u00a018th Year Dentists Meeting\u00a0\u00bb, 21 octobre 2021, Antalya<\/strong><\/p>\n<\/li>\n<\/ul>\n<ul>\n<li>\n<p><strong>A\u00c7B\u0130D 15e congr\u00e8s international, 11-15 mai 2022<\/strong><\/p>\n<\/li>\n<\/ul>\n<ul>\n<li>\n<p><strong>A\u00c7B\u0130D 14e congr\u00e8s international en ligne, 7-9 mai 2021<\/strong><\/p>\n<\/li>\n<\/ul>\n<\/td>\n<\/tr>\n<tr valign=\"TOP\">\n<td width=\"50%\">\n<p><strong>Publication<\/strong><\/p>\n<\/td>\n<td width=\"50%\">\n<ul>\n<li>\n<p>\u00ab\u00a0Submission Confirmation for Biomimetic Dental Implant Production Using Selective Laser Powder Bed Fusion Melting : R\u00e9sultats in-vitro\u00a0\u00bb<\/p>\n<\/li>\n<\/ul>\n<\/td>\n<\/tr>\n<tr valign=\"TOP\">\n<td width=\"50%\">\n<p><strong>L&rsquo;adh\u00e9sion<\/strong><\/p>\n<\/td>\n<td width=\"50%\">\n<ul>\n<li>\n<p>A\u00c7B\u0130D (Association de chirurgie orale et maxillo-faciale)<\/p>\n<\/li>\n<\/ul>\n<\/td>\n<\/tr>\n<\/tbody>\n<\/table>\n\t\t\t\t\t\t\t\t<\/div>\n\t\t\t\t<\/div>\n\t\t\t\t<\/div>\n\t\t\t\t<\/div>\n\t\t","protected":false},"excerpt":{"rendered":"<p>Dt. Cem Taze Dt. Cem Taze Le Dr Cem Taze est un m\u00e9decin g\u00e9n\u00e9raliste comp\u00e9tent, sp\u00e9cialis\u00e9 dans diverses proc\u00e9dures dentaires avanc\u00e9es. Il s&rsquo;int\u00e9resse notamment \u00e0 l&rsquo;extraction des dents incluses, \u00e0 la chirurgie implantaire avanc\u00e9e, \u00e0 l&rsquo;augmentation osseuse, aux applications de botox et de produits de comblement dermique, aux op\u00e9rations sur les kystes, \u00e0 la chirurgie [&hellip;]<\/p>\n","protected":false},"author":1,"featured_media":0,"parent":16486,"menu_order":0,"comment_status":"closed","ping_status":"closed","template":"elementor_header_footer","meta":{"footnotes":""},"class_list":["post-5910","page","type-page","status-publish","hentry"],"_links":{"self":[{"href":"https:\/\/dentgen.clinic\/fr\/wp-json\/wp\/v2\/pages\/5910","targetHints":{"allow":["GET"]}}],"collection":[{"href":"https:\/\/dentgen.clinic\/fr\/wp-json\/wp\/v2\/pages"}],"about":[{"href":"https:\/\/dentgen.clinic\/fr\/wp-json\/wp\/v2\/types\/page"}],"author":[{"embeddable":true,"href":"https:\/\/dentgen.clinic\/fr\/wp-json\/wp\/v2\/users\/1"}],"replies":[{"embeddable":true,"href":"https:\/\/dentgen.clinic\/fr\/wp-json\/wp\/v2\/comments?post=5910"}],"version-history":[{"count":0,"href":"https:\/\/dentgen.clinic\/fr\/wp-json\/wp\/v2\/pages\/5910\/revisions"}],"up":[{"embeddable":true,"href":"https:\/\/dentgen.clinic\/fr\/wp-json\/wp\/v2\/pages\/16486"}],"wp:attachment":[{"href":"https:\/\/dentgen.clinic\/fr\/wp-json\/wp\/v2\/media?parent=5910"}],"curies":[{"name":"wp","href":"https:\/\/api.w.org\/{rel}","templated":true}]}}