{"id":5939,"date":"2024-06-28T13:20:52","date_gmt":"2024-06-28T10:20:52","guid":{"rendered":"https:\/\/dentgen.clinic\/politique-de-confidentialite-pour-les-employes\/"},"modified":"2024-07-09T16:03:14","modified_gmt":"2024-07-09T13:03:14","slug":"politique-de-confidentialite-pour-les-employes","status":"publish","type":"page","link":"https:\/\/dentgen.clinic\/fr\/politique-de-confidentialite-pour-les-employes\/","title":{"rendered":"Politique de confidentialit\u00e9 pour les employ\u00e9s"},"content":{"rendered":"\t\t<div data-elementor-type=\"wp-page\" data-elementor-id=\"5939\" class=\"elementor elementor-5939 elementor-5475\" data-elementor-post-type=\"page\">\n\t\t\t\t<div class=\"elementor-element elementor-element-3bb41793 e-con-full e-flex e-con e-parent\" data-id=\"3bb41793\" data-element_type=\"container\" data-settings=\"{&quot;background_background&quot;:&quot;classic&quot;,&quot;shape_divider_bottom&quot;:&quot;waves&quot;}\">\n\t\t\t\t<div class=\"elementor-shape elementor-shape-bottom\" aria-hidden=\"true\" data-negative=\"false\">\n\t\t\t<svg xmlns=\"http:\/\/www.w3.org\/2000\/svg\" viewBox=\"0 0 1000 100\" preserveAspectRatio=\"none\">\n\t<path class=\"elementor-shape-fill\" d=\"M421.9,6.5c22.6-2.5,51.5,0.4,75.5,5.3c23.6,4.9,70.9,23.5,100.5,35.7c75.8,32.2,133.7,44.5,192.6,49.7\n\tc23.6,2.1,48.7,3.5,103.4-2.5c54.7-6,106.2-25.6,106.2-25.6V0H0v30.3c0,0,72,32.6,158.4,30.5c39.2-0.7,92.8-6.7,134-22.4\n\tc21.2-8.1,52.2-18.2,79.7-24.2C399.3,7.9,411.6,7.5,421.9,6.5z\"\/>\n<\/svg>\t\t<\/div>\n\t\t\t\t<div class=\"elementor-element elementor-element-4674f152 elementor-invisible elementor-widget elementor-widget-heading\" data-id=\"4674f152\" data-element_type=\"widget\" data-settings=\"{&quot;_animation&quot;:&quot;fadeIn&quot;}\" data-widget_type=\"heading.default\">\n\t\t\t\t<div class=\"elementor-widget-container\">\n\t\t\t\t\t<span class=\"elementor-heading-title elementor-size-default\">Protection des donn\u00e9es personnelles<\/span>\t\t\t\t<\/div>\n\t\t\t\t<\/div>\n\t\t\t\t<\/div>\n\t\t<div class=\"elementor-element elementor-element-431461f e-con-full e-flex e-con e-parent\" data-id=\"431461f\" data-element_type=\"container\">\n\t\t\t\t<div class=\"elementor-element elementor-element-de56660 elementor-widget__width-initial elementor-widget elementor-widget-heading\" data-id=\"de56660\" data-element_type=\"widget\" data-widget_type=\"heading.default\">\n\t\t\t\t<div class=\"elementor-widget-container\">\n\t\t\t\t\t<h1 class=\"elementor-heading-title elementor-size-default\">Avis d'information des employ\u00e9s sur le traitement des donn\u00e9es \u00e0 caract\u00e8re personnel<\/h1>\t\t\t\t<\/div>\n\t\t\t\t<\/div>\n\t\t\t\t<div class=\"elementor-element elementor-element-31acd82 elementor-widget__width-initial elementor-widget elementor-widget-text-editor\" data-id=\"31acd82\" data-element_type=\"widget\" data-widget_type=\"text-editor.default\">\n\t\t\t\t<div class=\"elementor-widget-container\">\n\t\t\t\t\t\t\t\t\t<div class=\"w-full text-token-text-primary\" dir=\"auto\" data-testid=\"conversation-turn-3\" data-scroll-anchor=\"false\">\n<div class=\"py-2 juice:py-[18px] px-3 text-base md:px-4 m-auto md:px-5 lg:px-1 xl:px-5\">\n<div class=\"mx-auto flex flex-1 gap-3 text-base juice:gap-4 juice:md:gap-5 juice:lg:gap-6 md:max-w-3xl lg:max-w-[40rem] xl:max-w-[48rem]\">\n<div class=\"group\/conversation-turn relative flex w-full min-w-0 flex-col agent-turn\">\n<div class=\"flex-col gap-1 md:gap-3\">\n<div class=\"flex flex-grow flex-col max-w-full\">\n<div class=\"min-h-[20px] text-message flex flex-col items-start whitespace-pre-wrap break-words [.text-message+&amp;]:mt-5 juice:w-full juice:items-end overflow-x-auto gap-2\" dir=\"auto\" data-message-author-role=\"assistant\" data-message-id=\"62ddb323-c0a9-48cc-91f1-d7b38cdd434a\">\n<div class=\"flex w-full flex-col gap-1 juice:empty:hidden juice:first:pt-[3px]\">\n<div class=\"markdown prose w-full break-words dark:prose-invert light\">\n<div class=\"flex-1 overflow-hidden\">\n<div class=\"h-full\">\n<div class=\"react-scroll-to-bottom--css-svamb-79elbk h-full\">\n<div class=\"react-scroll-to-bottom--css-svamb-1n7m0yu\">\n<div class=\"flex flex-col text-sm md:pb-9\">\n<div class=\"w-full text-token-text-primary\" dir=\"auto\" data-testid=\"conversation-turn-3\" data-scroll-anchor=\"true\">\n<div class=\"py-2 juice:py-[18px] px-3 text-base md:px-4 m-auto md:px-5 lg:px-1 xl:px-5\">\n<div class=\"mx-auto flex flex-1 gap-3 text-base juice:gap-4 juice:md:gap-5 juice:lg:gap-6 md:max-w-3xl lg:max-w-[40rem] xl:max-w-[48rem]\">\n<div class=\"group\/conversation-turn relative flex w-full min-w-0 flex-col agent-turn\">\n<div class=\"flex-col gap-1 md:gap-3\">\n<div class=\"flex flex-grow flex-col max-w-full\">\n<div class=\"min-h-[20px] text-message flex flex-col items-start whitespace-pre-wrap break-words [.text-message+&amp;]:mt-5 juice:w-full juice:items-end overflow-x-auto gap-2\" dir=\"auto\" data-message-author-role=\"assistant\" data-message-id=\"ed75baa2-951c-4e47-9589-52a83e8be465\">\n<div class=\"flex w-full flex-col gap-1 juice:empty:hidden juice:first:pt-[3px]\">\n<div class=\"markdown prose w-full break-words dark:prose-invert light\">\n<p>\u015eerifali Mah. Miras Sok. \u00c7ankaya Plaza 20\/1 \u00dcmraniye\/ISTANBUL (Dentgen) agit en tant que responsable du traitement des donn\u00e9es. Dans ce contexte, conform\u00e9ment aux principes \u00e9nonc\u00e9s dans la loi sur la protection des donn\u00e9es personnelles n\u00b0 6698 et au communiqu\u00e9 sur les proc\u00e9dures et les principes d&rsquo;ex\u00e9cution de l&rsquo;obligation d&rsquo;information publi\u00e9 au Journal officiel n\u00b0 30356, la pr\u00e9sente note d&rsquo;information a \u00e9t\u00e9 pr\u00e9par\u00e9e pour vous informer sur les m\u00e9thodes de collecte des donn\u00e9es personnelles, les principes et les proc\u00e9dures de traitement, les finalit\u00e9s, la conservation et le transfert des donn\u00e9es personnelles, ainsi que les bases juridiques de l&rsquo;activit\u00e9 de traitement.<\/p>\n<h4>Qu&rsquo;est-ce qu&rsquo;une cat\u00e9gorie sp\u00e9ciale de donn\u00e9es \u00e0 caract\u00e8re personnel ?<\/h4>\n<p>Les donn\u00e9es \u00e0 caract\u00e8re personnel relevant de cat\u00e9gories particuli\u00e8res comprennent les informations relatives \u00e0 la race, \u00e0 l&rsquo;origine ethnique, aux opinions politiques, aux convictions philosophiques, \u00e0 la religion, \u00e0 la secte ou \u00e0 d&rsquo;autres croyances, \u00e0 la tenue vestimentaire, \u00e0 l&rsquo;appartenance \u00e0 des associations, fondations ou syndicats, \u00e0 la sant\u00e9, \u00e0 la vie sexuelle, aux condamnations p\u00e9nales et aux mesures de s\u00e9curit\u00e9, ainsi qu&rsquo;aux donn\u00e9es biom\u00e9triques et g\u00e9n\u00e9tiques d&rsquo;une personne.<\/p>\n<p>Les donn\u00e9es \u00e0 caract\u00e8re personnel appartenant \u00e0 une cat\u00e9gorie sp\u00e9ciale n\u00e9cessitent une protection plus \u00e9lev\u00e9e que les autres cat\u00e9gories de donn\u00e9es ; des informations suppl\u00e9mentaires doivent donc \u00eatre fournies lors du traitement de ces donn\u00e9es.<\/p>\n<h4>Donn\u00e9es \u00e0 caract\u00e8re personnel trait\u00e9es, y compris les donn\u00e9es de cat\u00e9gorie sp\u00e9ciale<\/h4>\n<ol>\n<li>Nom et pr\u00e9nom<\/li>\n<li>Signature, Initiales<\/li>\n<li>Num\u00e9ro d&rsquo;identit\u00e9 nationale<\/li>\n<li>Lieu et date de naissance<\/li>\n<li>Num\u00e9ro de t\u00e9l\u00e9phone<\/li>\n<li>Profession<\/li>\n<li>Informations sur les travaux ant\u00e9rieurs<\/li>\n<li>Photographie<\/li>\n<li>L&rsquo;\u00e2ge<\/li>\n<li>Niveau d&rsquo;\u00e9ducation<\/li>\n<li>\u00c9tat civil<\/li>\n<li>Adresse du domicile<\/li>\n<li>Informations sur le traitement<\/li>\n<li>Informations sur le handicap<\/li>\n<li>Genre<\/li>\n<li>Rapport sur la sant\u00e9 de l&#8217;emploi<\/li>\n<li>Informations sur le groupe sanguin<\/li>\n<li>Informations sur les maladies chroniques<\/li>\n<li>Informations sur le t\u00e9tanos et l&rsquo;h\u00e9patite<\/li>\n<li>Information sur les maladies li\u00e9es \u00e0 la vaccination<\/li>\n<li>Informations sur la vaccination<\/li>\n<li>Information sur les plaintes relatives \u00e0 la maladie<\/li>\n<li>Informations sur les ant\u00e9c\u00e9dents m\u00e9dicaux<\/li>\n<li>Information sur les plaintes m\u00e9dicales<\/li>\n<li>Informations sur les maladies<\/li>\n<li>Informations sur la chirurgie<\/li>\n<li>Informations sur les maladies professionnelles<\/li>\n<li>Informations sur les tests\/examens<\/li>\n<li>Informations sur la consommation de tabac ou d&rsquo;alcool<\/li>\n<li>Informations sur les m\u00e9dicaments<\/li>\n<li>Rapport sur la sant\u00e9<\/li>\n<li>Images de vid\u00e9osurveillance<\/li>\n<\/ol>\n<h4>Finalit\u00e9 du traitement de vos donn\u00e9es personnelles<\/h4>\n<p>Vos donn\u00e9es personnelles \u00e9num\u00e9r\u00e9es aux points 1 \u00e0 15 sont collect\u00e9es et trait\u00e9es par Dentgen en raison des obligations d\u00e9coulant de la loi sur le travail et dans le cadre de ses droits.<\/p>\n<p>Vos donn\u00e9es personnelles de cat\u00e9gorie sp\u00e9ciale relatives \u00e0 la sant\u00e9, \u00e9num\u00e9r\u00e9es aux points 16 \u00e0 31, sont trait\u00e9es dans le but de mener des activit\u00e9s de sant\u00e9\/s\u00e9curit\u00e9 au travail, de mener des activit\u00e9s d&rsquo;audit\/\u00e9thique, de garantir que les activit\u00e9s sont men\u00e9es conform\u00e9ment \u00e0 la l\u00e9gislation, de mener des activit\u00e9s d&rsquo;audit interne, d&rsquo;enqu\u00eate et de renseignement, de fournir des informations aux personnes, institutions et organisations autoris\u00e9es, de mener des activit\u00e9s de gestion, de remplir les obligations d\u00e9coulant des contrats de travail et de la l\u00e9gislation pour les employ\u00e9s, d&rsquo;exercer le droit de l&#8217;employeur \u00e0 l&rsquo;audit, et remplir les obligations d\u00e9coulant du droit du travail et des contrats, sur la base du motif juridique sp\u00e9cifi\u00e9 \u00e0 l&rsquo;article 6 de la loi sur la protection des donn\u00e9es personnelles, qui stipule que les donn\u00e9es personnelles relatives \u00e0 la sant\u00e9 et \u00e0 la vie sexuelle peuvent \u00eatre trait\u00e9es sans le consentement explicite de l&rsquo;individu concern\u00e9 par des personnes ou des institutions et organisations autoris\u00e9es soumises \u00e0 des obligations de confidentialit\u00e9, dans le but de prot\u00e9ger la sant\u00e9 publique, d&rsquo;assurer la m\u00e9decine pr\u00e9ventive, le diagnostic m\u00e9dical, le traitement et les services de soins, de planifier et de g\u00e9rer les services de sant\u00e9 et leur financement, et uniquement \u00e0 ces fins.<\/p>\n<p>Les images de t\u00e9l\u00e9vision en circuit ferm\u00e9 \u00e9num\u00e9r\u00e9es au point 32 sont trait\u00e9es dans le but de contr\u00f4ler les processus op\u00e9rationnels, d&rsquo;assurer et de surveiller la sant\u00e9 et la s\u00e9curit\u00e9 au travail et de garantir la s\u00e9curit\u00e9 du lieu de travail, du mat\u00e9riel et du centre de sant\u00e9 dentaire. Il n&rsquo;y a pas d&rsquo;enregistrement audio. Les zones o\u00f9 la vid\u00e9osurveillance est enregistr\u00e9e sont \u00e9num\u00e9r\u00e9es ci-dessous. Les enregistrements ne sont pas effectu\u00e9s dans les zones priv\u00e9es telles que les toilettes ou les vestiaires. Ces enregistrements sont conserv\u00e9s pendant 20 jours, sauf obligation l\u00e9gale, apr\u00e8s quoi ils sont \u00e9cras\u00e9s et d\u00e9truits. Si cela s&rsquo;av\u00e8re n\u00e9cessaire pour des inspections sur le lieu de travail ou des obligations l\u00e9gales, ces enregistrements peuvent \u00eatre fournis aux autorit\u00e9s autoris\u00e9es, mais ne sont pas partag\u00e9s avec des tiers en dehors de la n\u00e9cessit\u00e9.<\/p>\n<h4>M\u00e9thodes de collecte de vos donn\u00e9es personnelles<\/h4>\n<p>Les images de vid\u00e9osurveillance sont collect\u00e9es par des cam\u00e9ras situ\u00e9es dans diff\u00e9rentes zones du centre de sant\u00e9 dentaire. Les zones o\u00f9 la vid\u00e9osurveillance est enregistr\u00e9e sont \u00e9num\u00e9r\u00e9es ci-dessous. Vos donn\u00e9es personnelles relatives \u00e0 la sant\u00e9 sont collect\u00e9es par le biais de correspondances, de formulaires imprim\u00e9s et \u00e9lectroniques, de contrats et de rapports \u00e9tablis \u00e0 la suite d&rsquo;examens effectu\u00e9s par le m\u00e9decin du travail.<\/p>\n<h4>Principes et bases juridiques du traitement et du transfert de vos donn\u00e9es \u00e0 caract\u00e8re personnel<\/h4>\n<p>Vos donn\u00e9es personnelles sont trait\u00e9es et transf\u00e9r\u00e9es conform\u00e9ment aux principes \u00e9num\u00e9r\u00e9s ci-dessous :<\/p>\n<ul>\n<li>Respect de la loi et des r\u00e8gles d&rsquo;honn\u00eatet\u00e9<\/li>\n<li>Pr\u00e9cision et mise \u00e0 jour si n\u00e9cessaire<\/li>\n<li>Traitement pour des finalit\u00e9s d\u00e9termin\u00e9es, explicites et l\u00e9gitimes<\/li>\n<li>\u00eatre pertinentes, limit\u00e9es et proportionn\u00e9es aux finalit\u00e9s pour lesquelles elles sont trait\u00e9es<\/li>\n<li>\u00eatre conserv\u00e9es pendant la p\u00e9riode requise par la l\u00e9gislation applicable ou aux fins pour lesquelles elles sont trait\u00e9es<\/li>\n<\/ul>\n<p>Les raisons du traitement de vos donn\u00e9es personnelles sont simplement expliqu\u00e9es ci-dessus. Toutefois, des informations g\u00e9n\u00e9rales sur le traitement des donn\u00e9es \u00e0 caract\u00e8re personnel sont fournies dans cette section. Le traitement des donn\u00e9es \u00e0 caract\u00e8re personnel peut \u00eatre justifi\u00e9 par une ou plusieurs des raisons suivantes :<\/p>\n<ul>\n<li>Le consentement explicite de la personne concern\u00e9e<\/li>\n<li>Stipulation explicite dans les lois<\/li>\n<li>la n\u00e9cessit\u00e9 de prot\u00e9ger la vie ou l&rsquo;int\u00e9grit\u00e9 physique de la personne concern\u00e9e ou d&rsquo;une autre personne qui n&rsquo;est pas en mesure de donner son consentement en raison d&rsquo;une impossibilit\u00e9 r\u00e9elle ou dont le consentement n&rsquo;est pas juridiquement valable<\/li>\n<li>la n\u00e9cessit\u00e9 de traiter les donn\u00e9es \u00e0 caract\u00e8re personnel des parties \u00e0 un contrat, \u00e0 condition que ce traitement soit directement li\u00e9 \u00e0 l&rsquo;\u00e9tablissement ou \u00e0 l&rsquo;ex\u00e9cution du contrat<\/li>\n<li>La n\u00e9cessit\u00e9 pour le responsable du traitement de remplir ses obligations l\u00e9gales<\/li>\n<li>La personne concern\u00e9e a rendu les donn\u00e9es publiques<\/li>\n<li>La n\u00e9cessit\u00e9 du traitement des donn\u00e9es pour la constatation, l&rsquo;exercice ou la protection d&rsquo;un droit<\/li>\n<li>La n\u00e9cessit\u00e9 du traitement des donn\u00e9es pour les int\u00e9r\u00eats l\u00e9gitimes du responsable du traitement, \u00e0 condition qu&rsquo;il ne porte pas atteinte aux libert\u00e9s et droits fondamentaux de la personne concern\u00e9e.<\/li>\n<\/ul>\n<p>Dans ce contexte, l&#8217;employeur peut traiter vos donn\u00e9es \u00e0 caract\u00e8re personnel pour des raisons qui ne sont pas explicitement mentionn\u00e9es ci-dessus, conform\u00e9ment aux circonstances et aux conditions de la situation. Toutefois, cette activit\u00e9 de traitement sera limit\u00e9e \u00e0 la n\u00e9cessit\u00e9 d\u00e9coulant du cadre juridique et des objectifs l\u00e9gitimes, et lorsque la n\u00e9cessit\u00e9 de traiter les donn\u00e9es \u00e0 caract\u00e8re personnel cessera, vos donn\u00e9es seront d\u00e9truites.<\/p>\n<h4>Destinataires des donn\u00e9es \u00e0 caract\u00e8re personnel<\/h4>\n<p>Vos donn\u00e9es personnelles sont transf\u00e9r\u00e9es \u00e0 :<\/p>\n<ul>\n<li>les minist\u00e8res, l&rsquo;institution de la s\u00e9curit\u00e9 sociale et le m\u00e9decin du travail, afin de s&rsquo;assurer que les activit\u00e9s sont men\u00e9es conform\u00e9ment \u00e0 la l\u00e9gislation et de fournir des informations aux personnes, institutions et organisations autoris\u00e9es.<\/li>\n<li>Le cabinet d&rsquo;avocats charg\u00e9 de suivre et de conduire les affaires juridiques<\/li>\n<li>les patients, fournisseurs et compagnies d&rsquo;assurance nationaux et \u00e9trangers concern\u00e9s, si votre fonction l&rsquo;exige, \u00e0 condition que les mesures n\u00e9cessaires soient prises<\/li>\n<li>L&rsquo;entreprise de s\u00e9curit\u00e9, si n\u00e9cessaire<\/li>\n<\/ul>\n<h4>P\u00e9riode de conservation des donn\u00e9es \u00e0 caract\u00e8re personnel<\/h4>\n<p>Vos donn\u00e9es personnelles sont conserv\u00e9es pendant 5 ans \u00e0 compter de la date de cessation de votre emploi, sauf disposition l\u00e9gale contraire.<\/p>\n<h4>Droits de la personne concern\u00e9e<\/h4>\n<p>En vertu de la loi sur la protection des donn\u00e9es \u00e0 caract\u00e8re personnel et de la l\u00e9gislation pertinente, vous avez le droit :<\/p>\n<ul>\n<li>Savoir si vos donn\u00e9es personnelles sont trait\u00e9es<\/li>\n<li>Demander des informations si vos donn\u00e9es personnelles ont \u00e9t\u00e9 trait\u00e9es<\/li>\n<li>Apprenez la finalit\u00e9 du traitement de vos donn\u00e9es personnelles et v\u00e9rifiez si elles sont utilis\u00e9es conform\u00e9ment \u00e0 cette finalit\u00e9<\/li>\n<li>Conna\u00eetre les tiers auxquels vos donn\u00e9es \u00e0 caract\u00e8re personnel sont transf\u00e9r\u00e9es, tant au niveau national qu&rsquo;\u00e0 l&rsquo;\u00e9tranger<\/li>\n<li>Demander la correction de vos donn\u00e9es personnelles si elles sont incompl\u00e8tes ou trait\u00e9es de mani\u00e8re incorrecte<\/li>\n<li>demander l&rsquo;effacement ou la destruction de vos donn\u00e9es \u00e0 caract\u00e8re personnel dans les conditions pr\u00e9vues par la l\u00e9gislation pertinente<\/li>\n<li>demander la notification de la correction, de l&rsquo;effacement ou de la destruction \u00e0 des tiers auxquels vos donn\u00e9es \u00e0 caract\u00e8re personnel ont \u00e9t\u00e9 transf\u00e9r\u00e9es<\/li>\n<li>S&rsquo;opposer au traitement de vos donn\u00e9es personnelles s&rsquo;il a des cons\u00e9quences n\u00e9gatives pour vous.<\/li>\n<li>Demander des dommages et int\u00e9r\u00eats si vous subissez un pr\u00e9judice en raison d&rsquo;un traitement ill\u00e9gal de vos donn\u00e9es \u00e0 caract\u00e8re personnel<\/li>\n<\/ul>\n<h4>Proc\u00e9dures de candidature<\/h4>\n<p>Vous pouvez envoyer votre demande et vos requ\u00eates concernant vos donn\u00e9es personnelles en envoyant une p\u00e9tition sign\u00e9e par courrier ou par voie \u00e9lectronique. La p\u00e9tition doit comporter votre nom, votre pr\u00e9nom, votre signature (si elle est \u00e9crite), votre num\u00e9ro national d&rsquo;identit\u00e9, l&rsquo;adresse de notification, le cas \u00e9ch\u00e9ant, votre adresse \u00e9lectronique, vos num\u00e9ros de t\u00e9l\u00e9phone et de t\u00e9l\u00e9copie, ainsi que l&rsquo;objet de la demande. Les documents relatifs au sujet doivent \u00eatre joints \u00e0 la requ\u00eate. La demande doit porter sur les donn\u00e9es personnelles du demandeur ; s&rsquo;il agit pour le compte de quelqu&rsquo;un d&rsquo;autre, le demandeur doit disposer d&rsquo;une autorisation sp\u00e9ciale (procuration sp\u00e9ciale) et documenter cette autorisation. La demande doit comprendre des informations sur l&rsquo;identit\u00e9 et l&rsquo;adresse ainsi que des documents prouvant l&rsquo;identit\u00e9. Les demandes faites par des tiers non autoris\u00e9s au nom d&rsquo;autres personnes ne seront pas prises en consid\u00e9ration.<\/p>\n<p>La date de la demande est la date \u00e0 laquelle les demandes \u00e9crites sont notifi\u00e9es au responsable du traitement. Pour les demandes effectu\u00e9es par d&rsquo;autres moyens, la date de la demande est la date \u00e0 laquelle la demande parvient au responsable du traitement.<\/p>\n<p>Vous pouvez envoyer votre candidature \u00e9crite \u00e0 \u015eerifali Mah. Miras Sok. \u00c7ankaya Plaza 20\/1 \u00dcmraniye\/ISTANBUL ou vous rendre en personne \u00e0 cette adresse pour d\u00e9poser votre candidature.<\/p>\n<p>Vous pouvez signer votre demande \u00e9lectroniquement \u00e0 l&rsquo;aide d&rsquo;une signature mobile ou d&rsquo;une signature \u00e9lectronique s\u00e9curis\u00e9e et l&rsquo;envoyer \u00e0 <a rel=\"noreferrer\">info@dentgen.com.tr<\/a> ou l&rsquo;envoyer par courrier \u00e9lectronique recommand\u00e9 (KEP) \u00e0 <a rel=\"noreferrer\">sttadsm@hs01.kep.tr<\/a> \u00e0 l&rsquo;aide d&rsquo;une signature \u00e9lectronique s\u00e9curis\u00e9e ou d&rsquo;une signature mobile.<\/p>\n<h4>D\u00e9lai de r\u00e9ponse et frais de dossier<\/h4>\n<p>Les demandes relatives \u00e0 vos donn\u00e9es personnelles seront \u00e9valu\u00e9es et trait\u00e9es dans un d\u00e9lai de 30 jours \u00e0 compter de la date \u00e0 laquelle nous les recevons. Si votre demande fait l&rsquo;objet d&rsquo;une \u00e9valuation n\u00e9gative, les raisons du refus seront envoy\u00e9es \u00e0 l&rsquo;adresse que vous avez fournie dans la demande par courrier \u00e9lectronique, par la poste ou par d&rsquo;autres moyens de communication.<\/p>\n<p>Si la r\u00e9ponse \u00e0 votre demande est fournie par \u00e9crit, il n&rsquo;y aura pas de frais pour un maximum de dix pages. Des frais de traitement de 1 livre turque peuvent \u00eatre factur\u00e9s pour chaque page au-del\u00e0 de dix pages. Si la r\u00e9ponse est fournie sur un CD, une cl\u00e9 USB ou un autre support d&rsquo;enregistrement, le responsable du traitement des donn\u00e9es peut demander une redevance ne d\u00e9passant pas le co\u00fbt du support d&rsquo;enregistrement.<\/p>\n<h4>Zones d&rsquo;enregistrement de la vid\u00e9osurveillance<\/h4>\n<ol>\n<li>Entr\u00e9e du b\u00e2timent<\/li>\n<li>Salle d&rsquo;attente pour les patients<\/li>\n<li>Zone d&rsquo;enregistrement des patients<\/li>\n<li>Corridors<\/li>\n<li>Salle \u00e0 manger<\/li>\n<\/ol>\n<\/div>\n<\/div>\n<\/div>\n<\/div>\n<\/div>\n<\/div>\n<\/div>\n<\/div>\n<\/div>\n<\/div>\n<\/div>\n<\/div>\n<\/div>\n<\/div>\n<\/div>\n<\/div>\n<\/div>\n<\/div>\n<\/div>\n<\/div>\n<\/div>\n<\/div>\n<\/div>\n\t\t\t\t\t\t\t\t<\/div>\n\t\t\t\t<\/div>\n\t\t\t\t<\/div>\n\t\t\t\t<\/div>\n\t\t","protected":false},"excerpt":{"rendered":"<p>Protection des donn\u00e9es personnelles Avis d&rsquo;information des employ\u00e9s sur le traitement des donn\u00e9es \u00e0 caract\u00e8re personnel \u015eerifali Mah. Miras Sok. \u00c7ankaya Plaza 20\/1 \u00dcmraniye\/ISTANBUL (Dentgen) agit en tant que responsable du traitement des donn\u00e9es. Dans ce contexte, conform\u00e9ment aux principes \u00e9nonc\u00e9s dans la loi sur la protection des donn\u00e9es personnelles n\u00b0 6698 et au communiqu\u00e9 [&hellip;]<\/p>\n","protected":false},"author":1,"featured_media":0,"parent":0,"menu_order":0,"comment_status":"closed","ping_status":"closed","template":"elementor_header_footer","meta":{"footnotes":""},"class_list":["post-5939","page","type-page","status-publish","hentry"],"_links":{"self":[{"href":"https:\/\/dentgen.clinic\/fr\/wp-json\/wp\/v2\/pages\/5939","targetHints":{"allow":["GET"]}}],"collection":[{"href":"https:\/\/dentgen.clinic\/fr\/wp-json\/wp\/v2\/pages"}],"about":[{"href":"https:\/\/dentgen.clinic\/fr\/wp-json\/wp\/v2\/types\/page"}],"author":[{"embeddable":true,"href":"https:\/\/dentgen.clinic\/fr\/wp-json\/wp\/v2\/users\/1"}],"replies":[{"embeddable":true,"href":"https:\/\/dentgen.clinic\/fr\/wp-json\/wp\/v2\/comments?post=5939"}],"version-history":[{"count":0,"href":"https:\/\/dentgen.clinic\/fr\/wp-json\/wp\/v2\/pages\/5939\/revisions"}],"wp:attachment":[{"href":"https:\/\/dentgen.clinic\/fr\/wp-json\/wp\/v2\/media?parent=5939"}],"curies":[{"name":"wp","href":"https:\/\/api.w.org\/{rel}","templated":true}]}}