{"id":8723,"date":"2024-08-02T16:36:25","date_gmt":"2024-08-02T13:36:25","guid":{"rendered":"https:\/\/dentgen.clinic\/dr-fatima-kubra-omeroglu\/"},"modified":"2025-03-26T14:06:33","modified_gmt":"2025-03-26T11:06:33","slug":"dr-fatima-kubra-omeroglu","status":"publish","type":"page","link":"https:\/\/dentgen.clinic\/fr\/dentistes\/dr-fatima-kubra-omeroglu\/","title":{"rendered":"Dr. Fat\u0131ma K\u00fcbra \u00d6mero\u011flu"},"content":{"rendered":"\t\t<div data-elementor-type=\"wp-page\" data-elementor-id=\"8723\" class=\"elementor elementor-8723 elementor-8668\" data-elementor-post-type=\"page\">\n\t\t\t\t<div class=\"elementor-element elementor-element-3bb41793 e-con-full e-flex e-con e-parent\" data-id=\"3bb41793\" data-element_type=\"container\" data-settings=\"{&quot;background_background&quot;:&quot;classic&quot;,&quot;shape_divider_bottom&quot;:&quot;waves&quot;}\">\n\t\t\t\t<div class=\"elementor-shape elementor-shape-bottom\" aria-hidden=\"true\" data-negative=\"false\">\n\t\t\t<svg xmlns=\"http:\/\/www.w3.org\/2000\/svg\" viewBox=\"0 0 1000 100\" preserveAspectRatio=\"none\">\n\t<path class=\"elementor-shape-fill\" d=\"M421.9,6.5c22.6-2.5,51.5,0.4,75.5,5.3c23.6,4.9,70.9,23.5,100.5,35.7c75.8,32.2,133.7,44.5,192.6,49.7\n\tc23.6,2.1,48.7,3.5,103.4-2.5c54.7-6,106.2-25.6,106.2-25.6V0H0v30.3c0,0,72,32.6,158.4,30.5c39.2-0.7,92.8-6.7,134-22.4\n\tc21.2-8.1,52.2-18.2,79.7-24.2C399.3,7.9,411.6,7.5,421.9,6.5z\"\/>\n<\/svg>\t\t<\/div>\n\t\t\t\t<div class=\"elementor-element elementor-element-4674f152 elementor-invisible elementor-widget elementor-widget-heading\" data-id=\"4674f152\" data-element_type=\"widget\" data-settings=\"{&quot;_animation&quot;:&quot;fadeIn&quot;}\" data-widget_type=\"heading.default\">\n\t\t\t\t<div class=\"elementor-widget-container\">\n\t\t\t\t\t<span class=\"elementor-heading-title elementor-size-default\">Dr. Fat\u0131ma K\u00fcbra \u00d6mero\u011flu<\/span>\t\t\t\t<\/div>\n\t\t\t\t<\/div>\n\t\t\t\t<\/div>\n\t\t<div class=\"elementor-element elementor-element-45b1b46c e-con-full e-flex e-con e-parent\" data-id=\"45b1b46c\" data-element_type=\"container\" data-settings=\"{&quot;background_background&quot;:&quot;classic&quot;}\">\n\t\t<div class=\"elementor-element elementor-element-7c357568 e-con-full e-flex e-con e-child\" data-id=\"7c357568\" data-element_type=\"container\">\n\t\t\t\t<div class=\"elementor-element elementor-element-7990810f elementor-widget elementor-widget-heading\" data-id=\"7990810f\" data-element_type=\"widget\" data-widget_type=\"heading.default\">\n\t\t\t\t<div class=\"elementor-widget-container\">\n\t\t\t\t\t<h2 class=\"elementor-heading-title elementor-size-default\">Dr. Fat\u0131ma K\u00fcbra \u00d6mero\u011flu<\/h2>\t\t\t\t<\/div>\n\t\t\t\t<\/div>\n\t\t\t\t<div class=\"elementor-element elementor-element-a9d18c5 elementor-invisible elementor-widget elementor-widget-text-editor\" data-id=\"a9d18c5\" data-element_type=\"widget\" data-settings=\"{&quot;_animation&quot;:&quot;fadeIn&quot;,&quot;_animation_delay&quot;:200}\" data-widget_type=\"text-editor.default\">\n\t\t\t\t<div class=\"elementor-widget-container\">\n\t\t\t\t\t\t\t\t\t<div class=\"flex flex-grow flex-col max-w-full\">\n<div class=\"min-h-[20px] text-message flex flex-col items-start whitespace-pre-wrap break-words [.text-message+&amp;]:mt-5 juice:w-full juice:items-end overflow-x-auto gap-2\" dir=\"auto\" data-message-author-role=\"assistant\" data-message-id=\"ba6a38ec-ed7b-4c25-a406-11a3949dadbb\">\n<div class=\"flex w-full flex-col gap-1 juice:empty:hidden juice:first:pt-[3px]\">\n<div class=\"markdown prose w-full break-words dark:prose-invert light\">\n<div class=\"flex flex-grow flex-col max-w-full\">\n<div class=\"min-h-[20px] text-message flex w-full flex-col items-end gap-2 whitespace-pre-wrap break-words [.text-message+&amp;]:mt-5 overflow-x-auto\" dir=\"auto\" data-message-author-role=\"assistant\" data-message-id=\"2ba6405e-f2cf-4a4c-836b-54981afbde04\">\n<div class=\"flex w-full flex-col gap-1 empty:hidden first:pt-[3px]\">\n<div class=\"markdown prose w-full break-words dark:prose-invert light\">\n<p>Fat\u0131ma K\u00fcbra \u00d6mero\u011flu est une anesth\u00e9siste hautement qualifi\u00e9e, sp\u00e9cialis\u00e9e dans l&rsquo;anesth\u00e9sie et s&rsquo;int\u00e9ressant particuli\u00e8rement \u00e0 l&rsquo;anesth\u00e9sie r\u00e9gionale.<br \/>\nElle a obtenu sa licence en m\u00e9decine \u00e0 l&rsquo;universit\u00e9 d&rsquo;Uluda\u011f et a compl\u00e9t\u00e9 sa ma\u00eetrise en anesth\u00e9siologie et r\u00e9animation \u00e0 l&rsquo;h\u00f4pital de formation et de recherche de Kartal.<br \/>\nLe Dr \u00d6mero\u011flu a perfectionn\u00e9 son expertise dans le cadre de divers s\u00e9minaires et cours, notamment le cours sur les soins intensifs multicritiques, le cours sur l&rsquo;anesth\u00e9sie r\u00e9gionale guid\u00e9e par ultrasons, le congr\u00e8s sur l&rsquo;anesth\u00e9sie r\u00e9gionale et le cours sur la ventilation m\u00e9canique.<br \/>\nElle est membre actif de plusieurs organisations professionnelles, dont l&rsquo;Association m\u00e9dicale turque, la Soci\u00e9t\u00e9 turque d&rsquo;anesth\u00e9siologie, la Soci\u00e9t\u00e9 turque de soins intensifs et la Soci\u00e9t\u00e9 turque d&rsquo;anesth\u00e9sie r\u00e9gionale.   <\/p>\n<\/div>\n<\/div>\n<\/div>\n<\/div>\n<\/div>\n<\/div>\n<\/div>\n<\/div>\n\t\t\t\t\t\t\t\t<\/div>\n\t\t\t\t<\/div>\n\t\t\t\t<div class=\"elementor-element elementor-element-45e8d990 elementor-align-center elementor-invisible elementor-widget elementor-widget-button\" data-id=\"45e8d990\" data-element_type=\"widget\" data-settings=\"{&quot;_animation&quot;:&quot;fadeIn&quot;,&quot;_animation_delay&quot;:400}\" data-widget_type=\"button.default\">\n\t\t\t\t<div class=\"elementor-widget-container\">\n\t\t\t\t\t\t\t\t\t<div class=\"elementor-button-wrapper\">\n\t\t\t\t\t<a class=\"elementor-button elementor-button-link elementor-size-sm\" href=\"#name\">\n\t\t\t\t\t\t<span class=\"elementor-button-content-wrapper\">\n\t\t\t\t\t\t<span class=\"elementor-button-icon\">\n\t\t\t\t<svg aria-hidden=\"true\" class=\"e-font-icon-svg e-fas-arrow-alt-circle-down\" viewBox=\"0 0 512 512\" xmlns=\"http:\/\/www.w3.org\/2000\/svg\"><path d=\"M504 256c0 137-111 248-248 248S8 393 8 256 119 8 256 8s248 111 248 248zM212 140v116h-70.9c-10.7 0-16.1 13-8.5 20.5l114.9 114.3c4.7 4.7 12.2 4.7 16.9 0l114.9-114.3c7.6-7.6 2.2-20.5-8.5-20.5H300V140c0-6.6-5.4-12-12-12h-64c-6.6 0-12 5.4-12 12z\"><\/path><\/svg>\t\t\t<\/span>\n\t\t\t\t\t\t\t\t\t<span class=\"elementor-button-text\">CV de r\u00e9vision<\/span>\n\t\t\t\t\t<\/span>\n\t\t\t\t\t<\/a>\n\t\t\t\t<\/div>\n\t\t\t\t\t\t\t\t<\/div>\n\t\t\t\t<\/div>\n\t\t\t\t<\/div>\n\t\t<div class=\"elementor-element elementor-element-743123aa e-con-full e-flex e-con e-child\" data-id=\"743123aa\" data-element_type=\"container\" data-settings=\"{&quot;background_background&quot;:&quot;classic&quot;}\">\n\t\t\t\t<div class=\"elementor-element elementor-element-45884666 elementor-invisible elementor-widget elementor-widget-image\" data-id=\"45884666\" data-element_type=\"widget\" data-settings=\"{&quot;_animation&quot;:&quot;zoomIn&quot;}\" data-widget_type=\"image.default\">\n\t\t\t\t<div class=\"elementor-widget-container\">\n\t\t\t\t\t\t\t\t\t\t\t\t\t\t\t<img fetchpriority=\"high\" decoding=\"async\" width=\"1000\" height=\"1779\" src=\"https:\/\/dentgen.clinic\/wp-content\/uploads\/2024\/06\/1-2-1-1-1-1-1-1-1.jpg\" class=\"attachment-full size-full wp-image-3823\" alt=\"\" srcset=\"https:\/\/dentgen.clinic\/wp-content\/uploads\/2024\/06\/1-2-1-1-1-1-1-1-1.jpg 1000w, https:\/\/dentgen.clinic\/wp-content\/uploads\/2024\/06\/1-2-1-1-1-1-1-1-1-169x300.jpg 169w, https:\/\/dentgen.clinic\/wp-content\/uploads\/2024\/06\/1-2-1-1-1-1-1-1-1-576x1024.jpg 576w, https:\/\/dentgen.clinic\/wp-content\/uploads\/2024\/06\/1-2-1-1-1-1-1-1-1-768x1366.jpg 768w, https:\/\/dentgen.clinic\/wp-content\/uploads\/2024\/06\/1-2-1-1-1-1-1-1-1-863x1536.jpg 863w\" sizes=\"(max-width: 1000px) 100vw, 1000px\" \/>\t\t\t\t\t\t\t\t\t\t\t\t\t\t\t<\/div>\n\t\t\t\t<\/div>\n\t\t\t\t<\/div>\n\t\t\t\t<\/div>\n\t\t<div class=\"elementor-element elementor-element-51322a4 e-con-full e-flex e-con e-child\" data-id=\"51322a4\" data-element_type=\"container\" id=\"name\" data-settings=\"{&quot;background_background&quot;:&quot;classic&quot;,&quot;shape_divider_bottom&quot;:&quot;waves&quot;,&quot;shape_divider_top&quot;:&quot;waves&quot;}\">\n\t\t\t\t<div class=\"elementor-shape elementor-shape-top\" aria-hidden=\"true\" data-negative=\"false\">\n\t\t\t<svg xmlns=\"http:\/\/www.w3.org\/2000\/svg\" viewBox=\"0 0 1000 100\" preserveAspectRatio=\"none\">\n\t<path class=\"elementor-shape-fill\" d=\"M421.9,6.5c22.6-2.5,51.5,0.4,75.5,5.3c23.6,4.9,70.9,23.5,100.5,35.7c75.8,32.2,133.7,44.5,192.6,49.7\n\tc23.6,2.1,48.7,3.5,103.4-2.5c54.7-6,106.2-25.6,106.2-25.6V0H0v30.3c0,0,72,32.6,158.4,30.5c39.2-0.7,92.8-6.7,134-22.4\n\tc21.2-8.1,52.2-18.2,79.7-24.2C399.3,7.9,411.6,7.5,421.9,6.5z\"\/>\n<\/svg>\t\t<\/div>\n\t\t\t\t<div class=\"elementor-shape elementor-shape-bottom\" aria-hidden=\"true\" data-negative=\"false\">\n\t\t\t<svg xmlns=\"http:\/\/www.w3.org\/2000\/svg\" viewBox=\"0 0 1000 100\" preserveAspectRatio=\"none\">\n\t<path class=\"elementor-shape-fill\" d=\"M421.9,6.5c22.6-2.5,51.5,0.4,75.5,5.3c23.6,4.9,70.9,23.5,100.5,35.7c75.8,32.2,133.7,44.5,192.6,49.7\n\tc23.6,2.1,48.7,3.5,103.4-2.5c54.7-6,106.2-25.6,106.2-25.6V0H0v30.3c0,0,72,32.6,158.4,30.5c39.2-0.7,92.8-6.7,134-22.4\n\tc21.2-8.1,52.2-18.2,79.7-24.2C399.3,7.9,411.6,7.5,421.9,6.5z\"\/>\n<\/svg>\t\t<\/div>\n\t\t\t\t<div class=\"elementor-element elementor-element-1b9937e elementor-widget elementor-widget-text-editor\" data-id=\"1b9937e\" data-element_type=\"widget\" data-widget_type=\"text-editor.default\">\n\t\t\t\t<div class=\"elementor-widget-container\">\n\t\t\t\t\t\t\t\t\t<table border=\"1\" width=\"100%\" cellspacing=\"0\" cellpadding=\"4\">\n<tbody>\n<tr valign=\"TOP\">\n<td width=\"50%\">\n<p><strong><span style=\"font-size: medium;\">Nom<\/span><\/strong><\/p>\n<\/td>\n<td width=\"50%\">\n<p><span style=\"font-size: medium;\">Dr. Fat\u0131ma K\u00fcbra \u00d6mero\u011flu  <\/span><\/p>\n<\/td>\n<\/tr>\n<tr valign=\"TOP\">\n<td width=\"50%\">\n<p><strong><span style=\"font-size: medium;\">Sp\u00e9cialisation<\/span><\/strong><\/p>\n<\/td>\n<td width=\"50%\">\n<p><span style=\"font-size: medium;\">Anesth\u00e9siste (sp\u00e9cialiste de l&rsquo;anesth\u00e9sie))<\/span><\/p>\n<\/td>\n<\/tr>\n<tr valign=\"TOP\">\n<td width=\"50%\">\n<p><strong><span style=\"font-size: medium;\">Int\u00e9r\u00eat<\/span><\/strong><\/p>\n<\/td>\n<td width=\"50%\">\n<p><span style=\"font-size: medium;\">Anesth\u00e9sie r\u00e9gionale<\/span><\/p>\n<\/td>\n<\/tr>\n<tr valign=\"TOP\">\n<td width=\"50%\">\n<p><strong><span style=\"font-size: medium;\">L&rsquo;\u00e9ducation<\/span><\/strong><\/p>\n<\/td>\n<td width=\"50%\">\n<ul>\n<li>\n<p><span style=\"font-size: medium;\">Universit\u00e9 d&rsquo;Uluda\u011f<\/span><span style=\"font-size: medium;\"> Licence en m\u00e9decine,<\/span><\/p>\n<\/li>\n<li>\n<p><span style=\"font-size: medium;\">H\u00f4pital de formation et de recherche de Kartal<\/span><span style=\"font-size: medium;\"> Ma\u00eetrise en anesth\u00e9siologie et r\u00e9animation.<\/span><\/p>\n<\/li>\n<\/ul>\n<\/td>\n<\/tr>\n<tr valign=\"TOP\">\n<td width=\"50%\">\n<p><strong><span style=\"font-size: medium;\">S\u00e9minaires et cours<\/span><\/strong><\/p>\n<\/td>\n<td width=\"50%\">\n<ul>\n<li>\n<p><strong><span style=\"font-size: medium;\">Cours de soins intensifs multicritiques,<\/span><\/strong><\/p>\n<\/li>\n<li>\n<p><strong><span style=\"font-size: medium;\">Cours d&rsquo;anesth\u00e9sie r\u00e9gionale guid\u00e9e par ultrasons,<\/span><\/strong><\/p>\n<\/li>\n<li>\n<p><strong><span style=\"font-size: medium;\">Congr\u00e8s d&rsquo;anesth\u00e9sie r\u00e9gionale,<\/span><\/strong><\/p>\n<\/li>\n<li>\n<p><strong><span style=\"font-size: medium;\">Cours sur la ventilation m\u00e9canique.<\/span><\/strong><\/p>\n<\/li>\n<\/ul>\n<\/td>\n<\/tr>\n<tr valign=\"TOP\">\n<td width=\"50%\">\n<p><strong><span style=\"font-size: medium;\">Affiliations professionnelles<\/span><\/strong><\/p>\n<\/td>\n<td width=\"50%\">\n<ul>\n<li>\n<p><span style=\"font-size: medium;\">Association m\u00e9dicale turque,<\/span><\/p>\n<\/li>\n<li>\n<p><span style=\"font-size: medium;\">Soci\u00e9t\u00e9 turque d&rsquo;anesth\u00e9siologie,<\/span><\/p>\n<\/li>\n<li>\n<p><span style=\"font-size: medium;\">Soci\u00e9t\u00e9 turque de soins intensifs,<\/span><\/p>\n<\/li>\n<li>\n<p><span style=\"font-size: medium;\">Soci\u00e9t\u00e9 turque d&rsquo;anesth\u00e9sie r\u00e9gionale.<\/span><\/p>\n<\/li>\n<\/ul>\n<\/td>\n<\/tr>\n<\/tbody>\n<\/table>\n\t\t\t\t\t\t\t\t<\/div>\n\t\t\t\t<\/div>\n\t\t\t\t<\/div>\n\t\t\t\t<\/div>\n\t\t","protected":false},"excerpt":{"rendered":"<p>Dr. Fat\u0131ma K\u00fcbra \u00d6mero\u011flu Dr. Fat\u0131ma K\u00fcbra \u00d6mero\u011flu Fat\u0131ma K\u00fcbra \u00d6mero\u011flu est une anesth\u00e9siste hautement qualifi\u00e9e, sp\u00e9cialis\u00e9e dans l&rsquo;anesth\u00e9sie et s&rsquo;int\u00e9ressant particuli\u00e8rement \u00e0 l&rsquo;anesth\u00e9sie r\u00e9gionale. Elle a obtenu sa licence en m\u00e9decine \u00e0 l&rsquo;universit\u00e9 d&rsquo;Uluda\u011f et a compl\u00e9t\u00e9 sa ma\u00eetrise en anesth\u00e9siologie et r\u00e9animation \u00e0 l&rsquo;h\u00f4pital de formation et de recherche de Kartal. Le Dr [&hellip;]<\/p>\n","protected":false},"author":1,"featured_media":0,"parent":16486,"menu_order":0,"comment_status":"closed","ping_status":"closed","template":"elementor_header_footer","meta":{"footnotes":""},"class_list":["post-8723","page","type-page","status-publish","hentry"],"_links":{"self":[{"href":"https:\/\/dentgen.clinic\/fr\/wp-json\/wp\/v2\/pages\/8723","targetHints":{"allow":["GET"]}}],"collection":[{"href":"https:\/\/dentgen.clinic\/fr\/wp-json\/wp\/v2\/pages"}],"about":[{"href":"https:\/\/dentgen.clinic\/fr\/wp-json\/wp\/v2\/types\/page"}],"author":[{"embeddable":true,"href":"https:\/\/dentgen.clinic\/fr\/wp-json\/wp\/v2\/users\/1"}],"replies":[{"embeddable":true,"href":"https:\/\/dentgen.clinic\/fr\/wp-json\/wp\/v2\/comments?post=8723"}],"version-history":[{"count":0,"href":"https:\/\/dentgen.clinic\/fr\/wp-json\/wp\/v2\/pages\/8723\/revisions"}],"up":[{"embeddable":true,"href":"https:\/\/dentgen.clinic\/fr\/wp-json\/wp\/v2\/pages\/16486"}],"wp:attachment":[{"href":"https:\/\/dentgen.clinic\/fr\/wp-json\/wp\/v2\/media?parent=8723"}],"curies":[{"name":"wp","href":"https:\/\/api.w.org\/{rel}","templated":true}]}}