{"id":16303,"date":"2025-02-18T15:12:11","date_gmt":"2025-02-18T12:12:11","guid":{"rendered":"https:\/\/dentgen.clinic\/dt-onder-ozturk\/"},"modified":"2025-03-26T14:05:18","modified_gmt":"2025-03-26T11:05:18","slug":"dt-onder-ozturk","status":"publish","type":"page","link":"https:\/\/dentgen.clinic\/he\/%d7%a8%d7%95%d7%a4%d7%90%d7%99-%d7%a9%d7%99%d7%a0%d7%99%d7%99%d7%9d\/dt-onder-ozturk\/","title":{"rendered":"Dt. \u00d6nder \u00d6zt\u00fcrk"},"content":{"rendered":"\t\t<div data-elementor-type=\"wp-page\" data-elementor-id=\"16303\" class=\"elementor elementor-16303 elementor-14110\" data-elementor-post-type=\"page\">\n\t\t\t\t<div class=\"elementor-element elementor-element-3bb41793 e-con-full e-flex e-con e-parent\" data-id=\"3bb41793\" data-element_type=\"container\" data-settings=\"{&quot;background_background&quot;:&quot;classic&quot;,&quot;shape_divider_bottom&quot;:&quot;waves&quot;}\">\n\t\t\t\t<div class=\"elementor-shape elementor-shape-bottom\" aria-hidden=\"true\" data-negative=\"false\">\n\t\t\t<svg xmlns=\"http:\/\/www.w3.org\/2000\/svg\" viewBox=\"0 0 1000 100\" preserveAspectRatio=\"none\">\n\t<path class=\"elementor-shape-fill\" d=\"M421.9,6.5c22.6-2.5,51.5,0.4,75.5,5.3c23.6,4.9,70.9,23.5,100.5,35.7c75.8,32.2,133.7,44.5,192.6,49.7\n\tc23.6,2.1,48.7,3.5,103.4-2.5c54.7-6,106.2-25.6,106.2-25.6V0H0v30.3c0,0,72,32.6,158.4,30.5c39.2-0.7,92.8-6.7,134-22.4\n\tc21.2-8.1,52.2-18.2,79.7-24.2C399.3,7.9,411.6,7.5,421.9,6.5z\"\/>\n<\/svg>\t\t<\/div>\n\t\t\t\t<div class=\"elementor-element elementor-element-4674f152 elementor-invisible elementor-widget elementor-widget-heading\" data-id=\"4674f152\" data-element_type=\"widget\" data-settings=\"{&quot;_animation&quot;:&quot;fadeIn&quot;}\" data-widget_type=\"heading.default\">\n\t\t\t\t<div class=\"elementor-widget-container\">\n\t\t\t\t\t<span class=\"elementor-heading-title elementor-size-default\">Dt. \u00d6nder \u00d6zt\u00fcrk<\/span>\t\t\t\t<\/div>\n\t\t\t\t<\/div>\n\t\t\t\t<\/div>\n\t\t<div class=\"elementor-element elementor-element-45b1b46c e-con-full e-flex e-con e-parent\" data-id=\"45b1b46c\" data-element_type=\"container\" data-settings=\"{&quot;background_background&quot;:&quot;classic&quot;}\">\n\t\t<div class=\"elementor-element elementor-element-7c357568 e-con-full e-flex e-con e-child\" data-id=\"7c357568\" data-element_type=\"container\">\n\t\t\t\t<div class=\"elementor-element elementor-element-7990810f elementor-widget__width-initial elementor-widget elementor-widget-heading\" data-id=\"7990810f\" data-element_type=\"widget\" data-widget_type=\"heading.default\">\n\t\t\t\t<div class=\"elementor-widget-container\">\n\t\t\t\t\t<h2 class=\"elementor-heading-title elementor-size-default\">Dt. \u00d6nder \u00d6zt\u00fcrk<\/h2>\t\t\t\t<\/div>\n\t\t\t\t<\/div>\n\t\t\t\t<div class=\"elementor-element elementor-element-600be71b elementor-invisible elementor-widget elementor-widget-text-editor\" data-id=\"600be71b\" data-element_type=\"widget\" data-settings=\"{&quot;_animation&quot;:&quot;fadeIn&quot;,&quot;_animation_delay&quot;:200}\" data-widget_type=\"text-editor.default\">\n\t\t\t\t<div class=\"elementor-widget-container\">\n\t\t\t\t\t\t\t\t\t<p data-start=\"0\" data-end=\"409\"><strong>\u05d3&quot;\u05e8 \u05d0\u05d5\u05e0\u05d3\u05e8 \u05d0\u05d5\u05d6\u05d8\u05d5\u05e8\u05e7 \u05e0\u05d5\u05dc\u05d3 \u05d1-1 \u05d1\u05de\u05e8\u05e5 1993 \u05d1\u05d0\u05e0\u05e7\u05e8\u05d4. \u05d4\u05d5\u05d0 \u05d4\u05e9\u05dc\u05d9\u05dd \u05d0\u05ea \u05dc\u05d9\u05de\u05d5\u05d3\u05d9\u05d5 \u05d4\u05d9\u05e1\u05d5\u05d3\u05d9\u05d9\u05dd, \u05d7\u05d8\u05d9\u05d1\u05ea \u05d4\u05d1\u05d9\u05e0\u05d9\u05d9\u05dd \u05d5\u05d4\u05ea\u05d9\u05db\u05d5\u05df \u05d1\u05d0\u05e0\u05e7\u05e8\u05d4. \u05dc\u05d0\u05d7\u05e8 \u05de\u05db\u05df, \u05e1\u05d9\u05d9\u05dd \u05d0\u05ea \u05dc\u05d9\u05de\u05d5\u05d3\u05d9\u05d5 \u05d1\u05e4\u05e7\u05d5\u05dc\u05d8\u05d4 \u05dc\u05e8\u05e4\u05d5\u05d0\u05ea \u05e9\u05d9\u05e0\u05d9\u05d9\u05dd \u05d1\u05d0\u05d5\u05e0\u05d9\u05d1\u05e8\u05e1\u05d9\u05d8\u05ea \u05d0\u05e0\u05e7\u05e8\u05d4 \u05d1\u05e9\u05e0\u05ea 2017 \u05d5\u05d1\u05d0\u05d5\u05ea\u05d4 \u05e9\u05e0\u05d4 \u05d4\u05d7\u05dc \u05d0\u05ea \u05d4\u05db\u05e9\u05e8\u05ea\u05d5 \u05db\u05de\u05d5\u05de\u05d7\u05d4 \u05db\u05e2\u05d5\u05d6\u05e8 \u05de\u05d7\u05e7\u05e8 \u05d1\u05de\u05d7\u05dc\u05e7\u05d4 \u05dc\u05e4\u05e8\u05d9\u05d5\u05d3\u05d5\u05e0\u05d8\u05d9\u05d4 \u05d1\u05e4\u05e7\u05d5\u05dc\u05d8\u05d4 \u05dc\u05e8\u05e4\u05d5\u05d0\u05ea \u05e9\u05d9\u05e0\u05d9\u05d9\u05dd \u05e9\u05dc \u05d0\u05d5\u05e0\u05d9\u05d1\u05e8\u05e1\u05d9\u05d8\u05ea \u05d0\u05e0\u05e7\u05e8\u05d4.  <\/strong><\/p>\n<p data-start=\"411\" data-end=\"688\" data-is-last-node=\"\"><strong>\u05d4\u05d5\u05d0 \u05d4\u05d7\u05dc \u05dc\u05d1\u05e6\u05e2 \u05d4\u05e9\u05ea\u05dc\u05d5\u05ea \u05e9\u05d9\u05e0\u05d9\u05d9\u05dd, \u05d9\u05d9\u05e9\u05d5\u05de\u05d9 \u05e9\u05ea\u05dc\u05d9\u05dd \u05de\u05d9\u05d9\u05d3\u05d9\u05d9\u05dd \u05d5\u05d8\u05d9\u05e4\u05d5\u05dc\u05d9\u05dd \u05e4\u05e8\u05d5\u05ea\u05d8\u05d9\u05d9\u05dd \u05d4\u05e0\u05ea\u05de\u05db\u05d9\u05dd \u05e2\u05dc \u05e9\u05ea\u05dc\u05d9\u05dd. \u05d1\u05e0\u05d5\u05e1\u05e3 \u05dc\u05e8\u05e4\u05d5\u05d0\u05ea \u05e9\u05d9\u05e0\u05d9\u05d9\u05dd \u05d0\u05e1\u05ea\u05d8\u05d9\u05ea \u05d5\u05d8\u05d9\u05e4\u05d5\u05dc\u05d9 \u05e9\u05ea\u05dc\u05d9\u05dd, \u05dc\u05d0\u05d7\u05e8\u05d5\u05e0\u05d4 \u05e4\u05d9\u05ea\u05d7 \u05e2\u05e0\u05d9\u05d9\u05df \u05d1\u05e8\u05e4\u05d5\u05d0\u05ea \u05e9\u05d9\u05e0\u05d9\u05d9\u05dd \u05d3\u05d9\u05d2\u05d9\u05d8\u05dc\u05d9\u05ea \u05d5\u05d4\u05d5\u05d0 \u05de\u05de\u05e9\u05d9\u05da \u05dc\u05e2\u05d1\u05d5\u05d3 \u05d1\u05ea\u05d7\u05d5\u05dd \u05d6\u05d4. <\/strong><\/p>\n\t\t\t\t\t\t\t\t<\/div>\n\t\t\t\t<\/div>\n\t\t\t\t<div class=\"elementor-element elementor-element-45e8d990 elementor-align-center elementor-invisible elementor-widget elementor-widget-button\" data-id=\"45e8d990\" data-element_type=\"widget\" data-settings=\"{&quot;_animation&quot;:&quot;fadeIn&quot;,&quot;_animation_delay&quot;:400}\" data-widget_type=\"button.default\">\n\t\t\t\t<div class=\"elementor-widget-container\">\n\t\t\t\t\t\t\t\t\t<div class=\"elementor-button-wrapper\">\n\t\t\t\t\t<a class=\"elementor-button elementor-button-link elementor-size-sm\" href=\"#name\">\n\t\t\t\t\t\t<span class=\"elementor-button-content-wrapper\">\n\t\t\t\t\t\t<span class=\"elementor-button-icon\">\n\t\t\t\t<svg aria-hidden=\"true\" class=\"e-font-icon-svg e-fas-arrow-alt-circle-down\" viewBox=\"0 0 512 512\" xmlns=\"http:\/\/www.w3.org\/2000\/svg\"><path d=\"M504 256c0 137-111 248-248 248S8 393 8 256 119 8 256 8s248 111 248 248zM212 140v116h-70.9c-10.7 0-16.1 13-8.5 20.5l114.9 114.3c4.7 4.7 12.2 4.7 16.9 0l114.9-114.3c7.6-7.6 2.2-20.5-8.5-20.5H300V140c0-6.6-5.4-12-12-12h-64c-6.6 0-12 5.4-12 12z\"><\/path><\/svg>\t\t\t<\/span>\n\t\t\t\t\t\t\t\t\t<span class=\"elementor-button-text\">\u05e1\u05e7\u05d9\u05e8\u05ea \u05e7\u05d5\u05e8\u05d5\u05ea \u05d7\u05d9\u05d9\u05dd<\/span>\n\t\t\t\t\t<\/span>\n\t\t\t\t\t<\/a>\n\t\t\t\t<\/div>\n\t\t\t\t\t\t\t\t<\/div>\n\t\t\t\t<\/div>\n\t\t\t\t<\/div>\n\t\t<div class=\"elementor-element elementor-element-743123aa e-con-full e-flex e-con e-child\" data-id=\"743123aa\" data-element_type=\"container\" data-settings=\"{&quot;background_background&quot;:&quot;classic&quot;}\">\n\t\t\t\t<div class=\"elementor-element elementor-element-45884666 elementor-invisible elementor-widget elementor-widget-image\" data-id=\"45884666\" data-element_type=\"widget\" data-settings=\"{&quot;_animation&quot;:&quot;zoomIn&quot;}\" data-widget_type=\"image.default\">\n\t\t\t\t<div class=\"elementor-widget-container\">\n\t\t\t\t\t\t\t\t\t\t\t\t\t\t\t<img fetchpriority=\"high\" decoding=\"async\" width=\"1707\" height=\"2560\" src=\"https:\/\/dentgen.clinic\/wp-content\/uploads\/2025\/02\/KURUCU-HEKIM-DT.ONDER-OZTURK-KAVAKLIDERE-scaled.jpg\" class=\"attachment-full size-full wp-image-14445\" alt=\"\" srcset=\"https:\/\/dentgen.clinic\/wp-content\/uploads\/2025\/02\/KURUCU-HEKIM-DT.ONDER-OZTURK-KAVAKLIDERE-scaled.jpg 1707w, https:\/\/dentgen.clinic\/wp-content\/uploads\/2025\/02\/KURUCU-HEKIM-DT.ONDER-OZTURK-KAVAKLIDERE-200x300.jpg 200w, https:\/\/dentgen.clinic\/wp-content\/uploads\/2025\/02\/KURUCU-HEKIM-DT.ONDER-OZTURK-KAVAKLIDERE-683x1024.jpg 683w, https:\/\/dentgen.clinic\/wp-content\/uploads\/2025\/02\/KURUCU-HEKIM-DT.ONDER-OZTURK-KAVAKLIDERE-768x1152.jpg 768w, https:\/\/dentgen.clinic\/wp-content\/uploads\/2025\/02\/KURUCU-HEKIM-DT.ONDER-OZTURK-KAVAKLIDERE-1024x1536.jpg 1024w, https:\/\/dentgen.clinic\/wp-content\/uploads\/2025\/02\/KURUCU-HEKIM-DT.ONDER-OZTURK-KAVAKLIDERE-1365x2048.jpg 1365w\" sizes=\"(max-width: 1707px) 100vw, 1707px\" \/>\t\t\t\t\t\t\t\t\t\t\t\t\t\t\t<\/div>\n\t\t\t\t<\/div>\n\t\t\t\t<\/div>\n\t\t\t\t<\/div>\n\t\t<div class=\"elementor-element elementor-element-51322a4 e-con-full e-flex e-con e-child\" data-id=\"51322a4\" data-element_type=\"container\" id=\"name\" data-settings=\"{&quot;background_background&quot;:&quot;classic&quot;,&quot;shape_divider_bottom&quot;:&quot;waves&quot;,&quot;shape_divider_top&quot;:&quot;waves&quot;}\">\n\t\t\t\t<div class=\"elementor-shape elementor-shape-top\" aria-hidden=\"true\" data-negative=\"false\">\n\t\t\t<svg xmlns=\"http:\/\/www.w3.org\/2000\/svg\" viewBox=\"0 0 1000 100\" preserveAspectRatio=\"none\">\n\t<path class=\"elementor-shape-fill\" d=\"M421.9,6.5c22.6-2.5,51.5,0.4,75.5,5.3c23.6,4.9,70.9,23.5,100.5,35.7c75.8,32.2,133.7,44.5,192.6,49.7\n\tc23.6,2.1,48.7,3.5,103.4-2.5c54.7-6,106.2-25.6,106.2-25.6V0H0v30.3c0,0,72,32.6,158.4,30.5c39.2-0.7,92.8-6.7,134-22.4\n\tc21.2-8.1,52.2-18.2,79.7-24.2C399.3,7.9,411.6,7.5,421.9,6.5z\"\/>\n<\/svg>\t\t<\/div>\n\t\t\t\t<div class=\"elementor-shape elementor-shape-bottom\" aria-hidden=\"true\" data-negative=\"false\">\n\t\t\t<svg xmlns=\"http:\/\/www.w3.org\/2000\/svg\" viewBox=\"0 0 1000 100\" preserveAspectRatio=\"none\">\n\t<path class=\"elementor-shape-fill\" d=\"M421.9,6.5c22.6-2.5,51.5,0.4,75.5,5.3c23.6,4.9,70.9,23.5,100.5,35.7c75.8,32.2,133.7,44.5,192.6,49.7\n\tc23.6,2.1,48.7,3.5,103.4-2.5c54.7-6,106.2-25.6,106.2-25.6V0H0v30.3c0,0,72,32.6,158.4,30.5c39.2-0.7,92.8-6.7,134-22.4\n\tc21.2-8.1,52.2-18.2,79.7-24.2C399.3,7.9,411.6,7.5,421.9,6.5z\"\/>\n<\/svg>\t\t<\/div>\n\t\t\t\t<div class=\"elementor-element elementor-element-1b9937e elementor-widget__width-initial elementor-widget elementor-widget-text-editor\" data-id=\"1b9937e\" data-element_type=\"widget\" data-widget_type=\"text-editor.default\">\n\t\t\t\t<div class=\"elementor-widget-container\">\n\t\t\t\t\t\t\t\t\t<\/p>\n<table border=\"1\" width=\"100%\" cellspacing=\"0\" cellpadding=\"4\">\n<tbody>\n<tr valign=\"TOP\">\n<td width=\"50%\"><strong>\u05e9\u05c1\u05b5\u05dd<\/strong><\/td>\n<td width=\"50%\"><strong>Dt. \u00d6nder \u00d6zt\u00fcrk<\/strong><\/td>\n<\/tr>\n<tr valign=\"TOP\">\n<td width=\"50%\"><strong>\u05d4\u05ea\u05de\u05d7\u05d5\u05ea:<\/strong><\/td>\n<td width=\"50%\"><strong> \u05e4\u05e8\u05d9\u05d5\u05d3\u05d5\u05e0\u05d8\u05d9\u05d4<\/strong><\/td>\n<\/tr>\n<tr valign=\"TOP\">\n<td width=\"50%\"><strong>\u05ea\u05d7\u05d5\u05de\u05d9 \u05e2\u05e0\u05d9\u05d9\u05df \u05de\u05e7\u05e6\u05d5\u05e2\u05d9\u05d9\u05dd<\/strong><\/td>\n<td width=\"50%\">\n<ul>\n<li><b>\u05d4\u05e9\u05ea\u05dc\u05ea \u05e9\u05d9\u05e0\u05d9\u05d9\u05dd<\/b><\/li>\n<\/ul>\n<ul>\n<li><strong>\u05d9\u05d9\u05e9\u05d5\u05de\u05d9 \u05e9\u05ea\u05dc\u05d9\u05dd \u05de\u05d9\u05d9\u05d3\u05d9\u05d9\u05dd<\/strong><\/li>\n<\/ul>\n<ul>\n<li><strong>\u05d8\u05d9\u05e4\u05d5\u05dc\u05d9\u05dd \u05e4\u05e8\u05d5\u05ea\u05d8\u05d9\u05d9\u05dd \u05d4\u05e0\u05ea\u05de\u05db\u05d9\u05dd \u05e2\u05dc \u05e9\u05ea\u05dc\u05d9\u05dd<\/strong><\/li>\n<\/ul>\n<ul>\n<li><strong>\u05e8\u05e4\u05d5\u05d0\u05ea \u05e9\u05d9\u05e0\u05d9\u05d9\u05dd \u05d3\u05d9\u05d2\u05d9\u05d8\u05dc\u05d9\u05ea<\/strong><\/li>\n<\/ul>\n<ul>\n<li><strong>\u05e8\u05e4\u05d5\u05d0\u05ea \u05e9\u05d9\u05e0\u05d9\u05d9\u05dd \u05d0\u05e1\u05ea\u05d8\u05d9\u05ea<\/strong><\/li>\n<\/ul>\n<\/td>\n<\/tr>\n<tr valign=\"TOP\">\n<td width=\"50%\"><strong>\u05d7\u05d9\u05e0\u05d5\u05da<\/strong><\/td>\n<td width=\"50%\">\n<ul>\n<li><strong>\u05d0\u05d5\u05e0\u05d9\u05d1\u05e8\u05e1\u05d9\u05d8\u05ea \u05d0\u05e0\u05e7\u05e8\u05d4, \u05d4\u05e4\u05e7\u05d5\u05dc\u05d8\u05d4 \u05dc\u05e8\u05e4\u05d5\u05d0\u05ea \u05e9\u05d9\u05e0\u05d9\u05d9\u05dd<\/strong><\/li>\n<li><strong>\u05d0\u05d5\u05e0\u05d9\u05d1\u05e8\u05e1\u05d9\u05d8\u05ea \u05d0\u05e0\u05e7\u05e8\u05d4, \u05d4\u05e4\u05e7\u05d5\u05dc\u05d8\u05d4 \u05dc\u05e8\u05e4\u05d5\u05d0\u05ea \u05e9\u05d9\u05e0\u05d9\u05d9\u05dd &#8211; \u05e4\u05e8\u05d9\u05d5\u05d3\u05d5\u05e0\u05d8\u05d9\u05d4 <\/strong><\/li>\n<\/ul>\n<\/td>\n<\/tr>\n<\/tbody>\n<\/table>\n\t\t\t\t\t\t\t\t<\/div>\n\t\t\t\t<\/div>\n\t\t\t\t<\/div>\n\t\t\t\t<\/div>\n\t\t","protected":false},"excerpt":{"rendered":"<p>Dt. \u00d6nder \u00d6zt\u00fcrk Dt. \u00d6nder \u00d6zt\u00fcrk \u05d3&quot;\u05e8 \u05d0\u05d5\u05e0\u05d3\u05e8 \u05d0\u05d5\u05d6\u05d8\u05d5\u05e8\u05e7 \u05e0\u05d5\u05dc\u05d3 \u05d1-1 \u05d1\u05de\u05e8\u05e5 1993 \u05d1\u05d0\u05e0\u05e7\u05e8\u05d4. \u05d4\u05d5\u05d0 \u05d4\u05e9\u05dc\u05d9\u05dd \u05d0\u05ea \u05dc\u05d9\u05de\u05d5\u05d3\u05d9\u05d5 \u05d4\u05d9\u05e1\u05d5\u05d3\u05d9\u05d9\u05dd, \u05d7\u05d8\u05d9\u05d1\u05ea \u05d4\u05d1\u05d9\u05e0\u05d9\u05d9\u05dd \u05d5\u05d4\u05ea\u05d9\u05db\u05d5\u05df \u05d1\u05d0\u05e0\u05e7\u05e8\u05d4. \u05dc\u05d0\u05d7\u05e8 \u05de\u05db\u05df, \u05e1\u05d9\u05d9\u05dd \u05d0\u05ea \u05dc\u05d9\u05de\u05d5\u05d3\u05d9\u05d5 \u05d1\u05e4\u05e7\u05d5\u05dc\u05d8\u05d4 \u05dc\u05e8\u05e4\u05d5\u05d0\u05ea \u05e9\u05d9\u05e0\u05d9\u05d9\u05dd \u05d1\u05d0\u05d5\u05e0\u05d9\u05d1\u05e8\u05e1\u05d9\u05d8\u05ea \u05d0\u05e0\u05e7\u05e8\u05d4 \u05d1\u05e9\u05e0\u05ea 2017 \u05d5\u05d1\u05d0\u05d5\u05ea\u05d4 \u05e9\u05e0\u05d4 \u05d4\u05d7\u05dc \u05d0\u05ea \u05d4\u05db\u05e9\u05e8\u05ea\u05d5 \u05db\u05de\u05d5\u05de\u05d7\u05d4 \u05db\u05e2\u05d5\u05d6\u05e8 \u05de\u05d7\u05e7\u05e8 \u05d1\u05de\u05d7\u05dc\u05e7\u05d4 \u05dc\u05e4\u05e8\u05d9\u05d5\u05d3\u05d5\u05e0\u05d8\u05d9\u05d4 \u05d1\u05e4\u05e7\u05d5\u05dc\u05d8\u05d4 \u05dc\u05e8\u05e4\u05d5\u05d0\u05ea \u05e9\u05d9\u05e0\u05d9\u05d9\u05dd \u05e9\u05dc \u05d0\u05d5\u05e0\u05d9\u05d1\u05e8\u05e1\u05d9\u05d8\u05ea \u05d0\u05e0\u05e7\u05e8\u05d4. \u05d4\u05d5\u05d0 \u05d4\u05d7\u05dc \u05dc\u05d1\u05e6\u05e2 \u05d4\u05e9\u05ea\u05dc\u05d5\u05ea [&hellip;]<\/p>\n","protected":false},"author":1,"featured_media":0,"parent":16482,"menu_order":0,"comment_status":"closed","ping_status":"closed","template":"elementor_header_footer","meta":{"footnotes":""},"class_list":["post-16303","page","type-page","status-publish","hentry"],"_links":{"self":[{"href":"https:\/\/dentgen.clinic\/he\/wp-json\/wp\/v2\/pages\/16303","targetHints":{"allow":["GET"]}}],"collection":[{"href":"https:\/\/dentgen.clinic\/he\/wp-json\/wp\/v2\/pages"}],"about":[{"href":"https:\/\/dentgen.clinic\/he\/wp-json\/wp\/v2\/types\/page"}],"author":[{"embeddable":true,"href":"https:\/\/dentgen.clinic\/he\/wp-json\/wp\/v2\/users\/1"}],"replies":[{"embeddable":true,"href":"https:\/\/dentgen.clinic\/he\/wp-json\/wp\/v2\/comments?post=16303"}],"version-history":[{"count":0,"href":"https:\/\/dentgen.clinic\/he\/wp-json\/wp\/v2\/pages\/16303\/revisions"}],"up":[{"embeddable":true,"href":"https:\/\/dentgen.clinic\/he\/wp-json\/wp\/v2\/pages\/16482"}],"wp:attachment":[{"href":"https:\/\/dentgen.clinic\/he\/wp-json\/wp\/v2\/media?parent=16303"}],"curies":[{"name":"wp","href":"https:\/\/api.w.org\/{rel}","templated":true}]}}