{"id":6005,"date":"2024-06-13T15:22:26","date_gmt":"2024-06-13T12:22:26","guid":{"rendered":"https:\/\/dentgen.clinic\/dt-cem-taze\/"},"modified":"2025-03-26T14:05:14","modified_gmt":"2025-03-26T11:05:14","slug":"dt-cem-taze","status":"publish","type":"page","link":"https:\/\/dentgen.clinic\/he\/%d7%a8%d7%95%d7%a4%d7%90%d7%99-%d7%a9%d7%99%d7%a0%d7%99%d7%99%d7%9d\/dt-cem-taze\/","title":{"rendered":"Dt. Cem Taze"},"content":{"rendered":"\t\t<div data-elementor-type=\"wp-page\" data-elementor-id=\"6005\" class=\"elementor elementor-6005 elementor-4040\" data-elementor-post-type=\"page\">\n\t\t\t\t<div class=\"elementor-element elementor-element-3bb41793 e-con-full e-flex e-con e-parent\" data-id=\"3bb41793\" data-element_type=\"container\" data-settings=\"{&quot;background_background&quot;:&quot;classic&quot;,&quot;shape_divider_bottom&quot;:&quot;waves&quot;}\">\n\t\t\t\t<div class=\"elementor-shape elementor-shape-bottom\" aria-hidden=\"true\" data-negative=\"false\">\n\t\t\t<svg xmlns=\"http:\/\/www.w3.org\/2000\/svg\" viewBox=\"0 0 1000 100\" preserveAspectRatio=\"none\">\n\t<path class=\"elementor-shape-fill\" d=\"M421.9,6.5c22.6-2.5,51.5,0.4,75.5,5.3c23.6,4.9,70.9,23.5,100.5,35.7c75.8,32.2,133.7,44.5,192.6,49.7\n\tc23.6,2.1,48.7,3.5,103.4-2.5c54.7-6,106.2-25.6,106.2-25.6V0H0v30.3c0,0,72,32.6,158.4,30.5c39.2-0.7,92.8-6.7,134-22.4\n\tc21.2-8.1,52.2-18.2,79.7-24.2C399.3,7.9,411.6,7.5,421.9,6.5z\"\/>\n<\/svg>\t\t<\/div>\n\t\t\t\t<div class=\"elementor-element elementor-element-4674f152 elementor-invisible elementor-widget elementor-widget-heading\" data-id=\"4674f152\" data-element_type=\"widget\" data-settings=\"{&quot;_animation&quot;:&quot;fadeIn&quot;}\" data-widget_type=\"heading.default\">\n\t\t\t\t<div class=\"elementor-widget-container\">\n\t\t\t\t\t<span class=\"elementor-heading-title elementor-size-default\">Dt. Cem Taze<\/span>\t\t\t\t<\/div>\n\t\t\t\t<\/div>\n\t\t\t\t<\/div>\n\t\t<div class=\"elementor-element elementor-element-45b1b46c e-con-full e-flex e-con e-parent\" data-id=\"45b1b46c\" data-element_type=\"container\" data-settings=\"{&quot;background_background&quot;:&quot;classic&quot;}\">\n\t\t<div class=\"elementor-element elementor-element-7c357568 e-con-full e-flex e-con e-child\" data-id=\"7c357568\" data-element_type=\"container\">\n\t\t\t\t<div class=\"elementor-element elementor-element-7990810f elementor-widget elementor-widget-heading\" data-id=\"7990810f\" data-element_type=\"widget\" data-widget_type=\"heading.default\">\n\t\t\t\t<div class=\"elementor-widget-container\">\n\t\t\t\t\t<h2 class=\"elementor-heading-title elementor-size-default\">Dt. Cem Taze<\/h2>\t\t\t\t<\/div>\n\t\t\t\t<\/div>\n\t\t\t\t<div class=\"elementor-element elementor-element-600be71b elementor-invisible elementor-widget elementor-widget-text-editor\" data-id=\"600be71b\" data-element_type=\"widget\" data-settings=\"{&quot;_animation&quot;:&quot;fadeIn&quot;,&quot;_animation_delay&quot;:200}\" data-widget_type=\"text-editor.default\">\n\t\t\t\t<div class=\"elementor-widget-container\">\n\t\t\t\t\t\t\t\t\t<div class=\"flex flex-grow flex-col max-w-full\">\n<div class=\"min-h-[20px] text-message flex flex-col items-start whitespace-pre-wrap break-words [.text-message+&amp;]:mt-5 juice:w-full juice:items-end overflow-x-auto gap-2\" dir=\"auto\" data-message-author-role=\"assistant\" data-message-id=\"169c136f-2d49-4e82-9b2a-48c9dadcd18f\">\n<div class=\"flex w-full flex-col gap-1 juice:empty:hidden juice:first:pt-[3px]\">\n<div class=\"markdown prose w-full break-words dark:prose-invert light\">\n<p>\u05d3&quot;\u05e8 Cem Taze, \u05d4\u05d5\u05d0 \u05e8\u05d5\u05e4\u05d0 \u05db\u05dc\u05dc\u05d9 \u05de\u05d9\u05d5\u05de\u05df \u05e2\u05dd \u05d4\u05ea\u05de\u05d7\u05d5\u05ea \u05d1\u05d4\u05dc\u05d9\u05db\u05d9 \u05e9\u05d9\u05e0\u05d9\u05d9\u05dd \u05de\u05ea\u05e7\u05d3\u05de\u05d9\u05dd \u05e9\u05d5\u05e0\u05d9\u05dd. \u05ea\u05d7\u05d5\u05de\u05d9 \u05d4\u05e2\u05e0\u05d9\u05d9\u05df \u05d4\u05de\u05e7\u05e6\u05d5\u05e2\u05d9\u05d9\u05dd \u05e9\u05dc\u05d5 \u05db\u05d5\u05dc\u05dc\u05d9\u05dd \u05e2\u05e7\u05d9\u05e8\u05ea \u05e9\u05d9\u05e0\u05d9\u05d9\u05dd \u05de\u05d5\u05e9\u05e4\u05e2\u05d5\u05ea, \u05e0\u05d9\u05ea\u05d5\u05d7\u05d9 \u05e9\u05ea\u05dc\u05d9\u05dd \u05de\u05ea\u05e7\u05d3\u05de\u05d9\u05dd, \u05d4\u05d2\u05d3\u05dc\u05ea \u05e2\u05e6\u05dd, \u05d9\u05d9\u05e9\u05d5\u05de\u05d9 \u05d1\u05d5\u05d8\u05d5\u05e7\u05e1 \u05d5\u05de\u05d9\u05dc\u05d5\u05d9 \u05e2\u05d5\u05e8\u05d9, \u05e0\u05d9\u05ea\u05d5\u05d7\u05d9 \u05e6\u05d9\u05e1\u05d8\u05d4, \u05e0\u05d9\u05ea\u05d5\u05d7\u05d9 \u05e8\u05e7\u05de\u05d5\u05ea \u05e8\u05db\u05d5\u05ea, \u05e0\u05d9\u05ea\u05d5\u05d7\u05d9 \u05d0\u05e0\u05d3\u05d5\u05d3\u05d5\u05e0\u05d8 \u05d5\u05db\u05e8\u05d9\u05ea\u05ea \u05d1\u05d9\u05db\u05e7\u05d8\u05d5\u05de\u05d9\u05d4. \u05d3&quot;\u05e8 \u05d8\u05d0\u05d6\u05d4 \u05e1\u05d9\u05d9\u05dd \u05d0\u05ea \u05ea\u05d5\u05d0\u05e8 \u05e8\u05e4\u05d5\u05d0\u05ea \u05d4\u05e9\u05d9\u05e0\u05d9\u05d9\u05dd \u05e9\u05dc\u05d5 \u05de\u05d0\u05d5\u05e0\u05d9\u05d1\u05e8\u05e1\u05d9\u05d8\u05ea \u05d2\u05d0\u05d6\u05d9, \u05d4\u05e4\u05e7\u05d5\u05dc\u05d8\u05d4 \u05dc\u05e8\u05e4\u05d5\u05d0\u05ea \u05e9\u05d9\u05e0\u05d9\u05d9\u05dd, \u05d5\u05d4\u05ea\u05de\u05d7\u05d4 \u05d1\u05d4\u05de\u05e9\u05da \u05d1\u05db\u05d9\u05e8\u05d5\u05e8\u05d2\u05d9\u05d9\u05ea \u05e4\u05d4 \u05d5\u05dc\u05e1\u05ea \u05d1\u05d0\u05d5\u05e0\u05d9\u05d1\u05e8\u05e1\u05d9\u05d8\u05ea \u05e7\u05d9\u05e8\u05e7\u05d0\u05dc\u05d4, \u05d4\u05e4\u05e7\u05d5\u05dc\u05d8\u05d4 \u05dc\u05e8\u05e4\u05d5\u05d0\u05ea \u05e9\u05d9\u05e0\u05d9\u05d9\u05dd. \u05d4\u05d5\u05d0 \u05d4\u05e9\u05ea\u05ea\u05e3 \u05d1\u05d0\u05d5\u05e4\u05df \u05e4\u05e2\u05d9\u05dc \u05d1\u05de\u05e1\u05e4\u05e8 \u05e8\u05d1 \u05e9\u05dc \u05e7\u05d5\u05e8\u05e1\u05d9\u05dd \u05d5\u05e1\u05d9\u05de\u05e4\u05d5\u05d6\u05d9\u05d5\u05df, \u05db\u05d5\u05dc\u05dc \u05de\u05e6\u05d2\u05d5\u05ea \u05d1\u05e7\u05d5\u05e0\u05d2\u05e8\u05e1 \u05d4\u05d1\u05d9\u05e0\u05dc\u05d0\u05d5\u05de\u05d9 \u05d4-15 \u05e9\u05dc A\u00c7B\u0130D \u05d5\u05e7\u05d5\u05e8\u05e1\u05d9 \u05d4\u05d3\u05e8\u05db\u05d4 \u05e2\u05dc \u05d8\u05db\u05e0\u05d9\u05e7\u05d5\u05ea \u05e9\u05d9\u05e0\u05d9\u05d9\u05dd \u05de\u05ea\u05e7\u05d3\u05de\u05d5\u05ea. \u05d4\u05d5\u05d0 \u05d2\u05dd \u05ea\u05e8\u05dd \u05dc\u05e7\u05d4\u05d9\u05dc\u05d4 \u05d4\u05de\u05d3\u05e2\u05d9\u05ea \u05e2\u05dd \u05d4\u05e4\u05e8\u05e1\u05d5\u05dd \u05e9\u05dc\u05d5 \u05e2\u05dc \u05d9\u05d9\u05e6\u05d5\u05e8 \u05e9\u05ea\u05dc\u05d9\u05dd \u05d3\u05e0\u05d8\u05dc\u05d9\u05d9\u05dd \u05d1\u05d9\u05d5-\u05de\u05d9\u05de\u05d8\u05d9\u05d9\u05dd \u05d1\u05d0\u05de\u05e6\u05e2\u05d5\u05ea \u05d4\u05ea\u05db\u05d4 \u05e1\u05dc\u05e7\u05d8\u05d9\u05d1\u05d9\u05ea \u05e9\u05dc \u05d4\u05d9\u05ea\u05d5\u05da \u05dc\u05d9\u05d9\u05d6\u05e8 \u05d1\u05de\u05d9\u05d8\u05ea \u05d0\u05d1\u05e7\u05d4.<\/p>\n<\/div>\n<\/div>\n<\/div>\n<\/div>\n\t\t\t\t\t\t\t\t<\/div>\n\t\t\t\t<\/div>\n\t\t\t\t<div class=\"elementor-element elementor-element-45e8d990 elementor-align-center elementor-invisible elementor-widget elementor-widget-button\" data-id=\"45e8d990\" data-element_type=\"widget\" data-settings=\"{&quot;_animation&quot;:&quot;fadeIn&quot;,&quot;_animation_delay&quot;:400}\" data-widget_type=\"button.default\">\n\t\t\t\t<div class=\"elementor-widget-container\">\n\t\t\t\t\t\t\t\t\t<div class=\"elementor-button-wrapper\">\n\t\t\t\t\t<a class=\"elementor-button elementor-button-link elementor-size-sm\" href=\"#name\">\n\t\t\t\t\t\t<span class=\"elementor-button-content-wrapper\">\n\t\t\t\t\t\t<span class=\"elementor-button-icon\">\n\t\t\t\t<svg aria-hidden=\"true\" class=\"e-font-icon-svg e-fas-arrow-alt-circle-down\" viewBox=\"0 0 512 512\" xmlns=\"http:\/\/www.w3.org\/2000\/svg\"><path d=\"M504 256c0 137-111 248-248 248S8 393 8 256 119 8 256 8s248 111 248 248zM212 140v116h-70.9c-10.7 0-16.1 13-8.5 20.5l114.9 114.3c4.7 4.7 12.2 4.7 16.9 0l114.9-114.3c7.6-7.6 2.2-20.5-8.5-20.5H300V140c0-6.6-5.4-12-12-12h-64c-6.6 0-12 5.4-12 12z\"><\/path><\/svg>\t\t\t<\/span>\n\t\t\t\t\t\t\t\t\t<span class=\"elementor-button-text\">\u05e1\u05e7\u05d9\u05e8\u05ea \u05e7\u05d5\u05e8\u05d5\u05ea \u05d7\u05d9\u05d9\u05dd<\/span>\n\t\t\t\t\t<\/span>\n\t\t\t\t\t<\/a>\n\t\t\t\t<\/div>\n\t\t\t\t\t\t\t\t<\/div>\n\t\t\t\t<\/div>\n\t\t\t\t<\/div>\n\t\t<div class=\"elementor-element elementor-element-743123aa e-con-full e-flex e-con e-child\" data-id=\"743123aa\" data-element_type=\"container\" data-settings=\"{&quot;background_background&quot;:&quot;classic&quot;}\">\n\t\t\t\t<div class=\"elementor-element elementor-element-45884666 elementor-invisible elementor-widget elementor-widget-image\" data-id=\"45884666\" data-element_type=\"widget\" data-settings=\"{&quot;_animation&quot;:&quot;zoomIn&quot;}\" data-widget_type=\"image.default\">\n\t\t\t\t<div class=\"elementor-widget-container\">\n\t\t\t\t\t\t\t\t\t\t\t\t\t\t\t<img fetchpriority=\"high\" decoding=\"async\" width=\"1000\" height=\"1779\" src=\"https:\/\/dentgen.clinic\/wp-content\/uploads\/2024\/06\/4-1-1-1-1-1-1-1-1-1-1.jpg\" class=\"attachment-full size-full wp-image-3966\" alt=\"\" srcset=\"https:\/\/dentgen.clinic\/wp-content\/uploads\/2024\/06\/4-1-1-1-1-1-1-1-1-1-1.jpg 1000w, https:\/\/dentgen.clinic\/wp-content\/uploads\/2024\/06\/4-1-1-1-1-1-1-1-1-1-1-169x300.jpg 169w, https:\/\/dentgen.clinic\/wp-content\/uploads\/2024\/06\/4-1-1-1-1-1-1-1-1-1-1-576x1024.jpg 576w, https:\/\/dentgen.clinic\/wp-content\/uploads\/2024\/06\/4-1-1-1-1-1-1-1-1-1-1-768x1366.jpg 768w, https:\/\/dentgen.clinic\/wp-content\/uploads\/2024\/06\/4-1-1-1-1-1-1-1-1-1-1-863x1536.jpg 863w\" sizes=\"(max-width: 1000px) 100vw, 1000px\" \/>\t\t\t\t\t\t\t\t\t\t\t\t\t\t\t<\/div>\n\t\t\t\t<\/div>\n\t\t\t\t<\/div>\n\t\t\t\t<\/div>\n\t\t<div class=\"elementor-element elementor-element-51322a4 e-con-full e-flex e-con e-child\" data-id=\"51322a4\" data-element_type=\"container\" id=\"name\" data-settings=\"{&quot;background_background&quot;:&quot;classic&quot;,&quot;shape_divider_bottom&quot;:&quot;waves&quot;,&quot;shape_divider_top&quot;:&quot;waves&quot;}\">\n\t\t\t\t<div class=\"elementor-shape elementor-shape-top\" aria-hidden=\"true\" data-negative=\"false\">\n\t\t\t<svg xmlns=\"http:\/\/www.w3.org\/2000\/svg\" viewBox=\"0 0 1000 100\" preserveAspectRatio=\"none\">\n\t<path class=\"elementor-shape-fill\" d=\"M421.9,6.5c22.6-2.5,51.5,0.4,75.5,5.3c23.6,4.9,70.9,23.5,100.5,35.7c75.8,32.2,133.7,44.5,192.6,49.7\n\tc23.6,2.1,48.7,3.5,103.4-2.5c54.7-6,106.2-25.6,106.2-25.6V0H0v30.3c0,0,72,32.6,158.4,30.5c39.2-0.7,92.8-6.7,134-22.4\n\tc21.2-8.1,52.2-18.2,79.7-24.2C399.3,7.9,411.6,7.5,421.9,6.5z\"\/>\n<\/svg>\t\t<\/div>\n\t\t\t\t<div class=\"elementor-shape elementor-shape-bottom\" aria-hidden=\"true\" data-negative=\"false\">\n\t\t\t<svg xmlns=\"http:\/\/www.w3.org\/2000\/svg\" viewBox=\"0 0 1000 100\" preserveAspectRatio=\"none\">\n\t<path class=\"elementor-shape-fill\" d=\"M421.9,6.5c22.6-2.5,51.5,0.4,75.5,5.3c23.6,4.9,70.9,23.5,100.5,35.7c75.8,32.2,133.7,44.5,192.6,49.7\n\tc23.6,2.1,48.7,3.5,103.4-2.5c54.7-6,106.2-25.6,106.2-25.6V0H0v30.3c0,0,72,32.6,158.4,30.5c39.2-0.7,92.8-6.7,134-22.4\n\tc21.2-8.1,52.2-18.2,79.7-24.2C399.3,7.9,411.6,7.5,421.9,6.5z\"\/>\n<\/svg>\t\t<\/div>\n\t\t\t\t<div class=\"elementor-element elementor-element-1b9937e elementor-widget__width-initial elementor-widget elementor-widget-text-editor\" data-id=\"1b9937e\" data-element_type=\"widget\" data-widget_type=\"text-editor.default\">\n\t\t\t\t<div class=\"elementor-widget-container\">\n\t\t\t\t\t\t\t\t\t<table border=\"1\" width=\"100%\" cellspacing=\"0\" cellpadding=\"4\">\n<tbody>\n<tr valign=\"TOP\">\n<td width=\"50%\">\n<p><strong>\u05e9\u05c1\u05b5\u05dd<\/strong><\/p>\n<\/td>\n<td width=\"50%\">\n<p><strong>Dt. Cem Taze<\/strong><\/p>\n<\/td>\n<\/tr>\n<tr valign=\"TOP\">\n<td width=\"50%\">\n<p><strong>\u05d4\u05ea\u05de\u05d7\u05d5\u05ea<\/strong><\/p>\n<\/td>\n<td width=\"50%\">\n<p><strong>\u05e8\u05d5\u05b9\u05e4\u05b5\u05d0 \u05db\u05bc\u05b0\u05dc\u05b8\u05dc\u05b4\u05d9<\/strong><\/p>\n<\/td>\n<\/tr>\n<tr valign=\"TOP\">\n<td width=\"50%\">\n<p><strong>\u05ea\u05d7\u05d5\u05de\u05d9 \u05e2\u05e0\u05d9\u05d9\u05df \u05de\u05e7\u05e6\u05d5\u05e2\u05d9\u05d9\u05dd<\/strong><\/p>\n<\/td>\n<td width=\"50%\">\n<ul>\n<li>\n<p><strong>\u05e2\u05e7\u05d9\u05e8\u05ea \u05e9\u05d9\u05e0\u05d9\u05d9\u05dd \u05de\u05d5\u05e9\u05e4\u05e2\u05ea<\/strong><\/p>\n<\/li>\n<\/ul>\n<ul>\n<li>\n<p><strong>\u05e0\u05d9\u05ea\u05d5\u05d7 \u05e9\u05ea\u05dc\u05d9\u05dd \u05de\u05ea\u05e7\u05d3\u05dd<\/strong><\/p>\n<\/li>\n<\/ul>\n<ul>\n<li>\n<p><strong>\u05d4\u05d2\u05d3\u05dc\u05ea \u05e2\u05e6\u05dd<\/strong><\/p>\n<\/li>\n<\/ul>\n<ul>\n<li>\n<p><strong>\u05d1\u05d5\u05d8\u05d5\u05e7\u05e1 \u05d5\u05de\u05d9\u05dc\u05d5\u05d9 \u05e2\u05d5\u05e8\u05d9<\/strong><\/p>\n<\/li>\n<\/ul>\n<ul>\n<li>\n<p><strong>\u05e0\u05d9\u05ea\u05d5\u05d7 \u05e6\u05d9\u05e1\u05d8\u05d4<\/strong><\/p>\n<\/li>\n<\/ul>\n<ul>\n<li>\n<p><strong>\u05e0\u05d9\u05ea\u05d5\u05d7 \u05e8\u05e7\u05de\u05d5\u05ea \u05e8\u05db\u05d5\u05ea<\/strong><\/p>\n<\/li>\n<\/ul>\n<ul>\n<li>\n<p><strong>\u05e0\u05d9\u05ea\u05d5\u05d7 \u05d0\u05e0\u05d3\u05d5\u05d3\u05e0\u05d8\u05d9<\/strong><\/p>\n<\/li>\n<\/ul>\n<ul>\n<li>\n<p><strong>\u05db\u05e8\u05d9\u05ea\u05ea \u05d1\u05d9\u05db\u05d9\u05e7\u05d8\u05d5\u05de\u05d9\u05d4<\/strong><\/p>\n<\/li>\n<\/ul>\n<\/td>\n<\/tr>\n<tr valign=\"TOP\">\n<td width=\"50%\">\n<p><strong>\u05d7\u05d9\u05e0\u05d5\u05da<\/strong><\/p>\n<\/td>\n<td width=\"50%\">\n<ul>\n<li>\n<p><strong>\u05d0\u05d5\u05e0\u05d9\u05d1\u05e8\u05e1\u05d9\u05d8\u05ea \u05d2\u05d6\u05d9, \u05d4\u05e4\u05e7\u05d5\u05dc\u05d8\u05d4 \u05dc\u05e8\u05e4\u05d5\u05d0\u05ea \u05e9\u05d9\u05e0\u05d9\u05d9\u05dd<\/strong><\/p>\n<\/li>\n<li>\n<p><strong>\u05d0\u05d5\u05e0\u05d9\u05d1\u05e8\u05e1\u05d9\u05d8\u05ea \u05e7\u05d9\u05e8\u05d9\u05e7\u05dc\u05d4, \u05d4\u05e4\u05e7\u05d5\u05dc\u05d8\u05d4 \u05dc\u05e8\u05e4\u05d5\u05d0\u05ea \u05e9\u05d9\u05e0\u05d9\u05d9\u05dd &#8211; \u05db\u05d9\u05e8\u05d5\u05e8\u05d2\u05d9\u05d9\u05ea \u05e4\u05d4 \u05d5\u05dc\u05e1\u05ea<\/strong><\/p>\n<\/li>\n<\/ul>\n<\/td>\n<\/tr>\n<tr valign=\"TOP\">\n<td width=\"50%\">\n<p><strong>\u05e7\u05d5\u05e8\u05e1\u05d9\u05dd\/\u05e1\u05d9\u05de\u05e4\u05d5\u05d6\u05d9\u05d5\u05df\/\u05de\u05e6\u05d2\u05d5\u05ea<\/strong><\/p>\n<\/td>\n<td width=\"50%\">\n<ul>\n<li>\n<p><strong>Cem Taze, \u00d6zkan \u00d6zg\u00fcl, Mustafa Erc\u00fcment \u00d6nder, Umut Tekin, Petek Korkusuz, &quot;\u05ea\u05db\u05e0\u05d5\u05df \u05d1\u05d9\u05d5\u05de\u05d9\u05de\u05d8\u05d9 \u05e9\u05ea\u05dc \u05d3\u05e0\u05d8\u05dc\u05d9 \u05e0\u05e7\u05d1\u05d5\u05d1\u05d9, \u05d4\u05e2\u05e8\u05db\u05d4 In Vivo&quot;, \u05de\u05e6\u05d2\u05ea \u05d1\u05e2\u05dc \u05e4\u05d4, \u05d4\u05e7\u05d5\u05e0\u05d2\u05e8\u05e1 \u05d4\u05d1\u05d9\u05e0\u05dc\u05d0\u05d5\u05de\u05d9 \u05d4-15 \u05e9\u05dc A\u00c7B\u0130D, 11-15 \u05d1\u05de\u05d0\u05d9, 2022<\/strong><\/p>\n<\/li>\n<\/ul>\n<ul>\n<li>\n<p><strong>\u05de\u05e8\u05db\u05d6 \u05d9\u05d9\u05e9\u05d5\u05dd \u05d5\u05de\u05d7\u05e7\u05e8 \u05e9\u05dc \u05d0\u05d5\u05e0\u05d9\u05d1\u05e8\u05e1\u05d9\u05d8\u05ea \u05e7\u05e4\u05e8\u05d9\u05e1\u05d9\u05df \u05d4\u05d0\u05de\u05e8\u05d9\u05e7\u05d0\u05d9\u05ea \u05dc\u05d7\u05d9\u05e0\u05d5\u05da \u05de\u05ea\u05de\u05e9\u05da &quot;\u05e7\u05d5\u05e8\u05e1 \u05d0\u05d9\u05de\u05d5\u05df \u05d1\u05d5\u05d8\u05d5\u05e7\u05e1 \u05d5\u05de\u05d9\u05dc\u05d5\u05d9 \u05e2\u05d5\u05e8&quot;, 12 \u05d1\u05de\u05e8\u05e5 2022, \u05d0\u05e0\u05e7\u05e8\u05d4<\/strong><\/p>\n<\/li>\n<\/ul>\n<ul>\n<li>\n<p><strong>Nobel Biocare &quot;\u05e7\u05d5\u05e0\u05e1\u05e4\u05d8 \u05d8\u05d9\u05e4\u05d5\u05dc All-on-4 \u05e2\u05d1\u05d5\u05e8 \u05d7\u05d5\u05dc\u05d9\u05dd \u05e2\u05dd \u05e2\u05d3\u05e0\u05d9\u05ea \u05de\u05dc\u05d0\u05d4 \u05d5\u05e4\u05d5\u05d8\u05e0\u05e6\u05d9\u05d0\u05dc\u05d9\u05ea \u05e2\u05dd \u05e2\u05d3\u05ea,&quot; 2 \u05d1\u05e0\u05d5\u05d1\u05de\u05d1\u05e8 2019, \u05d0\u05e0\u05e7\u05e8\u05d4<\/strong><\/p>\n<\/li>\n<\/ul>\n<ul>\n<li>\n<p><strong>Bilimplant &quot;\u05d4\u05e8\u05de\u05ea \u05e1\u05d9\u05e0\u05d5\u05e1, \u05d8\u05db\u05e0\u05d9\u05e7\u05d5\u05ea \u05d4\u05e9\u05ea\u05dc\u05ea \u05e2\u05e6\u05dd \u05d5\u05ea\u05d5\u05ea\u05d1\u05d5\u05ea \u05e0\u05ea\u05de\u05db\u05d5\u05ea \u05d1\u05e9\u05ea\u05dc&quot;, 6 \u05d1\u05d0\u05e4\u05e8\u05d9\u05dc 2019, \u05d0\u05e0\u05e7\u05e8\u05d4<\/strong><\/p>\n<\/li>\n<\/ul>\n<ul>\n<li>\n<p><strong>Nobel Biocare &quot;\u05de\u05e2\u05e8\u05db\u05ea \u05d8\u05e8\u05e4\u05d5\u05d9\u05dc \u05d7\u05dc\u05d5\u05e4\u05d9\u05ea \u05dc\u05e7\u05d5\u05e0\u05e1\u05e4\u05d8 \u05d7\u05dc\u05d5\u05e4\u05d9 \u05dc\u05e2\u05d3\u05e0\u05d8\u05d5\u05dc\u05d9\u05d6\u05dd \u05de\u05dc\u05d0 \u05e9\u05dc \u05d4\u05dc\u05e1\u05ea \u05d4\u05dc\u05d1\u05df&quot;, 11 \u05d1\u05e0\u05d5\u05d1\u05de\u05d1\u05e8 2021, \u05d0\u05e0\u05d8\u05dc\u05d9\u05d4<\/strong><\/p>\n<\/li>\n<\/ul>\n<ul>\n<li>\n<p><strong>Nobel Biocare &quot;Total Edentulism Solutions&quot;, 6 \u05d1\u05d0\u05e4\u05e8\u05d9\u05dc 2019, \u05d0\u05e0\u05e7\u05e8\u05d4<\/strong><\/p>\n<\/li>\n<\/ul>\n<ul>\n<li>\n<p><strong>\u05d4\u05e9\u05ea\u05dc\u05ea \u05e9\u05d9\u05e0\u05d9\u05d9\u05dd &quot;\u05e9\u05ea\u05dc\u05d9\u05dd \u05d1\u05d6\u05d5\u05d5\u05d9\u05ea \u05de\u05e0\u05e7\u05d5\u05d3\u05ea \u05d4\u05de\u05d1\u05d8 \u05e9\u05dc \u05d4\u05e9\u05ea\u05dc\u05d5\u05ea \u05d6\u05e2\u05d9\u05e8 \u05e4\u05d5\u05dc\u05e9\u05e0\u05d9\u05d5\u05ea&quot;, 30 \u05d1\u05e0\u05d5\u05d1\u05de\u05d1\u05e8 2019, \u05d0\u05e0\u05e7\u05e8\u05d4<\/strong><\/p>\n<\/li>\n<\/ul>\n<ul>\n<li>\n<p><strong>\u05d4\u05e9\u05ea\u05dc\u05ea \u05e9\u05d9\u05e0\u05d9\u05d9\u05dd &quot;\u05de\u05e4\u05d2\u05e9 \u05e8\u05d5\u05e4\u05d0\u05d9 \u05e9\u05d9\u05e0\u05d9\u05d9\u05dd \u05dc\u05e9\u05e0\u05d4 18&quot;, 21 \u05d1\u05d0\u05d5\u05e7\u05d8\u05d5\u05d1\u05e8 2021, \u05d0\u05e0\u05d8\u05dc\u05d9\u05d4<\/strong><\/p>\n<\/li>\n<\/ul>\n<ul>\n<li>\n<p><strong>\u05d4\u05e7\u05d5\u05e0\u05d2\u05e8\u05e1 \u05d4\u05d1\u05d9\u05e0\u05dc\u05d0\u05d5\u05de\u05d9 \u05d4-15 \u05e9\u05dc A\u00c7B\u0130D, 11-15 \u05d1\u05de\u05d0\u05d9, 2022<\/strong><\/p>\n<\/li>\n<\/ul>\n<ul>\n<li>\n<p><strong>\u05d4\u05e7\u05d5\u05e0\u05d2\u05e8\u05e1 \u05d4\u05d1\u05d9\u05e0\u05dc\u05d0\u05d5\u05de\u05d9 \u05d4\u05de\u05e7\u05d5\u05d5\u05df \u05d4-14 \u05e9\u05dc A\u00c7B\u0130D, 7-9 \u05d1\u05de\u05d0\u05d9 2021<\/strong><\/p>\n<\/li>\n<\/ul>\n<\/td>\n<\/tr>\n<tr valign=\"TOP\">\n<td width=\"50%\">\n<p><strong>\u05e4\u05e8\u05e1\u05d5\u05dd<\/strong><\/p>\n<\/td>\n<td width=\"50%\">\n<ul>\n<li>\n<p>&quot;\u05d0\u05d9\u05e9\u05d5\u05e8 \u05d4\u05d2\u05e9\u05d4 \u05dc\u05d9\u05d9\u05e6\u05d5\u05e8 \u05e9\u05ea\u05dc\u05d9\u05dd \u05d3\u05e0\u05d8\u05dc\u05d9\u05d9\u05dd \u05d1\u05d9\u05d5\u05de\u05d9\u05de\u05d8\u05d9\u05d9\u05dd \u05d1\u05d0\u05de\u05e6\u05e2\u05d5\u05ea \u05d4\u05ea\u05db\u05d4 \u05e1\u05dc\u05e7\u05d8\u05d9\u05d1\u05d9\u05ea \u05d1\u05de\u05d9\u05d8\u05ea \u05d0\u05d1\u05e7\u05ea \u05dc\u05d9\u05d9\u05d6\u05e8: \u05ea\u05d5\u05e6\u05d0\u05d5\u05ea \u05d1\u05de\u05d1\u05d7\u05e0\u05d4&quot;<\/p>\n<\/li>\n<\/ul>\n<\/td>\n<\/tr>\n<tr valign=\"TOP\">\n<td width=\"50%\">\n<p><strong>\u05d7\u05b2\u05d1\u05b5\u05e8\u05d5\u05bc\u05ea<\/strong><\/p>\n<\/td>\n<td width=\"50%\">\n<ul>\n<li>\n<p>A\u00c7B\u0130D (\u05d4\u05d0\u05d2\u05d5\u05d3\u05d4 \u05dc\u05db\u05d9\u05e8\u05d5\u05e8\u05d2\u05d9\u05d9\u05ea \u05e4\u05d4 \u05d5\u05dc\u05e1\u05ea)<\/p>\n<\/li>\n<\/ul>\n<\/td>\n<\/tr>\n<\/tbody>\n<\/table>\n\t\t\t\t\t\t\t\t<\/div>\n\t\t\t\t<\/div>\n\t\t\t\t<\/div>\n\t\t\t\t<\/div>\n\t\t","protected":false},"excerpt":{"rendered":"<p>Dt. Cem Taze Dt. Cem Taze \u05d3&quot;\u05e8 Cem Taze, \u05d4\u05d5\u05d0 \u05e8\u05d5\u05e4\u05d0 \u05db\u05dc\u05dc\u05d9 \u05de\u05d9\u05d5\u05de\u05df \u05e2\u05dd \u05d4\u05ea\u05de\u05d7\u05d5\u05ea \u05d1\u05d4\u05dc\u05d9\u05db\u05d9 \u05e9\u05d9\u05e0\u05d9\u05d9\u05dd \u05de\u05ea\u05e7\u05d3\u05de\u05d9\u05dd \u05e9\u05d5\u05e0\u05d9\u05dd. \u05ea\u05d7\u05d5\u05de\u05d9 \u05d4\u05e2\u05e0\u05d9\u05d9\u05df \u05d4\u05de\u05e7\u05e6\u05d5\u05e2\u05d9\u05d9\u05dd \u05e9\u05dc\u05d5 \u05db\u05d5\u05dc\u05dc\u05d9\u05dd \u05e2\u05e7\u05d9\u05e8\u05ea \u05e9\u05d9\u05e0\u05d9\u05d9\u05dd \u05de\u05d5\u05e9\u05e4\u05e2\u05d5\u05ea, \u05e0\u05d9\u05ea\u05d5\u05d7\u05d9 \u05e9\u05ea\u05dc\u05d9\u05dd \u05de\u05ea\u05e7\u05d3\u05de\u05d9\u05dd, \u05d4\u05d2\u05d3\u05dc\u05ea \u05e2\u05e6\u05dd, \u05d9\u05d9\u05e9\u05d5\u05de\u05d9 \u05d1\u05d5\u05d8\u05d5\u05e7\u05e1 \u05d5\u05de\u05d9\u05dc\u05d5\u05d9 \u05e2\u05d5\u05e8\u05d9, \u05e0\u05d9\u05ea\u05d5\u05d7\u05d9 \u05e6\u05d9\u05e1\u05d8\u05d4, \u05e0\u05d9\u05ea\u05d5\u05d7\u05d9 \u05e8\u05e7\u05de\u05d5\u05ea \u05e8\u05db\u05d5\u05ea, \u05e0\u05d9\u05ea\u05d5\u05d7\u05d9 \u05d0\u05e0\u05d3\u05d5\u05d3\u05d5\u05e0\u05d8 \u05d5\u05db\u05e8\u05d9\u05ea\u05ea \u05d1\u05d9\u05db\u05e7\u05d8\u05d5\u05de\u05d9\u05d4. \u05d3&quot;\u05e8 \u05d8\u05d0\u05d6\u05d4 \u05e1\u05d9\u05d9\u05dd \u05d0\u05ea \u05ea\u05d5\u05d0\u05e8 \u05e8\u05e4\u05d5\u05d0\u05ea \u05d4\u05e9\u05d9\u05e0\u05d9\u05d9\u05dd \u05e9\u05dc\u05d5 \u05de\u05d0\u05d5\u05e0\u05d9\u05d1\u05e8\u05e1\u05d9\u05d8\u05ea \u05d2\u05d0\u05d6\u05d9, [&hellip;]<\/p>\n","protected":false},"author":1,"featured_media":0,"parent":16482,"menu_order":0,"comment_status":"closed","ping_status":"closed","template":"elementor_header_footer","meta":{"footnotes":""},"class_list":["post-6005","page","type-page","status-publish","hentry"],"_links":{"self":[{"href":"https:\/\/dentgen.clinic\/he\/wp-json\/wp\/v2\/pages\/6005","targetHints":{"allow":["GET"]}}],"collection":[{"href":"https:\/\/dentgen.clinic\/he\/wp-json\/wp\/v2\/pages"}],"about":[{"href":"https:\/\/dentgen.clinic\/he\/wp-json\/wp\/v2\/types\/page"}],"author":[{"embeddable":true,"href":"https:\/\/dentgen.clinic\/he\/wp-json\/wp\/v2\/users\/1"}],"replies":[{"embeddable":true,"href":"https:\/\/dentgen.clinic\/he\/wp-json\/wp\/v2\/comments?post=6005"}],"version-history":[{"count":0,"href":"https:\/\/dentgen.clinic\/he\/wp-json\/wp\/v2\/pages\/6005\/revisions"}],"up":[{"embeddable":true,"href":"https:\/\/dentgen.clinic\/he\/wp-json\/wp\/v2\/pages\/16482"}],"wp:attachment":[{"href":"https:\/\/dentgen.clinic\/he\/wp-json\/wp\/v2\/media?parent=6005"}],"curies":[{"name":"wp","href":"https:\/\/api.w.org\/{rel}","templated":true}]}}