{"id":1757,"date":"2024-05-29T20:33:17","date_gmt":"2024-05-29T17:33:17","guid":{"rendered":"https:\/\/dentgen.clinic\/hollywood-smile-design\/"},"modified":"2025-06-02T22:07:37","modified_gmt":"2025-06-02T19:07:37","slug":"hollywood-smile-design","status":"publish","type":"page","link":"https:\/\/dentgen.clinic\/it\/hollywood-smile-design\/","title":{"rendered":"Anestesia generale ai trattamenti"},"content":{"rendered":"\t\t<div data-elementor-type=\"wp-page\" data-elementor-id=\"1757\" class=\"elementor elementor-1757 elementor-389\" data-elementor-post-type=\"page\">\n\t\t\t\t<div class=\"elementor-element elementor-element-7e6c252 e-con-full e-flex e-con e-parent\" data-id=\"7e6c252\" data-element_type=\"container\" data-settings=\"{&quot;background_background&quot;:&quot;classic&quot;,&quot;shape_divider_bottom&quot;:&quot;waves&quot;}\">\n\t\t\t\t<div class=\"elementor-shape elementor-shape-bottom\" aria-hidden=\"true\" data-negative=\"false\">\n\t\t\t<svg xmlns=\"http:\/\/www.w3.org\/2000\/svg\" viewBox=\"0 0 1000 100\" preserveAspectRatio=\"none\">\n\t<path class=\"elementor-shape-fill\" d=\"M421.9,6.5c22.6-2.5,51.5,0.4,75.5,5.3c23.6,4.9,70.9,23.5,100.5,35.7c75.8,32.2,133.7,44.5,192.6,49.7\n\tc23.6,2.1,48.7,3.5,103.4-2.5c54.7-6,106.2-25.6,106.2-25.6V0H0v30.3c0,0,72,32.6,158.4,30.5c39.2-0.7,92.8-6.7,134-22.4\n\tc21.2-8.1,52.2-18.2,79.7-24.2C399.3,7.9,411.6,7.5,421.9,6.5z\"\/>\n<\/svg>\t\t<\/div>\n\t\t\t\t<div class=\"elementor-element elementor-element-a3ee7ab elementor-invisible elementor-widget elementor-widget-heading\" data-id=\"a3ee7ab\" data-element_type=\"widget\" data-settings=\"{&quot;_animation&quot;:&quot;fadeIn&quot;}\" data-widget_type=\"heading.default\">\n\t\t\t\t<div class=\"elementor-widget-container\">\n\t\t\t\t\t<h1 class=\"elementor-heading-title elementor-size-default\">Attuazione dell'anestesia generale<\/h1>\t\t\t\t<\/div>\n\t\t\t\t<\/div>\n\t\t\t\t<\/div>\n\t\t<div class=\"elementor-element elementor-element-3bb41793 e-con-full e-flex e-con e-parent\" data-id=\"3bb41793\" data-element_type=\"container\">\n\t\t\t\t<div class=\"elementor-element elementor-element-4674f152 elementor-widget__width-initial elementor-invisible elementor-widget elementor-widget-heading\" data-id=\"4674f152\" data-element_type=\"widget\" data-settings=\"{&quot;_animation&quot;:&quot;fadeIn&quot;}\" data-widget_type=\"heading.default\">\n\t\t\t\t<div class=\"elementor-widget-container\">\n\t\t\t\t\t<h1 class=\"elementor-heading-title elementor-size-default\">Trattamento dentale con anestesia generale:\n<br>Un'esperienza confortevole e indolore\n\n<\/h1>\t\t\t\t<\/div>\n\t\t\t\t<\/div>\n\t\t\t\t<div class=\"elementor-element elementor-element-de383f0 elementor-widget__width-initial elementor-widget elementor-widget-heading\" data-id=\"de383f0\" data-element_type=\"widget\" data-widget_type=\"heading.default\">\n\t\t\t\t<div class=\"elementor-widget-container\">\n\t\t\t\t\t<h5 class=\"elementor-heading-title elementor-size-default\">I trattamenti odontoiatrici possono essere psicologicamente e fisicamente impegnativi per molte persone. Sedersi sulla poltrona del dentista spesso evoca ansia e paura. Chi ha gi\u00e0 sperimentato trattamenti dentali dolorosi tende a evitare le cure necessarie. Tuttavia, l'odontoiatria moderna offre diversi metodi per minimizzare queste paure e ansie, uno dei quali \u00e8 il trattamento dentale in anestesia generale.<\/h5>\t\t\t\t<\/div>\n\t\t\t\t<\/div>\n\t\t\t\t<\/div>\n\t\t<div class=\"elementor-element elementor-element-2d137094 e-con-full e-flex e-con e-parent\" data-id=\"2d137094\" data-element_type=\"container\" data-settings=\"{&quot;background_background&quot;:&quot;classic&quot;,&quot;shape_divider_top&quot;:&quot;waves&quot;,&quot;shape_divider_bottom&quot;:&quot;waves&quot;}\">\n\t\t\t\t<div class=\"elementor-shape elementor-shape-top\" aria-hidden=\"true\" data-negative=\"false\">\n\t\t\t<svg xmlns=\"http:\/\/www.w3.org\/2000\/svg\" viewBox=\"0 0 1000 100\" preserveAspectRatio=\"none\">\n\t<path class=\"elementor-shape-fill\" d=\"M421.9,6.5c22.6-2.5,51.5,0.4,75.5,5.3c23.6,4.9,70.9,23.5,100.5,35.7c75.8,32.2,133.7,44.5,192.6,49.7\n\tc23.6,2.1,48.7,3.5,103.4-2.5c54.7-6,106.2-25.6,106.2-25.6V0H0v30.3c0,0,72,32.6,158.4,30.5c39.2-0.7,92.8-6.7,134-22.4\n\tc21.2-8.1,52.2-18.2,79.7-24.2C399.3,7.9,411.6,7.5,421.9,6.5z\"\/>\n<\/svg>\t\t<\/div>\n\t\t\t\t<div class=\"elementor-shape elementor-shape-bottom\" aria-hidden=\"true\" data-negative=\"false\">\n\t\t\t<svg xmlns=\"http:\/\/www.w3.org\/2000\/svg\" viewBox=\"0 0 1000 100\" preserveAspectRatio=\"none\">\n\t<path class=\"elementor-shape-fill\" d=\"M421.9,6.5c22.6-2.5,51.5,0.4,75.5,5.3c23.6,4.9,70.9,23.5,100.5,35.7c75.8,32.2,133.7,44.5,192.6,49.7\n\tc23.6,2.1,48.7,3.5,103.4-2.5c54.7-6,106.2-25.6,106.2-25.6V0H0v30.3c0,0,72,32.6,158.4,30.5c39.2-0.7,92.8-6.7,134-22.4\n\tc21.2-8.1,52.2-18.2,79.7-24.2C399.3,7.9,411.6,7.5,421.9,6.5z\"\/>\n<\/svg>\t\t<\/div>\n\t\t<div class=\"elementor-element elementor-element-3e3cdba3 e-con-full e-flex e-con e-child\" data-id=\"3e3cdba3\" data-element_type=\"container\">\n\t\t\t\t<div class=\"elementor-element elementor-element-3e3531af elementor-widget elementor-widget-heading\" data-id=\"3e3531af\" data-element_type=\"widget\" data-widget_type=\"heading.default\">\n\t\t\t\t<div class=\"elementor-widget-container\">\n\t\t\t\t\t<h2 class=\"elementor-heading-title elementor-size-default\">Attuazione dell'anestesia generale<\/h2>\t\t\t\t<\/div>\n\t\t\t\t<\/div>\n\t\t\t\t<div class=\"elementor-element elementor-element-5e60caed elementor-widget elementor-widget-text-editor\" data-id=\"5e60caed\" data-element_type=\"widget\" data-widget_type=\"text-editor.default\">\n\t\t\t\t<div class=\"elementor-widget-container\">\n\t\t\t\t\t\t\t\t\t<p>L&#8217;anestesia generale \u00e8 un trattamento farmacologico che permette al paziente di essere completamente addormentato e di non sentire nulla durante l&#8217;intervento. Prima del trattamento odontoiatrico, l&#8217;anestesia generale assicura che il paziente dorma e non provi alcun dolore o fastidio durante il processo. Questo metodo \u00e8 particolarmente indicato nelle seguenti situazioni:<\/p>\n<p><strong>Pazienti con grave paura del dentista: l&#8217;<\/strong> anestesia generale \u00e8 di grande conforto per i pazienti che hanno molta paura di andare dal dentista e che quindi ritardano i loro trattamenti.<\/p>\n<p><strong>Trattamenti dentali estesi e complessi:<\/strong> In caso di procedure lunghe e multiple richieste contemporaneamente, \u00e8 possibile scegliere l&#8217;anestesia generale per garantire il comfort del paziente.<\/p>\n<p><strong>Pazienti con esigenze speciali:<\/strong> Le persone con disabilit\u00e0 o disturbi psicologici possono sottoporsi pi\u00f9 facilmente a trattamenti odontoiatrici con l&#8217;anestesia generale.<\/p>\n\t\t\t\t\t\t\t\t<\/div>\n\t\t\t\t<\/div>\n\t\t\t\t<\/div>\n\t\t<div class=\"elementor-element elementor-element-120e57f3 e-con-full e-flex e-con e-child\" data-id=\"120e57f3\" data-element_type=\"container\">\n\t\t\t\t<div class=\"elementor-element elementor-element-20e02c42 elementor-widget elementor-widget-image\" data-id=\"20e02c42\" data-element_type=\"widget\" data-widget_type=\"image.default\">\n\t\t\t\t<div class=\"elementor-widget-container\">\n\t\t\t\t\t\t\t\t\t\t\t\t\t\t\t<img fetchpriority=\"high\" decoding=\"async\" width=\"800\" height=\"534\" src=\"https:\/\/dentgen.clinic\/wp-content\/uploads\/2024\/06\/general-anesthesia.jpg\" class=\"attachment-large size-large wp-image-5511\" alt=\"\" srcset=\"https:\/\/dentgen.clinic\/wp-content\/uploads\/2024\/06\/general-anesthesia.jpg 1000w, https:\/\/dentgen.clinic\/wp-content\/uploads\/2024\/06\/general-anesthesia-300x200.jpg 300w, https:\/\/dentgen.clinic\/wp-content\/uploads\/2024\/06\/general-anesthesia-768x512.jpg 768w\" sizes=\"(max-width: 800px) 100vw, 800px\" \/>\t\t\t\t\t\t\t\t\t\t\t\t\t\t\t<\/div>\n\t\t\t\t<\/div>\n\t\t\t\t<\/div>\n\t\t\t\t<\/div>\n\t\t<div class=\"elementor-element elementor-element-443577a8 e-con-full e-flex e-con e-parent\" data-id=\"443577a8\" data-element_type=\"container\" data-settings=\"{&quot;background_background&quot;:&quot;classic&quot;}\">\n\t\t<div class=\"elementor-element elementor-element-55bda7d9 e-con-full e-flex e-con e-child\" data-id=\"55bda7d9\" data-element_type=\"container\">\n\t\t\t\t<div class=\"elementor-element elementor-element-2b142c67 elementor-widget elementor-widget-image\" data-id=\"2b142c67\" data-element_type=\"widget\" data-widget_type=\"image.default\">\n\t\t\t\t<div class=\"elementor-widget-container\">\n\t\t\t\t\t\t\t\t\t\t\t\t\t\t\t<img decoding=\"async\" width=\"800\" height=\"583\" src=\"https:\/\/dentgen.clinic\/wp-content\/uploads\/2024\/06\/operation-theatre.jpg\" class=\"attachment-large size-large wp-image-5493\" alt=\"\" srcset=\"https:\/\/dentgen.clinic\/wp-content\/uploads\/2024\/06\/operation-theatre.jpg 1000w, https:\/\/dentgen.clinic\/wp-content\/uploads\/2024\/06\/operation-theatre-300x219.jpg 300w, https:\/\/dentgen.clinic\/wp-content\/uploads\/2024\/06\/operation-theatre-768x560.jpg 768w\" sizes=\"(max-width: 800px) 100vw, 800px\" \/>\t\t\t\t\t\t\t\t\t\t\t\t\t\t\t<\/div>\n\t\t\t\t<\/div>\n\t\t\t\t<\/div>\n\t\t<div class=\"elementor-element elementor-element-36e70d0b e-con-full e-flex e-con e-child\" data-id=\"36e70d0b\" data-element_type=\"container\">\n\t\t\t\t<div class=\"elementor-element elementor-element-2aee5387 elementor-widget elementor-widget-heading\" data-id=\"2aee5387\" data-element_type=\"widget\" data-widget_type=\"heading.default\">\n\t\t\t\t<div class=\"elementor-widget-container\">\n\t\t\t\t\t<h2 class=\"elementor-heading-title elementor-size-default\">I vantaggi del trattamento odontoiatrico con anestesia generale\n\n<\/h2>\t\t\t\t<\/div>\n\t\t\t\t<\/div>\n\t\t\t\t<div class=\"elementor-element elementor-element-37503f83 elementor-widget elementor-widget-text-editor\" data-id=\"37503f83\" data-element_type=\"widget\" data-widget_type=\"text-editor.default\">\n\t\t\t\t<div class=\"elementor-widget-container\">\n\t\t\t\t\t\t\t\t\t<ul>\n<li><strong>Comfort e facilit\u00e0:<\/strong> I pazienti dormono per tutta la durata del trattamento e non avvertono alcun dolore o disagio. Questo ha un impatto positivo sul processo di recupero post-trattamento.<\/li>\n<li><strong>Trattamento rapido ed efficace:<\/strong> Con l&#8217;anestesia generale, il dentista pu\u00f2 lavorare in modo pi\u00f9 rapido ed efficiente. L&#8217;immobilit\u00e0 del paziente consente di completare il trattamento in tempi pi\u00f9 brevi.<\/li>\n<li><strong>Procedure multiple in un&#8217;unica seduta:<\/strong> Con l&#8217;anestesia generale \u00e8 possibile eseguire pi\u00f9 trattamenti dentali contemporaneamente, eliminando la necessit\u00e0 di ripetere le visite.<\/li>\n<li><strong>Riduzione dello stress e dell&#8217;ansia:<\/strong> Per i pazienti che hanno paura del trattamento dentale, l&#8217;anestesia generale elimina completamente questa paura, rendendo il processo di trattamento meno stressante.<\/li>\n<\/ul>\n\t\t\t\t\t\t\t\t<\/div>\n\t\t\t\t<\/div>\n\t\t\t\t<\/div>\n\t\t\t\t<\/div>\n\t\t<div class=\"elementor-element elementor-element-4c2ceb4 e-con-full e-flex e-con e-parent\" data-id=\"4c2ceb4\" data-element_type=\"container\" data-settings=\"{&quot;background_background&quot;:&quot;classic&quot;,&quot;shape_divider_top&quot;:&quot;waves&quot;,&quot;shape_divider_bottom&quot;:&quot;waves&quot;}\">\n\t\t\t\t<div class=\"elementor-shape elementor-shape-top\" aria-hidden=\"true\" data-negative=\"false\">\n\t\t\t<svg xmlns=\"http:\/\/www.w3.org\/2000\/svg\" viewBox=\"0 0 1000 100\" preserveAspectRatio=\"none\">\n\t<path class=\"elementor-shape-fill\" d=\"M421.9,6.5c22.6-2.5,51.5,0.4,75.5,5.3c23.6,4.9,70.9,23.5,100.5,35.7c75.8,32.2,133.7,44.5,192.6,49.7\n\tc23.6,2.1,48.7,3.5,103.4-2.5c54.7-6,106.2-25.6,106.2-25.6V0H0v30.3c0,0,72,32.6,158.4,30.5c39.2-0.7,92.8-6.7,134-22.4\n\tc21.2-8.1,52.2-18.2,79.7-24.2C399.3,7.9,411.6,7.5,421.9,6.5z\"\/>\n<\/svg>\t\t<\/div>\n\t\t\t\t<div class=\"elementor-shape elementor-shape-bottom\" aria-hidden=\"true\" data-negative=\"false\">\n\t\t\t<svg xmlns=\"http:\/\/www.w3.org\/2000\/svg\" viewBox=\"0 0 1000 100\" preserveAspectRatio=\"none\">\n\t<path class=\"elementor-shape-fill\" d=\"M421.9,6.5c22.6-2.5,51.5,0.4,75.5,5.3c23.6,4.9,70.9,23.5,100.5,35.7c75.8,32.2,133.7,44.5,192.6,49.7\n\tc23.6,2.1,48.7,3.5,103.4-2.5c54.7-6,106.2-25.6,106.2-25.6V0H0v30.3c0,0,72,32.6,158.4,30.5c39.2-0.7,92.8-6.7,134-22.4\n\tc21.2-8.1,52.2-18.2,79.7-24.2C399.3,7.9,411.6,7.5,421.9,6.5z\"\/>\n<\/svg>\t\t<\/div>\n\t\t<div class=\"elementor-element elementor-element-fc2cc81 e-con-full e-flex e-con e-child\" data-id=\"fc2cc81\" data-element_type=\"container\">\n\t\t\t\t<div class=\"elementor-element elementor-element-86c0226 elementor-widget elementor-widget-heading\" data-id=\"86c0226\" data-element_type=\"widget\" data-widget_type=\"heading.default\">\n\t\t\t\t<div class=\"elementor-widget-container\">\n\t\t\t\t\t<h2 class=\"elementor-heading-title elementor-size-default\">Conclusione<\/h2>\t\t\t\t<\/div>\n\t\t\t\t<\/div>\n\t\t\t\t<div class=\"elementor-element elementor-element-e060253 elementor-widget elementor-widget-text-editor\" data-id=\"e060253\" data-element_type=\"widget\" data-widget_type=\"text-editor.default\">\n\t\t\t\t<div class=\"elementor-widget-container\">\n\t\t\t\t\t\t\t\t\t<p>Il trattamento odontoiatrico con anestesia generale \u00e8 una soluzione eccellente per chi ha paura del dentista o per chi necessita di trattamenti estesi. Questo metodo offre ai pazienti un&#8217;esperienza di trattamento indolore, confortevole e rilassante. I trattamenti odontoiatrici in anestesia generale, eseguiti in un ambiente sterile e sicuro come una sala operatoria, sono uno dei modi pi\u00f9 confortevoli per mantenere e migliorare la tua salute orale.<\/p>\n<p>Puoi ottenere maggiori informazioni sul trattamento odontoiatrico con anestesia generale attraverso il nostro sito web e fissare un appuntamento. Non rimandare la tua salute, contattaci per un trattamento confortevole e indolore.<\/p>\n\t\t\t\t\t\t\t\t<\/div>\n\t\t\t\t<\/div>\n\t\t\t\t<\/div>\n\t\t<div class=\"elementor-element elementor-element-b23097a e-con-full e-flex e-con e-child\" data-id=\"b23097a\" data-element_type=\"container\">\n\t\t\t\t<div class=\"elementor-element elementor-element-39777ed elementor-widget elementor-widget-image\" data-id=\"39777ed\" data-element_type=\"widget\" data-widget_type=\"image.default\">\n\t\t\t\t<div class=\"elementor-widget-container\">\n\t\t\t\t\t\t\t\t\t\t\t\t\t\t\t<img decoding=\"async\" width=\"800\" height=\"549\" src=\"https:\/\/dentgen.clinic\/wp-content\/uploads\/2024\/06\/observation-room.jpg\" class=\"attachment-large size-large wp-image-5501\" alt=\"\" srcset=\"https:\/\/dentgen.clinic\/wp-content\/uploads\/2024\/06\/observation-room.jpg 1000w, https:\/\/dentgen.clinic\/wp-content\/uploads\/2024\/06\/observation-room-300x206.jpg 300w, https:\/\/dentgen.clinic\/wp-content\/uploads\/2024\/06\/observation-room-768x527.jpg 768w\" sizes=\"(max-width: 800px) 100vw, 800px\" \/>\t\t\t\t\t\t\t\t\t\t\t\t\t\t\t<\/div>\n\t\t\t\t<\/div>\n\t\t\t\t<\/div>\n\t\t\t\t<\/div>\n\t\t\t\t<\/div>\n\t\t","protected":false},"excerpt":{"rendered":"<p>Attuazione dell&#8217;anestesia generale Trattamento dentale con anestesia generale: Un&#8217;esperienza confortevole e indolore I trattamenti odontoiatrici possono essere psicologicamente e fisicamente impegnativi per molte persone. Sedersi sulla poltrona del dentista spesso evoca ansia e paura. Chi ha gi\u00e0 sperimentato trattamenti dentali dolorosi tende a evitare le cure necessarie. Tuttavia, l&#8217;odontoiatria moderna offre diversi metodi per minimizzare [&hellip;]<\/p>\n","protected":false},"author":1,"featured_media":5493,"parent":0,"menu_order":0,"comment_status":"closed","ping_status":"closed","template":"elementor_header_footer","meta":{"footnotes":""},"class_list":["post-1757","page","type-page","status-publish","has-post-thumbnail","hentry"],"_links":{"self":[{"href":"https:\/\/dentgen.clinic\/it\/wp-json\/wp\/v2\/pages\/1757","targetHints":{"allow":["GET"]}}],"collection":[{"href":"https:\/\/dentgen.clinic\/it\/wp-json\/wp\/v2\/pages"}],"about":[{"href":"https:\/\/dentgen.clinic\/it\/wp-json\/wp\/v2\/types\/page"}],"author":[{"embeddable":true,"href":"https:\/\/dentgen.clinic\/it\/wp-json\/wp\/v2\/users\/1"}],"replies":[{"embeddable":true,"href":"https:\/\/dentgen.clinic\/it\/wp-json\/wp\/v2\/comments?post=1757"}],"version-history":[{"count":0,"href":"https:\/\/dentgen.clinic\/it\/wp-json\/wp\/v2\/pages\/1757\/revisions"}],"wp:featuredmedia":[{"embeddable":true,"href":"https:\/\/dentgen.clinic\/it\/wp-json\/wp\/v2\/media\/5493"}],"wp:attachment":[{"href":"https:\/\/dentgen.clinic\/it\/wp-json\/wp\/v2\/media?parent=1757"}],"curies":[{"name":"wp","href":"https:\/\/api.w.org\/{rel}","templated":true}]}}