{"id":5902,"date":"2024-06-13T15:22:26","date_gmt":"2024-06-13T12:22:26","guid":{"rendered":"https:\/\/dentgen.clinic\/dt-cem-taze\/"},"modified":"2025-03-26T14:04:41","modified_gmt":"2025-03-26T11:04:41","slug":"dt-cem-taze","status":"publish","type":"page","link":"https:\/\/dentgen.clinic\/it\/dentisti\/dt-cem-taze\/","title":{"rendered":"Dt. Cem Taze"},"content":{"rendered":"\t\t<div data-elementor-type=\"wp-page\" data-elementor-id=\"5902\" class=\"elementor elementor-5902 elementor-4040\" data-elementor-post-type=\"page\">\n\t\t\t\t<div class=\"elementor-element elementor-element-3bb41793 e-con-full e-flex e-con e-parent\" data-id=\"3bb41793\" data-element_type=\"container\" data-settings=\"{&quot;background_background&quot;:&quot;classic&quot;,&quot;shape_divider_bottom&quot;:&quot;waves&quot;}\">\n\t\t\t\t<div class=\"elementor-shape elementor-shape-bottom\" aria-hidden=\"true\" data-negative=\"false\">\n\t\t\t<svg xmlns=\"http:\/\/www.w3.org\/2000\/svg\" viewBox=\"0 0 1000 100\" preserveAspectRatio=\"none\">\n\t<path class=\"elementor-shape-fill\" d=\"M421.9,6.5c22.6-2.5,51.5,0.4,75.5,5.3c23.6,4.9,70.9,23.5,100.5,35.7c75.8,32.2,133.7,44.5,192.6,49.7\n\tc23.6,2.1,48.7,3.5,103.4-2.5c54.7-6,106.2-25.6,106.2-25.6V0H0v30.3c0,0,72,32.6,158.4,30.5c39.2-0.7,92.8-6.7,134-22.4\n\tc21.2-8.1,52.2-18.2,79.7-24.2C399.3,7.9,411.6,7.5,421.9,6.5z\"\/>\n<\/svg>\t\t<\/div>\n\t\t\t\t<div class=\"elementor-element elementor-element-4674f152 elementor-invisible elementor-widget elementor-widget-heading\" data-id=\"4674f152\" data-element_type=\"widget\" data-settings=\"{&quot;_animation&quot;:&quot;fadeIn&quot;}\" data-widget_type=\"heading.default\">\n\t\t\t\t<div class=\"elementor-widget-container\">\n\t\t\t\t\t<span class=\"elementor-heading-title elementor-size-default\">Dt. Cem Taze<\/span>\t\t\t\t<\/div>\n\t\t\t\t<\/div>\n\t\t\t\t<\/div>\n\t\t<div class=\"elementor-element elementor-element-45b1b46c e-con-full e-flex e-con e-parent\" data-id=\"45b1b46c\" data-element_type=\"container\" data-settings=\"{&quot;background_background&quot;:&quot;classic&quot;}\">\n\t\t<div class=\"elementor-element elementor-element-7c357568 e-con-full e-flex e-con e-child\" data-id=\"7c357568\" data-element_type=\"container\">\n\t\t\t\t<div class=\"elementor-element elementor-element-7990810f elementor-widget elementor-widget-heading\" data-id=\"7990810f\" data-element_type=\"widget\" data-widget_type=\"heading.default\">\n\t\t\t\t<div class=\"elementor-widget-container\">\n\t\t\t\t\t<h2 class=\"elementor-heading-title elementor-size-default\">Dt. Cem Taze<\/h2>\t\t\t\t<\/div>\n\t\t\t\t<\/div>\n\t\t\t\t<div class=\"elementor-element elementor-element-600be71b elementor-invisible elementor-widget elementor-widget-text-editor\" data-id=\"600be71b\" data-element_type=\"widget\" data-settings=\"{&quot;_animation&quot;:&quot;fadeIn&quot;,&quot;_animation_delay&quot;:200}\" data-widget_type=\"text-editor.default\">\n\t\t\t\t<div class=\"elementor-widget-container\">\n\t\t\t\t\t\t\t\t\t<div class=\"flex flex-grow flex-col max-w-full\">\n<div class=\"min-h-[20px] text-message flex flex-col items-start whitespace-pre-wrap break-words [.text-message+&amp;]:mt-5 juice:w-full juice:items-end overflow-x-auto gap-2\" dir=\"auto\" data-message-author-role=\"assistant\" data-message-id=\"169c136f-2d49-4e82-9b2a-48c9dadcd18f\">\n<div class=\"flex w-full flex-col gap-1 juice:empty:hidden juice:first:pt-[3px]\">\n<div class=\"markdown prose w-full break-words dark:prose-invert light\">\n<p>Il Dr. Cem Taze \u00e8 un abile medico generico specializzato in varie procedure odontoiatriche avanzate. I suoi interessi professionali includono l&#8217;estrazione di denti impattati, la chirurgia implantare avanzata, l&#8217;aumento dell&#8217;osso, le applicazioni di botox e filler dermici, le operazioni sulle cisti, la chirurgia dei tessuti molli, la chirurgia endodontica e la bichectomia. Il Dr. Taze si \u00e8 laureato in odontoiatria presso l&#8217;Universit\u00e0 di Gazi, Facolt\u00e0 di Odontoiatria, e si \u00e8 specializzato in chirurgia orale e maxillo-facciale presso l&#8217;Universit\u00e0 di K\u0131r\u0131kkale, Facolt\u00e0 di Odontoiatria. Ha partecipato attivamente a numerosi corsi e simposi, tra cui presentazioni al 15\u00b0 Congresso Internazionale A\u00c7B\u0130D e corsi di formazione su tecniche dentali avanzate. Ha inoltre contribuito alla comunit\u00e0 scientifica con la sua pubblicazione sulla produzione di impianti dentali biomimetici utilizzando la fusione selettiva laser a letto di polvere.<\/p>\n<\/div>\n<\/div>\n<\/div>\n<\/div>\n\t\t\t\t\t\t\t\t<\/div>\n\t\t\t\t<\/div>\n\t\t\t\t<div class=\"elementor-element elementor-element-45e8d990 elementor-align-center elementor-invisible elementor-widget elementor-widget-button\" data-id=\"45e8d990\" data-element_type=\"widget\" data-settings=\"{&quot;_animation&quot;:&quot;fadeIn&quot;,&quot;_animation_delay&quot;:400}\" data-widget_type=\"button.default\">\n\t\t\t\t<div class=\"elementor-widget-container\">\n\t\t\t\t\t\t\t\t\t<div class=\"elementor-button-wrapper\">\n\t\t\t\t\t<a class=\"elementor-button elementor-button-link elementor-size-sm\" href=\"#name\">\n\t\t\t\t\t\t<span class=\"elementor-button-content-wrapper\">\n\t\t\t\t\t\t<span class=\"elementor-button-icon\">\n\t\t\t\t<svg aria-hidden=\"true\" class=\"e-font-icon-svg e-fas-arrow-alt-circle-down\" viewBox=\"0 0 512 512\" xmlns=\"http:\/\/www.w3.org\/2000\/svg\"><path d=\"M504 256c0 137-111 248-248 248S8 393 8 256 119 8 256 8s248 111 248 248zM212 140v116h-70.9c-10.7 0-16.1 13-8.5 20.5l114.9 114.3c4.7 4.7 12.2 4.7 16.9 0l114.9-114.3c7.6-7.6 2.2-20.5-8.5-20.5H300V140c0-6.6-5.4-12-12-12h-64c-6.6 0-12 5.4-12 12z\"><\/path><\/svg>\t\t\t<\/span>\n\t\t\t\t\t\t\t\t\t<span class=\"elementor-button-text\">Recensione CV<\/span>\n\t\t\t\t\t<\/span>\n\t\t\t\t\t<\/a>\n\t\t\t\t<\/div>\n\t\t\t\t\t\t\t\t<\/div>\n\t\t\t\t<\/div>\n\t\t\t\t<\/div>\n\t\t<div class=\"elementor-element elementor-element-743123aa e-con-full e-flex e-con e-child\" data-id=\"743123aa\" data-element_type=\"container\" data-settings=\"{&quot;background_background&quot;:&quot;classic&quot;}\">\n\t\t\t\t<div class=\"elementor-element elementor-element-45884666 elementor-invisible elementor-widget elementor-widget-image\" data-id=\"45884666\" data-element_type=\"widget\" data-settings=\"{&quot;_animation&quot;:&quot;zoomIn&quot;}\" data-widget_type=\"image.default\">\n\t\t\t\t<div class=\"elementor-widget-container\">\n\t\t\t\t\t\t\t\t\t\t\t\t\t\t\t<img fetchpriority=\"high\" decoding=\"async\" width=\"1000\" height=\"1779\" src=\"https:\/\/dentgen.clinic\/wp-content\/uploads\/2024\/06\/4-1-1-1-1-1-1-1-1-1-1.jpg\" class=\"attachment-full size-full wp-image-3969\" alt=\"\" srcset=\"https:\/\/dentgen.clinic\/wp-content\/uploads\/2024\/06\/4-1-1-1-1-1-1-1-1-1-1.jpg 1000w, https:\/\/dentgen.clinic\/wp-content\/uploads\/2024\/06\/4-1-1-1-1-1-1-1-1-1-1-169x300.jpg 169w, https:\/\/dentgen.clinic\/wp-content\/uploads\/2024\/06\/4-1-1-1-1-1-1-1-1-1-1-576x1024.jpg 576w, https:\/\/dentgen.clinic\/wp-content\/uploads\/2024\/06\/4-1-1-1-1-1-1-1-1-1-1-768x1366.jpg 768w, https:\/\/dentgen.clinic\/wp-content\/uploads\/2024\/06\/4-1-1-1-1-1-1-1-1-1-1-863x1536.jpg 863w\" sizes=\"(max-width: 1000px) 100vw, 1000px\" \/>\t\t\t\t\t\t\t\t\t\t\t\t\t\t\t<\/div>\n\t\t\t\t<\/div>\n\t\t\t\t<\/div>\n\t\t\t\t<\/div>\n\t\t<div class=\"elementor-element elementor-element-51322a4 e-con-full e-flex e-con e-child\" data-id=\"51322a4\" data-element_type=\"container\" id=\"name\" data-settings=\"{&quot;background_background&quot;:&quot;classic&quot;,&quot;shape_divider_bottom&quot;:&quot;waves&quot;,&quot;shape_divider_top&quot;:&quot;waves&quot;}\">\n\t\t\t\t<div class=\"elementor-shape elementor-shape-top\" aria-hidden=\"true\" data-negative=\"false\">\n\t\t\t<svg xmlns=\"http:\/\/www.w3.org\/2000\/svg\" viewBox=\"0 0 1000 100\" preserveAspectRatio=\"none\">\n\t<path class=\"elementor-shape-fill\" d=\"M421.9,6.5c22.6-2.5,51.5,0.4,75.5,5.3c23.6,4.9,70.9,23.5,100.5,35.7c75.8,32.2,133.7,44.5,192.6,49.7\n\tc23.6,2.1,48.7,3.5,103.4-2.5c54.7-6,106.2-25.6,106.2-25.6V0H0v30.3c0,0,72,32.6,158.4,30.5c39.2-0.7,92.8-6.7,134-22.4\n\tc21.2-8.1,52.2-18.2,79.7-24.2C399.3,7.9,411.6,7.5,421.9,6.5z\"\/>\n<\/svg>\t\t<\/div>\n\t\t\t\t<div class=\"elementor-shape elementor-shape-bottom\" aria-hidden=\"true\" data-negative=\"false\">\n\t\t\t<svg xmlns=\"http:\/\/www.w3.org\/2000\/svg\" viewBox=\"0 0 1000 100\" preserveAspectRatio=\"none\">\n\t<path class=\"elementor-shape-fill\" d=\"M421.9,6.5c22.6-2.5,51.5,0.4,75.5,5.3c23.6,4.9,70.9,23.5,100.5,35.7c75.8,32.2,133.7,44.5,192.6,49.7\n\tc23.6,2.1,48.7,3.5,103.4-2.5c54.7-6,106.2-25.6,106.2-25.6V0H0v30.3c0,0,72,32.6,158.4,30.5c39.2-0.7,92.8-6.7,134-22.4\n\tc21.2-8.1,52.2-18.2,79.7-24.2C399.3,7.9,411.6,7.5,421.9,6.5z\"\/>\n<\/svg>\t\t<\/div>\n\t\t\t\t<div class=\"elementor-element elementor-element-1b9937e elementor-widget__width-initial elementor-widget elementor-widget-text-editor\" data-id=\"1b9937e\" data-element_type=\"widget\" data-widget_type=\"text-editor.default\">\n\t\t\t\t<div class=\"elementor-widget-container\">\n\t\t\t\t\t\t\t\t\t<table border=\"1\" width=\"100%\" cellspacing=\"0\" cellpadding=\"4\">\n<tbody>\n<tr valign=\"TOP\">\n<td width=\"50%\">\n<p><strong>Nome<\/strong><\/p>\n<\/td>\n<td width=\"50%\">\n<p><strong>Dt. Cem Taze<\/strong><\/p>\n<\/td>\n<\/tr>\n<tr valign=\"TOP\">\n<td width=\"50%\">\n<p><strong>Specializzazione<\/strong><\/p>\n<\/td>\n<td width=\"50%\">\n<p><strong>Medico di base<\/strong><\/p>\n<\/td>\n<\/tr>\n<tr valign=\"TOP\">\n<td width=\"50%\">\n<p><strong>Interessi professionali<\/strong><\/p>\n<\/td>\n<td width=\"50%\">\n<ul>\n<li>\n<p><strong>Estrazione di un dente impattato<\/strong><\/p>\n<\/li>\n<\/ul>\n<ul>\n<li>\n<p><strong>Chirurgia implantare avanzata<\/strong><\/p>\n<\/li>\n<\/ul>\n<ul>\n<li>\n<p><strong>Aumento dell&#8217;osso<\/strong><\/p>\n<\/li>\n<\/ul>\n<ul>\n<li>\n<p><strong>Botox e filler dermici<\/strong><\/p>\n<\/li>\n<\/ul>\n<ul>\n<li>\n<p><strong>Operazione di cisti<\/strong><\/p>\n<\/li>\n<\/ul>\n<ul>\n<li>\n<p><strong>Chirurgia dei tessuti molli<\/strong><\/p>\n<\/li>\n<\/ul>\n<ul>\n<li>\n<p><strong>Chirurgia endodontica<\/strong><\/p>\n<\/li>\n<\/ul>\n<ul>\n<li>\n<p><strong>Bichectomia<\/strong><\/p>\n<\/li>\n<\/ul>\n<\/td>\n<\/tr>\n<tr valign=\"TOP\">\n<td width=\"50%\">\n<p><strong>Istruzione<\/strong><\/p>\n<\/td>\n<td width=\"50%\">\n<ul>\n<li>\n<p><strong>Universit\u00e0 Gazi, Facolt\u00e0 di Odontoiatria<\/strong><\/p>\n<\/li>\n<li>\n<p><strong>Universit\u00e0 di K\u0131r\u0131kkale, Facolt\u00e0 di Odontoiatria &#8211; Chirurgia orale e maxillo-facciale<\/strong><\/p>\n<\/li>\n<\/ul>\n<\/td>\n<\/tr>\n<tr valign=\"TOP\">\n<td width=\"50%\">\n<p><strong>Corsi\/Simposi\/Presentazioni<\/strong><\/p>\n<\/td>\n<td width=\"50%\">\n<ul>\n<li>\n<p><strong>Cem Taze, \u00d6zkan \u00d6zg\u00fcl, Mustafa Erc\u00fcment \u00d6nder, Umut Tekin, Petek Korkusuz, &#8220;Progettazione di impianti dentali porosi biomimetici, valutazione in vivo&#8221;, Presentazione orale, 15\u00b0 Congresso Internazionale A\u00c7B\u0130D, 11-15 maggio 2022.<\/strong><\/p>\n<\/li>\n<\/ul>\n<ul>\n<li>\n<p><strong>Centro di Ricerca e Applicazione dell&#8217;Universit\u00e0 Americana di Cipro &#8220;Corso di formazione sul botox e sul filler dermico&#8221;, 12 marzo 2022, Ankara<\/strong><\/p>\n<\/li>\n<\/ul>\n<ul>\n<li>\n<p><strong>Nobel Biocare &#8220;Concetto di trattamento All-on-4 per pazienti completamente edentuli e potenzialmente edentuli&#8221;, 2 novembre 2019, Ankara<\/strong><\/p>\n<\/li>\n<\/ul>\n<ul>\n<li>\n<p><strong>Bilimplant &#8220;Sollevamento del seno mascellare, tecniche di innesto osseo e protesi supportate da impianti&#8221;, 6 aprile 2019, Ankara<\/strong><\/p>\n<\/li>\n<\/ul>\n<ul>\n<li>\n<p><strong>Nobel Biocare &#8220;Sistema Trefoil di concezione alternativa per l&#8217;edentulismo mandibolare totale&#8221;, 11 novembre 2021, Antalya<\/strong><\/p>\n<\/li>\n<\/ul>\n<ul>\n<li>\n<p><strong>Nobel Biocare &#8220;Soluzioni per l&#8217;edentulismo totale&#8221;, 6 aprile 2019, Ankara<\/strong><\/p>\n<\/li>\n<\/ul>\n<ul>\n<li>\n<p><strong>Dentimplant &#8220;Impianti angolati dalla prospettiva dell&#8217;implantologia minimamente invasiva&#8221;, 30 novembre 2019, Ankara<\/strong><\/p>\n<\/li>\n<\/ul>\n<ul>\n<li>\n<p><strong>Dentimplant &#8220;Riunione dei dentisti del 18\u00b0 anno&#8221;, 21 ottobre 2021, Antalya<\/strong><\/p>\n<\/li>\n<\/ul>\n<ul>\n<li>\n<p><strong>A\u00c7B\u0130D 15\u00b0 Congresso Internazionale, 11-15 maggio 2022<\/strong><\/p>\n<\/li>\n<\/ul>\n<ul>\n<li>\n<p><strong>A\u00c7B\u0130D 14\u00b0 Congresso Internazionale Online, 7-9 maggio 2021<\/strong><\/p>\n<\/li>\n<\/ul>\n<\/td>\n<\/tr>\n<tr valign=\"TOP\">\n<td width=\"50%\">\n<p><strong>Pubblicazione<\/strong><\/p>\n<\/td>\n<td width=\"50%\">\n<ul>\n<li>\n<p>&#8220;Conferma della presentazione per la produzione di impianti dentali biomimetici mediante fusione selettiva laser a letto di polvere: Risultati in vitro&#8221;<\/p>\n<\/li>\n<\/ul>\n<\/td>\n<\/tr>\n<tr valign=\"TOP\">\n<td width=\"50%\">\n<p><strong>Iscrizione<\/strong><\/p>\n<\/td>\n<td width=\"50%\">\n<ul>\n<li>\n<p>A\u00c7B\u0130D (Associazione di Chirurgia Orale e Maxillofacciale)<\/p>\n<\/li>\n<\/ul>\n<\/td>\n<\/tr>\n<\/tbody>\n<\/table>\n\t\t\t\t\t\t\t\t<\/div>\n\t\t\t\t<\/div>\n\t\t\t\t<\/div>\n\t\t\t\t<\/div>\n\t\t","protected":false},"excerpt":{"rendered":"<p>Dt. Cem Taze Dt. Cem Taze Il Dr. Cem Taze \u00e8 un abile medico generico specializzato in varie procedure odontoiatriche avanzate. I suoi interessi professionali includono l&#8217;estrazione di denti impattati, la chirurgia implantare avanzata, l&#8217;aumento dell&#8217;osso, le applicazioni di botox e filler dermici, le operazioni sulle cisti, la chirurgia dei tessuti molli, la chirurgia endodontica [&hellip;]<\/p>\n","protected":false},"author":1,"featured_media":0,"parent":16480,"menu_order":0,"comment_status":"closed","ping_status":"closed","template":"elementor_header_footer","meta":{"footnotes":""},"class_list":["post-5902","page","type-page","status-publish","hentry"],"_links":{"self":[{"href":"https:\/\/dentgen.clinic\/it\/wp-json\/wp\/v2\/pages\/5902","targetHints":{"allow":["GET"]}}],"collection":[{"href":"https:\/\/dentgen.clinic\/it\/wp-json\/wp\/v2\/pages"}],"about":[{"href":"https:\/\/dentgen.clinic\/it\/wp-json\/wp\/v2\/types\/page"}],"author":[{"embeddable":true,"href":"https:\/\/dentgen.clinic\/it\/wp-json\/wp\/v2\/users\/1"}],"replies":[{"embeddable":true,"href":"https:\/\/dentgen.clinic\/it\/wp-json\/wp\/v2\/comments?post=5902"}],"version-history":[{"count":0,"href":"https:\/\/dentgen.clinic\/it\/wp-json\/wp\/v2\/pages\/5902\/revisions"}],"up":[{"embeddable":true,"href":"https:\/\/dentgen.clinic\/it\/wp-json\/wp\/v2\/pages\/16480"}],"wp:attachment":[{"href":"https:\/\/dentgen.clinic\/it\/wp-json\/wp\/v2\/media?parent=5902"}],"curies":[{"name":"wp","href":"https:\/\/api.w.org\/{rel}","templated":true}]}}