{"id":16371,"date":"2025-02-22T14:51:07","date_gmt":"2025-02-22T11:51:07","guid":{"rendered":"https:\/\/dentgen.clinic\/dt-mirza-bilal\/"},"modified":"2025-04-28T16:34:01","modified_gmt":"2025-04-28T13:34:01","slug":"dt-mirza-bilal","status":"publish","type":"page","link":"https:\/\/dentgen.clinic\/pl\/dentysci\/dt-mirza-bilal\/","title":{"rendered":"Dt. Mirza Bilal"},"content":{"rendered":"\t\t<div data-elementor-type=\"wp-page\" data-elementor-id=\"16371\" class=\"elementor elementor-16371 elementor-14561\" data-elementor-post-type=\"page\">\n\t\t\t\t<div class=\"elementor-element elementor-element-3bb41793 e-con-full e-flex e-con e-parent\" data-id=\"3bb41793\" data-element_type=\"container\" data-settings=\"{&quot;background_background&quot;:&quot;classic&quot;,&quot;shape_divider_bottom&quot;:&quot;waves&quot;}\">\n\t\t\t\t<div class=\"elementor-shape elementor-shape-bottom\" aria-hidden=\"true\" data-negative=\"false\">\n\t\t\t<svg xmlns=\"http:\/\/www.w3.org\/2000\/svg\" viewBox=\"0 0 1000 100\" preserveAspectRatio=\"none\">\n\t<path class=\"elementor-shape-fill\" d=\"M421.9,6.5c22.6-2.5,51.5,0.4,75.5,5.3c23.6,4.9,70.9,23.5,100.5,35.7c75.8,32.2,133.7,44.5,192.6,49.7\n\tc23.6,2.1,48.7,3.5,103.4-2.5c54.7-6,106.2-25.6,106.2-25.6V0H0v30.3c0,0,72,32.6,158.4,30.5c39.2-0.7,92.8-6.7,134-22.4\n\tc21.2-8.1,52.2-18.2,79.7-24.2C399.3,7.9,411.6,7.5,421.9,6.5z\"\/>\n<\/svg>\t\t<\/div>\n\t\t\t\t<div class=\"elementor-element elementor-element-4674f152 elementor-invisible elementor-widget elementor-widget-heading\" data-id=\"4674f152\" data-element_type=\"widget\" data-settings=\"{&quot;_animation&quot;:&quot;fadeIn&quot;}\" data-widget_type=\"heading.default\">\n\t\t\t\t<div class=\"elementor-widget-container\">\n\t\t\t\t\t<span class=\"elementor-heading-title elementor-size-default\">Dt. Mirza Bilal <\/span>\t\t\t\t<\/div>\n\t\t\t\t<\/div>\n\t\t\t\t<\/div>\n\t\t<div class=\"elementor-element elementor-element-45b1b46c e-con-full e-flex e-con e-parent\" data-id=\"45b1b46c\" data-element_type=\"container\" data-settings=\"{&quot;background_background&quot;:&quot;classic&quot;}\">\n\t\t<div class=\"elementor-element elementor-element-7c357568 e-con-full e-flex e-con e-child\" data-id=\"7c357568\" data-element_type=\"container\">\n\t\t\t\t<div class=\"elementor-element elementor-element-7990810f elementor-widget__width-initial elementor-widget elementor-widget-heading\" data-id=\"7990810f\" data-element_type=\"widget\" data-widget_type=\"heading.default\">\n\t\t\t\t<div class=\"elementor-widget-container\">\n\t\t\t\t\t<h2 class=\"elementor-heading-title elementor-size-default\">Dt. Mirza Bilal <\/h2>\t\t\t\t<\/div>\n\t\t\t\t<\/div>\n\t\t\t\t<div class=\"elementor-element elementor-element-600be71b elementor-invisible elementor-widget elementor-widget-text-editor\" data-id=\"600be71b\" data-element_type=\"widget\" data-settings=\"{&quot;_animation&quot;:&quot;fadeIn&quot;,&quot;_animation_delay&quot;:200}\" data-widget_type=\"text-editor.default\">\n\t\t\t\t<div class=\"elementor-widget-container\">\n\t\t\t\t\t\t\t\t\t<div class=\"flex flex-grow flex-col max-w-full\"><div class=\"min-h-[20px] text-message flex flex-col items-start whitespace-pre-wrap break-words [.text-message+&amp;]:mt-5 juice:w-full juice:items-end overflow-x-auto gap-2\" dir=\"auto\" data-message-author-role=\"assistant\" data-message-id=\"169c136f-2d49-4e82-9b2a-48c9dadcd18f\"><div class=\"flex w-full flex-col gap-1 juice:empty:hidden juice:first:pt-[3px]\"><div class=\"markdown prose w-full break-words dark:prose-invert light\"><p>Dr Mirza to wybitny dentysta specjalizuj\u0105cy si\u0119 w zaawansowanych zabiegach stomatologicznych. Jego obszary specjalizacji obejmuj\u0105 stomatologi\u0119 estetyczn\u0105 i odbudowuj\u0105c\u0105, implanty, protetyk\u0119 oraz stomatologi\u0119 cyfrow\u0105. <\/p><p>Uko\u0144czy\u0142 studia na Wydziale Stomatologii Uniwersytetu Sel\u00e7uk w 2016 roku. Nast\u0119pnie kontynuowa\u0142 nauk\u0119 na studiach magisterskich na Moskiewskim Pa\u0144stwowym Uniwersytecie Medycznym, kt\u00f3re uko\u0144czy\u0142 w 2017 roku. Dodatkowo odby\u0142 sta\u017c w tej samej uczelni w latach 2018\u20132019.  <\/p><\/div><\/div><\/div><\/div>\t\t\t\t\t\t\t\t<\/div>\n\t\t\t\t<\/div>\n\t\t\t\t<div class=\"elementor-element elementor-element-45e8d990 elementor-align-center elementor-invisible elementor-widget elementor-widget-button\" data-id=\"45e8d990\" data-element_type=\"widget\" data-settings=\"{&quot;_animation&quot;:&quot;fadeIn&quot;,&quot;_animation_delay&quot;:400}\" data-widget_type=\"button.default\">\n\t\t\t\t<div class=\"elementor-widget-container\">\n\t\t\t\t\t\t\t\t\t<div class=\"elementor-button-wrapper\">\n\t\t\t\t\t<a class=\"elementor-button elementor-button-link elementor-size-sm\" href=\"#name\">\n\t\t\t\t\t\t<span class=\"elementor-button-content-wrapper\">\n\t\t\t\t\t\t<span class=\"elementor-button-icon\">\n\t\t\t\t<svg aria-hidden=\"true\" class=\"e-font-icon-svg e-fas-arrow-alt-circle-down\" viewBox=\"0 0 512 512\" xmlns=\"http:\/\/www.w3.org\/2000\/svg\"><path d=\"M504 256c0 137-111 248-248 248S8 393 8 256 119 8 256 8s248 111 248 248zM212 140v116h-70.9c-10.7 0-16.1 13-8.5 20.5l114.9 114.3c4.7 4.7 12.2 4.7 16.9 0l114.9-114.3c7.6-7.6 2.2-20.5-8.5-20.5H300V140c0-6.6-5.4-12-12-12h-64c-6.6 0-12 5.4-12 12z\"><\/path><\/svg>\t\t\t<\/span>\n\t\t\t\t\t\t\t\t\t<span class=\"elementor-button-text\">Recenzja CV<\/span>\n\t\t\t\t\t<\/span>\n\t\t\t\t\t<\/a>\n\t\t\t\t<\/div>\n\t\t\t\t\t\t\t\t<\/div>\n\t\t\t\t<\/div>\n\t\t\t\t<\/div>\n\t\t<div class=\"elementor-element elementor-element-743123aa e-con-full e-flex e-con e-child\" data-id=\"743123aa\" data-element_type=\"container\" data-settings=\"{&quot;background_background&quot;:&quot;classic&quot;}\">\n\t\t\t\t<div class=\"elementor-element elementor-element-45884666 elementor-invisible elementor-widget elementor-widget-image\" data-id=\"45884666\" data-element_type=\"widget\" data-settings=\"{&quot;_animation&quot;:&quot;zoomIn&quot;}\" data-widget_type=\"image.default\">\n\t\t\t\t<div class=\"elementor-widget-container\">\n\t\t\t\t\t\t\t\t\t\t\t\t\t\t\t<img fetchpriority=\"high\" decoding=\"async\" width=\"1962\" height=\"2160\" src=\"https:\/\/dentgen.clinic\/wp-content\/uploads\/2025\/04\/dr_mirza-2.jpg\" class=\"attachment-full size-full wp-image-17645\" alt=\"\" srcset=\"https:\/\/dentgen.clinic\/wp-content\/uploads\/2025\/04\/dr_mirza-2.jpg 1962w, https:\/\/dentgen.clinic\/wp-content\/uploads\/2025\/04\/dr_mirza-2-273x300.jpg 273w, https:\/\/dentgen.clinic\/wp-content\/uploads\/2025\/04\/dr_mirza-2-930x1024.jpg 930w, https:\/\/dentgen.clinic\/wp-content\/uploads\/2025\/04\/dr_mirza-2-768x846.jpg 768w, https:\/\/dentgen.clinic\/wp-content\/uploads\/2025\/04\/dr_mirza-2-1395x1536.jpg 1395w, https:\/\/dentgen.clinic\/wp-content\/uploads\/2025\/04\/dr_mirza-2-1860x2048.jpg 1860w\" sizes=\"(max-width: 1962px) 100vw, 1962px\" \/>\t\t\t\t\t\t\t\t\t\t\t\t\t\t\t<\/div>\n\t\t\t\t<\/div>\n\t\t\t\t<\/div>\n\t\t\t\t<\/div>\n\t\t<div class=\"elementor-element elementor-element-51322a4 e-con-full e-flex e-con e-child\" data-id=\"51322a4\" data-element_type=\"container\" id=\"name\" data-settings=\"{&quot;background_background&quot;:&quot;classic&quot;,&quot;shape_divider_bottom&quot;:&quot;waves&quot;,&quot;shape_divider_top&quot;:&quot;waves&quot;}\">\n\t\t\t\t<div class=\"elementor-shape elementor-shape-top\" aria-hidden=\"true\" data-negative=\"false\">\n\t\t\t<svg xmlns=\"http:\/\/www.w3.org\/2000\/svg\" viewBox=\"0 0 1000 100\" preserveAspectRatio=\"none\">\n\t<path class=\"elementor-shape-fill\" d=\"M421.9,6.5c22.6-2.5,51.5,0.4,75.5,5.3c23.6,4.9,70.9,23.5,100.5,35.7c75.8,32.2,133.7,44.5,192.6,49.7\n\tc23.6,2.1,48.7,3.5,103.4-2.5c54.7-6,106.2-25.6,106.2-25.6V0H0v30.3c0,0,72,32.6,158.4,30.5c39.2-0.7,92.8-6.7,134-22.4\n\tc21.2-8.1,52.2-18.2,79.7-24.2C399.3,7.9,411.6,7.5,421.9,6.5z\"\/>\n<\/svg>\t\t<\/div>\n\t\t\t\t<div class=\"elementor-shape elementor-shape-bottom\" aria-hidden=\"true\" data-negative=\"false\">\n\t\t\t<svg xmlns=\"http:\/\/www.w3.org\/2000\/svg\" viewBox=\"0 0 1000 100\" preserveAspectRatio=\"none\">\n\t<path class=\"elementor-shape-fill\" d=\"M421.9,6.5c22.6-2.5,51.5,0.4,75.5,5.3c23.6,4.9,70.9,23.5,100.5,35.7c75.8,32.2,133.7,44.5,192.6,49.7\n\tc23.6,2.1,48.7,3.5,103.4-2.5c54.7-6,106.2-25.6,106.2-25.6V0H0v30.3c0,0,72,32.6,158.4,30.5c39.2-0.7,92.8-6.7,134-22.4\n\tc21.2-8.1,52.2-18.2,79.7-24.2C399.3,7.9,411.6,7.5,421.9,6.5z\"\/>\n<\/svg>\t\t<\/div>\n\t\t\t\t<div class=\"elementor-element elementor-element-1b9937e elementor-widget__width-initial elementor-widget elementor-widget-text-editor\" data-id=\"1b9937e\" data-element_type=\"widget\" data-widget_type=\"text-editor.default\">\n\t\t\t\t<div class=\"elementor-widget-container\">\n\t\t\t\t\t\t\t\t\t<p> <\/p><table style=\"height: 551px;\" border=\"1\" width=\"601\" cellspacing=\"0\" cellpadding=\"4\"><tbody><tr valign=\"TOP\"><td width=\"50%\"><strong>Nazwa<\/strong><\/td><td width=\"50%\"><strong>Dt. Mirza Bilal <\/strong><\/td><\/tr><tr valign=\"TOP\"><td width=\"50%\"><strong>Specjalizacja<\/strong><\/td>: <td width=\"50%\"><strong>Lekarz og\u00f3lny<\/strong><\/td><\/tr><tr valign=\"TOP\"><td width=\"50%\"><strong>Zainteresowania zawodowe<\/strong><\/td><td width=\"50%\"><ul><li><strong>Stomatologia estetyczna<\/strong><\/li><\/ul><ul><li><strong>Stomatologia odbudowuj\u0105ca<\/strong><\/li><\/ul><ul><li><strong>Zastosowania implantologiczne<\/strong><\/li><\/ul><ul><li><strong>Zastosowania protetyczne<\/strong><\/li><\/ul><ul><li><strong>Stomatologia cyfrowa<\/strong><\/li><\/ul><\/td><\/tr><tr valign=\"TOP\"><td width=\"50%\"><strong>Edukacja<\/strong><\/td><td width=\"50%\"><ul><li><strong>Uniwersytet Sel\u00e7uk, Wydzia\u0142 Stomatologii<\/strong><\/li><li><strong>Moskiewski Pa\u0144stwowy Uniwersytet Medyczny<\/strong><\/li><\/ul><\/td><\/tr><\/tbody><\/table>\t\t\t\t\t\t\t\t<\/div>\n\t\t\t\t<\/div>\n\t\t\t\t<\/div>\n\t\t\t\t<\/div>\n\t\t","protected":false},"excerpt":{"rendered":"<p>Dt. Mirza Bilal Dt. Mirza Bilal Dr Mirza to wybitny dentysta specjalizuj\u0105cy si\u0119 w zaawansowanych zabiegach stomatologicznych. Jego obszary specjalizacji obejmuj\u0105 stomatologi\u0119 estetyczn\u0105 i odbudowuj\u0105c\u0105, implanty, protetyk\u0119 oraz stomatologi\u0119 cyfrow\u0105. Uko\u0144czy\u0142 studia na Wydziale Stomatologii Uniwersytetu Sel\u00e7uk w 2016 roku. Nast\u0119pnie kontynuowa\u0142 nauk\u0119 na studiach magisterskich na Moskiewskim Pa\u0144stwowym Uniwersytecie Medycznym, kt\u00f3re uko\u0144czy\u0142 w 2017 [&hellip;]<\/p>\n","protected":false},"author":1,"featured_media":0,"parent":16478,"menu_order":0,"comment_status":"closed","ping_status":"closed","template":"elementor_header_footer","meta":{"footnotes":""},"class_list":["post-16371","page","type-page","status-publish","hentry"],"_links":{"self":[{"href":"https:\/\/dentgen.clinic\/pl\/wp-json\/wp\/v2\/pages\/16371","targetHints":{"allow":["GET"]}}],"collection":[{"href":"https:\/\/dentgen.clinic\/pl\/wp-json\/wp\/v2\/pages"}],"about":[{"href":"https:\/\/dentgen.clinic\/pl\/wp-json\/wp\/v2\/types\/page"}],"author":[{"embeddable":true,"href":"https:\/\/dentgen.clinic\/pl\/wp-json\/wp\/v2\/users\/1"}],"replies":[{"embeddable":true,"href":"https:\/\/dentgen.clinic\/pl\/wp-json\/wp\/v2\/comments?post=16371"}],"version-history":[{"count":0,"href":"https:\/\/dentgen.clinic\/pl\/wp-json\/wp\/v2\/pages\/16371\/revisions"}],"up":[{"embeddable":true,"href":"https:\/\/dentgen.clinic\/pl\/wp-json\/wp\/v2\/pages\/16478"}],"wp:attachment":[{"href":"https:\/\/dentgen.clinic\/pl\/wp-json\/wp\/v2\/media?parent=16371"}],"curies":[{"name":"wp","href":"https:\/\/api.w.org\/{rel}","templated":true}]}}