{"id":7689,"date":"2024-06-28T12:35:37","date_gmt":"2024-06-28T09:35:37","guid":{"rendered":"https:\/\/dentgen.clinic\/polityka-dotyczaca-plikow-cookie\/"},"modified":"2024-07-30T16:59:55","modified_gmt":"2024-07-30T13:59:55","slug":"polityka-dotyczaca-plikow-cookie","status":"publish","type":"page","link":"https:\/\/dentgen.clinic\/pl\/polityka-dotyczaca-plikow-cookie\/","title":{"rendered":"Polityka dotycz\u0105ca plik\u00f3w cookie"},"content":{"rendered":"\t\t<div data-elementor-type=\"wp-page\" data-elementor-id=\"7689\" class=\"elementor elementor-7689 elementor-5451\" data-elementor-post-type=\"page\">\n\t\t\t\t<div class=\"elementor-element elementor-element-3bb41793 e-con-full e-flex e-con e-parent\" data-id=\"3bb41793\" data-element_type=\"container\" data-settings=\"{&quot;background_background&quot;:&quot;classic&quot;,&quot;shape_divider_bottom&quot;:&quot;waves&quot;}\">\n\t\t\t\t<div class=\"elementor-shape elementor-shape-bottom\" aria-hidden=\"true\" data-negative=\"false\">\n\t\t\t<svg xmlns=\"http:\/\/www.w3.org\/2000\/svg\" viewBox=\"0 0 1000 100\" preserveAspectRatio=\"none\">\n\t<path class=\"elementor-shape-fill\" d=\"M421.9,6.5c22.6-2.5,51.5,0.4,75.5,5.3c23.6,4.9,70.9,23.5,100.5,35.7c75.8,32.2,133.7,44.5,192.6,49.7\n\tc23.6,2.1,48.7,3.5,103.4-2.5c54.7-6,106.2-25.6,106.2-25.6V0H0v30.3c0,0,72,32.6,158.4,30.5c39.2-0.7,92.8-6.7,134-22.4\n\tc21.2-8.1,52.2-18.2,79.7-24.2C399.3,7.9,411.6,7.5,421.9,6.5z\"\/>\n<\/svg>\t\t<\/div>\n\t\t\t\t<div class=\"elementor-element elementor-element-4674f152 elementor-invisible elementor-widget elementor-widget-heading\" data-id=\"4674f152\" data-element_type=\"widget\" data-settings=\"{&quot;_animation&quot;:&quot;fadeIn&quot;}\" data-widget_type=\"heading.default\">\n\t\t\t\t<div class=\"elementor-widget-container\">\n\t\t\t\t\t<span class=\"elementor-heading-title elementor-size-default\">Polityka dotycz\u0105ca plik\u00f3w cookie<\/span>\t\t\t\t<\/div>\n\t\t\t\t<\/div>\n\t\t\t\t<\/div>\n\t\t<div class=\"elementor-element elementor-element-431461f e-con-full e-flex e-con e-parent\" data-id=\"431461f\" data-element_type=\"container\">\n\t\t\t\t<div class=\"elementor-element elementor-element-de56660 elementor-widget__width-initial elementor-widget elementor-widget-heading\" data-id=\"de56660\" data-element_type=\"widget\" data-widget_type=\"heading.default\">\n\t\t\t\t<div class=\"elementor-widget-container\">\n\t\t\t\t\t<h1 class=\"elementor-heading-title elementor-size-default\">STT Oral and Dental Health Inc.\nPolityka plik\u00f3w cookie <\/h1>\t\t\t\t<\/div>\n\t\t\t\t<\/div>\n\t\t\t\t<div class=\"elementor-element elementor-element-31acd82 elementor-widget__width-initial elementor-widget elementor-widget-text-editor\" data-id=\"31acd82\" data-element_type=\"widget\" data-widget_type=\"text-editor.default\">\n\t\t\t\t<div class=\"elementor-widget-container\">\n\t\t\t\t\t\t\t\t\t<p>W kontek\u015bcie niniejszej polityki termin &#8222;plik cookie&#8221; odnosi si\u0119 do plik\u00f3w cookie i podobnych produkt\u00f3w s\u0142u\u017c\u0105cych temu samemu celowi.<\/p>\n<p><strong>Co to jest plik cookie?<\/strong><\/p>\n<p>Plik cookie to ma\u0142y plik tekstowy, kt\u00f3ry witryna zapisuje na komputerze lub urz\u0105dzeniu mobilnym u\u017cytkownika podczas odwiedzin.<br \/>\nPliki cookie s\u0105 powszechnie u\u017cywane w celu usprawnienia dzia\u0142ania witryny internetowej, zwi\u0119kszenia jej wydajno\u015bci lub dostarczenia informacji w\u0142a\u015bcicielom witryny. <\/p>\n<p><strong>Do czego s\u0142u\u017cy?<\/strong><\/p>\n<p>Pliki cookie s\u0142u\u017c\u0105 do gromadzenia i przechowywania informacji identyfikuj\u0105cych u\u017cytkownika na komputerach, telefonach i innych urz\u0105dzeniach, a tak\u017ce jego ruch\u00f3w i nawyk\u00f3w u\u017cytkowania podczas korzystania z witryny.<br \/>\nS\u0105 one nast\u0119pnie wykorzystywane do ulepszania naszej strony internetowej i personalizowania jej dla u\u017cytkownika. <\/p>\n<p>Jako STT Oral and Dental Health Inc. u\u017cywamy r\u00f3\u017cnych plik\u00f3w cookie na naszej stronie internetowej <strong>https:\/\/dentgen.clinic<\/strong>, aby wykry\u0107 spos\u00f3b interakcji u\u017cytkownika z zawarto\u015bci\u0105 strony i poprawi\u0107 komfort u\u017cytkowania.<\/p>\n<p>Mo\u017cesz zapozna\u0107 si\u0119 z sekcj\u0105 Ustawienia plik\u00f3w cookie -&gt;Powiadomienie o plikach cookie w Panelu preferencji prywatno\u015bci, aby dowiedzie\u0107 si\u0119 wi\u0119cej o plikach cookie u\u017cywanych w naszej witrynie.<\/p>\n<p><strong>Rodzaje plik\u00f3w cookie i ich przeznaczenie<\/strong><\/p>\n<p><strong>Pliki cookie wed\u0142ug okresu wa\u017cno\u015bci:<\/strong><\/p>\n<p>Istniej\u0105 dwa rodzaje plik\u00f3w cookie w zale\u017cno\u015bci od ich okresu wa\u017cno\u015bci: Sta\u0142e pliki cookie i Tymczasowe pliki cookie.<br \/>\nTymczasowe pliki cookie s\u0105 tworzone podczas odwiedzania strony internetowej i s\u0105 wa\u017cne tylko do momentu zamkni\u0119cia przegl\u0105darki.<br \/>\nSta\u0142e pliki cookie s\u0105 tworzone podczas odwiedzania witryny i pozostaj\u0105 wa\u017cne do momentu ich usuni\u0119cia lub wyga\u015bni\u0119cia.<br \/>\nSta\u0142e pliki cookie s\u0105 wykorzystywane do takich operacji, jak zapewnienie spersonalizowanej obs\u0142ugi zgodnie z ustawieniami u\u017cytkownika.   <\/p>\n<p><strong>W\u0142asne pliki cookie:<\/strong><\/p>\n<p>W\u0142asne pliki cookie s\u0105 ustawiane przez odwiedzan\u0105 witryn\u0119 i mog\u0105 by\u0107 odczytywane tylko przez t\u0119 witryn\u0119.<\/p>\n<p><strong>Pliki cookie stron trzecich:<\/strong><\/p>\n<p>Pliki cookie stron trzecich s\u0105 ustawiane przez inne organizacje wykorzystywane do r\u00f3\u017cnych us\u0142ug.<br \/>\nS\u0105 to pliki cookie nale\u017c\u0105ce do i obs\u0142ugiwane przez strony trzecie, takie jak partnerzy lub us\u0142ugodawcy. <\/p>\n<p><strong>Jak usun\u0105\u0107 lub odrzuci\u0107 pliki cookie?<\/strong><\/p>\n<p>Obowi\u0105zkowe pliki cookie s\u0105 u\u017cywane na stronie internetowej <strong>https:\/\/dentgen.clinic<\/strong> w celu zapewnienia aktywnego i wydajnego funkcjonowania naszej witryny.<br \/>\nTych plik\u00f3w cookie nie mo\u017cna wy\u0142\u0105czy\u0107 za pomoc\u0105 panelu preferencji prywatno\u015bci. <\/p>\n<p>Z drugiej strony wszystkie grupy plik\u00f3w cookie inne ni\u017c obowi\u0105zkowe pliki cookie s\u0105 automatycznie ustawiane na &#8222;Wy\u0142\u0105czone&#8221;.<br \/>\nNasi u\u017cytkownicy mog\u0105 ponownie aktywowa\u0107 te pliki cookie wed\u0142ug w\u0142asnego uznania lub p\u00f3\u017aniej wy\u0142\u0105czy\u0107 pliki cookie, kt\u00f3re aktywowali.<br \/>\nNale\u017cy jednak pami\u0119ta\u0107, \u017ce wy\u0142\u0105czenie u\u017cywanych przez nas plik\u00f3w cookie mo\u017ce mie\u0107 wp\u0142yw na komfort korzystania z witryny <strong>https:\/\/dentgen.clinic<\/strong>.<br \/>\nJe\u015bli nieistotne pliki cookie nie zostan\u0105 aktywowane, u\u017cytkownik mo\u017ce nadal korzysta\u0107 z aplikacji i\/lub strony internetowej, ale mo\u017ce nie mie\u0107 dost\u0119pu do wszystkich funkcji lub mo\u017ce mie\u0107 ograniczony dost\u0119p.<br \/>\nZalecamy zezwolenie na pliki cookie, aby w pe\u0142ni korzysta\u0107 z aplikacji i\/lub strony internetowej.    <\/p>\n<p><strong>Zarz\u0105dzanie plikami cookie poza &#8222;Panelem preferencji prywatno\u015bci&#8221;:<\/strong><\/p>\n<p>Najbardziej efektywne zarz\u0105dzanie plikami cookie u\u017cywanymi w naszej witrynie odbywa si\u0119 za po\u015brednictwem &#8222;Panelu preferencji prywatno\u015bci&#8221;.<br \/>\nMo\u017cna jednak r\u00f3wnie\u017c zarz\u0105dza\u0107 plikami cookie za pomoc\u0105 menu pomocy\/ustawie\u0144 przegl\u0105darki lub aplikacji.<br \/>\nNa przyk\u0142ad:  <\/p>\n<p><strong>Ustawienia plik\u00f3w cookie na urz\u0105dzeniach Apple:<\/strong><\/p>\n<p>Aby usun\u0105\u0107 histori\u0119 i pliki cookie, przejd\u017a do Ustawie\u0144 -&gt; Safari i stuknij opcj\u0119 Wyczy\u015b\u0107 histori\u0119 i dane witryn.<br \/>\nPo usuni\u0119ciu historii, plik\u00f3w cookie i danych przegl\u0105dania z przegl\u0105darki Safari informacje funkcji Autouzupe\u0142nianie pozostaj\u0105 niezmienione.<br \/>\nAby usun\u0105\u0107 pliki cookie, ale zachowa\u0107 histori\u0119, przejd\u017a do opcji Ustawienia -&gt; Safari -&gt; Zaawansowane -&gt; Dane witryn i stuknij opcj\u0119 Usu\u0144 wszystkie dane witryn.<br \/>\nJe\u015bli nie chcesz zachowywa\u0107 danych historycznych podczas odwiedzania witryn, post\u0119puj zgodnie z instrukcjami Safari -&gt; ikona -&gt; Prywatne -&gt; Gotowe.<br \/>\nAby wybra\u0107, czy Safari blokuje pliki cookie, przejd\u017a do Ustawienia -&gt; Safari -&gt; Blokuj wszystkie pliki cookie.    <\/p>\n<p><strong>Ustawienia plik\u00f3w cookie na urz\u0105dzeniach z systemem Android:<\/strong><\/p>\n<p>W aplikacji Chrome -&gt; Ustawienia -&gt; Prywatno\u015b\u0107 -&gt; Wyczy\u015b\u0107 dane przegl\u0105dania -&gt; Pliki cookie, licencje multimedialne i dane witryn -&gt; Opcja Wyczy\u015b\u0107 dane umo\u017cliwia wyczyszczenie plik\u00f3w cookie.<br \/>\nW aplikacji Chrome -&gt; Ustawienia -&gt; Ustawienia witryny -&gt; Opcja Pliki cookie umo\u017cliwia zezwalanie na pliki cookie lub ich blokowanie. <\/p>\n<p><strong>Ustawienia plik\u00f3w cookie w przegl\u0105darkach internetowych:<\/strong><\/p>\n<p><strong>Dla Chrome:<\/strong><\/p>\n<p>Aplikacja Chrome -&gt; Ustawienia -&gt; Prywatno\u015b\u0107 i bezpiecze\u0144stwo -&gt; Opcja Pliki cookie i inne dane witryn umo\u017cliwia w\u0142\u0105czenie lub zablokowanie plik\u00f3w cookie.<\/p>\n<p><strong>Dla przegl\u0105darki Firefox:<\/strong><\/p>\n<p>Menu -&gt; Opcje -&gt; Prywatno\u015b\u0107 i bezpiecze\u0144stwo -&gt; W sekcji Rozszerzona ochrona przed \u015bledzeniem mo\u017cna zarz\u0105dza\u0107 plikami cookie za pomoc\u0105 opcji Pliki cookie i dane witryny.<\/p>\n<p><strong>Dla przegl\u0105darki Internet Explorer:<\/strong><\/p>\n<p>Internet Explorer -&gt; Ustawienia -&gt; Opcje internetowe -&gt; Prywatno\u015b\u0107 -&gt; Opcja ustawie\u0144 zaawansowanych umo\u017cliwia zarz\u0105dzanie plikami cookie.<\/p>\n\t\t\t\t\t\t\t\t<\/div>\n\t\t\t\t<\/div>\n\t\t\t\t<\/div>\n\t\t\t\t<\/div>\n\t\t","protected":false},"excerpt":{"rendered":"<p>Polityka dotycz\u0105ca plik\u00f3w cookie STT Oral and Dental Health Inc. Polityka plik\u00f3w cookie W kontek\u015bcie niniejszej polityki termin &#8222;plik cookie&#8221; odnosi si\u0119 do plik\u00f3w cookie i podobnych produkt\u00f3w s\u0142u\u017c\u0105cych temu samemu celowi. Co to jest plik cookie? Plik cookie to ma\u0142y plik tekstowy, kt\u00f3ry witryna zapisuje na komputerze lub urz\u0105dzeniu mobilnym u\u017cytkownika podczas odwiedzin. Pliki [&hellip;]<\/p>\n","protected":false},"author":1,"featured_media":0,"parent":0,"menu_order":0,"comment_status":"closed","ping_status":"closed","template":"elementor_header_footer","meta":{"footnotes":""},"class_list":["post-7689","page","type-page","status-publish","hentry"],"_links":{"self":[{"href":"https:\/\/dentgen.clinic\/pl\/wp-json\/wp\/v2\/pages\/7689","targetHints":{"allow":["GET"]}}],"collection":[{"href":"https:\/\/dentgen.clinic\/pl\/wp-json\/wp\/v2\/pages"}],"about":[{"href":"https:\/\/dentgen.clinic\/pl\/wp-json\/wp\/v2\/types\/page"}],"author":[{"embeddable":true,"href":"https:\/\/dentgen.clinic\/pl\/wp-json\/wp\/v2\/users\/1"}],"replies":[{"embeddable":true,"href":"https:\/\/dentgen.clinic\/pl\/wp-json\/wp\/v2\/comments?post=7689"}],"version-history":[{"count":0,"href":"https:\/\/dentgen.clinic\/pl\/wp-json\/wp\/v2\/pages\/7689\/revisions"}],"wp:attachment":[{"href":"https:\/\/dentgen.clinic\/pl\/wp-json\/wp\/v2\/media?parent=7689"}],"curies":[{"name":"wp","href":"https:\/\/api.w.org\/{rel}","templated":true}]}}