{"id":7803,"date":"2024-06-13T12:01:30","date_gmt":"2024-06-13T09:01:30","guid":{"rendered":"https:\/\/dentgen.clinic\/dt-arzu-bogatepe\/"},"modified":"2025-03-26T14:04:05","modified_gmt":"2025-03-26T11:04:05","slug":"dt-arzu-bogatepe","status":"publish","type":"page","link":"https:\/\/dentgen.clinic\/pl\/dentysci\/dt-arzu-bogatepe\/","title":{"rendered":"Dt.\nArzu Bo\u011fatepe"},"content":{"rendered":"\t\t<div data-elementor-type=\"wp-page\" data-elementor-id=\"7803\" class=\"elementor elementor-7803 elementor-4018\" data-elementor-post-type=\"page\">\n\t\t\t\t<div class=\"elementor-element elementor-element-3bb41793 e-con-full e-flex e-con e-parent\" data-id=\"3bb41793\" data-element_type=\"container\" data-settings=\"{&quot;background_background&quot;:&quot;classic&quot;,&quot;shape_divider_bottom&quot;:&quot;waves&quot;}\">\n\t\t\t\t<div class=\"elementor-shape elementor-shape-bottom\" aria-hidden=\"true\" data-negative=\"false\">\n\t\t\t<svg xmlns=\"http:\/\/www.w3.org\/2000\/svg\" viewBox=\"0 0 1000 100\" preserveAspectRatio=\"none\">\n\t<path class=\"elementor-shape-fill\" d=\"M421.9,6.5c22.6-2.5,51.5,0.4,75.5,5.3c23.6,4.9,70.9,23.5,100.5,35.7c75.8,32.2,133.7,44.5,192.6,49.7\n\tc23.6,2.1,48.7,3.5,103.4-2.5c54.7-6,106.2-25.6,106.2-25.6V0H0v30.3c0,0,72,32.6,158.4,30.5c39.2-0.7,92.8-6.7,134-22.4\n\tc21.2-8.1,52.2-18.2,79.7-24.2C399.3,7.9,411.6,7.5,421.9,6.5z\"\/>\n<\/svg>\t\t<\/div>\n\t\t\t\t<div class=\"elementor-element elementor-element-4674f152 elementor-invisible elementor-widget elementor-widget-heading\" data-id=\"4674f152\" data-element_type=\"widget\" data-settings=\"{&quot;_animation&quot;:&quot;fadeIn&quot;}\" data-widget_type=\"heading.default\">\n\t\t\t\t<div class=\"elementor-widget-container\">\n\t\t\t\t\t<span class=\"elementor-heading-title elementor-size-default\">Dt.\nArzu Bo\u011fatepe <\/span>\t\t\t\t<\/div>\n\t\t\t\t<\/div>\n\t\t\t\t<\/div>\n\t\t<div class=\"elementor-element elementor-element-45b1b46c e-con-full e-flex e-con e-parent\" data-id=\"45b1b46c\" data-element_type=\"container\" data-settings=\"{&quot;background_background&quot;:&quot;classic&quot;}\">\n\t\t<div class=\"elementor-element elementor-element-7c357568 e-con-full e-flex e-con e-child\" data-id=\"7c357568\" data-element_type=\"container\">\n\t\t\t\t<div class=\"elementor-element elementor-element-7990810f elementor-widget elementor-widget-heading\" data-id=\"7990810f\" data-element_type=\"widget\" data-widget_type=\"heading.default\">\n\t\t\t\t<div class=\"elementor-widget-container\">\n\t\t\t\t\t<h2 class=\"elementor-heading-title elementor-size-default\">Dt.\nArzu Bo\u011fatepe <\/h2>\t\t\t\t<\/div>\n\t\t\t\t<\/div>\n\t\t\t\t<div class=\"elementor-element elementor-element-a9d18c5 elementor-invisible elementor-widget elementor-widget-text-editor\" data-id=\"a9d18c5\" data-element_type=\"widget\" data-settings=\"{&quot;_animation&quot;:&quot;fadeIn&quot;,&quot;_animation_delay&quot;:200}\" data-widget_type=\"text-editor.default\">\n\t\t\t\t<div class=\"elementor-widget-container\">\n\t\t\t\t\t\t\t\t\t<div class=\"flex flex-grow flex-col max-w-full\">\n<div class=\"min-h-[20px] text-message flex flex-col items-start whitespace-pre-wrap break-words [.text-message+&amp;]:mt-5 juice:w-full juice:items-end overflow-x-auto gap-2\" dir=\"auto\" data-message-author-role=\"assistant\" data-message-id=\"ba6a38ec-ed7b-4c25-a406-11a3949dadbb\">\n<div class=\"flex w-full flex-col gap-1 juice:empty:hidden juice:first:pt-[3px]\">\n<div class=\"markdown prose w-full break-words dark:prose-invert light\">\n<p>Dr Arzu Bo\u011fatepe jest wybitnym lekarzem og\u00f3lnym z solidn\u0105 specjalizacj\u0105 w r\u00f3\u017cnych zaawansowanych zabiegach stomatologicznych.<br \/>\nJej zainteresowania zawodowe obejmuj\u0105 leczenie kana\u0142owe i odnawianie kana\u0142\u00f3w, ekstrakcje z\u0119b\u00f3w zatrzymanych, stomatologi\u0119 estetyczn\u0105, projektowanie u\u015bmiechu, wype\u0142nienia kompozytowe, lic\u00f3wki laminowane, lic\u00f3wki porcelanowe i wybielanie z\u0119b\u00f3w.<br \/>\nDr Bo\u011fatepe uko\u0144czy\u0142a Wydzia\u0142 Stomatologii na Uniwersytecie Necmettin Erbakan.<br \/>\nPosiada wiele certyfikat\u00f3w, w tym w zakresie implantologii stomatologicznej, leczenia kana\u0142owego z u\u017cyciem pilnik\u00f3w nowej generacji oraz znajdowania i kszta\u0142towania ukrytych kana\u0142\u00f3w korzeniowych.<br \/>\nDr Bo\u011fatepe jest aktywnym cz\u0142onkiem Turkish Dental Association i Istanbul Chamber of Dentists.    <\/p>\n<\/div>\n<\/div>\n<\/div>\n<\/div>\n\t\t\t\t\t\t\t\t<\/div>\n\t\t\t\t<\/div>\n\t\t\t\t<div class=\"elementor-element elementor-element-45e8d990 elementor-align-center elementor-invisible elementor-widget elementor-widget-button\" data-id=\"45e8d990\" data-element_type=\"widget\" data-settings=\"{&quot;_animation&quot;:&quot;fadeIn&quot;,&quot;_animation_delay&quot;:400}\" data-widget_type=\"button.default\">\n\t\t\t\t<div class=\"elementor-widget-container\">\n\t\t\t\t\t\t\t\t\t<div class=\"elementor-button-wrapper\">\n\t\t\t\t\t<a class=\"elementor-button elementor-button-link elementor-size-sm\" href=\"#name\">\n\t\t\t\t\t\t<span class=\"elementor-button-content-wrapper\">\n\t\t\t\t\t\t<span class=\"elementor-button-icon\">\n\t\t\t\t<svg aria-hidden=\"true\" class=\"e-font-icon-svg e-fas-arrow-alt-circle-down\" viewBox=\"0 0 512 512\" xmlns=\"http:\/\/www.w3.org\/2000\/svg\"><path d=\"M504 256c0 137-111 248-248 248S8 393 8 256 119 8 256 8s248 111 248 248zM212 140v116h-70.9c-10.7 0-16.1 13-8.5 20.5l114.9 114.3c4.7 4.7 12.2 4.7 16.9 0l114.9-114.3c7.6-7.6 2.2-20.5-8.5-20.5H300V140c0-6.6-5.4-12-12-12h-64c-6.6 0-12 5.4-12 12z\"><\/path><\/svg>\t\t\t<\/span>\n\t\t\t\t\t\t\t\t\t<span class=\"elementor-button-text\">Recenzja CV<\/span>\n\t\t\t\t\t<\/span>\n\t\t\t\t\t<\/a>\n\t\t\t\t<\/div>\n\t\t\t\t\t\t\t\t<\/div>\n\t\t\t\t<\/div>\n\t\t\t\t<\/div>\n\t\t<div class=\"elementor-element elementor-element-743123aa e-con-full e-flex e-con e-child\" data-id=\"743123aa\" data-element_type=\"container\" data-settings=\"{&quot;background_background&quot;:&quot;classic&quot;}\">\n\t\t\t\t<div class=\"elementor-element elementor-element-45884666 elementor-invisible elementor-widget elementor-widget-image\" data-id=\"45884666\" data-element_type=\"widget\" data-settings=\"{&quot;_animation&quot;:&quot;zoomIn&quot;}\" data-widget_type=\"image.default\">\n\t\t\t\t<div class=\"elementor-widget-container\">\n\t\t\t\t\t\t\t\t\t\t\t\t\t\t\t<img fetchpriority=\"high\" decoding=\"async\" width=\"1000\" height=\"1779\" src=\"https:\/\/dentgen.clinic\/wp-content\/uploads\/2024\/06\/7-1-1-1-1-1-1-1.jpg\" class=\"attachment-full size-full wp-image-3846\" alt=\"\" srcset=\"https:\/\/dentgen.clinic\/wp-content\/uploads\/2024\/06\/7-1-1-1-1-1-1-1.jpg 1000w, https:\/\/dentgen.clinic\/wp-content\/uploads\/2024\/06\/7-1-1-1-1-1-1-1-169x300.jpg 169w, https:\/\/dentgen.clinic\/wp-content\/uploads\/2024\/06\/7-1-1-1-1-1-1-1-576x1024.jpg 576w, https:\/\/dentgen.clinic\/wp-content\/uploads\/2024\/06\/7-1-1-1-1-1-1-1-768x1366.jpg 768w, https:\/\/dentgen.clinic\/wp-content\/uploads\/2024\/06\/7-1-1-1-1-1-1-1-863x1536.jpg 863w\" sizes=\"(max-width: 1000px) 100vw, 1000px\" \/>\t\t\t\t\t\t\t\t\t\t\t\t\t\t\t<\/div>\n\t\t\t\t<\/div>\n\t\t\t\t<\/div>\n\t\t\t\t<\/div>\n\t\t<div class=\"elementor-element elementor-element-51322a4 e-con-full e-flex e-con e-child\" data-id=\"51322a4\" data-element_type=\"container\" id=\"name\" data-settings=\"{&quot;background_background&quot;:&quot;classic&quot;,&quot;shape_divider_bottom&quot;:&quot;waves&quot;,&quot;shape_divider_top&quot;:&quot;waves&quot;}\">\n\t\t\t\t<div class=\"elementor-shape elementor-shape-top\" aria-hidden=\"true\" data-negative=\"false\">\n\t\t\t<svg xmlns=\"http:\/\/www.w3.org\/2000\/svg\" viewBox=\"0 0 1000 100\" preserveAspectRatio=\"none\">\n\t<path class=\"elementor-shape-fill\" d=\"M421.9,6.5c22.6-2.5,51.5,0.4,75.5,5.3c23.6,4.9,70.9,23.5,100.5,35.7c75.8,32.2,133.7,44.5,192.6,49.7\n\tc23.6,2.1,48.7,3.5,103.4-2.5c54.7-6,106.2-25.6,106.2-25.6V0H0v30.3c0,0,72,32.6,158.4,30.5c39.2-0.7,92.8-6.7,134-22.4\n\tc21.2-8.1,52.2-18.2,79.7-24.2C399.3,7.9,411.6,7.5,421.9,6.5z\"\/>\n<\/svg>\t\t<\/div>\n\t\t\t\t<div class=\"elementor-shape elementor-shape-bottom\" aria-hidden=\"true\" data-negative=\"false\">\n\t\t\t<svg xmlns=\"http:\/\/www.w3.org\/2000\/svg\" viewBox=\"0 0 1000 100\" preserveAspectRatio=\"none\">\n\t<path class=\"elementor-shape-fill\" d=\"M421.9,6.5c22.6-2.5,51.5,0.4,75.5,5.3c23.6,4.9,70.9,23.5,100.5,35.7c75.8,32.2,133.7,44.5,192.6,49.7\n\tc23.6,2.1,48.7,3.5,103.4-2.5c54.7-6,106.2-25.6,106.2-25.6V0H0v30.3c0,0,72,32.6,158.4,30.5c39.2-0.7,92.8-6.7,134-22.4\n\tc21.2-8.1,52.2-18.2,79.7-24.2C399.3,7.9,411.6,7.5,421.9,6.5z\"\/>\n<\/svg>\t\t<\/div>\n\t\t\t\t<div class=\"elementor-element elementor-element-1b9937e elementor-widget elementor-widget-text-editor\" data-id=\"1b9937e\" data-element_type=\"widget\" data-widget_type=\"text-editor.default\">\n\t\t\t\t<div class=\"elementor-widget-container\">\n\t\t\t\t\t\t\t\t\t<table border=\"1\" width=\"100%\" cellspacing=\"0\" cellpadding=\"4\">\n<tbody>\n<tr valign=\"TOP\">\n<td width=\"50%\">\n<p><strong>Nazwa<\/strong><\/p>\n<\/td>\n<td width=\"50%\">\n<p>Dt.<br \/>\nArzu Bo\u011fatepe <\/p>\n<\/td>\n<\/tr>\n<tr valign=\"TOP\">\n<td width=\"50%\">\n<p><strong>Specjalizacja<\/strong><\/p>\n<\/td>\n<td width=\"50%\">\n<p>Lekarz og\u00f3lny<\/p>\n<\/td>\n<\/tr>\n<tr valign=\"TOP\">\n<td width=\"50%\">\n<p><strong>Zainteresowania zawodowe<\/strong><\/p>\n<\/td>\n<td width=\"50%\">\n<ul>\n<li>\n<p>Leczenie kana\u0142owe i odnawianie kana\u0142\u00f3w<\/p>\n<\/li>\n<li>\n<p>Ekstrakcje z\u0119b\u00f3w zatrzymanych<\/p>\n<\/li>\n<li>\n<p>Stomatologia estetyczna<\/p>\n<\/li>\n<li>\n<p>Smile Design<\/p>\n<\/li>\n<li>\n<p>Wype\u0142nienia kompozytowe<\/p>\n<\/li>\n<li>\n<p>Okleiny laminowane<\/p>\n<\/li>\n<li>\n<p>Lic\u00f3wki porcelanowe<\/p>\n<\/li>\n<li>\n<p>Wybielanie z\u0119b\u00f3w<\/p>\n<\/li>\n<\/ul>\n<\/td>\n<\/tr>\n<tr valign=\"TOP\">\n<td width=\"50%\">\n<p><strong>Edukacja<\/strong><\/p>\n<\/td>\n<td width=\"50%\">\n<p>Uniwersytet Necmettin Erbakan, Wydzia\u0142 Stomatologii<\/p>\n<\/td>\n<\/tr>\n<tr valign=\"TOP\">\n<td width=\"50%\">\n<p><strong>Certyfikaty<\/strong><\/p>\n<\/td>\n<td width=\"50%\">\n<ul>\n<li>\n<p>Implantologia stomatologiczna 2016<\/p>\n<\/li>\n<li>\n<p>Leczenie kana\u0142owe z u\u017cyciem pilnik\u00f3w nowej generacji 2020<\/p>\n<\/li>\n<li>\n<p>Znajdowanie i kszta\u0142towanie ukrytych kana\u0142\u00f3w korzeniowych 2021<\/p>\n<\/li>\n<\/ul>\n<\/td>\n<\/tr>\n<tr valign=\"TOP\">\n<td width=\"50%\">\n<p><strong>Cz\u0142onkostwo zawodowe<\/strong><\/p>\n<\/td>\n<td width=\"50%\">\n<ul>\n<li>\n<p>Tureckie Stowarzyszenie Stomatologiczne<\/p>\n<\/li>\n<li>\n<p>Stambulska Izba Dentystyczna<\/p>\n<\/li>\n<\/ul>\n<\/td>\n<\/tr>\n<\/tbody>\n<\/table>\n\t\t\t\t\t\t\t\t<\/div>\n\t\t\t\t<\/div>\n\t\t\t\t<\/div>\n\t\t\t\t<\/div>\n\t\t","protected":false},"excerpt":{"rendered":"<p>Dt. Arzu Bo\u011fatepe Dt. Arzu Bo\u011fatepe Dr Arzu Bo\u011fatepe jest wybitnym lekarzem og\u00f3lnym z solidn\u0105 specjalizacj\u0105 w r\u00f3\u017cnych zaawansowanych zabiegach stomatologicznych. Jej zainteresowania zawodowe obejmuj\u0105 leczenie kana\u0142owe i odnawianie kana\u0142\u00f3w, ekstrakcje z\u0119b\u00f3w zatrzymanych, stomatologi\u0119 estetyczn\u0105, projektowanie u\u015bmiechu, wype\u0142nienia kompozytowe, lic\u00f3wki laminowane, lic\u00f3wki porcelanowe i wybielanie z\u0119b\u00f3w. Dr Bo\u011fatepe uko\u0144czy\u0142a Wydzia\u0142 Stomatologii na Uniwersytecie Necmettin Erbakan. [&hellip;]<\/p>\n","protected":false},"author":1,"featured_media":0,"parent":16478,"menu_order":0,"comment_status":"closed","ping_status":"closed","template":"elementor_header_footer","meta":{"footnotes":""},"class_list":["post-7803","page","type-page","status-publish","hentry"],"_links":{"self":[{"href":"https:\/\/dentgen.clinic\/pl\/wp-json\/wp\/v2\/pages\/7803","targetHints":{"allow":["GET"]}}],"collection":[{"href":"https:\/\/dentgen.clinic\/pl\/wp-json\/wp\/v2\/pages"}],"about":[{"href":"https:\/\/dentgen.clinic\/pl\/wp-json\/wp\/v2\/types\/page"}],"author":[{"embeddable":true,"href":"https:\/\/dentgen.clinic\/pl\/wp-json\/wp\/v2\/users\/1"}],"replies":[{"embeddable":true,"href":"https:\/\/dentgen.clinic\/pl\/wp-json\/wp\/v2\/comments?post=7803"}],"version-history":[{"count":0,"href":"https:\/\/dentgen.clinic\/pl\/wp-json\/wp\/v2\/pages\/7803\/revisions"}],"up":[{"embeddable":true,"href":"https:\/\/dentgen.clinic\/pl\/wp-json\/wp\/v2\/pages\/16478"}],"wp:attachment":[{"href":"https:\/\/dentgen.clinic\/pl\/wp-json\/wp\/v2\/media?parent=7803"}],"curies":[{"name":"wp","href":"https:\/\/api.w.org\/{rel}","templated":true}]}}