{"id":7847,"date":"2024-05-29T11:02:30","date_gmt":"2024-05-29T08:02:30","guid":{"rendered":"https:\/\/dentgen.clinic\/zabiegi\/"},"modified":"2025-06-03T20:52:45","modified_gmt":"2025-06-03T17:52:45","slug":"zabiegi","status":"publish","type":"page","link":"https:\/\/dentgen.clinic\/pl\/zabiegi\/","title":{"rendered":"Zabiegi"},"content":{"rendered":"\t\t<div data-elementor-type=\"wp-page\" data-elementor-id=\"7847\" class=\"elementor elementor-7847 elementor-59\" data-elementor-post-type=\"page\">\n\t\t\t\t<div class=\"elementor-element elementor-element-3bb41793 e-con-full e-flex e-con e-parent\" data-id=\"3bb41793\" data-element_type=\"container\" data-settings=\"{&quot;background_background&quot;:&quot;classic&quot;,&quot;shape_divider_bottom&quot;:&quot;waves&quot;}\">\n\t\t\t\t<div class=\"elementor-shape elementor-shape-bottom\" aria-hidden=\"true\" data-negative=\"false\">\n\t\t\t<svg xmlns=\"http:\/\/www.w3.org\/2000\/svg\" viewBox=\"0 0 1000 100\" preserveAspectRatio=\"none\">\n\t<path class=\"elementor-shape-fill\" d=\"M421.9,6.5c22.6-2.5,51.5,0.4,75.5,5.3c23.6,4.9,70.9,23.5,100.5,35.7c75.8,32.2,133.7,44.5,192.6,49.7\n\tc23.6,2.1,48.7,3.5,103.4-2.5c54.7-6,106.2-25.6,106.2-25.6V0H0v30.3c0,0,72,32.6,158.4,30.5c39.2-0.7,92.8-6.7,134-22.4\n\tc21.2-8.1,52.2-18.2,79.7-24.2C399.3,7.9,411.6,7.5,421.9,6.5z\"\/>\n<\/svg>\t\t<\/div>\n\t\t\t\t<div class=\"elementor-element elementor-element-4674f152 elementor-invisible elementor-widget elementor-widget-heading\" data-id=\"4674f152\" data-element_type=\"widget\" data-settings=\"{&quot;_animation&quot;:&quot;fadeIn&quot;}\" data-widget_type=\"heading.default\">\n\t\t\t\t<div class=\"elementor-widget-container\">\n\t\t\t\t\t<h1 class=\"elementor-heading-title elementor-size-default\">Zabiegi<\/h1>\t\t\t\t<\/div>\n\t\t\t\t<\/div>\n\t\t\t\t<\/div>\n\t\t<div class=\"elementor-element elementor-element-2d137094 e-flex e-con-boxed e-con e-parent\" data-id=\"2d137094\" data-element_type=\"container\" data-settings=\"{&quot;background_background&quot;:&quot;classic&quot;}\">\n\t\t\t\t\t<div class=\"e-con-inner\">\n\t\t<div class=\"elementor-element elementor-element-3e3cdba3 e-con-full e-flex e-con e-child\" data-id=\"3e3cdba3\" data-element_type=\"container\">\n\t\t\t\t<div class=\"elementor-element elementor-element-3e3531af elementor-widget elementor-widget-heading\" data-id=\"3e3531af\" data-element_type=\"widget\" data-widget_type=\"heading.default\">\n\t\t\t\t<div class=\"elementor-widget-container\">\n\t\t\t\t\t<h2 class=\"elementor-heading-title elementor-size-default\">Implanty dentystyczne<\/h2>\t\t\t\t<\/div>\n\t\t\t\t<\/div>\n\t\t\t\t<div class=\"elementor-element elementor-element-5e60caed elementor-widget elementor-widget-text-editor\" data-id=\"5e60caed\" data-element_type=\"widget\" data-widget_type=\"text-editor.default\">\n\t\t\t\t<div class=\"elementor-widget-container\">\n\t\t\t\t\t\t\t\t\t<p>Utrata z\u0119ba mo\u017ce by\u0107 przykrym do\u015bwiadczeniem, wp\u0142ywaj\u0105cym nie tylko na pewno\u015b\u0107 siebie, ale tak\u017ce na zdrowie jamy ustnej.<br \/>\nNa szcz\u0119\u015bcie wsp\u00f3\u0142czesna stomatologia oferuje rewolucyjne rozwi\u0105zanie w postaci implant\u00f3w stomatologicznych, najnowocze\u015bniejszych metod leczenia, kt\u00f3re przywracaj\u0105 zar\u00f3wno estetyk\u0119, jak i funkcjonalno\u015b\u0107 u\u015bmiechu.<br \/>\nZag\u0142\u0119bmy si\u0119 w \u015bwiat implant\u00f3w stomatologicznych i odkryjmy, jak mog\u0105 one zmieni\u0107 Twoj\u0105 podr\u00f3\u017c po zdrowie jamy ustnej.  <\/p>\n\t\t\t\t\t\t\t\t<\/div>\n\t\t\t\t<\/div>\n\t\t\t\t<\/div>\n\t\t<div class=\"elementor-element elementor-element-120e57f3 e-con-full e-flex e-con e-child\" data-id=\"120e57f3\" data-element_type=\"container\">\n\t\t\t\t<div class=\"elementor-element elementor-element-20e02c42 elementor-widget elementor-widget-image\" data-id=\"20e02c42\" data-element_type=\"widget\" data-widget_type=\"image.default\">\n\t\t\t\t<div class=\"elementor-widget-container\">\n\t\t\t\t\t\t\t\t\t\t\t\t\t\t\t<img fetchpriority=\"high\" decoding=\"async\" width=\"800\" height=\"643\" src=\"https:\/\/dentgen.clinic\/wp-content\/uploads\/2024\/06\/dental-implant.jpg\" class=\"attachment-large size-large wp-image-7848\" alt=\"\" srcset=\"https:\/\/dentgen.clinic\/wp-content\/uploads\/2024\/06\/dental-implant.jpg 1000w, https:\/\/dentgen.clinic\/wp-content\/uploads\/2024\/06\/dental-implant-300x241.jpg 300w, https:\/\/dentgen.clinic\/wp-content\/uploads\/2024\/06\/dental-implant-768x617.jpg 768w\" sizes=\"(max-width: 800px) 100vw, 800px\" \/>\t\t\t\t\t\t\t\t\t\t\t\t\t\t\t<\/div>\n\t\t\t\t<\/div>\n\t\t\t\t<\/div>\n\t\t\t\t\t<\/div>\n\t\t\t\t<\/div>\n\t\t<div class=\"elementor-element elementor-element-443577a8 e-flex e-con-boxed e-con e-parent\" data-id=\"443577a8\" data-element_type=\"container\" data-settings=\"{&quot;background_background&quot;:&quot;classic&quot;,&quot;shape_divider_top&quot;:&quot;waves&quot;,&quot;shape_divider_bottom&quot;:&quot;waves&quot;}\">\n\t\t\t\t\t<div class=\"e-con-inner\">\n\t\t\t\t<div class=\"elementor-shape elementor-shape-top\" aria-hidden=\"true\" data-negative=\"false\">\n\t\t\t<svg xmlns=\"http:\/\/www.w3.org\/2000\/svg\" viewBox=\"0 0 1000 100\" preserveAspectRatio=\"none\">\n\t<path class=\"elementor-shape-fill\" d=\"M421.9,6.5c22.6-2.5,51.5,0.4,75.5,5.3c23.6,4.9,70.9,23.5,100.5,35.7c75.8,32.2,133.7,44.5,192.6,49.7\n\tc23.6,2.1,48.7,3.5,103.4-2.5c54.7-6,106.2-25.6,106.2-25.6V0H0v30.3c0,0,72,32.6,158.4,30.5c39.2-0.7,92.8-6.7,134-22.4\n\tc21.2-8.1,52.2-18.2,79.7-24.2C399.3,7.9,411.6,7.5,421.9,6.5z\"\/>\n<\/svg>\t\t<\/div>\n\t\t\t\t<div class=\"elementor-shape elementor-shape-bottom\" aria-hidden=\"true\" data-negative=\"false\">\n\t\t\t<svg xmlns=\"http:\/\/www.w3.org\/2000\/svg\" viewBox=\"0 0 1000 100\" preserveAspectRatio=\"none\">\n\t<path class=\"elementor-shape-fill\" d=\"M421.9,6.5c22.6-2.5,51.5,0.4,75.5,5.3c23.6,4.9,70.9,23.5,100.5,35.7c75.8,32.2,133.7,44.5,192.6,49.7\n\tc23.6,2.1,48.7,3.5,103.4-2.5c54.7-6,106.2-25.6,106.2-25.6V0H0v30.3c0,0,72,32.6,158.4,30.5c39.2-0.7,92.8-6.7,134-22.4\n\tc21.2-8.1,52.2-18.2,79.7-24.2C399.3,7.9,411.6,7.5,421.9,6.5z\"\/>\n<\/svg>\t\t<\/div>\n\t\t<div class=\"elementor-element elementor-element-55bda7d9 e-con-full e-flex e-con e-child\" data-id=\"55bda7d9\" data-element_type=\"container\">\n\t\t\t\t<div class=\"elementor-element elementor-element-2b142c67 elementor-widget elementor-widget-image\" data-id=\"2b142c67\" data-element_type=\"widget\" data-widget_type=\"image.default\">\n\t\t\t\t<div class=\"elementor-widget-container\">\n\t\t\t\t\t\t\t\t\t\t\t\t\t\t\t<img decoding=\"async\" width=\"800\" height=\"673\" src=\"https:\/\/dentgen.clinic\/wp-content\/uploads\/2024\/06\/dental-crown.jpg\" class=\"attachment-large size-large wp-image-7851\" alt=\"\" srcset=\"https:\/\/dentgen.clinic\/wp-content\/uploads\/2024\/06\/dental-crown.jpg 1000w, https:\/\/dentgen.clinic\/wp-content\/uploads\/2024\/06\/dental-crown-300x252.jpg 300w, https:\/\/dentgen.clinic\/wp-content\/uploads\/2024\/06\/dental-crown-768x646.jpg 768w\" sizes=\"(max-width: 800px) 100vw, 800px\" \/>\t\t\t\t\t\t\t\t\t\t\t\t\t\t\t<\/div>\n\t\t\t\t<\/div>\n\t\t\t\t<\/div>\n\t\t<div class=\"elementor-element elementor-element-36e70d0b e-con-full e-flex e-con e-child\" data-id=\"36e70d0b\" data-element_type=\"container\">\n\t\t\t\t<div class=\"elementor-element elementor-element-2aee5387 elementor-widget elementor-widget-heading\" data-id=\"2aee5387\" data-element_type=\"widget\" data-widget_type=\"heading.default\">\n\t\t\t\t<div class=\"elementor-widget-container\">\n\t\t\t\t\t<h2 class=\"elementor-heading-title elementor-size-default\">Korony dentystyczne<\/h2>\t\t\t\t<\/div>\n\t\t\t\t<\/div>\n\t\t\t\t<div class=\"elementor-element elementor-element-37503f83 elementor-widget elementor-widget-text-editor\" data-id=\"37503f83\" data-element_type=\"widget\" data-widget_type=\"text-editor.default\">\n\t\t\t\t<div class=\"elementor-widget-container\">\n\t\t\t\t\t\t\t\t\t<p>Pewny siebie u\u015bmiech jest odzwierciedleniem wewn\u0119trznego szcz\u0119\u015bcia i pewno\u015bci siebie.<br \/>\nJednak problemy stomatologiczne, takie jak pr\u00f3chnica, z\u0142amania lub przebarwienia, mog\u0105 zmniejszy\u0107 pi\u0119kno i funkcjonalno\u015b\u0107 z\u0119b\u00f3w.<br \/>\nNa szcz\u0119\u015bcie nowoczesna stomatologia oferuje wszechstronne rozwi\u0105zanie w postaci koron dentystycznych, kt\u00f3re odm\u0142adzaj\u0105 u\u015bmiech i przywracaj\u0105 zdrowie z\u0119b\u00f3w.<br \/>\nPoznajmy \u015bwiat koron dentystycznych i odkryjmy, w jaki spos\u00f3b mog\u0105 one o\u017cywi\u0107 estetyk\u0119 i funkcjonalno\u015b\u0107 z\u0119b\u00f3w.   <\/p>\n\t\t\t\t\t\t\t\t<\/div>\n\t\t\t\t<\/div>\n\t\t\t\t<\/div>\n\t\t\t\t\t<\/div>\n\t\t\t\t<\/div>\n\t\t<div class=\"elementor-element elementor-element-7c7b8b09 e-flex e-con-boxed e-con e-parent\" data-id=\"7c7b8b09\" data-element_type=\"container\" data-settings=\"{&quot;background_background&quot;:&quot;classic&quot;}\">\n\t\t\t\t\t<div class=\"e-con-inner\">\n\t\t<div class=\"elementor-element elementor-element-634498cc e-con-full e-flex e-con e-child\" data-id=\"634498cc\" data-element_type=\"container\">\n\t\t\t\t<div class=\"elementor-element elementor-element-49393d23 elementor-widget elementor-widget-heading\" data-id=\"49393d23\" data-element_type=\"widget\" data-widget_type=\"heading.default\">\n\t\t\t\t<div class=\"elementor-widget-container\">\n\t\t\t\t\t<h2 class=\"elementor-heading-title elementor-size-default\">Lic\u00f3wki dentystyczne<\/h2>\t\t\t\t<\/div>\n\t\t\t\t<\/div>\n\t\t\t\t<div class=\"elementor-element elementor-element-3e8e7371 elementor-widget elementor-widget-text-editor\" data-id=\"3e8e7371\" data-element_type=\"widget\" data-widget_type=\"text-editor.default\">\n\t\t\t\t<div class=\"elementor-widget-container\">\n\t\t\t\t\t\t\t\t\t<p>Lic\u00f3wki stomatologiczne to ultracienkie os\u0142onki, zwykle wykonane z porcelany lub \u017cywicy kompozytowej, wykonane na zam\u00f3wienie, aby pasowa\u0142y do przedniej powierzchni z\u0119b\u00f3w.<br \/>\nLic\u00f3wki te s\u0105 skrupulatnie zaprojektowane tak, aby pasowa\u0142y do koloru, kszta\u0142tu i rozmiaru naturalnych z\u0119b\u00f3w, tworz\u0105c jednolity i promienny u\u015bmiech.Zalety protez dentystycznych w DentGEN <\/p>\n\t\t\t\t\t\t\t\t<\/div>\n\t\t\t\t<\/div>\n\t\t\t\t<\/div>\n\t\t<div class=\"elementor-element elementor-element-1dfbcf8e e-con-full e-flex e-con e-child\" data-id=\"1dfbcf8e\" data-element_type=\"container\">\n\t\t\t\t<div class=\"elementor-element elementor-element-5df17e8 elementor-widget elementor-widget-image\" data-id=\"5df17e8\" data-element_type=\"widget\" data-widget_type=\"image.default\">\n\t\t\t\t<div class=\"elementor-widget-container\">\n\t\t\t\t\t\t\t\t\t\t\t\t\t\t\t<img decoding=\"async\" width=\"800\" height=\"534\" src=\"https:\/\/dentgen.clinic\/wp-content\/uploads\/2024\/06\/teeth-veneers.jpg\" class=\"attachment-large size-large wp-image-7849\" alt=\"\" srcset=\"https:\/\/dentgen.clinic\/wp-content\/uploads\/2024\/06\/teeth-veneers.jpg 1000w, https:\/\/dentgen.clinic\/wp-content\/uploads\/2024\/06\/teeth-veneers-300x200.jpg 300w, https:\/\/dentgen.clinic\/wp-content\/uploads\/2024\/06\/teeth-veneers-768x512.jpg 768w\" sizes=\"(max-width: 800px) 100vw, 800px\" \/>\t\t\t\t\t\t\t\t\t\t\t\t\t\t\t<\/div>\n\t\t\t\t<\/div>\n\t\t\t\t<\/div>\n\t\t\t\t\t<\/div>\n\t\t\t\t<\/div>\n\t\t<div class=\"elementor-element elementor-element-4715a1a2 e-flex e-con-boxed e-con e-parent\" data-id=\"4715a1a2\" data-element_type=\"container\" data-settings=\"{&quot;background_background&quot;:&quot;classic&quot;,&quot;shape_divider_top&quot;:&quot;waves&quot;,&quot;shape_divider_bottom&quot;:&quot;waves&quot;}\">\n\t\t\t\t\t<div class=\"e-con-inner\">\n\t\t\t\t<div class=\"elementor-shape elementor-shape-top\" aria-hidden=\"true\" data-negative=\"false\">\n\t\t\t<svg xmlns=\"http:\/\/www.w3.org\/2000\/svg\" viewBox=\"0 0 1000 100\" preserveAspectRatio=\"none\">\n\t<path class=\"elementor-shape-fill\" d=\"M421.9,6.5c22.6-2.5,51.5,0.4,75.5,5.3c23.6,4.9,70.9,23.5,100.5,35.7c75.8,32.2,133.7,44.5,192.6,49.7\n\tc23.6,2.1,48.7,3.5,103.4-2.5c54.7-6,106.2-25.6,106.2-25.6V0H0v30.3c0,0,72,32.6,158.4,30.5c39.2-0.7,92.8-6.7,134-22.4\n\tc21.2-8.1,52.2-18.2,79.7-24.2C399.3,7.9,411.6,7.5,421.9,6.5z\"\/>\n<\/svg>\t\t<\/div>\n\t\t\t\t<div class=\"elementor-shape elementor-shape-bottom\" aria-hidden=\"true\" data-negative=\"false\">\n\t\t\t<svg xmlns=\"http:\/\/www.w3.org\/2000\/svg\" viewBox=\"0 0 1000 100\" preserveAspectRatio=\"none\">\n\t<path class=\"elementor-shape-fill\" d=\"M421.9,6.5c22.6-2.5,51.5,0.4,75.5,5.3c23.6,4.9,70.9,23.5,100.5,35.7c75.8,32.2,133.7,44.5,192.6,49.7\n\tc23.6,2.1,48.7,3.5,103.4-2.5c54.7-6,106.2-25.6,106.2-25.6V0H0v30.3c0,0,72,32.6,158.4,30.5c39.2-0.7,92.8-6.7,134-22.4\n\tc21.2-8.1,52.2-18.2,79.7-24.2C399.3,7.9,411.6,7.5,421.9,6.5z\"\/>\n<\/svg>\t\t<\/div>\n\t\t<div class=\"elementor-element elementor-element-2325c394 e-con-full e-flex e-con e-child\" data-id=\"2325c394\" data-element_type=\"container\">\n\t\t\t\t<div class=\"elementor-element elementor-element-5ad9678c elementor-widget elementor-widget-image\" data-id=\"5ad9678c\" data-element_type=\"widget\" data-widget_type=\"image.default\">\n\t\t\t\t<div class=\"elementor-widget-container\">\n\t\t\t\t\t\t\t\t\t\t\t\t\t\t\t<img loading=\"lazy\" decoding=\"async\" width=\"800\" height=\"534\" src=\"https:\/\/dentgen.clinic\/wp-content\/uploads\/2024\/06\/hollywood-smile.jpg\" class=\"attachment-large size-large wp-image-7853\" alt=\"\" srcset=\"https:\/\/dentgen.clinic\/wp-content\/uploads\/2024\/06\/hollywood-smile.jpg 1000w, https:\/\/dentgen.clinic\/wp-content\/uploads\/2024\/06\/hollywood-smile-300x200.jpg 300w, https:\/\/dentgen.clinic\/wp-content\/uploads\/2024\/06\/hollywood-smile-768x512.jpg 768w\" sizes=\"(max-width: 800px) 100vw, 800px\" \/>\t\t\t\t\t\t\t\t\t\t\t\t\t\t\t<\/div>\n\t\t\t\t<\/div>\n\t\t\t\t<\/div>\n\t\t<div class=\"elementor-element elementor-element-4354a18 e-con-full e-flex e-con e-child\" data-id=\"4354a18\" data-element_type=\"container\">\n\t\t\t\t<div class=\"elementor-element elementor-element-54ba73ea elementor-widget elementor-widget-heading\" data-id=\"54ba73ea\" data-element_type=\"widget\" data-widget_type=\"heading.default\">\n\t\t\t\t<div class=\"elementor-widget-container\">\n\t\t\t\t\t<h2 class=\"elementor-heading-title elementor-size-default\">Hollywood Smile Design<\/h2>\t\t\t\t<\/div>\n\t\t\t\t<\/div>\n\t\t\t\t<div class=\"elementor-element elementor-element-722f39de elementor-widget elementor-widget-text-editor\" data-id=\"722f39de\" data-element_type=\"widget\" data-widget_type=\"text-editor.default\">\n\t\t\t\t<div class=\"elementor-widget-container\">\n\t\t\t\t\t\t\t\t\t<p>Hollywood Smile Design to kompleksowe podej\u015bcie do stomatologii estetycznej, kt\u00f3re koncentruje si\u0119 na przekszta\u0142ceniu u\u015bmiechu w dzie\u0142o sztuki.<br \/>\n\u0141\u0105czy w sobie zaawansowane techniki dentystyczne, zasady artystyczne i spersonalizowane dostosowanie w celu uzyskania ol\u015bniewaj\u0105cego i harmonijnego u\u015bmiechu, kt\u00f3ry uzupe\u0142nia rysy twarzy i poprawia og\u00f3lny wygl\u0105d.Korzy\u015bci z protez dentystycznych w DentGEN. <\/p>\n\t\t\t\t\t\t\t\t<\/div>\n\t\t\t\t<\/div>\n\t\t\t\t<\/div>\n\t\t\t\t\t<\/div>\n\t\t\t\t<\/div>\n\t\t<div class=\"elementor-element elementor-element-4098e858 e-flex e-con-boxed e-con e-parent\" data-id=\"4098e858\" data-element_type=\"container\" data-settings=\"{&quot;background_background&quot;:&quot;classic&quot;}\">\n\t\t\t\t\t<div class=\"e-con-inner\">\n\t\t<div class=\"elementor-element elementor-element-6eb45547 e-con-full e-flex e-con e-child\" data-id=\"6eb45547\" data-element_type=\"container\">\n\t\t\t\t<div class=\"elementor-element elementor-element-6b4b05c4 elementor-widget elementor-widget-heading\" data-id=\"6b4b05c4\" data-element_type=\"widget\" data-widget_type=\"heading.default\">\n\t\t\t\t<div class=\"elementor-widget-container\">\n\t\t\t\t\t<h2 class=\"elementor-heading-title elementor-size-default\">Wybielanie z\u0119b\u00f3w<\/h2>\t\t\t\t<\/div>\n\t\t\t\t<\/div>\n\t\t\t\t<div class=\"elementor-element elementor-element-4f05de38 elementor-widget elementor-widget-text-editor\" data-id=\"4f05de38\" data-element_type=\"widget\" data-widget_type=\"text-editor.default\">\n\t\t\t\t<div class=\"elementor-widget-container\">\n\t\t\t\t\t\t\t\t\t<p>Wybielanie z\u0119b\u00f3w Wybielanie z\u0119b\u00f3w to kosmetyczny zabieg stomatologiczny maj\u0105cy na celu rozja\u015bnienie koloru z\u0119b\u00f3w i usuni\u0119cie plam lub przebarwie\u0144.<br \/>\nJest to jeden z najpopularniejszych i nieinwazyjnych sposob\u00f3w na popraw\u0119 estetyki u\u015bmiechu i zwi\u0119kszenie pewno\u015bci siebie.<br \/>\nZalety profesjonalnego wybielania z\u0119b\u00f3wZalety protez z\u0119bowych w DentGEN  <\/p>\n\t\t\t\t\t\t\t\t<\/div>\n\t\t\t\t<\/div>\n\t\t\t\t<\/div>\n\t\t<div class=\"elementor-element elementor-element-1116040e e-con-full e-flex e-con e-child\" data-id=\"1116040e\" data-element_type=\"container\">\n\t\t\t\t<div class=\"elementor-element elementor-element-3ad6070d elementor-widget elementor-widget-image\" data-id=\"3ad6070d\" data-element_type=\"widget\" data-widget_type=\"image.default\">\n\t\t\t\t<div class=\"elementor-widget-container\">\n\t\t\t\t\t\t\t\t\t\t\t\t\t\t\t<img loading=\"lazy\" decoding=\"async\" width=\"800\" height=\"532\" src=\"https:\/\/dentgen.clinic\/wp-content\/uploads\/2024\/06\/teeth-whitening.jpg\" class=\"attachment-large size-large wp-image-7850\" alt=\"\" srcset=\"https:\/\/dentgen.clinic\/wp-content\/uploads\/2024\/06\/teeth-whitening.jpg 1000w, https:\/\/dentgen.clinic\/wp-content\/uploads\/2024\/06\/teeth-whitening-300x200.jpg 300w, https:\/\/dentgen.clinic\/wp-content\/uploads\/2024\/06\/teeth-whitening-768x511.jpg 768w\" sizes=\"(max-width: 800px) 100vw, 800px\" \/>\t\t\t\t\t\t\t\t\t\t\t\t\t\t\t<\/div>\n\t\t\t\t<\/div>\n\t\t\t\t<\/div>\n\t\t\t\t\t<\/div>\n\t\t\t\t<\/div>\n\t\t<div class=\"elementor-element elementor-element-ead0070 e-flex e-con-boxed e-con e-parent\" data-id=\"ead0070\" data-element_type=\"container\" data-settings=\"{&quot;background_background&quot;:&quot;classic&quot;,&quot;shape_divider_top&quot;:&quot;waves&quot;,&quot;shape_divider_bottom&quot;:&quot;waves&quot;}\">\n\t\t\t\t\t<div class=\"e-con-inner\">\n\t\t\t\t<div class=\"elementor-shape elementor-shape-top\" aria-hidden=\"true\" data-negative=\"false\">\n\t\t\t<svg xmlns=\"http:\/\/www.w3.org\/2000\/svg\" viewBox=\"0 0 1000 100\" preserveAspectRatio=\"none\">\n\t<path class=\"elementor-shape-fill\" d=\"M421.9,6.5c22.6-2.5,51.5,0.4,75.5,5.3c23.6,4.9,70.9,23.5,100.5,35.7c75.8,32.2,133.7,44.5,192.6,49.7\n\tc23.6,2.1,48.7,3.5,103.4-2.5c54.7-6,106.2-25.6,106.2-25.6V0H0v30.3c0,0,72,32.6,158.4,30.5c39.2-0.7,92.8-6.7,134-22.4\n\tc21.2-8.1,52.2-18.2,79.7-24.2C399.3,7.9,411.6,7.5,421.9,6.5z\"\/>\n<\/svg>\t\t<\/div>\n\t\t\t\t<div class=\"elementor-shape elementor-shape-bottom\" aria-hidden=\"true\" data-negative=\"false\">\n\t\t\t<svg xmlns=\"http:\/\/www.w3.org\/2000\/svg\" viewBox=\"0 0 1000 100\" preserveAspectRatio=\"none\">\n\t<path class=\"elementor-shape-fill\" d=\"M421.9,6.5c22.6-2.5,51.5,0.4,75.5,5.3c23.6,4.9,70.9,23.5,100.5,35.7c75.8,32.2,133.7,44.5,192.6,49.7\n\tc23.6,2.1,48.7,3.5,103.4-2.5c54.7-6,106.2-25.6,106.2-25.6V0H0v30.3c0,0,72,32.6,158.4,30.5c39.2-0.7,92.8-6.7,134-22.4\n\tc21.2-8.1,52.2-18.2,79.7-24.2C399.3,7.9,411.6,7.5,421.9,6.5z\"\/>\n<\/svg>\t\t<\/div>\n\t\t<div class=\"elementor-element elementor-element-837b81a e-con-full e-flex e-con e-child\" data-id=\"837b81a\" data-element_type=\"container\">\n\t\t\t\t<div class=\"elementor-element elementor-element-4d74364 elementor-widget elementor-widget-image\" data-id=\"4d74364\" data-element_type=\"widget\" data-widget_type=\"image.default\">\n\t\t\t\t<div class=\"elementor-widget-container\">\n\t\t\t\t\t\t\t\t\t\t\t\t\t\t\t<img loading=\"lazy\" decoding=\"async\" width=\"800\" height=\"534\" src=\"https:\/\/dentgen.clinic\/wp-content\/uploads\/2024\/06\/dentures.jpg\" class=\"attachment-large size-large wp-image-7852\" alt=\"\" srcset=\"https:\/\/dentgen.clinic\/wp-content\/uploads\/2024\/06\/dentures.jpg 1000w, https:\/\/dentgen.clinic\/wp-content\/uploads\/2024\/06\/dentures-300x200.jpg 300w, https:\/\/dentgen.clinic\/wp-content\/uploads\/2024\/06\/dentures-768x512.jpg 768w\" sizes=\"(max-width: 800px) 100vw, 800px\" \/>\t\t\t\t\t\t\t\t\t\t\t\t\t\t\t<\/div>\n\t\t\t\t<\/div>\n\t\t\t\t<\/div>\n\t\t<div class=\"elementor-element elementor-element-c3afb81 e-con-full e-flex e-con e-child\" data-id=\"c3afb81\" data-element_type=\"container\">\n\t\t\t\t<div class=\"elementor-element elementor-element-0fa7510 elementor-widget elementor-widget-heading\" data-id=\"0fa7510\" data-element_type=\"widget\" data-widget_type=\"heading.default\">\n\t\t\t\t<div class=\"elementor-widget-container\">\n\t\t\t\t\t<h2 class=\"elementor-heading-title elementor-size-default\">Protezy<\/h2>\t\t\t\t<\/div>\n\t\t\t\t<\/div>\n\t\t\t\t<div class=\"elementor-element elementor-element-e08a925 elementor-widget elementor-widget-text-editor\" data-id=\"e08a925\" data-element_type=\"widget\" data-widget_type=\"text-editor.default\">\n\t\t\t\t<div class=\"elementor-widget-container\">\n\t\t\t\t\t\t\t\t\t<p>Protezy to wyjmowane protezy jamy ustnej zaprojektowane w celu zast\u0105pienia brakuj\u0105cych z\u0119b\u00f3w i przywr\u00f3cenia funkcji jamy ustnej.<br \/>\nS\u0105 one wykonywane na zam\u00f3wienie, aby wygodnie pasowa\u0142y do jamy ustnej i odtwarza\u0142y naturalny wygl\u0105d z\u0119b\u00f3w i dzi\u0105se\u0142.<br \/>\nProtezy mog\u0105 by\u0107 prze\u0142omowym rozwi\u0105zaniem dla os\u00f3b z cz\u0119\u015bciow\u0105 lub ca\u0142kowit\u0105 utrat\u0105 z\u0119b\u00f3w, zapewniaj\u0105c zar\u00f3wno korzy\u015bci estetyczne, jak i funkcjonalne.<br \/>\nZalety protez z\u0119bowych w DentGEN   <\/p>\n\t\t\t\t\t\t\t\t<\/div>\n\t\t\t\t<\/div>\n\t\t\t\t<\/div>\n\t\t\t\t\t<\/div>\n\t\t\t\t<\/div>\n\t\t\t\t<\/div>\n\t\t","protected":false},"excerpt":{"rendered":"<p>Zabiegi Implanty dentystyczne Utrata z\u0119ba mo\u017ce by\u0107 przykrym do\u015bwiadczeniem, wp\u0142ywaj\u0105cym nie tylko na pewno\u015b\u0107 siebie, ale tak\u017ce na zdrowie jamy ustnej. Na szcz\u0119\u015bcie wsp\u00f3\u0142czesna stomatologia oferuje rewolucyjne rozwi\u0105zanie w postaci implant\u00f3w stomatologicznych, najnowocze\u015bniejszych metod leczenia, kt\u00f3re przywracaj\u0105 zar\u00f3wno estetyk\u0119, jak i funkcjonalno\u015b\u0107 u\u015bmiechu. Zag\u0142\u0119bmy si\u0119 w \u015bwiat implant\u00f3w stomatologicznych i odkryjmy, jak mog\u0105 one zmieni\u0107 [&hellip;]<\/p>\n","protected":false},"author":1,"featured_media":7684,"parent":0,"menu_order":0,"comment_status":"closed","ping_status":"closed","template":"elementor_header_footer","meta":{"footnotes":""},"class_list":["post-7847","page","type-page","status-publish","has-post-thumbnail","hentry"],"_links":{"self":[{"href":"https:\/\/dentgen.clinic\/pl\/wp-json\/wp\/v2\/pages\/7847","targetHints":{"allow":["GET"]}}],"collection":[{"href":"https:\/\/dentgen.clinic\/pl\/wp-json\/wp\/v2\/pages"}],"about":[{"href":"https:\/\/dentgen.clinic\/pl\/wp-json\/wp\/v2\/types\/page"}],"author":[{"embeddable":true,"href":"https:\/\/dentgen.clinic\/pl\/wp-json\/wp\/v2\/users\/1"}],"replies":[{"embeddable":true,"href":"https:\/\/dentgen.clinic\/pl\/wp-json\/wp\/v2\/comments?post=7847"}],"version-history":[{"count":0,"href":"https:\/\/dentgen.clinic\/pl\/wp-json\/wp\/v2\/pages\/7847\/revisions"}],"wp:featuredmedia":[{"embeddable":true,"href":"https:\/\/dentgen.clinic\/pl\/wp-json\/wp\/v2\/media\/7684"}],"wp:attachment":[{"href":"https:\/\/dentgen.clinic\/pl\/wp-json\/wp\/v2\/media?parent=7847"}],"curies":[{"name":"wp","href":"https:\/\/api.w.org\/{rel}","templated":true}]}}