{"id":8728,"date":"2024-08-02T16:36:25","date_gmt":"2024-08-02T13:36:25","guid":{"rendered":"https:\/\/dentgen.clinic\/dr-fatima-kubra-omeroglu\/"},"modified":"2025-03-26T14:04:08","modified_gmt":"2025-03-26T11:04:08","slug":"dr-fatima-kubra-omeroglu","status":"publish","type":"page","link":"https:\/\/dentgen.clinic\/pl\/dentysci\/dr-fatima-kubra-omeroglu\/","title":{"rendered":"Dr Fat\u0131ma K\u00fcbra \u00d6mero\u011flu"},"content":{"rendered":"\t\t<div data-elementor-type=\"wp-page\" data-elementor-id=\"8728\" class=\"elementor elementor-8728 elementor-8668\" data-elementor-post-type=\"page\">\n\t\t\t\t<div class=\"elementor-element elementor-element-3bb41793 e-con-full e-flex e-con e-parent\" data-id=\"3bb41793\" data-element_type=\"container\" data-settings=\"{&quot;background_background&quot;:&quot;classic&quot;,&quot;shape_divider_bottom&quot;:&quot;waves&quot;}\">\n\t\t\t\t<div class=\"elementor-shape elementor-shape-bottom\" aria-hidden=\"true\" data-negative=\"false\">\n\t\t\t<svg xmlns=\"http:\/\/www.w3.org\/2000\/svg\" viewBox=\"0 0 1000 100\" preserveAspectRatio=\"none\">\n\t<path class=\"elementor-shape-fill\" d=\"M421.9,6.5c22.6-2.5,51.5,0.4,75.5,5.3c23.6,4.9,70.9,23.5,100.5,35.7c75.8,32.2,133.7,44.5,192.6,49.7\n\tc23.6,2.1,48.7,3.5,103.4-2.5c54.7-6,106.2-25.6,106.2-25.6V0H0v30.3c0,0,72,32.6,158.4,30.5c39.2-0.7,92.8-6.7,134-22.4\n\tc21.2-8.1,52.2-18.2,79.7-24.2C399.3,7.9,411.6,7.5,421.9,6.5z\"\/>\n<\/svg>\t\t<\/div>\n\t\t\t\t<div class=\"elementor-element elementor-element-4674f152 elementor-invisible elementor-widget elementor-widget-heading\" data-id=\"4674f152\" data-element_type=\"widget\" data-settings=\"{&quot;_animation&quot;:&quot;fadeIn&quot;}\" data-widget_type=\"heading.default\">\n\t\t\t\t<div class=\"elementor-widget-container\">\n\t\t\t\t\t<span class=\"elementor-heading-title elementor-size-default\">Dr Fat\u0131ma K\u00fcbra \u00d6mero\u011flu<\/span>\t\t\t\t<\/div>\n\t\t\t\t<\/div>\n\t\t\t\t<\/div>\n\t\t<div class=\"elementor-element elementor-element-45b1b46c e-con-full e-flex e-con e-parent\" data-id=\"45b1b46c\" data-element_type=\"container\" data-settings=\"{&quot;background_background&quot;:&quot;classic&quot;}\">\n\t\t<div class=\"elementor-element elementor-element-7c357568 e-con-full e-flex e-con e-child\" data-id=\"7c357568\" data-element_type=\"container\">\n\t\t\t\t<div class=\"elementor-element elementor-element-7990810f elementor-widget elementor-widget-heading\" data-id=\"7990810f\" data-element_type=\"widget\" data-widget_type=\"heading.default\">\n\t\t\t\t<div class=\"elementor-widget-container\">\n\t\t\t\t\t<h2 class=\"elementor-heading-title elementor-size-default\">Dr Fat\u0131ma K\u00fcbra \u00d6mero\u011flu<\/h2>\t\t\t\t<\/div>\n\t\t\t\t<\/div>\n\t\t\t\t<div class=\"elementor-element elementor-element-a9d18c5 elementor-invisible elementor-widget elementor-widget-text-editor\" data-id=\"a9d18c5\" data-element_type=\"widget\" data-settings=\"{&quot;_animation&quot;:&quot;fadeIn&quot;,&quot;_animation_delay&quot;:200}\" data-widget_type=\"text-editor.default\">\n\t\t\t\t<div class=\"elementor-widget-container\">\n\t\t\t\t\t\t\t\t\t<div class=\"flex flex-grow flex-col max-w-full\">\n<div class=\"min-h-[20px] text-message flex flex-col items-start whitespace-pre-wrap break-words [.text-message+&amp;]:mt-5 juice:w-full juice:items-end overflow-x-auto gap-2\" dir=\"auto\" data-message-author-role=\"assistant\" data-message-id=\"ba6a38ec-ed7b-4c25-a406-11a3949dadbb\">\n<div class=\"flex w-full flex-col gap-1 juice:empty:hidden juice:first:pt-[3px]\">\n<div class=\"markdown prose w-full break-words dark:prose-invert light\">\n<div class=\"flex flex-grow flex-col max-w-full\">\n<div class=\"min-h-[20px] text-message flex w-full flex-col items-end gap-2 whitespace-pre-wrap break-words [.text-message+&amp;]:mt-5 overflow-x-auto\" dir=\"auto\" data-message-author-role=\"assistant\" data-message-id=\"2ba6405e-f2cf-4a4c-836b-54981afbde04\">\n<div class=\"flex w-full flex-col gap-1 empty:hidden first:pt-[3px]\">\n<div class=\"markdown prose w-full break-words dark:prose-invert light\">\n<p>Dr Fat\u0131ma K\u00fcbra \u00d6mero\u011flu jest wysoko wykwalifikowanym anestezjologiem specjalizuj\u0105cym si\u0119 w znieczuleniu, \u017cywo zainteresowanym znieczuleniem regionalnym.<br \/>\nUzyska\u0142a tytu\u0142 licencjata w dziedzinie medycyny na Uniwersytecie Uluda\u011f i uko\u0144czy\u0142a studia magisterskie w dziedzinie anestezjologii i reanimacji w Kartal Training and Research Hospital.<br \/>\nDr \u00d6mero\u011flu pog\u0142\u0119bi\u0142a swoj\u0105 wiedz\u0119 specjalistyczn\u0105 podczas r\u00f3\u017cnych seminari\u00f3w i kurs\u00f3w, w tym kursu intensywnej terapii wielospecjalistycznej, kursu znieczulenia regionalnego prowadzonego za pomoc\u0105 ultrad\u017awi\u0119k\u00f3w, kongresu znieczulenia regionalnego i kursu wentylacji mechanicznej.<br \/>\nJest aktywnym cz\u0142onkiem kilku organizacji zawodowych, w tym Tureckiego Stowarzyszenia Medycznego, Tureckiego Towarzystwa Anestezjologii, Tureckiego Towarzystwa Intensywnej Terapii i Tureckiego Towarzystwa Anestezji Regionalnej.   <\/p>\n<\/div>\n<\/div>\n<\/div>\n<\/div>\n<\/div>\n<\/div>\n<\/div>\n<\/div>\n\t\t\t\t\t\t\t\t<\/div>\n\t\t\t\t<\/div>\n\t\t\t\t<div class=\"elementor-element elementor-element-45e8d990 elementor-align-center elementor-invisible elementor-widget elementor-widget-button\" data-id=\"45e8d990\" data-element_type=\"widget\" data-settings=\"{&quot;_animation&quot;:&quot;fadeIn&quot;,&quot;_animation_delay&quot;:400}\" data-widget_type=\"button.default\">\n\t\t\t\t<div class=\"elementor-widget-container\">\n\t\t\t\t\t\t\t\t\t<div class=\"elementor-button-wrapper\">\n\t\t\t\t\t<a class=\"elementor-button elementor-button-link elementor-size-sm\" href=\"#name\">\n\t\t\t\t\t\t<span class=\"elementor-button-content-wrapper\">\n\t\t\t\t\t\t<span class=\"elementor-button-icon\">\n\t\t\t\t<svg aria-hidden=\"true\" class=\"e-font-icon-svg e-fas-arrow-alt-circle-down\" viewBox=\"0 0 512 512\" xmlns=\"http:\/\/www.w3.org\/2000\/svg\"><path d=\"M504 256c0 137-111 248-248 248S8 393 8 256 119 8 256 8s248 111 248 248zM212 140v116h-70.9c-10.7 0-16.1 13-8.5 20.5l114.9 114.3c4.7 4.7 12.2 4.7 16.9 0l114.9-114.3c7.6-7.6 2.2-20.5-8.5-20.5H300V140c0-6.6-5.4-12-12-12h-64c-6.6 0-12 5.4-12 12z\"><\/path><\/svg>\t\t\t<\/span>\n\t\t\t\t\t\t\t\t\t<span class=\"elementor-button-text\">Recenzja CV<\/span>\n\t\t\t\t\t<\/span>\n\t\t\t\t\t<\/a>\n\t\t\t\t<\/div>\n\t\t\t\t\t\t\t\t<\/div>\n\t\t\t\t<\/div>\n\t\t\t\t<\/div>\n\t\t<div class=\"elementor-element elementor-element-743123aa e-con-full e-flex e-con e-child\" data-id=\"743123aa\" data-element_type=\"container\" data-settings=\"{&quot;background_background&quot;:&quot;classic&quot;}\">\n\t\t\t\t<div class=\"elementor-element elementor-element-45884666 elementor-invisible elementor-widget elementor-widget-image\" data-id=\"45884666\" data-element_type=\"widget\" data-settings=\"{&quot;_animation&quot;:&quot;zoomIn&quot;}\" data-widget_type=\"image.default\">\n\t\t\t\t<div class=\"elementor-widget-container\">\n\t\t\t\t\t\t\t\t\t\t\t\t\t\t\t<img fetchpriority=\"high\" decoding=\"async\" width=\"1000\" height=\"1779\" src=\"https:\/\/dentgen.clinic\/wp-content\/uploads\/2024\/06\/1-2-1-1-1-1-1-1-1.jpg\" class=\"attachment-full size-full wp-image-3822\" alt=\"\" srcset=\"https:\/\/dentgen.clinic\/wp-content\/uploads\/2024\/06\/1-2-1-1-1-1-1-1-1.jpg 1000w, https:\/\/dentgen.clinic\/wp-content\/uploads\/2024\/06\/1-2-1-1-1-1-1-1-1-169x300.jpg 169w, https:\/\/dentgen.clinic\/wp-content\/uploads\/2024\/06\/1-2-1-1-1-1-1-1-1-576x1024.jpg 576w, https:\/\/dentgen.clinic\/wp-content\/uploads\/2024\/06\/1-2-1-1-1-1-1-1-1-768x1366.jpg 768w, https:\/\/dentgen.clinic\/wp-content\/uploads\/2024\/06\/1-2-1-1-1-1-1-1-1-863x1536.jpg 863w\" sizes=\"(max-width: 1000px) 100vw, 1000px\" \/>\t\t\t\t\t\t\t\t\t\t\t\t\t\t\t<\/div>\n\t\t\t\t<\/div>\n\t\t\t\t<\/div>\n\t\t\t\t<\/div>\n\t\t<div class=\"elementor-element elementor-element-51322a4 e-con-full e-flex e-con e-child\" data-id=\"51322a4\" data-element_type=\"container\" id=\"name\" data-settings=\"{&quot;background_background&quot;:&quot;classic&quot;,&quot;shape_divider_bottom&quot;:&quot;waves&quot;,&quot;shape_divider_top&quot;:&quot;waves&quot;}\">\n\t\t\t\t<div class=\"elementor-shape elementor-shape-top\" aria-hidden=\"true\" data-negative=\"false\">\n\t\t\t<svg xmlns=\"http:\/\/www.w3.org\/2000\/svg\" viewBox=\"0 0 1000 100\" preserveAspectRatio=\"none\">\n\t<path class=\"elementor-shape-fill\" d=\"M421.9,6.5c22.6-2.5,51.5,0.4,75.5,5.3c23.6,4.9,70.9,23.5,100.5,35.7c75.8,32.2,133.7,44.5,192.6,49.7\n\tc23.6,2.1,48.7,3.5,103.4-2.5c54.7-6,106.2-25.6,106.2-25.6V0H0v30.3c0,0,72,32.6,158.4,30.5c39.2-0.7,92.8-6.7,134-22.4\n\tc21.2-8.1,52.2-18.2,79.7-24.2C399.3,7.9,411.6,7.5,421.9,6.5z\"\/>\n<\/svg>\t\t<\/div>\n\t\t\t\t<div class=\"elementor-shape elementor-shape-bottom\" aria-hidden=\"true\" data-negative=\"false\">\n\t\t\t<svg xmlns=\"http:\/\/www.w3.org\/2000\/svg\" viewBox=\"0 0 1000 100\" preserveAspectRatio=\"none\">\n\t<path class=\"elementor-shape-fill\" d=\"M421.9,6.5c22.6-2.5,51.5,0.4,75.5,5.3c23.6,4.9,70.9,23.5,100.5,35.7c75.8,32.2,133.7,44.5,192.6,49.7\n\tc23.6,2.1,48.7,3.5,103.4-2.5c54.7-6,106.2-25.6,106.2-25.6V0H0v30.3c0,0,72,32.6,158.4,30.5c39.2-0.7,92.8-6.7,134-22.4\n\tc21.2-8.1,52.2-18.2,79.7-24.2C399.3,7.9,411.6,7.5,421.9,6.5z\"\/>\n<\/svg>\t\t<\/div>\n\t\t\t\t<div class=\"elementor-element elementor-element-1b9937e elementor-widget elementor-widget-text-editor\" data-id=\"1b9937e\" data-element_type=\"widget\" data-widget_type=\"text-editor.default\">\n\t\t\t\t<div class=\"elementor-widget-container\">\n\t\t\t\t\t\t\t\t\t<table border=\"1\" width=\"100%\" cellspacing=\"0\" cellpadding=\"4\">\n<tbody>\n<tr valign=\"TOP\">\n<td width=\"50%\">\n<p><strong><span style=\"font-size: medium;\">Nazwa<\/span><\/strong><\/p>\n<\/td>\n<td width=\"50%\">\n<p><span style=\"font-size: medium;\">Dr Fat\u0131ma K\u00fcbra \u00d6mero\u011flu  <\/span><\/p>\n<\/td>\n<\/tr>\n<tr valign=\"TOP\">\n<td width=\"50%\">\n<p><strong><span style=\"font-size: medium;\">Specjalizacja<\/span><\/strong><\/p>\n<\/td>\n<td width=\"50%\">\n<p><span style=\"font-size: medium;\">Anestezjolog (specjalista ds. znieczulenia))<\/span><\/p>\n<\/td>\n<\/tr>\n<tr valign=\"TOP\">\n<td width=\"50%\">\n<p><strong><span style=\"font-size: medium;\">Zainteresowanie<\/span><\/strong><\/p>\n<\/td>\n<td width=\"50%\">\n<p><span style=\"font-size: medium;\">Znieczulenie regionalne<\/span><\/p>\n<\/td>\n<\/tr>\n<tr valign=\"TOP\">\n<td width=\"50%\">\n<p><strong><span style=\"font-size: medium;\">Edukacja<\/span><\/strong><\/p>\n<\/td>\n<td width=\"50%\">\n<ul>\n<li>\n<p><span style=\"font-size: medium;\">Uniwersytet Uluda\u011f<\/span><span style=\"font-size: medium;\"> Tytu\u0142 licencjata, medycyna,<\/span><\/p>\n<\/li>\n<li>\n<p><span style=\"font-size: medium;\">Szpital Szkoleniowo-Badawczy Kartal<\/span><span style=\"font-size: medium;\"> Tytu\u0142 magistra anestezjologii i reanimacji.<\/span><\/p>\n<\/li>\n<\/ul>\n<\/td>\n<\/tr>\n<tr valign=\"TOP\">\n<td width=\"50%\">\n<p><strong><span style=\"font-size: medium;\">Seminaria i kursy<\/span><\/strong><\/p>\n<\/td>\n<td width=\"50%\">\n<ul>\n<li>\n<p><strong><span style=\"font-size: medium;\">Kurs wielokrytycznej intensywnej terapii,<\/span><\/strong><\/p>\n<\/li>\n<li>\n<p><strong><span style=\"font-size: medium;\">Kurs znieczulenia regionalnego pod kontrol\u0105 USG,<\/span><\/strong><\/p>\n<\/li>\n<li>\n<p><strong><span style=\"font-size: medium;\">Kongres Anestezji Regionalnej,<\/span><\/strong><\/p>\n<\/li>\n<li>\n<p><strong><span style=\"font-size: medium;\">Kurs wentylacji mechanicznej.<\/span><\/strong><\/p>\n<\/li>\n<\/ul>\n<\/td>\n<\/tr>\n<tr valign=\"TOP\">\n<td width=\"50%\">\n<p><strong><span style=\"font-size: medium;\">Cz\u0142onkostwo zawodowe<\/span><\/strong><\/p>\n<\/td>\n<td width=\"50%\">\n<ul>\n<li>\n<p><span style=\"font-size: medium;\">Tureckie Stowarzyszenie Medyczne,<\/span><\/p>\n<\/li>\n<li>\n<p><span style=\"font-size: medium;\">Tureckie Towarzystwo Anestezjologiczne,<\/span><\/p>\n<\/li>\n<li>\n<p><span style=\"font-size: medium;\">Tureckie Towarzystwo Intensywnej Terapii,<\/span><\/p>\n<\/li>\n<li>\n<p><span style=\"font-size: medium;\">Tureckie Towarzystwo Anestezji Regionalnej.<\/span><\/p>\n<\/li>\n<\/ul>\n<\/td>\n<\/tr>\n<\/tbody>\n<\/table>\n\t\t\t\t\t\t\t\t<\/div>\n\t\t\t\t<\/div>\n\t\t\t\t<\/div>\n\t\t\t\t<\/div>\n\t\t","protected":false},"excerpt":{"rendered":"<p>Dr Fat\u0131ma K\u00fcbra \u00d6mero\u011flu Dr Fat\u0131ma K\u00fcbra \u00d6mero\u011flu Dr Fat\u0131ma K\u00fcbra \u00d6mero\u011flu jest wysoko wykwalifikowanym anestezjologiem specjalizuj\u0105cym si\u0119 w znieczuleniu, \u017cywo zainteresowanym znieczuleniem regionalnym. Uzyska\u0142a tytu\u0142 licencjata w dziedzinie medycyny na Uniwersytecie Uluda\u011f i uko\u0144czy\u0142a studia magisterskie w dziedzinie anestezjologii i reanimacji w Kartal Training and Research Hospital. Dr \u00d6mero\u011flu pog\u0142\u0119bi\u0142a swoj\u0105 wiedz\u0119 specjalistyczn\u0105 podczas [&hellip;]<\/p>\n","protected":false},"author":1,"featured_media":0,"parent":16478,"menu_order":0,"comment_status":"closed","ping_status":"closed","template":"elementor_header_footer","meta":{"footnotes":""},"class_list":["post-8728","page","type-page","status-publish","hentry"],"_links":{"self":[{"href":"https:\/\/dentgen.clinic\/pl\/wp-json\/wp\/v2\/pages\/8728","targetHints":{"allow":["GET"]}}],"collection":[{"href":"https:\/\/dentgen.clinic\/pl\/wp-json\/wp\/v2\/pages"}],"about":[{"href":"https:\/\/dentgen.clinic\/pl\/wp-json\/wp\/v2\/types\/page"}],"author":[{"embeddable":true,"href":"https:\/\/dentgen.clinic\/pl\/wp-json\/wp\/v2\/users\/1"}],"replies":[{"embeddable":true,"href":"https:\/\/dentgen.clinic\/pl\/wp-json\/wp\/v2\/comments?post=8728"}],"version-history":[{"count":0,"href":"https:\/\/dentgen.clinic\/pl\/wp-json\/wp\/v2\/pages\/8728\/revisions"}],"up":[{"embeddable":true,"href":"https:\/\/dentgen.clinic\/pl\/wp-json\/wp\/v2\/pages\/16478"}],"wp:attachment":[{"href":"https:\/\/dentgen.clinic\/pl\/wp-json\/wp\/v2\/media?parent=8728"}],"curies":[{"name":"wp","href":"https:\/\/api.w.org\/{rel}","templated":true}]}}