{"id":1356,"date":"2024-05-29T21:06:10","date_gmt":"2024-05-29T18:06:10","guid":{"rendered":"https:\/\/dentgen.clinic\/dis-implantlari\/"},"modified":"2025-08-18T21:38:56","modified_gmt":"2025-08-18T18:38:56","slug":"dis-implantlari","status":"publish","type":"page","link":"https:\/\/dentgen.clinic\/tr\/tedaviler\/dis-implantlari\/","title":{"rendered":"Di\u015f \u0130mplantlar\u0131"},"content":{"rendered":"\t\t<div data-elementor-type=\"wp-page\" data-elementor-id=\"1356\" class=\"elementor elementor-1356 elementor-391\" data-elementor-post-type=\"page\">\n\t\t\t\t<div class=\"elementor-element elementor-element-6d446d6 e-con-full e-flex e-con e-parent\" data-id=\"6d446d6\" data-element_type=\"container\" data-settings=\"{&quot;background_background&quot;:&quot;classic&quot;,&quot;shape_divider_bottom&quot;:&quot;waves&quot;}\">\n\t\t\t\t<div class=\"elementor-shape elementor-shape-bottom\" aria-hidden=\"true\" data-negative=\"false\">\n\t\t\t<svg xmlns=\"http:\/\/www.w3.org\/2000\/svg\" viewBox=\"0 0 1000 100\" preserveAspectRatio=\"none\">\n\t<path class=\"elementor-shape-fill\" d=\"M421.9,6.5c22.6-2.5,51.5,0.4,75.5,5.3c23.6,4.9,70.9,23.5,100.5,35.7c75.8,32.2,133.7,44.5,192.6,49.7\n\tc23.6,2.1,48.7,3.5,103.4-2.5c54.7-6,106.2-25.6,106.2-25.6V0H0v30.3c0,0,72,32.6,158.4,30.5c39.2-0.7,92.8-6.7,134-22.4\n\tc21.2-8.1,52.2-18.2,79.7-24.2C399.3,7.9,411.6,7.5,421.9,6.5z\"\/>\n<\/svg>\t\t<\/div>\n\t\t\t\t<div class=\"elementor-element elementor-element-ba0912f elementor-invisible elementor-widget elementor-widget-heading\" data-id=\"ba0912f\" data-element_type=\"widget\" data-settings=\"{&quot;_animation&quot;:&quot;fadeIn&quot;}\" data-widget_type=\"heading.default\">\n\t\t\t\t<div class=\"elementor-widget-container\">\n\t\t\t\t\t<h1 class=\"elementor-heading-title elementor-size-default\">Di\u015f \u0130mplantlar\u0131<\/h1>\t\t\t\t<\/div>\n\t\t\t\t<\/div>\n\t\t\t\t<\/div>\n\t\t<div class=\"elementor-element elementor-element-67c3cc1 e-con-full e-flex e-con e-parent\" data-id=\"67c3cc1\" data-element_type=\"container\" data-settings=\"{&quot;background_background&quot;:&quot;classic&quot;}\">\n\t\t<div class=\"elementor-element elementor-element-acc6d74 e-con-full e-flex e-con e-child\" data-id=\"acc6d74\" data-element_type=\"container\">\n\t\t\t\t<div class=\"elementor-element elementor-element-c1ad421 elementor-invisible elementor-widget elementor-widget-heading\" data-id=\"c1ad421\" data-element_type=\"widget\" data-settings=\"{&quot;_animation&quot;:&quot;fadeIn&quot;}\" data-widget_type=\"heading.default\">\n\t\t\t\t<div class=\"elementor-widget-container\">\n\t\t\t\t\t<p class=\"elementor-heading-title elementor-size-default\">Di\u015f \u0130mplant\u0131<\/p>\t\t\t\t<\/div>\n\t\t\t\t<\/div>\n\t\t\t\t<div class=\"elementor-element elementor-element-f050093 elementor-widget__width-initial elementor-widget elementor-widget-text-editor\" data-id=\"f050093\" data-element_type=\"widget\" data-widget_type=\"text-editor.default\">\n\t\t\t\t<div class=\"elementor-widget-container\">\n\t\t\t\t\t\t\t\t\t<p><strong>Di\u015f implant\u0131<\/strong>, kaybedilen veya eksik di\u015flerin yerini doldurmak i\u00e7in uygulanan tedavi y\u00f6ntemidir.<\/p>\t\t\t\t\t\t\t\t<\/div>\n\t\t\t\t<\/div>\n\t\t\t\t<\/div>\n\t\t<div class=\"elementor-element elementor-element-e1bfffa e-con-full e-flex e-con e-child\" data-id=\"e1bfffa\" data-element_type=\"container\">\n\t\t\t\t<div class=\"elementor-element elementor-element-20e02c42 elementor-widget elementor-widget-image\" data-id=\"20e02c42\" data-element_type=\"widget\" data-widget_type=\"image.default\">\n\t\t\t\t<div class=\"elementor-widget-container\">\n\t\t\t\t\t\t\t\t\t\t\t\t\t\t\t<img fetchpriority=\"high\" decoding=\"async\" width=\"800\" height=\"797\" src=\"https:\/\/dentgen.clinic\/wp-content\/uploads\/2024\/06\/dental-implant-2.jpg\" class=\"attachment-large size-large wp-image-1110\" alt=\"\" srcset=\"https:\/\/dentgen.clinic\/wp-content\/uploads\/2024\/06\/dental-implant-2.jpg 1008w, https:\/\/dentgen.clinic\/wp-content\/uploads\/2024\/06\/dental-implant-2-300x300.jpg 300w, https:\/\/dentgen.clinic\/wp-content\/uploads\/2024\/06\/dental-implant-2-150x150.jpg 150w, https:\/\/dentgen.clinic\/wp-content\/uploads\/2024\/06\/dental-implant-2-768x765.jpg 768w\" sizes=\"(max-width: 800px) 100vw, 800px\" \/>\t\t\t\t\t\t\t\t\t\t\t\t\t\t\t<\/div>\n\t\t\t\t<\/div>\n\t\t\t\t<\/div>\n\t\t\t\t<\/div>\n\t\t<div class=\"elementor-element elementor-element-c0edb3e e-flex e-con-boxed e-con e-parent\" data-id=\"c0edb3e\" data-element_type=\"container\" data-settings=\"{&quot;background_background&quot;:&quot;classic&quot;}\">\n\t\t\t\t\t<div class=\"e-con-inner\">\n\t\t\t\t<div class=\"elementor-element elementor-element-61dab6a elementor-widget__width-initial elementor-widget elementor-widget-table-of-contents\" data-id=\"61dab6a\" data-element_type=\"widget\" data-settings=\"{&quot;exclude_headings_by_selector&quot;:[],&quot;min_height&quot;:{&quot;unit&quot;:&quot;px&quot;,&quot;size&quot;:0,&quot;sizes&quot;:[]},&quot;headings_by_tags&quot;:[&quot;h1&quot;,&quot;h2&quot;,&quot;h3&quot;,&quot;h4&quot;],&quot;marker_view&quot;:&quot;numbers&quot;,&quot;min_height_tablet&quot;:{&quot;unit&quot;:&quot;px&quot;,&quot;size&quot;:&quot;&quot;,&quot;sizes&quot;:[]},&quot;min_height_mobile&quot;:{&quot;unit&quot;:&quot;px&quot;,&quot;size&quot;:&quot;&quot;,&quot;sizes&quot;:[]}}\" data-widget_type=\"table-of-contents.default\">\n\t\t\t\t<div class=\"elementor-widget-container\">\n\t\t\t\t\t\t\t<div class=\"elementor-toc__header\">\n\t\t\t<h4 class=\"elementor-toc__header-title\">\n\t\t\t\t\u0130\u00e7indekiler\t\t\t<\/h4>\n\t\t\t\t\t<\/div>\n\t\t<div id=\"elementor-toc__61dab6a\" class=\"elementor-toc__body\">\n\t\t\t<div class=\"elementor-toc__spinner-container\">\n\t\t\t\t<svg class=\"elementor-toc__spinner eicon-animation-spin e-font-icon-svg e-eicon-loading\" aria-hidden=\"true\" viewBox=\"0 0 1000 1000\" xmlns=\"http:\/\/www.w3.org\/2000\/svg\"><path d=\"M500 975V858C696 858 858 696 858 500S696 142 500 142 142 304 142 500H25C25 237 238 25 500 25S975 237 975 500 763 975 500 975Z\"><\/path><\/svg>\t\t\t<\/div>\n\t\t<\/div>\n\t\t\t\t\t\t<\/div>\n\t\t\t\t<\/div>\n\t\t\t\t\t<\/div>\n\t\t\t\t<\/div>\n\t\t<div class=\"elementor-element elementor-element-5ad59ff e-con-full e-flex e-con e-parent\" data-id=\"5ad59ff\" data-element_type=\"container\">\n\t\t\t\t<div class=\"elementor-element elementor-element-812ee96 elementor-widget__width-initial elementor-widget elementor-widget-text-editor\" data-id=\"812ee96\" data-element_type=\"widget\" data-widget_type=\"text-editor.default\">\n\t\t\t\t<div class=\"elementor-widget-container\">\n\t\t\t\t\t\t\t\t\t<div dir=\"auto\" data-message-author-role=\"assistant\" data-message-id=\"14a581ea-d502-4f15-9c09-c60cb7d5eca6\"><p>\u00c7ene kemi\u011fine yerle\u015ftirilen, titanyum gibi maddelerden \u00fcretilen yapay di\u015f k\u00f6kleri, hastan\u0131n eksik di\u015f yap\u0131s\u0131n\u0131 tamamlay\u0131c\u0131 olmaktad\u0131r.<\/p><p>Do\u011fal di\u015f yap\u0131s\u0131na benzeyen yap\u0131s\u0131, \u00e7ene kemi\u011fiyle b\u00fct\u00fcnle\u015fmektedir. B\u00f6ylece di\u015fe olduk\u00e7a yak\u0131n bir g\u00f6r\u00fcn\u00fcm sunarak ki\u015filerin estetik kayg\u0131s\u0131n\u0131 da ortadan kald\u0131rmaktad\u0131r.<\/p><p>Ayn\u0131 zamanda konu\u015fma ve \u00e7i\u011fneme gibi i\u015flevleri yerine getirmektedir.<\/p><p>Dayan\u0131kl\u0131 ve uzun \u00f6m\u00fcrl\u00fc bir tedavi se\u00e7ene\u011fi olmas\u0131n\u0131n yan\u0131 s\u0131ra fonksiyonel ve estetik a\u00e7\u0131dan kaybedilen di\u015flerin yerine kullan\u0131labilen yap\u0131s\u0131yla, modern di\u015f hekimli\u011finde uzun y\u0131llard\u0131r kullan\u0131lmaktad\u0131r.<\/p><p>Halk aras\u0131nda \u201cvidal\u0131 di\u015f\u201d olarak tabir edilen bu y\u00f6ntem, b\u00fct\u00fcn di\u015flerin yerine uygulanabilece\u011fi gibi tek di\u015f eksikli\u011finde de tercih edilmektedir.<\/p><h2><strong>Di\u015f \u0130mplant\u0131 Uygulamas\u0131 S\u00fcrecinde Ba\u015far\u0131<\/strong><\/h2><p><strong>Di\u015f implant\u0131 tedavisi ad\u0131mlar\u0131<\/strong> klini\u011fimizde lokal anestezi alt\u0131nda ger\u00e7ekle\u015ftirilmektedir. \u0130\u015flemden \u00f6nce mutlaka r\u00f6ntgen ve muayene gereklidir.<\/p><p>Hastaya hafif bir sedasyon verilerek uygulanmaktad\u0131r. Klini\u011fimizde bulunan tam donan\u0131ml\u0131, steril ameliyathane sayesinde, hastalar\u0131m\u0131za talep ya da t\u0131bbi gereksinime g\u00f6re sedasyonlu ya da genel anestezi alt\u0131nda implant tedavisi uygulama imkan\u0131 sunmaktay\u0131z.<\/p><p>DentGEN\u2019de hasta konforu ve g\u00fcvenli\u011fi her zaman \u00f6nceli\u011fimizdir. \u00c7ene kemiklerinin ve kalan t\u00fcm di\u015flerin \u00f6l\u00e7\u00fcs\u00fc al\u0131narak tedavi s\u00fcreci ba\u015flat\u0131lmaktad\u0131r. Di\u015f implant\u0131n\u0131n yerle\u015ftirilmesi i\u00e7in iki se\u00e7enek bulunmaktad\u0131r.<\/p><p>Tek a\u015famal\u0131 i\u015flem s\u00f6z konusuysa, implant yerle\u015ftirildikten sonra ge\u00e7ici ba\u015fl\u0131k tak\u0131lmaktad\u0131r. \u0130ki a\u015famal\u0131 i\u015flemdeyse, di\u015f implant\u0131 tak\u0131ld\u0131ktan sonra \u00fczeri di\u015f etiyle kapat\u0131lmaktad\u0131r. Sonras\u0131nda iyile\u015fmeye b\u0131rak\u0131lmaktad\u0131r.<\/p><p>Protez ba\u015fl\u0131klar daha sonra tak\u0131lmaktad\u0131r.<\/p><p>Her iki durumda da bekleme s\u00fcresi vard\u0131r. Her iki durumda da a\u011fza ge\u00e7ici k\u00f6pr\u00fc yerle\u015ftirilmektedir. Alt \u00e7ene 3 ay, \u00fcst \u00e7ene i\u00e7in 3 ay iyile\u015fme s\u00fcresi verilmektedir.<\/p><p>Baz\u0131 durumlarda dental implantlar\u0131n \u00fczerine yeni yap\u0131lan di\u015fler beklemeden tak\u0131labilmektedir. \u0130mplant tedavisinden sonra hasta g\u00fcvenle g\u00fcl\u00fcp yemek yiyebilmektedir.<\/p><p>\u0130mplant uygulamas\u0131n\u0131n \u015fu durumlarda yap\u0131lmas\u0131 gerekir;<\/p><ul><li>\u00a0 \u00a0 \u00a0 Tek di\u015f eksi\u011fi<\/li><li>\u00a0 \u00a0 \u00a0 B\u00fct\u00fcn veya k\u0131smi di\u015f eksikli\u011fi<\/li><li>\u00a0 \u00a0 \u00a0 Y\u00fcz ve \u00e7ene defekti<\/li><li>\u00a0 \u00a0 \u00a0 Erimi\u015f \u00e7ene kemi\u011fi sorunu<\/li><li>\u00a0 \u00a0 \u00a0 Hareketli protezi tercih etmeyen ki\u015filer i\u00e7in<\/li><\/ul><p>Bu y\u00f6ntem eksik di\u015flerin yerine kullan\u0131lmas\u0131nda kal\u0131c\u0131 ve etkili \u00e7\u00f6z\u00fcmler sunmaktad\u0131r.<\/p><p>Tedaviye ba\u015flamak i\u00e7in do\u011fru zaman\u0131 beklemek ba\u015far\u0131l\u0131 bir uygulama i\u00e7in \u00f6nemli bir fakt\u00f6rd\u00fcr. Tedavi i\u00e7in uygunluk; genel sa\u011fl\u0131k durumu, \u00e7ene kemi\u011fi yap\u0131s\u0131, di\u015f kayb\u0131n\u0131n nedeni gibi fakt\u00f6rler ba\u011fl\u0131d\u0131r.<\/p><p><strong>Di\u015f implant\u0131na uygun ki\u015filer<\/strong>, genel sa\u011fl\u0131k durumu iyi olanlard\u0131r. Di\u015f hekimiyle detayl\u0131 bir \u015fekilde g\u00f6r\u00fc\u015f\u00fclerek, implant tedavisine uygun olup olunmad\u0131\u011f\u0131na karar verilmektedir.<\/p><h3><strong>Di\u015f \u0130mplant\u0131 Riskleri<\/strong><\/h3><p><strong>Di\u015f implant\u0131 riskleri<\/strong>, her cerrahi uygulamada oldu\u011fu gibi g\u00f6z ard\u0131 edilmemektedir. Sinir hasar\u0131, enfeksiyon gibi sonu\u00e7lar az da olsa g\u00f6r\u00fclmektedir.<\/p><p>\u0130mplant\u0131n ba\u015far\u0131s\u0131zl\u0131\u011f\u0131 ya da sin\u00fcs problemleri, tedaviden olumlu sonu\u00e7 al\u0131namamas\u0131 noktas\u0131nda ele al\u0131nmaktad\u0131r. A\u011f\u0131z b\u00f6lgesinin iyi temizlenmemesi ve a\u011f\u0131z hijyeninin yeterli olmamas\u0131, enfeksiyon riskini do\u011furabilmektedir.<\/p><p>Sinir hasar\u0131, implant\u0131n sinire yak\u0131n b\u00f6lgelere yerle\u015ftirilmesi durumunda ortaya \u00e7\u0131kmaktad\u0131r.<\/p><p>A\u011fr\u0131, kar\u0131ncalanma ve hissizlik tepkileri sinir hasar\u0131nda g\u00f6r\u00fclmektedir. \u00c7ene kemi\u011fiyle b\u00fct\u00fcnle\u015fmeyen implant\u0131n nedeni, genel itibariyle sigara kullan\u0131m\u0131 ve yetersiz kemik yo\u011funlu\u011fu olarak belirtilmektedir.<\/p><p>\u00dcst \u00e7ene implant\u0131ndaysa sin\u00fcs bo\u015flu\u011funa yak\u0131nl\u0131k sorunlara yol a\u00e7maktad\u0131r.<\/p><p>DentGEN\u2019de uygulanan di\u015f implant\u0131n\u0131n ba\u015far\u0131s\u0131 olduk\u00e7a y\u00fcksektir. Ba\u015far\u0131 oran\u0131 %95-98 aras\u0131nda de\u011fi\u015febilmektedir. Bu oran hastan\u0131n genel sa\u011fl\u0131\u011f\u0131, \u00e7ene kemi\u011fi yo\u011funlu\u011fu, doktor tecr\u00fcbesi ve hastan\u0131n tedaviyle uyumuyla ilgilidir.<\/p><p>Genel sa\u011fl\u0131k durumu iyi olan ki\u015filerde tedavi ba\u015far\u0131yla sonu\u00e7lanmaktad\u0131r. \u00d6zellikle diyabet gibi sa\u011fl\u0131k sorunlar\u0131n\u0131n kontrol alt\u0131na al\u0131nmas\u0131 gerekmektedir. Kemik hacmi yeterli oldu\u011funda, implant\u0131n \u00e7ene kemi\u011fiyle sa\u011flam bir \u015fekilde kayna\u015fmas\u0131 kolayla\u015fmaktad\u0131r. Bu da ba\u015far\u0131 \u015fans\u0131n\u0131 art\u0131ran bir fakt\u00f6rd\u00fcr.<\/p><p>B\u00fcy\u00fcme ve geli\u015fimini tam olarak tamamlamam\u0131\u015f ki\u015filere bu tedavinin uygulanmas\u0131 m\u00fcmk\u00fcn de\u011fildir. Ayn\u0131 zamanda hamilelere bu tedavinin uygulanmas\u0131 olduk\u00e7a risklidir.<\/p><p>Kemoterapi s\u00fcrecinde olan ve \u00e7ene kemiklerine radyoterapi uygulanan ki\u015filerin sa\u011fl\u0131\u011f\u0131n\u0131 olumsuz y\u00f6nde etkiledi\u011fi s\u00f6ylenebilmektedir.<\/p><p>Kalp damar hastal\u0131klar\u0131, diyabet, b\u00f6brek yetmezli\u011fi, p\u0131ht\u0131la\u015fma, karaci\u011fer rahats\u0131zl\u0131klar\u0131 gibi sorunlarda hekimlerimiz hastayla kons\u00fcltasyon halinde olarak tedaviye karar vermektedir.<\/p><\/div>\t\t\t\t\t\t\t\t<\/div>\n\t\t\t\t<\/div>\n\t\t\t\t<\/div>\n\t\t\t\t<\/div>\n\t\t","protected":false},"excerpt":{"rendered":"<p>Di\u015f \u0130mplantlar\u0131 Di\u015f \u0130mplant\u0131 Di\u015f implant\u0131, kaybedilen veya eksik di\u015flerin yerini doldurmak i\u00e7in uygulanan tedavi y\u00f6ntemidir. \u0130\u00e7indekiler &nbsp; \u00c7ene kemi\u011fine yerle\u015ftirilen, titanyum gibi maddelerden \u00fcretilen yapay di\u015f k\u00f6kleri, hastan\u0131n eksik di\u015f yap\u0131s\u0131n\u0131 tamamlay\u0131c\u0131 olmaktad\u0131r. Do\u011fal di\u015f yap\u0131s\u0131na benzeyen yap\u0131s\u0131, \u00e7ene kemi\u011fiyle b\u00fct\u00fcnle\u015fmektedir. B\u00f6ylece di\u015fe olduk\u00e7a yak\u0131n bir g\u00f6r\u00fcn\u00fcm sunarak ki\u015filerin estetik kayg\u0131s\u0131n\u0131 da ortadan kald\u0131rmaktad\u0131r. [&hellip;]<\/p>\n","protected":false},"author":1,"featured_media":9720,"parent":1200,"menu_order":0,"comment_status":"closed","ping_status":"closed","template":"elementor_header_footer","meta":{"footnotes":""},"class_list":["post-1356","page","type-page","status-publish","has-post-thumbnail","hentry"],"_links":{"self":[{"href":"https:\/\/dentgen.clinic\/tr\/wp-json\/wp\/v2\/pages\/1356","targetHints":{"allow":["GET"]}}],"collection":[{"href":"https:\/\/dentgen.clinic\/tr\/wp-json\/wp\/v2\/pages"}],"about":[{"href":"https:\/\/dentgen.clinic\/tr\/wp-json\/wp\/v2\/types\/page"}],"author":[{"embeddable":true,"href":"https:\/\/dentgen.clinic\/tr\/wp-json\/wp\/v2\/users\/1"}],"replies":[{"embeddable":true,"href":"https:\/\/dentgen.clinic\/tr\/wp-json\/wp\/v2\/comments?post=1356"}],"version-history":[{"count":5,"href":"https:\/\/dentgen.clinic\/tr\/wp-json\/wp\/v2\/pages\/1356\/revisions"}],"predecessor-version":[{"id":19981,"href":"https:\/\/dentgen.clinic\/tr\/wp-json\/wp\/v2\/pages\/1356\/revisions\/19981"}],"up":[{"embeddable":true,"href":"https:\/\/dentgen.clinic\/tr\/wp-json\/wp\/v2\/pages\/1200"}],"wp:featuredmedia":[{"embeddable":true,"href":"https:\/\/dentgen.clinic\/tr\/wp-json\/wp\/v2\/media\/9720"}],"wp:attachment":[{"href":"https:\/\/dentgen.clinic\/tr\/wp-json\/wp\/v2\/media?parent=1356"}],"curies":[{"name":"wp","href":"https:\/\/api.w.org\/{rel}","templated":true}]}}