{"id":13883,"date":"2025-02-17T19:55:20","date_gmt":"2025-02-17T16:55:20","guid":{"rendered":"https:\/\/dentgen.clinic\/dt-burak-yilmaz\/"},"modified":"2025-03-25T13:46:22","modified_gmt":"2025-03-25T10:46:22","slug":"dt-burak-yilmaz","status":"publish","type":"page","link":"https:\/\/dentgen.clinic\/tr\/dis-hekimleri\/dt-burak-yilmaz\/","title":{"rendered":"Dt. Burak Y\u0131lmaz"},"content":{"rendered":"\t\t<div data-elementor-type=\"wp-page\" data-elementor-id=\"13883\" class=\"elementor elementor-13883 elementor-13782\" data-elementor-post-type=\"page\">\n\t\t\t\t<div class=\"elementor-element elementor-element-3bb41793 e-con-full e-flex e-con e-parent\" data-id=\"3bb41793\" data-element_type=\"container\" data-settings=\"{&quot;background_background&quot;:&quot;classic&quot;,&quot;shape_divider_bottom&quot;:&quot;waves&quot;}\">\n\t\t\t\t<div class=\"elementor-shape elementor-shape-bottom\" aria-hidden=\"true\" data-negative=\"false\">\n\t\t\t<svg xmlns=\"http:\/\/www.w3.org\/2000\/svg\" viewBox=\"0 0 1000 100\" preserveAspectRatio=\"none\">\n\t<path class=\"elementor-shape-fill\" d=\"M421.9,6.5c22.6-2.5,51.5,0.4,75.5,5.3c23.6,4.9,70.9,23.5,100.5,35.7c75.8,32.2,133.7,44.5,192.6,49.7\n\tc23.6,2.1,48.7,3.5,103.4-2.5c54.7-6,106.2-25.6,106.2-25.6V0H0v30.3c0,0,72,32.6,158.4,30.5c39.2-0.7,92.8-6.7,134-22.4\n\tc21.2-8.1,52.2-18.2,79.7-24.2C399.3,7.9,411.6,7.5,421.9,6.5z\"\/>\n<\/svg>\t\t<\/div>\n\t\t\t\t<div class=\"elementor-element elementor-element-4674f152 elementor-invisible elementor-widget elementor-widget-heading\" data-id=\"4674f152\" data-element_type=\"widget\" data-settings=\"{&quot;_animation&quot;:&quot;fadeIn&quot;}\" data-widget_type=\"heading.default\">\n\t\t\t\t<div class=\"elementor-widget-container\">\n\t\t\t\t\t<span class=\"elementor-heading-title elementor-size-default\">Dt. Burak Y\u0131lmaz<\/span>\t\t\t\t<\/div>\n\t\t\t\t<\/div>\n\t\t\t\t<\/div>\n\t\t<div class=\"elementor-element elementor-element-45b1b46c e-con-full e-flex e-con e-parent\" data-id=\"45b1b46c\" data-element_type=\"container\" data-settings=\"{&quot;background_background&quot;:&quot;classic&quot;}\">\n\t\t<div class=\"elementor-element elementor-element-7c357568 e-con-full e-flex e-con e-child\" data-id=\"7c357568\" data-element_type=\"container\">\n\t\t\t\t<div class=\"elementor-element elementor-element-7990810f elementor-widget__width-initial elementor-widget elementor-widget-heading\" data-id=\"7990810f\" data-element_type=\"widget\" data-widget_type=\"heading.default\">\n\t\t\t\t<div class=\"elementor-widget-container\">\n\t\t\t\t\t<h2 class=\"elementor-heading-title elementor-size-default\">Dt. Burak Y\u0131lmaz<\/h2>\t\t\t\t<\/div>\n\t\t\t\t<\/div>\n\t\t\t\t<div class=\"elementor-element elementor-element-600be71b elementor-invisible elementor-widget elementor-widget-text-editor\" data-id=\"600be71b\" data-element_type=\"widget\" data-settings=\"{&quot;_animation&quot;:&quot;fadeIn&quot;,&quot;_animation_delay&quot;:200}\" data-widget_type=\"text-editor.default\">\n\t\t\t\t<div class=\"elementor-widget-container\">\n\t\t\t\t\t\t\t\t\t<div class=\"flex flex-grow flex-col max-w-full\">\n<div class=\"min-h-[20px] text-message flex flex-col items-start whitespace-pre-wrap break-words [.text-message+&amp;]:mt-5 juice:w-full juice:items-end overflow-x-auto gap-2\" dir=\"auto\" data-message-author-role=\"assistant\" data-message-id=\"169c136f-2d49-4e82-9b2a-48c9dadcd18f\">\n<div class=\"flex w-full flex-col gap-1 juice:empty:hidden juice:first:pt-[3px]\">\n<div class=\"markdown prose w-full break-words dark:prose-invert light\">\n<div class=\"flex flex-grow flex-col max-w-full\">\n<div class=\"min-h-[20px] text-message flex flex-col items-start whitespace-pre-wrap break-words [.text-message+&amp;]:mt-5 juice:w-full juice:items-end overflow-x-auto gap-2\" dir=\"auto\" data-message-author-role=\"assistant\" data-message-id=\"169c136f-2d49-4e82-9b2a-48c9dadcd18f\">\n<div class=\"flex w-full flex-col gap-1 juice:empty:hidden juice:first:pt-[3px]\">\n<div class=\"markdown prose w-full break-words dark:prose-invert light\">\n<p data-start=\"50\" data-end=\"332\"><strong data-start=\"75\" data-end=\"92\">1998 y\u0131l\u0131nda Bursa<\/strong> da do\u011fan Burak Y\u0131lmaz, lise \u00f6\u011frenimini <strong data-start=\"136\" data-end=\"166\">Ere\u011fli Fen Lisesinde tamamlam\u0131\u015ft\u0131r<\/strong>. \u00dcniversite e\u011fitimini <strong data-start=\"186\" data-end=\"241\">Eski\u015fehir Osmangazi \u00dcniversitesinde<\/strong> tamamlam\u0131\u015ft\u0131r.<strong data-start=\"249\" data-end=\"257\"> 2021 <\/strong>y\u0131l\u0131ndan <strong data-start=\"281\" data-end=\"329\">beri \u00e7e\u015fitli \u00f6zel polikliniklerde<\/strong> tedavilerini ger\u00e7ekle\u015ftirmektedir.  <\/p>\n\n<\/div>\n<\/div>\n<\/div>\n<\/div>\n<\/div>\n<\/div>\n<\/div>\n<\/div>\t\t\t\t\t\t\t\t<\/div>\n\t\t\t\t<\/div>\n\t\t\t\t<div class=\"elementor-element elementor-element-45e8d990 elementor-align-center elementor-invisible elementor-widget elementor-widget-button\" data-id=\"45e8d990\" data-element_type=\"widget\" data-settings=\"{&quot;_animation&quot;:&quot;fadeIn&quot;,&quot;_animation_delay&quot;:400}\" data-widget_type=\"button.default\">\n\t\t\t\t<div class=\"elementor-widget-container\">\n\t\t\t\t\t\t\t\t\t<div class=\"elementor-button-wrapper\">\n\t\t\t\t\t<a class=\"elementor-button elementor-button-link elementor-size-sm\" href=\"#name\">\n\t\t\t\t\t\t<span class=\"elementor-button-content-wrapper\">\n\t\t\t\t\t\t<span class=\"elementor-button-icon\">\n\t\t\t\t<svg aria-hidden=\"true\" class=\"e-font-icon-svg e-fas-arrow-alt-circle-down\" viewBox=\"0 0 512 512\" xmlns=\"http:\/\/www.w3.org\/2000\/svg\"><path d=\"M504 256c0 137-111 248-248 248S8 393 8 256 119 8 256 8s248 111 248 248zM212 140v116h-70.9c-10.7 0-16.1 13-8.5 20.5l114.9 114.3c4.7 4.7 12.2 4.7 16.9 0l114.9-114.3c7.6-7.6 2.2-20.5-8.5-20.5H300V140c0-6.6-5.4-12-12-12h-64c-6.6 0-12 5.4-12 12z\"><\/path><\/svg>\t\t\t<\/span>\n\t\t\t\t\t\t\t\t\t<span class=\"elementor-button-text\">CV'yi \u0130ncele<\/span>\n\t\t\t\t\t<\/span>\n\t\t\t\t\t<\/a>\n\t\t\t\t<\/div>\n\t\t\t\t\t\t\t\t<\/div>\n\t\t\t\t<\/div>\n\t\t\t\t<\/div>\n\t\t<div class=\"elementor-element elementor-element-743123aa e-con-full e-flex e-con e-child\" data-id=\"743123aa\" data-element_type=\"container\" data-settings=\"{&quot;background_background&quot;:&quot;classic&quot;}\">\n\t\t\t\t<div class=\"elementor-element elementor-element-45884666 elementor-invisible elementor-widget elementor-widget-image\" data-id=\"45884666\" data-element_type=\"widget\" data-settings=\"{&quot;_animation&quot;:&quot;zoomIn&quot;}\" data-widget_type=\"image.default\">\n\t\t\t\t<div class=\"elementor-widget-container\">\n\t\t\t\t\t\t\t\t\t\t\t\t\t\t\t<img fetchpriority=\"high\" decoding=\"async\" width=\"1707\" height=\"2560\" src=\"https:\/\/dentgen.clinic\/wp-content\/uploads\/2025\/02\/DT.-BURAK-YILMAZ-KAVAKLIDERE-VE-BEYTEPE-scaled.jpg\" class=\"attachment-full size-full wp-image-14419\" alt=\"\" \/>\t\t\t\t\t\t\t\t\t\t\t\t\t\t\t<\/div>\n\t\t\t\t<\/div>\n\t\t\t\t<\/div>\n\t\t\t\t<\/div>\n\t\t<div class=\"elementor-element elementor-element-51322a4 e-con-full e-flex e-con e-child\" data-id=\"51322a4\" data-element_type=\"container\" id=\"name\" data-settings=\"{&quot;background_background&quot;:&quot;classic&quot;,&quot;shape_divider_bottom&quot;:&quot;waves&quot;,&quot;shape_divider_top&quot;:&quot;waves&quot;}\">\n\t\t\t\t<div class=\"elementor-shape elementor-shape-top\" aria-hidden=\"true\" data-negative=\"false\">\n\t\t\t<svg xmlns=\"http:\/\/www.w3.org\/2000\/svg\" viewBox=\"0 0 1000 100\" preserveAspectRatio=\"none\">\n\t<path class=\"elementor-shape-fill\" d=\"M421.9,6.5c22.6-2.5,51.5,0.4,75.5,5.3c23.6,4.9,70.9,23.5,100.5,35.7c75.8,32.2,133.7,44.5,192.6,49.7\n\tc23.6,2.1,48.7,3.5,103.4-2.5c54.7-6,106.2-25.6,106.2-25.6V0H0v30.3c0,0,72,32.6,158.4,30.5c39.2-0.7,92.8-6.7,134-22.4\n\tc21.2-8.1,52.2-18.2,79.7-24.2C399.3,7.9,411.6,7.5,421.9,6.5z\"\/>\n<\/svg>\t\t<\/div>\n\t\t\t\t<div class=\"elementor-shape elementor-shape-bottom\" aria-hidden=\"true\" data-negative=\"false\">\n\t\t\t<svg xmlns=\"http:\/\/www.w3.org\/2000\/svg\" viewBox=\"0 0 1000 100\" preserveAspectRatio=\"none\">\n\t<path class=\"elementor-shape-fill\" d=\"M421.9,6.5c22.6-2.5,51.5,0.4,75.5,5.3c23.6,4.9,70.9,23.5,100.5,35.7c75.8,32.2,133.7,44.5,192.6,49.7\n\tc23.6,2.1,48.7,3.5,103.4-2.5c54.7-6,106.2-25.6,106.2-25.6V0H0v30.3c0,0,72,32.6,158.4,30.5c39.2-0.7,92.8-6.7,134-22.4\n\tc21.2-8.1,52.2-18.2,79.7-24.2C399.3,7.9,411.6,7.5,421.9,6.5z\"\/>\n<\/svg>\t\t<\/div>\n\t\t\t\t<div class=\"elementor-element elementor-element-1b9937e elementor-widget__width-initial elementor-widget elementor-widget-text-editor\" data-id=\"1b9937e\" data-element_type=\"widget\" data-widget_type=\"text-editor.default\">\n\t\t\t\t<div class=\"elementor-widget-container\">\n\t\t\t\t\t\t\t\t\t<table border=\"1\" width=\"100%\" cellspacing=\"0\" cellpadding=\"4\">\n<tbody>\n<tr valign=\"TOP\">\n<td width=\"50%\"><strong>\u0130sim<\/strong><\/td>\n<td width=\"50%\"><strong>Dt. Burak Y\u0131lmaz<\/strong><\/td>\n<\/tr>\n<tr valign=\"TOP\">\n<td width=\"50%\"><strong>Uzmanl\u0131k<\/strong><\/td>\n<td width=\"50%\"><strong>Pratisyen Hekim<\/strong><\/td>\n<\/tr>\n<tr valign=\"TOP\">\n<td width=\"50%\"><strong>Profesyonel \u0130lgi Alanlar\u0131<\/strong><\/td>\n<td width=\"50%\">\n<ul>\n \t<li data-start=\"381\" data-end=\"401\"><strong data-start=\"383\" data-end=\"399\">G\u00fcl\u00fcmseme Tasar\u0131m\u0131<\/strong><\/li>\n \t<li data-start=\"402\" data-end=\"441\"><strong data-start=\"404\" data-end=\"439\">MDP-Zirconium-Emax<\/strong><\/li>\n \t<li data-start=\"442\" data-end=\"470\"><strong data-start=\"444\" data-end=\"468\">K\u00f6k kanal tedavisi<\/strong><\/li>\n \t<li data-start=\"471\" data-end=\"494\"><strong data-start=\"473\" data-end=\"492\">Dolgu<\/strong><\/li>\n \t<li data-start=\"495\" data-end=\"519\"><strong data-start=\"497\" data-end=\"517\">Di\u015f \u00c7ekimi<\/strong><\/li>\n \t<li data-start=\"520\" data-end=\"553\"><strong data-start=\"522\" data-end=\"551\">G\u00f6m\u00fcl\u00fc Di\u015f \u00c7ekimi<\/strong><\/li>\n \t<li data-start=\"554\" data-end=\"590\"><strong data-start=\"556\" data-end=\"588\">Estetik dolgu<\/strong><\/li>\n \t<li data-start=\"591\" data-end=\"626\"><strong data-start=\"593\" data-end=\"624\">Di\u015f Beyazlatma (Bleaching)<\/strong><\/li>\n \t<li data-start=\"627\" data-end=\"658\"><strong data-start=\"629\" data-end=\"656\">Fiber Post<\/strong><\/li>\n \t<li data-start=\"659\" data-end=\"700\"><strong data-start=\"661\" data-end=\"698\">Retreatment<\/strong><\/li>\n \t<li data-start=\"701\" data-end=\"731\"><strong data-start=\"703\" data-end=\"729\">Mta ile apeksifikasyon<\/strong><\/li>\n \t<li data-start=\"732\" data-end=\"750\"><strong data-start=\"734\" data-end=\"748\">Kistektomi<\/strong><\/li>\n \t<li data-start=\"751\" data-end=\"771\"><strong data-start=\"753\" data-end=\"769\">implantoloji<\/strong><\/li>\n \t<li data-start=\"772\" data-end=\"818\"><strong data-start=\"774\" data-end=\"816\">Kapal\u0131-a\u00e7\u0131k sin\u00fcs lifting<\/strong><\/li>\n \t<li data-start=\"819\" data-end=\"875\"><strong data-start=\"821\" data-end=\"873\">Maksiller-mandibuler g\u00f6m\u00fcl\u00fc di\u015fler<\/strong><\/li>\n \t<li data-start=\"876\" data-end=\"908\"><strong data-start=\"878\" data-end=\"906\">Greftleme i\u015flemleri<\/strong><\/li>\n \t<li data-start=\"909\" data-end=\"964\"><strong data-start=\"911\" data-end=\"962\">\u0130mplant\u00fcst\u00fc sabit ve hareketli protezler<\/strong><\/li>\n<\/ul>\n<\/td>\n<\/tr>\n<tr valign=\"TOP\">\n<td width=\"50%\"><strong>E\u011fitim<\/strong><\/td>\n<td width=\"50%\">\n<ul>\n \t<li><strong>Eski\u015fehir Osmangazi \u00dcniversitesi<\/strong><\/li>\n<\/ul>\n<\/td>\n<\/tr>\n<\/tbody>\n<\/table>\t\t\t\t\t\t\t\t<\/div>\n\t\t\t\t<\/div>\n\t\t\t\t<\/div>\n\t\t\t\t<\/div>\n\t\t","protected":false},"excerpt":{"rendered":"<p>Dt. Burak Y\u0131lmaz Dt. Burak Y\u0131lmaz 1998 y\u0131l\u0131nda Bursa da do\u011fan Burak Y\u0131lmaz, lise \u00f6\u011frenimini Ere\u011fli Fen Lisesinde tamamlam\u0131\u015ft\u0131r. \u00dcniversite e\u011fitimini Eski\u015fehir Osmangazi \u00dcniversitesinde tamamlam\u0131\u015ft\u0131r. 2021 y\u0131l\u0131ndan beri \u00e7e\u015fitli \u00f6zel polikliniklerde tedavilerini ger\u00e7ekle\u015ftirmektedir. CV&#8217;yi \u0130ncele \u0130sim Dt. Burak Y\u0131lmaz Uzmanl\u0131k Pratisyen Hekim Profesyonel \u0130lgi Alanlar\u0131 G\u00fcl\u00fcmseme Tasar\u0131m\u0131 MDP-Zirconium-Emax K\u00f6k kanal tedavisi Dolgu Di\u015f \u00c7ekimi G\u00f6m\u00fcl\u00fc [&hellip;]<\/p>\n","protected":false},"author":1,"featured_media":0,"parent":15320,"menu_order":0,"comment_status":"closed","ping_status":"closed","template":"elementor_header_footer","meta":{"footnotes":""},"class_list":["post-13883","page","type-page","status-publish","hentry"],"_links":{"self":[{"href":"https:\/\/dentgen.clinic\/tr\/wp-json\/wp\/v2\/pages\/13883","targetHints":{"allow":["GET"]}}],"collection":[{"href":"https:\/\/dentgen.clinic\/tr\/wp-json\/wp\/v2\/pages"}],"about":[{"href":"https:\/\/dentgen.clinic\/tr\/wp-json\/wp\/v2\/types\/page"}],"author":[{"embeddable":true,"href":"https:\/\/dentgen.clinic\/tr\/wp-json\/wp\/v2\/users\/1"}],"replies":[{"embeddable":true,"href":"https:\/\/dentgen.clinic\/tr\/wp-json\/wp\/v2\/comments?post=13883"}],"version-history":[{"count":0,"href":"https:\/\/dentgen.clinic\/tr\/wp-json\/wp\/v2\/pages\/13883\/revisions"}],"up":[{"embeddable":true,"href":"https:\/\/dentgen.clinic\/tr\/wp-json\/wp\/v2\/pages\/15320"}],"wp:attachment":[{"href":"https:\/\/dentgen.clinic\/tr\/wp-json\/wp\/v2\/media?parent=13883"}],"curies":[{"name":"wp","href":"https:\/\/api.w.org\/{rel}","templated":true}]}}