{"id":14145,"date":"2025-02-18T15:27:54","date_gmt":"2025-02-18T12:27:54","guid":{"rendered":"https:\/\/dentgen.clinic\/kavaklidere\/dis-hekimleri\/uzm-dt-tutku-mertbay\/"},"modified":"2025-09-24T17:30:25","modified_gmt":"2025-09-24T14:30:25","slug":"dt-gulden-palta","status":"publish","type":"page","link":"https:\/\/dentgen.clinic\/tr\/dis-hekimleri\/dt-gulden-palta\/","title":{"rendered":"Dt. G\u00fclden Palta"},"content":{"rendered":"\t\t<div data-elementor-type=\"wp-page\" data-elementor-id=\"14145\" class=\"elementor elementor-14145 elementor-14126\" data-elementor-post-type=\"page\">\n\t\t\t\t<div class=\"elementor-element elementor-element-3bb41793 e-con-full e-flex e-con e-parent\" data-id=\"3bb41793\" data-element_type=\"container\" data-settings=\"{&quot;background_background&quot;:&quot;classic&quot;,&quot;shape_divider_bottom&quot;:&quot;waves&quot;}\">\n\t\t\t\t<div class=\"elementor-shape elementor-shape-bottom\" aria-hidden=\"true\" data-negative=\"false\">\n\t\t\t<svg xmlns=\"http:\/\/www.w3.org\/2000\/svg\" viewBox=\"0 0 1000 100\" preserveAspectRatio=\"none\">\n\t<path class=\"elementor-shape-fill\" d=\"M421.9,6.5c22.6-2.5,51.5,0.4,75.5,5.3c23.6,4.9,70.9,23.5,100.5,35.7c75.8,32.2,133.7,44.5,192.6,49.7\n\tc23.6,2.1,48.7,3.5,103.4-2.5c54.7-6,106.2-25.6,106.2-25.6V0H0v30.3c0,0,72,32.6,158.4,30.5c39.2-0.7,92.8-6.7,134-22.4\n\tc21.2-8.1,52.2-18.2,79.7-24.2C399.3,7.9,411.6,7.5,421.9,6.5z\"\/>\n<\/svg>\t\t<\/div>\n\t\t\t\t<div class=\"elementor-element elementor-element-4674f152 elementor-invisible elementor-widget elementor-widget-heading\" data-id=\"4674f152\" data-element_type=\"widget\" data-settings=\"{&quot;_animation&quot;:&quot;fadeIn&quot;}\" data-widget_type=\"heading.default\">\n\t\t\t\t<div class=\"elementor-widget-container\">\n\t\t\t\t\t<span class=\"elementor-heading-title elementor-size-default\">Dt. G\u00fclden Palta<\/span>\t\t\t\t<\/div>\n\t\t\t\t<\/div>\n\t\t\t\t<\/div>\n\t\t<div class=\"elementor-element elementor-element-45b1b46c e-con-full e-flex e-con e-parent\" data-id=\"45b1b46c\" data-element_type=\"container\" data-settings=\"{&quot;background_background&quot;:&quot;classic&quot;}\">\n\t\t<div class=\"elementor-element elementor-element-7c357568 e-con-full e-flex e-con e-child\" data-id=\"7c357568\" data-element_type=\"container\">\n\t\t\t\t<div class=\"elementor-element elementor-element-7990810f elementor-widget__width-initial elementor-widget elementor-widget-heading\" data-id=\"7990810f\" data-element_type=\"widget\" data-widget_type=\"heading.default\">\n\t\t\t\t<div class=\"elementor-widget-container\">\n\t\t\t\t\t<h2 class=\"elementor-heading-title elementor-size-default\">Dt. G\u00fclden Palta<\/h2>\t\t\t\t<\/div>\n\t\t\t\t<\/div>\n\t\t\t\t<div class=\"elementor-element elementor-element-600be71b elementor-invisible elementor-widget elementor-widget-text-editor\" data-id=\"600be71b\" data-element_type=\"widget\" data-settings=\"{&quot;_animation&quot;:&quot;fadeIn&quot;,&quot;_animation_delay&quot;:200}\" data-widget_type=\"text-editor.default\">\n\t\t\t\t<div class=\"elementor-widget-container\">\n\t\t\t\t\t\t\t\t\t<p>G\u00fclden Palta, 1998 y\u0131l\u0131nda Gaziantep\u2019te do\u011fmu\u015f olup, lise e\u011fitimini Nazilli Fen Lisesi\u2019nde tamamlam\u0131\u015ft\u0131r. 2021 y\u0131l\u0131nda Pamukkale \u00dcniversitesi Di\u015f Hekimli\u011fi Fak\u00fcltesi\u2019nden ba\u015far\u0131yla mezun olmu\u015ftur. Mezuniyetinin ard\u0131ndan genel di\u015f hekimli\u011fi alan\u0131nda mesleki kariyerine ad\u0131m atm\u0131\u015f, hasta memnuniyetini \u00f6n planda tutan, g\u00fcncel bilimsel ve teknolojik geli\u015fmeleri yak\u0131ndan takip eden bir hekim olarak \u00e7al\u0131\u015fmalar\u0131n\u0131 s\u00fcrd\u00fcrmektedir. Klinik prati\u011finde hem koruyucu hem de tedavi edici yakla\u015f\u0131mlar\u0131 titizlikle uygulayarak, kapsaml\u0131 bir di\u015f hekimli\u011fi hizmeti sunmaktad\u0131r.   <\/p>\t\t\t\t\t\t\t\t<\/div>\n\t\t\t\t<\/div>\n\t\t\t\t<div class=\"elementor-element elementor-element-45e8d990 elementor-align-center elementor-invisible elementor-widget elementor-widget-button\" data-id=\"45e8d990\" data-element_type=\"widget\" data-settings=\"{&quot;_animation&quot;:&quot;fadeIn&quot;,&quot;_animation_delay&quot;:400}\" data-widget_type=\"button.default\">\n\t\t\t\t<div class=\"elementor-widget-container\">\n\t\t\t\t\t\t\t\t\t<div class=\"elementor-button-wrapper\">\n\t\t\t\t\t<a class=\"elementor-button elementor-button-link elementor-size-sm\" href=\"#name\">\n\t\t\t\t\t\t<span class=\"elementor-button-content-wrapper\">\n\t\t\t\t\t\t<span class=\"elementor-button-icon\">\n\t\t\t\t<svg aria-hidden=\"true\" class=\"e-font-icon-svg e-fas-arrow-alt-circle-down\" viewBox=\"0 0 512 512\" xmlns=\"http:\/\/www.w3.org\/2000\/svg\"><path d=\"M504 256c0 137-111 248-248 248S8 393 8 256 119 8 256 8s248 111 248 248zM212 140v116h-70.9c-10.7 0-16.1 13-8.5 20.5l114.9 114.3c4.7 4.7 12.2 4.7 16.9 0l114.9-114.3c7.6-7.6 2.2-20.5-8.5-20.5H300V140c0-6.6-5.4-12-12-12h-64c-6.6 0-12 5.4-12 12z\"><\/path><\/svg>\t\t\t<\/span>\n\t\t\t\t\t\t\t\t\t<span class=\"elementor-button-text\">CV'yi \u0130ncele<\/span>\n\t\t\t\t\t<\/span>\n\t\t\t\t\t<\/a>\n\t\t\t\t<\/div>\n\t\t\t\t\t\t\t\t<\/div>\n\t\t\t\t<\/div>\n\t\t\t\t<\/div>\n\t\t<div class=\"elementor-element elementor-element-743123aa e-con-full e-flex e-con e-child\" data-id=\"743123aa\" data-element_type=\"container\" data-settings=\"{&quot;background_background&quot;:&quot;classic&quot;}\">\n\t\t\t\t<div class=\"elementor-element elementor-element-45884666 elementor-invisible elementor-widget elementor-widget-image\" data-id=\"45884666\" data-element_type=\"widget\" data-settings=\"{&quot;_animation&quot;:&quot;zoomIn&quot;}\" data-widget_type=\"image.default\">\n\t\t\t\t<div class=\"elementor-widget-container\">\n\t\t\t\t\t\t\t\t\t\t\t\t\t\t\t<img fetchpriority=\"high\" decoding=\"async\" width=\"1066\" height=\"1600\" src=\"https:\/\/dentgen.clinic\/wp-content\/uploads\/2025\/09\/dt-gulden-e1758722472754.jpeg\" class=\"attachment-full size-full wp-image-19942\" alt=\"\" \/>\t\t\t\t\t\t\t\t\t\t\t\t\t\t\t<\/div>\n\t\t\t\t<\/div>\n\t\t\t\t<\/div>\n\t\t\t\t<\/div>\n\t\t<div class=\"elementor-element elementor-element-51322a4 e-con-full e-flex e-con e-child\" data-id=\"51322a4\" data-element_type=\"container\" id=\"name\" data-settings=\"{&quot;background_background&quot;:&quot;classic&quot;,&quot;shape_divider_bottom&quot;:&quot;waves&quot;,&quot;shape_divider_top&quot;:&quot;waves&quot;}\">\n\t\t\t\t<div class=\"elementor-shape elementor-shape-top\" aria-hidden=\"true\" data-negative=\"false\">\n\t\t\t<svg xmlns=\"http:\/\/www.w3.org\/2000\/svg\" viewBox=\"0 0 1000 100\" preserveAspectRatio=\"none\">\n\t<path class=\"elementor-shape-fill\" d=\"M421.9,6.5c22.6-2.5,51.5,0.4,75.5,5.3c23.6,4.9,70.9,23.5,100.5,35.7c75.8,32.2,133.7,44.5,192.6,49.7\n\tc23.6,2.1,48.7,3.5,103.4-2.5c54.7-6,106.2-25.6,106.2-25.6V0H0v30.3c0,0,72,32.6,158.4,30.5c39.2-0.7,92.8-6.7,134-22.4\n\tc21.2-8.1,52.2-18.2,79.7-24.2C399.3,7.9,411.6,7.5,421.9,6.5z\"\/>\n<\/svg>\t\t<\/div>\n\t\t\t\t<div class=\"elementor-shape elementor-shape-bottom\" aria-hidden=\"true\" data-negative=\"false\">\n\t\t\t<svg xmlns=\"http:\/\/www.w3.org\/2000\/svg\" viewBox=\"0 0 1000 100\" preserveAspectRatio=\"none\">\n\t<path class=\"elementor-shape-fill\" d=\"M421.9,6.5c22.6-2.5,51.5,0.4,75.5,5.3c23.6,4.9,70.9,23.5,100.5,35.7c75.8,32.2,133.7,44.5,192.6,49.7\n\tc23.6,2.1,48.7,3.5,103.4-2.5c54.7-6,106.2-25.6,106.2-25.6V0H0v30.3c0,0,72,32.6,158.4,30.5c39.2-0.7,92.8-6.7,134-22.4\n\tc21.2-8.1,52.2-18.2,79.7-24.2C399.3,7.9,411.6,7.5,421.9,6.5z\"\/>\n<\/svg>\t\t<\/div>\n\t\t\t\t<div class=\"elementor-element elementor-element-1b9937e elementor-widget__width-initial elementor-widget elementor-widget-text-editor\" data-id=\"1b9937e\" data-element_type=\"widget\" data-widget_type=\"text-editor.default\">\n\t\t\t\t<div class=\"elementor-widget-container\">\n\t\t\t\t\t\t\t\t\t<p> <\/p><table border=\"1\" width=\"100%\" cellspacing=\"0\" cellpadding=\"4\"><tbody><tr valign=\"TOP\"><td width=\"50%\">\u0130sim<\/td><td width=\"50%\">Dt. G\u00fclden Palta<\/td><\/tr><tr valign=\"TOP\"><td width=\"50%\">Uzmanl\u0131k<\/td><td width=\"50%\">Pratisyen Hekim<\/td><\/tr><tr valign=\"TOP\"><td width=\"50%\">Profesyonel \u0130lgi Alanlar\u0131<\/td><td width=\"50%\"><p>Restoratif ve Estetik Di\u015f Hekimli\u011fi: Kompozit ve estetik dolgular, di\u015f beyazlatma, g\u00fcl\u00fc\u015f tasar\u0131m\u0131<\/p><p>Endodonti: Modern y\u00f6ntemlerle kanal tedavisi ve ba\u015far\u0131s\u0131z tedavilerin revizyonu<\/p><p>Periodontoloji: Di\u015f ta\u015f\u0131 temizli\u011fi, k\u00fcretaj, periodontal hastal\u0131klar\u0131n tedavisi ve bak\u0131m protokolleri<\/p><p>Protetik Tedaviler: Sabit ve hareketli protezler, zirkonyum ve porselen kronlar, lamina veneer restorasyonlar\u0131<\/p><p>Pedodonti: \u00c7ocuk hastalarda koruyucu di\u015f hekimli\u011fi uygulamalar\u0131, s\u00fct di\u015fi tedavileri ve \u00e7ekimleri<br><\/p><p>Oral Di\u015f Hekimli\u011fi ve Cerrahi: Basit ve komplike di\u015f \u00e7ekimleri, g\u00f6m\u00fcl\u00fc di\u015f operasyonlar\u0131, cerrahi prosed\u00fcrlerde deneyim<\/p><p>\u0130mplantoloji: Dental implant cerrahisi, implant \u00fcst\u00fc protez uygulamalar\u0131, implant destekli tedavi planlamalar\u0131<\/p><\/td><\/tr><tr valign=\"TOP\"><td width=\"50%\">E\u011fitim<\/td><td width=\"50%\"><p>Pamukkale \u00dcniversitesi, Di\u015f Hekimli\u011fi Fak\u00fcltesi<br><\/p><\/td><\/tr><\/tbody><\/table>\t\t\t\t\t\t\t\t<\/div>\n\t\t\t\t<\/div>\n\t\t\t\t<\/div>\n\t\t\t\t<\/div>\n\t\t","protected":false},"excerpt":{"rendered":"<p>Dt. G\u00fclden Palta Dt. G\u00fclden Palta G\u00fclden Palta, 1998 y\u0131l\u0131nda Gaziantep\u2019te do\u011fmu\u015f olup, lise e\u011fitimini Nazilli Fen Lisesi\u2019nde tamamlam\u0131\u015ft\u0131r. 2021 y\u0131l\u0131nda Pamukkale \u00dcniversitesi Di\u015f Hekimli\u011fi Fak\u00fcltesi\u2019nden ba\u015far\u0131yla mezun olmu\u015ftur. Mezuniyetinin ard\u0131ndan genel di\u015f hekimli\u011fi alan\u0131nda mesleki kariyerine ad\u0131m atm\u0131\u015f, hasta memnuniyetini \u00f6n planda tutan, g\u00fcncel bilimsel ve teknolojik geli\u015fmeleri yak\u0131ndan takip eden bir hekim olarak [&hellip;]<\/p>\n","protected":false},"author":1,"featured_media":0,"parent":15320,"menu_order":0,"comment_status":"closed","ping_status":"closed","template":"elementor_header_footer","meta":{"footnotes":""},"class_list":["post-14145","page","type-page","status-publish","hentry"],"_links":{"self":[{"href":"https:\/\/dentgen.clinic\/tr\/wp-json\/wp\/v2\/pages\/14145","targetHints":{"allow":["GET"]}}],"collection":[{"href":"https:\/\/dentgen.clinic\/tr\/wp-json\/wp\/v2\/pages"}],"about":[{"href":"https:\/\/dentgen.clinic\/tr\/wp-json\/wp\/v2\/types\/page"}],"author":[{"embeddable":true,"href":"https:\/\/dentgen.clinic\/tr\/wp-json\/wp\/v2\/users\/1"}],"replies":[{"embeddable":true,"href":"https:\/\/dentgen.clinic\/tr\/wp-json\/wp\/v2\/comments?post=14145"}],"version-history":[{"count":3,"href":"https:\/\/dentgen.clinic\/tr\/wp-json\/wp\/v2\/pages\/14145\/revisions"}],"predecessor-version":[{"id":19972,"href":"https:\/\/dentgen.clinic\/tr\/wp-json\/wp\/v2\/pages\/14145\/revisions\/19972"}],"up":[{"embeddable":true,"href":"https:\/\/dentgen.clinic\/tr\/wp-json\/wp\/v2\/pages\/15320"}],"wp:attachment":[{"href":"https:\/\/dentgen.clinic\/tr\/wp-json\/wp\/v2\/media?parent=14145"}],"curies":[{"name":"wp","href":"https:\/\/api.w.org\/{rel}","templated":true}]}}