{"id":20061,"date":"2025-10-13T14:32:21","date_gmt":"2025-10-13T11:32:21","guid":{"rendered":"https:\/\/dentgen.clinic\/dis-hekimleri\/dt-zeynep-sila-unal\/"},"modified":"2025-10-13T14:41:06","modified_gmt":"2025-10-13T11:41:06","slug":"dt-zeynep-sila-unal","status":"publish","type":"page","link":"https:\/\/dentgen.clinic\/tr\/dis-hekimleri\/dt-zeynep-sila-unal\/","title":{"rendered":"Dt. Zeynep S\u0131la \u00dcnal"},"content":{"rendered":"\t\t<div data-elementor-type=\"wp-page\" data-elementor-id=\"20061\" class=\"elementor elementor-20061 elementor-20049\" data-elementor-post-type=\"page\">\n\t\t\t\t<div class=\"elementor-element elementor-element-3bb41793 e-con-full e-flex e-con e-parent\" data-id=\"3bb41793\" data-element_type=\"container\" data-settings=\"{&quot;background_background&quot;:&quot;classic&quot;,&quot;shape_divider_bottom&quot;:&quot;waves&quot;}\">\n\t\t\t\t<div class=\"elementor-shape elementor-shape-bottom\" aria-hidden=\"true\" data-negative=\"false\">\n\t\t\t<svg xmlns=\"http:\/\/www.w3.org\/2000\/svg\" viewBox=\"0 0 1000 100\" preserveAspectRatio=\"none\">\n\t<path class=\"elementor-shape-fill\" d=\"M421.9,6.5c22.6-2.5,51.5,0.4,75.5,5.3c23.6,4.9,70.9,23.5,100.5,35.7c75.8,32.2,133.7,44.5,192.6,49.7\n\tc23.6,2.1,48.7,3.5,103.4-2.5c54.7-6,106.2-25.6,106.2-25.6V0H0v30.3c0,0,72,32.6,158.4,30.5c39.2-0.7,92.8-6.7,134-22.4\n\tc21.2-8.1,52.2-18.2,79.7-24.2C399.3,7.9,411.6,7.5,421.9,6.5z\"\/>\n<\/svg>\t\t<\/div>\n\t\t\t\t<div class=\"elementor-element elementor-element-4674f152 elementor-invisible elementor-widget elementor-widget-heading\" data-id=\"4674f152\" data-element_type=\"widget\" data-settings=\"{&quot;_animation&quot;:&quot;fadeIn&quot;}\" data-widget_type=\"heading.default\">\n\t\t\t\t<div class=\"elementor-widget-container\">\n\t\t\t\t\t<span class=\"elementor-heading-title elementor-size-default\">Dt. Zeynep S\u0131la \u00dcnal<\/span>\t\t\t\t<\/div>\n\t\t\t\t<\/div>\n\t\t\t\t<\/div>\n\t\t<div class=\"elementor-element elementor-element-45b1b46c e-con-full e-flex e-con e-parent\" data-id=\"45b1b46c\" data-element_type=\"container\" data-settings=\"{&quot;background_background&quot;:&quot;classic&quot;}\">\n\t\t<div class=\"elementor-element elementor-element-7c357568 e-con-full e-flex e-con e-child\" data-id=\"7c357568\" data-element_type=\"container\">\n\t\t\t\t<div class=\"elementor-element elementor-element-7990810f elementor-widget__width-initial elementor-widget elementor-widget-heading\" data-id=\"7990810f\" data-element_type=\"widget\" data-widget_type=\"heading.default\">\n\t\t\t\t<div class=\"elementor-widget-container\">\n\t\t\t\t\t<h2 class=\"elementor-heading-title elementor-size-default\">Dt. Zeynep S\u0131la \u00dcnal<\/h2>\t\t\t\t<\/div>\n\t\t\t\t<\/div>\n\t\t\t\t<div class=\"elementor-element elementor-element-600be71b elementor-invisible elementor-widget elementor-widget-text-editor\" data-id=\"600be71b\" data-element_type=\"widget\" data-settings=\"{&quot;_animation&quot;:&quot;fadeIn&quot;,&quot;_animation_delay&quot;:200}\" data-widget_type=\"text-editor.default\">\n\t\t\t\t<div class=\"elementor-widget-container\">\n\t\t\t\t\t\t\t\t\t<div id=\"model-response-message-contentr_34665985e2243219\" class=\"markdown markdown-main-panel stronger enable-updated-hr-color\" dir=\"ltr\"><p>Dt. Dt. Zeynep S\u0131la \u00dcnal Erzurum&#8217;da do\u011fdu. 2015 y\u0131l\u0131nda K\u0131r\u0131kkale \u00dcniversitesi Di\u015f Hekimli\u011fi Fak\u00fcltesi&#8217;nden mezun oldu. Mezuniyetinin ard\u0131ndan aktif \u00e7al\u0131\u015fma hayat\u0131na ba\u015flad\u0131 ve o g\u00fcnden beri \u00e7e\u015fitli \u00f6zel polikliniklerde meslek hayat\u0131n\u0131 s\u00fcrd\u00fcrd\u00fc. Di\u015f hekimli\u011fi mesle\u011finin her alan\u0131na hakim olmakla birlikte \u00f6zellikle g\u00fcl\u00fc\u015f tasar\u0131m\u0131 ve estetik uygulamalar, protez uygulamalar\u0131, zirkonyum ve lamine veneer restorasyonlar\u0131 \u00f6zel ilgi alanlar\u0131n\u0131 olu\u015fturmaktad\u0131r ve bu konularda \u00e7al\u0131\u015fmalar\u0131n\u0131 s\u00fcrd\u00fcrmektedir.   <\/p><\/div>\t\t\t\t\t\t\t\t<\/div>\n\t\t\t\t<\/div>\n\t\t\t\t<div class=\"elementor-element elementor-element-45e8d990 elementor-align-center elementor-invisible elementor-widget elementor-widget-button\" data-id=\"45e8d990\" data-element_type=\"widget\" data-settings=\"{&quot;_animation&quot;:&quot;fadeIn&quot;,&quot;_animation_delay&quot;:400}\" data-widget_type=\"button.default\">\n\t\t\t\t<div class=\"elementor-widget-container\">\n\t\t\t\t\t\t\t\t\t<div class=\"elementor-button-wrapper\">\n\t\t\t\t\t<a class=\"elementor-button elementor-button-link elementor-size-sm\" href=\"#name\">\n\t\t\t\t\t\t<span class=\"elementor-button-content-wrapper\">\n\t\t\t\t\t\t<span class=\"elementor-button-icon\">\n\t\t\t\t<svg aria-hidden=\"true\" class=\"e-font-icon-svg e-fas-arrow-alt-circle-down\" viewBox=\"0 0 512 512\" xmlns=\"http:\/\/www.w3.org\/2000\/svg\"><path d=\"M504 256c0 137-111 248-248 248S8 393 8 256 119 8 256 8s248 111 248 248zM212 140v116h-70.9c-10.7 0-16.1 13-8.5 20.5l114.9 114.3c4.7 4.7 12.2 4.7 16.9 0l114.9-114.3c7.6-7.6 2.2-20.5-8.5-20.5H300V140c0-6.6-5.4-12-12-12h-64c-6.6 0-12 5.4-12 12z\"><\/path><\/svg>\t\t\t<\/span>\n\t\t\t\t\t\t\t\t\t<span class=\"elementor-button-text\">CV'yi \u0130ncele<\/span>\n\t\t\t\t\t<\/span>\n\t\t\t\t\t<\/a>\n\t\t\t\t<\/div>\n\t\t\t\t\t\t\t\t<\/div>\n\t\t\t\t<\/div>\n\t\t\t\t<\/div>\n\t\t<div class=\"elementor-element elementor-element-743123aa e-con-full e-flex e-con e-child\" data-id=\"743123aa\" data-element_type=\"container\" data-settings=\"{&quot;background_background&quot;:&quot;classic&quot;}\">\n\t\t\t\t<div class=\"elementor-element elementor-element-45884666 elementor-invisible elementor-widget elementor-widget-image\" data-id=\"45884666\" data-element_type=\"widget\" data-settings=\"{&quot;_animation&quot;:&quot;zoomIn&quot;}\" data-widget_type=\"image.default\">\n\t\t\t\t<div class=\"elementor-widget-container\">\n\t\t\t\t\t\t\t\t\t\t\t\t\t\t\t<img fetchpriority=\"high\" decoding=\"async\" width=\"1000\" height=\"1779\" src=\"https:\/\/dentgen.clinic\/wp-content\/uploads\/2025\/10\/zeynepsilaunal.png\" class=\"attachment-full size-full wp-image-20045\" alt=\"\" srcset=\"https:\/\/dentgen.clinic\/wp-content\/uploads\/2025\/10\/zeynepsilaunal.png 1000w, https:\/\/dentgen.clinic\/wp-content\/uploads\/2025\/10\/zeynepsilaunal-169x300.png 169w, https:\/\/dentgen.clinic\/wp-content\/uploads\/2025\/10\/zeynepsilaunal-576x1024.png 576w, https:\/\/dentgen.clinic\/wp-content\/uploads\/2025\/10\/zeynepsilaunal-768x1366.png 768w, https:\/\/dentgen.clinic\/wp-content\/uploads\/2025\/10\/zeynepsilaunal-863x1536.png 863w\" sizes=\"(max-width: 1000px) 100vw, 1000px\" \/>\t\t\t\t\t\t\t\t\t\t\t\t\t\t\t<\/div>\n\t\t\t\t<\/div>\n\t\t\t\t<\/div>\n\t\t\t\t<\/div>\n\t\t<div class=\"elementor-element elementor-element-51322a4 e-con-full e-flex e-con e-child\" data-id=\"51322a4\" data-element_type=\"container\" id=\"name\" data-settings=\"{&quot;background_background&quot;:&quot;classic&quot;,&quot;shape_divider_bottom&quot;:&quot;waves&quot;,&quot;shape_divider_top&quot;:&quot;waves&quot;}\">\n\t\t\t\t<div class=\"elementor-shape elementor-shape-top\" aria-hidden=\"true\" data-negative=\"false\">\n\t\t\t<svg xmlns=\"http:\/\/www.w3.org\/2000\/svg\" viewBox=\"0 0 1000 100\" preserveAspectRatio=\"none\">\n\t<path class=\"elementor-shape-fill\" d=\"M421.9,6.5c22.6-2.5,51.5,0.4,75.5,5.3c23.6,4.9,70.9,23.5,100.5,35.7c75.8,32.2,133.7,44.5,192.6,49.7\n\tc23.6,2.1,48.7,3.5,103.4-2.5c54.7-6,106.2-25.6,106.2-25.6V0H0v30.3c0,0,72,32.6,158.4,30.5c39.2-0.7,92.8-6.7,134-22.4\n\tc21.2-8.1,52.2-18.2,79.7-24.2C399.3,7.9,411.6,7.5,421.9,6.5z\"\/>\n<\/svg>\t\t<\/div>\n\t\t\t\t<div class=\"elementor-shape elementor-shape-bottom\" aria-hidden=\"true\" data-negative=\"false\">\n\t\t\t<svg xmlns=\"http:\/\/www.w3.org\/2000\/svg\" viewBox=\"0 0 1000 100\" preserveAspectRatio=\"none\">\n\t<path class=\"elementor-shape-fill\" d=\"M421.9,6.5c22.6-2.5,51.5,0.4,75.5,5.3c23.6,4.9,70.9,23.5,100.5,35.7c75.8,32.2,133.7,44.5,192.6,49.7\n\tc23.6,2.1,48.7,3.5,103.4-2.5c54.7-6,106.2-25.6,106.2-25.6V0H0v30.3c0,0,72,32.6,158.4,30.5c39.2-0.7,92.8-6.7,134-22.4\n\tc21.2-8.1,52.2-18.2,79.7-24.2C399.3,7.9,411.6,7.5,421.9,6.5z\"\/>\n<\/svg>\t\t<\/div>\n\t\t\t\t<div class=\"elementor-element elementor-element-1b9937e elementor-widget__width-initial elementor-widget elementor-widget-text-editor\" data-id=\"1b9937e\" data-element_type=\"widget\" data-widget_type=\"text-editor.default\">\n\t\t\t\t<div class=\"elementor-widget-container\">\n\t\t\t\t\t\t\t\t\t<p> <\/p><table border=\"1\" width=\"100%\" cellspacing=\"0\" cellpadding=\"4\"><tbody><tr valign=\"TOP\"><td width=\"50%\">\u0130sim<\/td><td width=\"50%\">Dt. Zeynep S\u0131la \u00dcnal<\/td><\/tr><tr valign=\"TOP\"><td width=\"50%\">Uzmanl\u0131k<\/td><td width=\"50%\">Pratisyen Hekim<\/td><\/tr><tr valign=\"TOP\"><td width=\"50%\">Profesyonel \u0130lgi Alanlar\u0131<\/td><td width=\"50%\"><p>Restoratif ve Estetik Di\u015f Hekimli\u011fi<\/p><p>Endodonti<\/p><p>Periodonti<\/p><p>Prostetik Tedaviler<\/p><p>Pedodonti<\/p><p>Oral Di\u015f Hekimli\u011fi ve Cerrahisi<\/p><p>implantoloji<\/p><\/td><\/tr><tr valign=\"TOP\"><td width=\"50%\">E\u011fitim<\/td><td width=\"50%\"><p>K\u0131r\u0131kkale Universitesi, Di\u015f Hekimli\u011fi Fak\u00fcltesi<\/p><\/td><\/tr><\/tbody><\/table>\t\t\t\t\t\t\t\t<\/div>\n\t\t\t\t<\/div>\n\t\t\t\t<\/div>\n\t\t\t\t<\/div>\n\t\t","protected":false},"excerpt":{"rendered":"<p>Dt. Zeynep S\u0131la \u00dcnal Dt. Zeynep S\u0131la \u00dcnal Dt. Dt. Zeynep S\u0131la \u00dcnal Erzurum&#8217;da do\u011fdu. 2015 y\u0131l\u0131nda K\u0131r\u0131kkale \u00dcniversitesi Di\u015f Hekimli\u011fi Fak\u00fcltesi&#8217;nden mezun oldu. Mezuniyetinin ard\u0131ndan aktif \u00e7al\u0131\u015fma hayat\u0131na ba\u015flad\u0131 ve o g\u00fcnden beri \u00e7e\u015fitli \u00f6zel polikliniklerde meslek hayat\u0131n\u0131 s\u00fcrd\u00fcrd\u00fc. Di\u015f hekimli\u011fi mesle\u011finin her alan\u0131na hakim olmakla birlikte \u00f6zellikle g\u00fcl\u00fc\u015f tasar\u0131m\u0131 ve estetik uygulamalar, protez [&hellip;]<\/p>\n","protected":false},"author":1,"featured_media":0,"parent":15320,"menu_order":0,"comment_status":"closed","ping_status":"closed","template":"elementor_header_footer","meta":{"footnotes":""},"class_list":["post-20061","page","type-page","status-publish","hentry"],"_links":{"self":[{"href":"https:\/\/dentgen.clinic\/tr\/wp-json\/wp\/v2\/pages\/20061","targetHints":{"allow":["GET"]}}],"collection":[{"href":"https:\/\/dentgen.clinic\/tr\/wp-json\/wp\/v2\/pages"}],"about":[{"href":"https:\/\/dentgen.clinic\/tr\/wp-json\/wp\/v2\/types\/page"}],"author":[{"embeddable":true,"href":"https:\/\/dentgen.clinic\/tr\/wp-json\/wp\/v2\/users\/1"}],"replies":[{"embeddable":true,"href":"https:\/\/dentgen.clinic\/tr\/wp-json\/wp\/v2\/comments?post=20061"}],"version-history":[{"count":2,"href":"https:\/\/dentgen.clinic\/tr\/wp-json\/wp\/v2\/pages\/20061\/revisions"}],"predecessor-version":[{"id":20063,"href":"https:\/\/dentgen.clinic\/tr\/wp-json\/wp\/v2\/pages\/20061\/revisions\/20063"}],"up":[{"embeddable":true,"href":"https:\/\/dentgen.clinic\/tr\/wp-json\/wp\/v2\/pages\/15320"}],"wp:attachment":[{"href":"https:\/\/dentgen.clinic\/tr\/wp-json\/wp\/v2\/media?parent=20061"}],"curies":[{"name":"wp","href":"https:\/\/api.w.org\/{rel}","templated":true}]}}