{"id":5546,"date":"2024-06-28T12:35:37","date_gmt":"2024-06-28T09:35:37","guid":{"rendered":"https:\/\/dentgen.clinic\/cookie-policy\/"},"modified":"2024-07-31T14:49:26","modified_gmt":"2024-07-31T11:49:26","slug":"cerez-politikasi","status":"publish","type":"page","link":"https:\/\/dentgen.clinic\/tr\/cerez-politikasi\/","title":{"rendered":"\u00c7erez Politikas\u0131"},"content":{"rendered":"\t\t<div data-elementor-type=\"wp-page\" data-elementor-id=\"5546\" class=\"elementor elementor-5546 elementor-5451\" data-elementor-post-type=\"page\">\n\t\t\t\t<div class=\"elementor-element elementor-element-3bb41793 e-con-full e-flex e-con e-parent\" data-id=\"3bb41793\" data-element_type=\"container\" data-settings=\"{&quot;background_background&quot;:&quot;classic&quot;,&quot;shape_divider_bottom&quot;:&quot;waves&quot;}\">\n\t\t\t\t<div class=\"elementor-shape elementor-shape-bottom\" aria-hidden=\"true\" data-negative=\"false\">\n\t\t\t<svg xmlns=\"http:\/\/www.w3.org\/2000\/svg\" viewBox=\"0 0 1000 100\" preserveAspectRatio=\"none\">\n\t<path class=\"elementor-shape-fill\" d=\"M421.9,6.5c22.6-2.5,51.5,0.4,75.5,5.3c23.6,4.9,70.9,23.5,100.5,35.7c75.8,32.2,133.7,44.5,192.6,49.7\n\tc23.6,2.1,48.7,3.5,103.4-2.5c54.7-6,106.2-25.6,106.2-25.6V0H0v30.3c0,0,72,32.6,158.4,30.5c39.2-0.7,92.8-6.7,134-22.4\n\tc21.2-8.1,52.2-18.2,79.7-24.2C399.3,7.9,411.6,7.5,421.9,6.5z\"\/>\n<\/svg>\t\t<\/div>\n\t\t\t\t<div class=\"elementor-element elementor-element-4674f152 elementor-invisible elementor-widget elementor-widget-heading\" data-id=\"4674f152\" data-element_type=\"widget\" data-settings=\"{&quot;_animation&quot;:&quot;fadeIn&quot;}\" data-widget_type=\"heading.default\">\n\t\t\t\t<div class=\"elementor-widget-container\">\n\t\t\t\t\t<span class=\"elementor-heading-title elementor-size-default\">\u00c7erez Politikas\u0131<\/span>\t\t\t\t<\/div>\n\t\t\t\t<\/div>\n\t\t\t\t<\/div>\n\t\t<div class=\"elementor-element elementor-element-431461f e-con-full e-flex e-con e-parent\" data-id=\"431461f\" data-element_type=\"container\">\n\t\t\t\t<div class=\"elementor-element elementor-element-de56660 elementor-widget__width-initial elementor-widget elementor-widget-heading\" data-id=\"de56660\" data-element_type=\"widget\" data-widget_type=\"heading.default\">\n\t\t\t\t<div class=\"elementor-widget-container\">\n\t\t\t\t\t<h1 class=\"elementor-heading-title elementor-size-default\">STT A\u011f\u0131z ve Di\u015f Sa\u011fl\u0131\u011f\u0131 A.\u015e. <br>\u00c7erez Politikas\u0131<\/h1>\t\t\t\t<\/div>\n\t\t\t\t<\/div>\n\t\t\t\t<div class=\"elementor-element elementor-element-31acd82 elementor-widget__width-initial elementor-widget elementor-widget-text-editor\" data-id=\"31acd82\" data-element_type=\"widget\" data-widget_type=\"text-editor.default\">\n\t\t\t\t<div class=\"elementor-widget-container\">\n\t\t\t\t\t\t\t\t\t<p>Bu politika kapsam\u0131nda \u201c\u00c7erez\u201d kavram\u0131, \u00e7erez ve benzer amaca hizmet eden \u00fcr\u00fcnleri ifade etmektedir.<\/p><p><strong>\u00c7erez Nedir?<\/strong><\/p><p>\u00c7erez, bir siteyi ziyaret etti\u011finizde sitenin bilgisayar\u0131n\u0131za veya mobil cihaz\u0131n\u0131za kaydetti\u011fi k\u00fc\u00e7\u00fck boyutlu bir metin dosyas\u0131d\u0131r. \u00c7erezler bir web sitesinin \u00e7al\u0131\u015fmas\u0131, daha verimli \u00e7al\u0131\u015fmas\u0131 veya web sitesinin sahiplerine bilgi sa\u011flamak i\u00e7in yayg\u0131n olarak kullan\u0131lmaktad\u0131r.<\/p><p><strong>Ne i\u00e7in kullan\u0131l\u0131r?<\/strong><\/p><p>\u00c7erezler bilgisayarlarda, telefonlarda ve di\u011fer cihazlarda sizi tan\u0131mlayan bilgileri ve siteyi kullan\u0131rken yapt\u0131\u011f\u0131n\u0131z hareketleri, kullan\u0131m al\u0131\u015fkanl\u0131klar\u0131n\u0131z\u0131 toplamak, tutmak ve devam\u0131nda internet sitemizi iyile\u015ftirmek ve size \u00f6zel ki\u015fiselle\u015ftirmek i\u00e7in kullan\u0131l\u0131r.<\/p><p>Biz de STT A\u011f\u0131z ve Di\u015f Sa\u011fl\u0131\u011f\u0131 A.\u015e. Olarak <a href=\"https:\/\/dentgen.clinic\" target=\"_new\" rel=\"noreferrer\">https:\/\/dentgen.clinic<\/a> internet sayfas\u0131nda, site i\u00e7eri\u011fi ile nas\u0131l etkile\u015fime ge\u00e7ti\u011finizi tespit etmek ve kullan\u0131c\u0131 deneyiminizi geli\u015ftirebilmek i\u00e7in \u00e7e\u015fitli \u00e7erezler kullanmaktay\u0131z.<\/p><p>Web sitemizde kullan\u0131lan \u00e7erezler hakk\u0131nda bilgi edinmek i\u00e7in Gizlilik Tercih Panelinde yer alan \u00c7erez Ayarlar\u0131-&gt; \u00c7erez Bildirimi sekmesini inceleyebilirsiniz.<\/p><p><strong>\u00c7erez T\u00fcrleri ve Kullan\u0131m Ama\u00e7lar\u0131<\/strong><\/p><p><strong>Ge\u00e7erlilik S\u00fcrelerine G\u00f6re \u00c7erezler:<\/strong><\/p><p>Ge\u00e7erlilik s\u00fcrelerine g\u00f6re Kal\u0131c\u0131 \u00c7erez ve Ge\u00e7ici \u00c7erez olarak iki \u00e7erez tipi bulunmaktad\u0131r. Ge\u00e7ici \u00e7erezler internet sitesini ziyaret etti\u011finiz esnada olu\u015fur ve sadece taray\u0131c\u0131n\u0131z\u0131 kapat\u0131ncaya kadar ge\u00e7erlidir. Kal\u0131c\u0131 \u00e7erezler ise internet sitesini ziyaret etti\u011finizde olu\u015fur ve siz silinceye veya s\u00fcreleri doluncaya kadar kal\u0131r. Ayarlar\u0131n\u0131z ile uyumlu ki\u015fiselle\u015ftirilmi\u015f bir deneyim sunma gibi i\u015flemler i\u00e7in kal\u0131c\u0131 \u00e7erezler kullan\u0131l\u0131r.<\/p><p><strong>Birinci Taraf \u00c7erezler:<\/strong><\/p><p>Birinci taraf \u00e7erezler gezmekte oldu\u011funuz web sitesi taraf\u0131ndan tan\u0131mlan\u0131r ve sadece bu site taraf\u0131ndan okunabilirler.<\/p><p><strong>\u00dc\u00e7\u00fcnc\u00fc Taraf \u00c7erezler:<\/strong><\/p><p>\u00dc\u00e7\u00fcnc\u00fc taraf \u00e7erezler farkl\u0131 hizmetler i\u00e7in kullan\u0131lan di\u011fer organizasyonlar taraf\u0131ndan tan\u0131mlan\u0131r. \u0130\u015f ortaklar\u0131 veya servis sa\u011flay\u0131c\u0131lar gibi \u00fc\u00e7\u00fcnc\u00fc ki\u015filere ait ve \u00fc\u00e7\u00fcnc\u00fc ki\u015filer taraf\u0131ndan y\u00fcr\u00fct\u00fclen \u00e7erezlerdir.<\/p><p><strong>\u00c7erezleri Nas\u0131l Silebilirim veya Reddedebilirim?<\/strong><\/p><p><a href=\"https:\/\/dentgen.clinic\" target=\"_new\" rel=\"noreferrer\">https:\/\/dentgen.clinic<\/a> internet sayfas\u0131nda, sitemizin aktif ve verimli bir \u015fekilde \u00e7al\u0131\u015fmas\u0131 i\u00e7in birtak\u0131m zorunlu \u00e7erezler kullan\u0131lmaktad\u0131r. Gizlilik Tercih Paneli \u00fczerinden bu \u00e7erezler devre d\u0131\u015f\u0131 b\u0131rak\u0131lamamaktad\u0131r.<\/p><p>Di\u011fer taraftan, zorunlu \u00e7erezlerin d\u0131\u015f\u0131nda kalan t\u00fcm \u00e7erez gruplar\u0131 kendili\u011finden \u201cDevre D\u0131\u015f\u0131 B\u0131rak\u0131lm\u0131\u015f\u201d bir \u015fekilde gelmektedir. Kullan\u0131c\u0131lar\u0131m\u0131z, istekleri do\u011frultusunda bu \u00e7erezleri tekrar aktif hale getirebilir veya aktifle\u015ftirmi\u015f oldu\u011fu \u00e7erezleri daha sonra tekrar devre d\u0131\u015f\u0131 b\u0131rakabilir. Ancak \u00f6nemle belirtmek gerekir ki kulland\u0131\u011f\u0131m\u0131z \u00e7erezlerin devre d\u0131\u015f\u0131 b\u0131rak\u0131lmas\u0131\/kalmas\u0131, <a href=\"https:\/\/dentgen.clinic\" target=\"_new\" rel=\"noreferrer\">https:\/\/dentgen.clinic<\/a> internet sayfas\u0131ndaki kullan\u0131c\u0131 deneyiminizi etkileyebilir. Zorunlu olmayan \u00e7erezlerin aktif hale getirilmemesi durumunda, uygulamay\u0131 ve\/veya internet sitesini kullanmaya devam edebilirsiniz fakat uygulaman\u0131n ve\/veya internet sitesinin t\u00fcm i\u015flevlerine eri\u015femeyebilirsiniz veya s\u0131n\u0131rl\u0131 bir eri\u015fim imk\u00e2n\u0131 ile kar\u015f\u0131la\u015fabilirsiniz. Uygulamadan ve\/veya internet sitesinden tam anlam\u0131yla faydalanmak i\u00e7in \u00e7erezlere izin vermenizi tavsiye ediyoruz.<\/p><p><strong>\u00c7erezlerin \u201cGizlilik Tercihi Paneli\u201d D\u0131\u015f\u0131nda Y\u00f6netilmesi:<\/strong><\/p><p>Sitemizde kullan\u0131lan \u00e7erezlerin en verimli \u015fekilde y\u00f6netimi \u201cGizlilik Tercih Paneli\u201d \u00fczerinden sa\u011flanmaktad\u0131r. Ancak kulland\u0131\u011f\u0131n\u0131z taray\u0131c\u0131 ya da uygulaman\u0131n yard\u0131m\/ayarlar men\u00fcs\u00fcnden faydalanarak da \u00e7erezleri y\u00f6netebilirsiniz. \u00d6rnek olarak;<\/p><p><strong>Apple cihazlarda \u00e7erez ayarlar\u0131:<\/strong><\/p><p>Ge\u00e7mi\u015finizi ve \u00e7erezleri silmek i\u00e7in Ayarlar -&gt; Safari&#8217;ye gidip Ge\u00e7mi\u015fi ve Web Sitesi Verilerini Sil&#8217;e dokunun. Safari&#8217;deki ge\u00e7mi\u015finiz, \u00e7erezleriniz ve tarama verileriniz silindi\u011finde Otomatik Doldur bilgileriniz de\u011fi\u015fmez. \u00c7erezleri silip ge\u00e7mi\u015finizi tutmak i\u00e7in Ayarlar -&gt; Safari -&gt; \u0130leri D\u00fczey -&gt; Web Sitesi Verileri&#8217;ne gidin ve T\u00fcm Web Sitesi Verilerini Sil&#8217;e dokunun. Siteleri ziyaret ederken ge\u00e7mi\u015f verilerinin tutulmas\u0131n\u0131 istemiyorsan\u0131z Safari -&gt; simgesi -&gt; \u00d6zel -&gt; Bitti ad\u0131mlar\u0131n\u0131 izleyebilirsiniz. Safari&#8217;nin \u00e7erezleri engelleyip engellemeyece\u011fini se\u00e7mek i\u00e7in Ayarlar -&gt; Safari -&gt; T\u00fcm \u00c7erezleri Engelle&#8217;ye dokunun.<\/p><p><strong>Android cihazlarda \u00e7erez ayarlar\u0131:<\/strong><\/p><p>Chrome uygulamas\u0131 -&gt; Ayarlar -&gt; Gizlilik -&gt; Tarama verilerini temizle -&gt; \u00c7erezler, medya lisanslar\u0131 ve site verileri -&gt; Verileri temizle se\u00e7ene\u011fi ile \u00e7erezleri temizleyebilirsiniz. Chrome uygulamas\u0131 -&gt; Ayarlar -&gt; Site ayarlar\u0131 -&gt; \u00c7erezler se\u00e7ene\u011fi ile \u00e7erezlere izin verebilir ya da engelleyebilirsiniz.<\/p><p><strong>Web taray\u0131c\u0131 vas\u0131tas\u0131yla \u00e7erez ayarlar\u0131:<\/strong><\/p><p><strong>Chrome i\u00e7in:<\/strong><\/p><p>Chrome uygulamas\u0131 -&gt; Ayarlar -&gt; Gizlilik ve G\u00fcvenlik -&gt; \u00c7erezler ve di\u011fer site verileri se\u00e7ene\u011fi ile \u00e7erezlere izin verebilir ya da engelleyebilirsiniz.<\/p><p><strong>Firefox i\u00e7in:<\/strong><\/p><p>Men\u00fc -&gt; Se\u00e7enekler -&gt; Gizlilik ve G\u00fcvenlik -&gt; Geli\u015fmi\u015f izlenme korumas\u0131 alt\u0131nda \u00c7erezler ve site verileri se\u00e7ene\u011fi ile \u00e7erezleri y\u00f6netebilirsiniz.<\/p><p><strong>Internet Explorer i\u00e7in:<\/strong><\/p><p>Internet Explorer -&gt; Ayarlar -&gt; \u0130nternet Se\u00e7enekleri -&gt; Gizlilik -&gt; Geli\u015fmi\u015f ayarlar se\u00e7ene\u011fi ile \u00e7erezleri y\u00f6netebilirsiniz.<\/p>\t\t\t\t\t\t\t\t<\/div>\n\t\t\t\t<\/div>\n\t\t\t\t<\/div>\n\t\t\t\t<\/div>\n\t\t","protected":false},"excerpt":{"rendered":"<p>\u00c7erez Politikas\u0131 STT A\u011f\u0131z ve Di\u015f Sa\u011fl\u0131\u011f\u0131 A.\u015e. \u00c7erez Politikas\u0131 Bu politika kapsam\u0131nda \u201c\u00c7erez\u201d kavram\u0131, \u00e7erez ve benzer amaca hizmet eden \u00fcr\u00fcnleri ifade etmektedir. \u00c7erez Nedir? \u00c7erez, bir siteyi ziyaret etti\u011finizde sitenin bilgisayar\u0131n\u0131za veya mobil cihaz\u0131n\u0131za kaydetti\u011fi k\u00fc\u00e7\u00fck boyutlu bir metin dosyas\u0131d\u0131r. \u00c7erezler bir web sitesinin \u00e7al\u0131\u015fmas\u0131, daha verimli \u00e7al\u0131\u015fmas\u0131 veya web sitesinin sahiplerine bilgi [&hellip;]<\/p>\n","protected":false},"author":1,"featured_media":0,"parent":0,"menu_order":0,"comment_status":"closed","ping_status":"closed","template":"elementor_header_footer","meta":{"footnotes":""},"class_list":["post-5546","page","type-page","status-publish","hentry"],"_links":{"self":[{"href":"https:\/\/dentgen.clinic\/tr\/wp-json\/wp\/v2\/pages\/5546","targetHints":{"allow":["GET"]}}],"collection":[{"href":"https:\/\/dentgen.clinic\/tr\/wp-json\/wp\/v2\/pages"}],"about":[{"href":"https:\/\/dentgen.clinic\/tr\/wp-json\/wp\/v2\/types\/page"}],"author":[{"embeddable":true,"href":"https:\/\/dentgen.clinic\/tr\/wp-json\/wp\/v2\/users\/1"}],"replies":[{"embeddable":true,"href":"https:\/\/dentgen.clinic\/tr\/wp-json\/wp\/v2\/comments?post=5546"}],"version-history":[{"count":0,"href":"https:\/\/dentgen.clinic\/tr\/wp-json\/wp\/v2\/pages\/5546\/revisions"}],"wp:attachment":[{"href":"https:\/\/dentgen.clinic\/tr\/wp-json\/wp\/v2\/media?parent=5546"}],"curies":[{"name":"wp","href":"https:\/\/api.w.org\/{rel}","templated":true}]}}