{"id":5552,"date":"2024-06-28T13:04:43","date_gmt":"2024-06-28T10:04:43","guid":{"rendered":"https:\/\/dentgen.clinic\/privacy-policy\/"},"modified":"2024-07-31T14:53:32","modified_gmt":"2024-07-31T11:53:32","slug":"kvkk-aydinlatma-metni","status":"publish","type":"page","link":"https:\/\/dentgen.clinic\/tr\/kvkk-aydinlatma-metni\/","title":{"rendered":"KVKK Ayd\u0131nlatma Metni"},"content":{"rendered":"\t\t<div data-elementor-type=\"wp-page\" data-elementor-id=\"5552\" class=\"elementor elementor-5552 elementor-5462\" data-elementor-post-type=\"page\">\n\t\t\t\t<div class=\"elementor-element elementor-element-3bb41793 e-con-full e-flex e-con e-parent\" data-id=\"3bb41793\" data-element_type=\"container\" data-settings=\"{&quot;background_background&quot;:&quot;classic&quot;,&quot;shape_divider_bottom&quot;:&quot;waves&quot;}\">\n\t\t\t\t<div class=\"elementor-shape elementor-shape-bottom\" aria-hidden=\"true\" data-negative=\"false\">\n\t\t\t<svg xmlns=\"http:\/\/www.w3.org\/2000\/svg\" viewBox=\"0 0 1000 100\" preserveAspectRatio=\"none\">\n\t<path class=\"elementor-shape-fill\" d=\"M421.9,6.5c22.6-2.5,51.5,0.4,75.5,5.3c23.6,4.9,70.9,23.5,100.5,35.7c75.8,32.2,133.7,44.5,192.6,49.7\n\tc23.6,2.1,48.7,3.5,103.4-2.5c54.7-6,106.2-25.6,106.2-25.6V0H0v30.3c0,0,72,32.6,158.4,30.5c39.2-0.7,92.8-6.7,134-22.4\n\tc21.2-8.1,52.2-18.2,79.7-24.2C399.3,7.9,411.6,7.5,421.9,6.5z\"\/>\n<\/svg>\t\t<\/div>\n\t\t\t\t<div class=\"elementor-element elementor-element-4674f152 elementor-invisible elementor-widget elementor-widget-heading\" data-id=\"4674f152\" data-element_type=\"widget\" data-settings=\"{&quot;_animation&quot;:&quot;fadeIn&quot;}\" data-widget_type=\"heading.default\">\n\t\t\t\t<div class=\"elementor-widget-container\">\n\t\t\t\t\t<span class=\"elementor-heading-title elementor-size-default\">KVKK Ayd\u0131nlatma Metni<\/span>\t\t\t\t<\/div>\n\t\t\t\t<\/div>\n\t\t\t\t<\/div>\n\t\t<div class=\"elementor-element elementor-element-431461f e-con-full e-flex e-con e-parent\" data-id=\"431461f\" data-element_type=\"container\">\n\t\t\t\t<div class=\"elementor-element elementor-element-de56660 elementor-widget__width-initial elementor-widget elementor-widget-heading\" data-id=\"de56660\" data-element_type=\"widget\" data-widget_type=\"heading.default\">\n\t\t\t\t<div class=\"elementor-widget-container\">\n\t\t\t\t\t<h1 class=\"elementor-heading-title elementor-size-default\">KVKK Ayd\u0131nlatma Metni<\/h1>\t\t\t\t<\/div>\n\t\t\t\t<\/div>\n\t\t\t\t<div class=\"elementor-element elementor-element-31acd82 elementor-widget__width-initial elementor-widget elementor-widget-text-editor\" data-id=\"31acd82\" data-element_type=\"widget\" data-widget_type=\"text-editor.default\">\n\t\t\t\t<div class=\"elementor-widget-container\">\n\t\t\t\t\t\t\t\t\t<div class=\"w-full text-token-text-primary\" dir=\"auto\" data-testid=\"conversation-turn-3\" data-scroll-anchor=\"false\"><div class=\"py-2 juice:py-[18px] px-3 text-base md:px-4 m-auto md:px-5 lg:px-1 xl:px-5\"><div class=\"mx-auto flex flex-1 gap-3 text-base juice:gap-4 juice:md:gap-5 juice:lg:gap-6 md:max-w-3xl lg:max-w-[40rem] xl:max-w-[48rem]\"><div class=\"group\/conversation-turn relative flex w-full min-w-0 flex-col agent-turn\"><div class=\"flex-col gap-1 md:gap-3\"><div class=\"flex flex-grow flex-col max-w-full\"><div class=\"min-h-[20px] text-message flex flex-col items-start whitespace-pre-wrap break-words [.text-message+&amp;]:mt-5 juice:w-full juice:items-end overflow-x-auto gap-2\" dir=\"auto\" data-message-author-role=\"assistant\" data-message-id=\"62ddb323-c0a9-48cc-91f1-d7b38cdd434a\"><div class=\"flex w-full flex-col gap-1 juice:empty:hidden juice:first:pt-[3px]\"><div class=\"markdown prose w-full break-words dark:prose-invert light\"><div class=\"flex flex-grow flex-col max-w-full\"><div class=\"text-message flex flex-col items-start whitespace-pre-wrap break-words [.text-message+&amp;]:mt-5 juice:w-full juice:items-end overflow-x-auto gap-2\" dir=\"auto\" data-message-author-role=\"assistant\" data-message-id=\"9ae5a270-2414-4720-b850-6a07dc472c40\"><div class=\"flex w-full flex-col gap-1 juice:empty:hidden juice:first:pt-[3px]\"><div class=\"markdown prose w-full break-words dark:prose-invert light\"><p><strong>Veri Sorumlusu Hakk\u0131nda Bilgi<\/strong> \u0130stanbul Ticaret Sicili\u2019nde 449663-5 sicil numaras\u0131 ile kay\u0131tl\u0131 ve Mersis numaras\u0131 0781104214000001 olan STT A\u011f\u0131z ve Di\u015f Sa\u011fl\u0131\u011f\u0131 A.\u015e. (Dentgen), \u015eerifali Mah. Miras Sok. \u00c7ankaya Plaza 20\/1 \u00dcmraniye\/\u0130STANBUL adresinde bulunmaktad\u0131r ve veri sorumlusu olarak hareket etmektedir. Dentgen, ki\u015fisel verilerinizi ilgili mevzuata uygun olarak i\u015fleyip kullanmakta ve ki\u015fisel verilerinizin hukuka uygun olarak i\u015flenmesini sa\u011flamak ve gizlili\u011finizi korumak amac\u0131yla gerekli g\u00fcvenlik tedbirlerini almaktad\u0131r.<\/p><p><strong>Ki\u015fisel Verilerin Korunmas\u0131 Ayd\u0131nlatma Metninin Amac\u0131<\/strong> 6698 Say\u0131l\u0131 Ki\u015fisel Verilerin Korunmas\u0131 Kanunu (\u201cKanun\u201d), ki\u015fisel verilerin i\u015flenmesinde ki\u015filerin temel hak ve \u00f6zg\u00fcrl\u00fcklerini, \u00f6zellikle \u00f6zel hayat\u0131n gizlili\u011fini korumak ve ki\u015fisel verileri i\u015fleyen ger\u00e7ek ve t\u00fczel ki\u015filerin y\u00fck\u00fcml\u00fcl\u00fckleri ile uymalar\u0131 gereken usul ve esaslar\u0131 d\u00fczenlemek amac\u0131yla kabul edilmi\u015ftir.<\/p><p>Bu ayd\u0131nlatma metninin amac\u0131, 6698 say\u0131l\u0131 Ki\u015fisel Verilerin Korunmas\u0131 Kanununun 10. maddesi uyar\u0131nca hastalar\u0131m\u0131z\u0131, potansiyel hastalar\u0131m\u0131z\u0131, i\u015f ortaklar\u0131m\u0131z\u0131, tedarik\u00e7ilerimizi ve web sitesi ziyaret\u00e7ilerimizi ki\u015fisel verilerinizin toplanma y\u00f6ntemleri, i\u015flenme ama\u00e7lar\u0131, payla\u015f\u0131lan ki\u015filer, hukuki nedenler ve haklar\u0131n\u0131z konular\u0131nda bilgilendirmektir.<\/p><p><strong>\u0130\u015flenen Ki\u015fisel Veriler, Ki\u015fisel Verilerinizin \u0130\u015flenme Amac\u0131 ve Hukuki Sebepleri<\/strong> <strong>\u0130\u015f Ortaklar\u0131 ve Tedarik\u00e7ilerimizle \u0130li\u015fkilerin Y\u00fcr\u00fct\u00fclmesi:<\/strong> \u0130\u015f ortaklar\u0131m\u0131z\u0131n ve tedarik\u00e7ilerimizin ad-soyad, e-posta adresi, telefon numaras\u0131, adres, T.C. kimlik numaras\u0131, do\u011fum tarihi, do\u011fum yeri, banka hesap bilgilerini, s\u00f6zle\u015fmelerin kurulabilmesi, s\u00f6zle\u015fmeleri imzalamaya yetkili personelin yetkisinin kontrol\u00fcn\u00fcn yap\u0131labilmesi ve s\u00f6zle\u015fmenin ifa edilebilmesi ama\u00e7lar\u0131 ile do\u011frudan do\u011fruya ilgili olmas\u0131 ve s\u00f6zle\u015fmenin taraflar\u0131na ait ki\u015fisel verilerin i\u015flenmesinin gerekli olmas\u0131 sebeplerine dayanarak i\u015fliyoruz.<\/p><p><strong>\u015eik\u00e2yet Y\u00f6netimi:<\/strong> \u015eik\u00e2yet y\u00f6netimi, sorular\u0131n\u0131z\u0131 almak ve \u00e7\u00f6z\u00fcmlemek, bilgi ve dan\u0131\u015fma destek hizmetlerinin sa\u011flanmas\u0131, \u015fik\u00e2yet ve taleplerinize y\u00f6nelik taraf\u0131n\u0131za bilgi ve cevap vermek ve do\u011fabilecek uyu\u015fmazl\u0131klarda delil olarak kullan\u0131lmas\u0131 amac\u0131yla, temel hak ve \u00f6zg\u00fcrl\u00fcklerinize zarar vermemek kayd\u0131yla me\u015fru menfaatlerimiz i\u00e7in veri i\u015flenmesinin zorunlu olmas\u0131 hukuki sebebine dayanarak ad-soyad, e-posta adresi, telefon numaras\u0131, adres bilgilerinizi i\u015fleyebiliriz.<\/p><p><strong>G\u00fcvenli\u011fin Sa\u011flanmas\u0131:<\/strong> \u00c7al\u0131\u015fan, ziyaret\u00e7i, hasta, hasta yak\u0131n\u0131 ve tedarik\u00e7i g\u00fcvenli\u011finin sa\u011flanmas\u0131, meydana gelebilecek kazalar, hukuka ayk\u0131r\u0131 fiil veya su\u00e7 te\u015fkil eden olaylar\u0131n \u00f6nlenmesi ve \u00f6nlenememesi halinde ilgili kolluk kuvvetlerine bilgi verilmesi amac\u0131yla, temel hak ve \u00f6zg\u00fcrl\u00fcklerinize zarar vermemek kayd\u0131yla me\u015fru menfaatlerimiz i\u00e7in veri i\u015flenmesinin zorunlu olmas\u0131 hukuki sebebine dayanarak; Dentgen giri\u015f ve ofis koridorlar\u0131nda g\u00f6r\u00fcnt\u00fc takip ve kay\u0131t \u00f6zelli\u011fi olan ara\u00e7lar ile (ses kayd\u0131 yap\u0131lmaks\u0131z\u0131n) g\u00f6r\u00fcnt\u00fcl\u00fc verileriniz ge\u00e7ici s\u00fcreli toplanmaktad\u0131r. \u015eik\u00e2yet y\u00f6netimi s\u00fcrecinin y\u00fcr\u00fct\u00fclebilmesi amac\u0131yla sorun-hata bildirimlerinizi, rahats\u0131zl\u0131k bildirimlerinizi almak ve \u00e7\u00f6z\u00fcmlemek, bilgi ve dan\u0131\u015fma destek hizmetleri ile randevu olu\u015fturulmas\u0131, \u015fik\u00e2yet ve taleplerinize y\u00f6nelik taraf\u0131n\u0131za bilgi ve cevap vermek ve do\u011fabilecek uyu\u015fmazl\u0131klarda delil olarak kullan\u0131lmas\u0131 amac\u0131yla, temel hak ve \u00f6zg\u00fcrl\u00fcklerinize zarar vermemek kayd\u0131yla me\u015fru menfaatlerimiz i\u00e7in veri i\u015flenmesinin zorunlu olmas\u0131 hukuki sebebine dayanarak; ad-soyad, e-posta adresiniz, telefon numaran\u0131z ve adresiniz i\u015flenebilir.<\/p><p><strong>Sa\u011fl\u0131k Hizmetinin Verilmesi:<\/strong> Dentgen taraf\u0131ndan sunulan sa\u011fl\u0131k hizmetinin verilebilmesi i\u00e7in; taraf\u0131n\u0131zca sa\u011flanan laboratuvar ve g\u00f6r\u00fcnt\u00fcleme sonu\u00e7lar\u0131n\u0131z, test sonu\u00e7lar\u0131n\u0131z, muayene verileriniz, re\u00e7ete bilgileriniz gibi t\u0131bbi te\u015fhis, tedavi ve bak\u0131m hizmetlerinizin y\u00fcr\u00fct\u00fclmesi s\u0131ras\u0131nda elde edilen sa\u011fl\u0131\u011fa ili\u015fkin verileriniz, sa\u011fl\u0131k hizmetlerinin finansman\u0131 ve planlamas\u0131 amac\u0131yla \u00f6zel sa\u011fl\u0131k sigortas\u0131na ili\u015fkin verileriniz ve Sosyal G\u00fcvenlik Kurumu verileriniz, Dentgen ziyaretiniz s\u0131ras\u0131nda al\u0131nan kapal\u0131 devre kamera kay\u0131tlar\u0131, internet sitemiz ve mobil uygulamam\u0131z\u0131n kullan\u0131m\u0131 s\u0131ras\u0131nda elde edilen gezinme bilgileriniz, IP adresiniz, taray\u0131c\u0131 bilgileriniz ve kendi r\u0131zan\u0131z ile iletti\u011finiz t\u0131bbi belgeler, anketler, form bilgileriniz ve konum verileriniz, \u00e7a\u011fr\u0131 merkezimiz ile ileti\u015fime ge\u00e7ti\u011finiz takdirde tutulan sesli g\u00f6r\u00fc\u015fme kay\u0131tlar\u0131, otopark ve vale hizmetinden faydalanman\u0131z halinde ara\u00e7 plaka verileriniz toplanmaktad\u0131r.<\/p><p><strong>\u00c7al\u0131\u015fan Verileri:<\/strong> \u00c7al\u0131\u015fan verilerinin nas\u0131l i\u015flendi\u011fi hakk\u0131nda detayl\u0131 bilgi <a href=\"https:\/\/dentgen.clinic\" target=\"_new\" rel=\"noreferrer\">https:\/\/dentgen.clinic<\/a> adresinde yer alan \u00e7al\u0131\u015fan bilgilendirme metninde a\u00e7\u0131klanm\u0131\u015ft\u0131r.<\/p><p><strong>Ki\u015fisel Verilerinizin Aktar\u0131labilece\u011fi Ki\u015fi veya Kurulu\u015flar Hakk\u0131nda Bilgilendirme<\/strong> Toplanan ki\u015fisel verileriniz; yukar\u0131da belirtilen ama\u00e7lara ek olarak,<\/p><ul><li>Vergi Usul Kanunu, Say\u0131\u015ftay Kanunu, Su\u00e7 Gelirlerinin Aklanmas\u0131n\u0131n \u00d6nlenmesi Hakk\u0131nda Kanun, Karaparan\u0131n Aklanmas\u0131n\u0131n \u00d6nlenmesine Dair Kanun, T\u00fcrk Ticaret Kanunu, Bor\u00e7lar Kanunu ve di\u011fer mevzuat h\u00fck\u00fcmlerinin zorunlu k\u0131ld\u0131\u011f\u0131 ki\u015fi veya kurulu\u015flara,<\/li><li>Kanunen yetkili kamu kurum ve kurulu\u015flar\u0131, Valilik, \u0130\u00e7i\u015fleri Bakanl\u0131\u011f\u0131, Sa\u011fl\u0131k Bakanl\u0131\u011f\u0131, kolluk kuvvetleri, Emniyet Genel M\u00fcd\u00fcrl\u00fc\u011f\u00fc, savc\u0131l\u0131klar ve yasal nedenlerle talepte bulunan di\u011fer adli makamlar ile idari ve yasal mercilere,<\/li><li>\u0130\u00e7 ve d\u0131\u015f denetim \u015firketleri ve denet\u00e7ilere,<\/li><li>\u00dcr\u00fcn\/hizmet kar\u015f\u0131la\u015ft\u0131rma, analiz, de\u011ferlendirme, reklam ve yukar\u0131da belirtilen ama\u00e7lar\u0131n ger\u00e7ekle\u015ftirilmesinde hizmet ald\u0131\u011f\u0131m\u0131z, i\u015f birli\u011fi yapt\u0131\u011f\u0131m\u0131z ger\u00e7ek veya t\u00fczel ki\u015filere, program orta\u011f\u0131 kurum ve kurulu\u015flara,<\/li><li>Dava, takip ve yasal i\u015flemlerin yerine getirilebilmesi i\u00e7in avukatlar ve mali m\u00fc\u015favirlere,<\/li><li>6698 say\u0131l\u0131 Kanun\u2019un 8. ve 9. maddelerinde belirtilen ki\u015fisel veri i\u015fleme \u015fartlar\u0131 ve ama\u00e7lar\u0131 \u00e7er\u00e7evesinde aktar\u0131lacakt\u0131r.<\/li><\/ul><p><strong>Ki\u015fisel Verileriniz Nas\u0131l Toplanmaktad\u0131r?<\/strong> Ki\u015fisel verileriniz, veri sahipleri taraf\u0131ndan yaz\u0131l\u0131, s\u00f6zl\u00fc ya da online olarak bizzat verilen bilgilerden, internet sitesinden, s\u00f6zle\u015fmeler, ba\u015fvurular, formlar, teklifler ve Dentgen internet sitesi ziyaretlerinde bilgisayar\u0131n sizi tan\u0131mak i\u00e7in kulland\u0131\u011f\u0131 \u00e7erezler (cookies), g\u00f6r\u00fcnt\u00fc kaydeden ara\u00e7larla s\u00f6zl\u00fc, yaz\u0131l\u0131 veya elektronik ortamda toplanabilmektedir.<\/p><p><strong>Ki\u015fisel Veri Sahibinin 6698 Say\u0131l\u0131 Kanun\u2019un 11. Maddesinde Say\u0131lan Haklar\u0131<\/strong> KVKK ve ilgili mevzuat kapsam\u0131nda ki\u015fisel verilerinize ili\u015fkin olarak;<\/p><ul><li>Ki\u015fisel verilerinizin i\u015flenip i\u015flenmedi\u011fini \u00f6\u011frenme,<\/li><li>Ki\u015fisel verileriniz i\u015flenmi\u015fse buna ili\u015fkin bilgi talep etme,<\/li><li>Ki\u015fisel verilerin i\u015flenme amac\u0131n\u0131 ve bunlar\u0131n amac\u0131na uygun kullan\u0131l\u0131p kullan\u0131lmad\u0131\u011f\u0131n\u0131 \u00f6\u011frenme,<\/li><li>Yurt i\u00e7inde veya yurt d\u0131\u015f\u0131nda ki\u015fisel verilerinizin aktar\u0131ld\u0131\u011f\u0131 \u00fc\u00e7\u00fcnc\u00fc ki\u015fileri bilme,<\/li><li>Ki\u015fisel verilerinizin eksik veya yanl\u0131\u015f i\u015flenmi\u015f olmas\u0131 halinde bunlar\u0131n d\u00fczeltilmesini isteme,<\/li><li>KVKK mevzuat\u0131nda \u00f6ng\u00f6r\u00fclen \u015fartlar \u00e7er\u00e7evesinde ki\u015fisel verilerinizin silinmesini veya yok edilmesini isteme,<\/li><li>Eksik veya yanl\u0131\u015f verilerin d\u00fczeltilmesi ile ki\u015fisel verilerinizin silinmesi veya yok edilmesini talep etti\u011finizde, bu durumun ki\u015fisel verilerinizi aktard\u0131\u011f\u0131m\u0131z \u00fc\u00e7\u00fcnc\u00fc ki\u015filere bildirilmesini isteme,<\/li><li>Ki\u015fisel verilerin kanuna ayk\u0131r\u0131 olarak i\u015flenmesi sebebiyle zarara u\u011framan\u0131z halinde bu zarar\u0131n giderilmesini talep etme haklar\u0131na sahipsiniz.<\/li><\/ul><p><strong>Ba\u015fvuru Usulleri<\/strong> Ki\u015fisel verileriniz ile ilgili ba\u015fvuru ve taleplerinizi \u0131slak imzal\u0131 dilek\u00e7enizi g\u00f6ndererek veya elektronik ortamdan iletebilirsiniz. Ba\u015fvuru dilek\u00e7enizde; ad, soyad ve ba\u015fvuru yaz\u0131l\u0131 ise imza, T.C. kimlik numaras\u0131, tebligata esas yerle\u015fim yeri veya i\u015f yeri adresi, varsa bildirime esas elektronik posta adresi, telefon ve faks numaras\u0131, talep konusunun bulunmas\u0131 zorunludur. Ba\u015fvuru dilek\u00e7esine konuya ili\u015fkin bilgi ve belgeler eklenmelidir. Talep konusunun ba\u015fvuran\u0131n \u015fahs\u0131 ile ilgili olmas\u0131 gerekmekle birlikte, ba\u015fkas\u0131 ad\u0131na hareket ediliyorsa ba\u015fvuruyu yapan\u0131n bu konuda \u00f6zel olarak yetkili olmas\u0131 ve bu yetkinin belgelendirilmesi (\u00f6zel vek\u00e2letname) gerekmektedir. Ayr\u0131ca ba\u015fvurunun kimlik ve adres bilgilerini i\u00e7ermesi ve ba\u015fvuruya kimli\u011fi do\u011frulay\u0131c\u0131 belgelerin eklenmesi gerekmektedir. Yetkisiz \u00fc\u00e7\u00fcnc\u00fc ki\u015filerin ba\u015fkas\u0131 ad\u0131na yapt\u0131\u011f\u0131 talepler de\u011ferlendirmeye al\u0131nmayacakt\u0131r. Yaz\u0131l\u0131 ba\u015fvurular\u0131n veri sorumlusuna tebli\u011f edildi\u011fi tarih, ba\u015fvuru tarihidir. Di\u011fer y\u00f6ntemlerle yap\u0131lan ba\u015fvurularda; ba\u015fvurunun veri sorumlusuna ula\u015ft\u0131\u011f\u0131 tarih, ba\u015fvuru tarihidir. Yaz\u0131l\u0131 ba\u015fvuru dilek\u00e7enizi; \u015eerifali Mah. Miras Sok. \u00c7ankaya Plaza 20\/1 \u00dcmraniye\/\u0130STANBUL adresine g\u00f6nderebilir veya bu adrese bizzat gelerek ba\u015fvuruda bulunabilirsiniz. Elektronik ortamda haz\u0131rlad\u0131\u011f\u0131n\u0131z ba\u015fvuru dilek\u00e7enizi mobil imza veya g\u00fcvenli elektronik imza ile imzalay\u0131p <a rel=\"noreferrer\">info@dentgen.com.tr<\/a> adresine e-posta g\u00f6ndererek veya kay\u0131tl\u0131 elektronik posta (KEP) adresi ve g\u00fcvenli elektronik imza ya da mobil imza kullanmak suretiyle <a rel=\"noreferrer\">sttadsm@hs01.kep.tr<\/a> adresine g\u00f6ndererek ba\u015fvuruda bulunabilirsiniz.<\/p><p><strong>Ba\u015fvurular\u0131n Cevaplanma S\u00fcresi ve \u00dccreti<\/strong> Ki\u015fisel verilerinize ili\u015fkin hak talepleriniz de\u011ferlendirilerek, bize ula\u015ft\u0131\u011f\u0131 tarihten itibaren en ge\u00e7 30 g\u00fcn i\u00e7erisinde cevaplan\u0131r. Ba\u015fvurunuzun olumsuz de\u011ferlendirilmesi halinde gerek\u00e7eli ret sebepleri ba\u015fvuruda belirtti\u011finiz adrese elektronik posta veya posta yolu ba\u015fta olmak \u00fczere adrese kargolanarak da cevap verilebilir. Ba\u015fvurunun yaz\u0131l\u0131 olarak cevaplanmas\u0131 halinde, on sayfaya kadar \u00fccret al\u0131nmaz. On sayfan\u0131n \u00fczerindeki her sayfa i\u00e7in 1 T\u00fcrk Liras\u0131 i\u015flem \u00fccreti al\u0131nabilir. Ba\u015fvuruya cevab\u0131n CD, flash bellek gibi bir kay\u0131t ortam\u0131nda verilmesi halinde veri sorumlusu taraf\u0131ndan talep edilebilecek \u00fccret kay\u0131t ortam\u0131n\u0131n maliyetini ge\u00e7emez.<\/p><\/div><\/div><\/div><\/div><\/div><\/div><\/div><\/div><\/div><\/div><\/div><\/div><\/div>\t\t\t\t\t\t\t\t<\/div>\n\t\t\t\t<\/div>\n\t\t\t\t<\/div>\n\t\t\t\t<\/div>\n\t\t","protected":false},"excerpt":{"rendered":"<p>KVKK Ayd\u0131nlatma Metni KVKK Ayd\u0131nlatma Metni Veri Sorumlusu Hakk\u0131nda Bilgi \u0130stanbul Ticaret Sicili\u2019nde 449663-5 sicil numaras\u0131 ile kay\u0131tl\u0131 ve Mersis numaras\u0131 0781104214000001 olan STT A\u011f\u0131z ve Di\u015f Sa\u011fl\u0131\u011f\u0131 A.\u015e. (Dentgen), \u015eerifali Mah. Miras Sok. \u00c7ankaya Plaza 20\/1 \u00dcmraniye\/\u0130STANBUL adresinde bulunmaktad\u0131r ve veri sorumlusu olarak hareket etmektedir. Dentgen, ki\u015fisel verilerinizi ilgili mevzuata uygun olarak i\u015fleyip kullanmakta [&hellip;]<\/p>\n","protected":false},"author":1,"featured_media":0,"parent":0,"menu_order":0,"comment_status":"closed","ping_status":"closed","template":"elementor_header_footer","meta":{"footnotes":""},"class_list":["post-5552","page","type-page","status-publish","hentry"],"_links":{"self":[{"href":"https:\/\/dentgen.clinic\/tr\/wp-json\/wp\/v2\/pages\/5552","targetHints":{"allow":["GET"]}}],"collection":[{"href":"https:\/\/dentgen.clinic\/tr\/wp-json\/wp\/v2\/pages"}],"about":[{"href":"https:\/\/dentgen.clinic\/tr\/wp-json\/wp\/v2\/types\/page"}],"author":[{"embeddable":true,"href":"https:\/\/dentgen.clinic\/tr\/wp-json\/wp\/v2\/users\/1"}],"replies":[{"embeddable":true,"href":"https:\/\/dentgen.clinic\/tr\/wp-json\/wp\/v2\/comments?post=5552"}],"version-history":[{"count":0,"href":"https:\/\/dentgen.clinic\/tr\/wp-json\/wp\/v2\/pages\/5552\/revisions"}],"wp:attachment":[{"href":"https:\/\/dentgen.clinic\/tr\/wp-json\/wp\/v2\/media?parent=5552"}],"curies":[{"name":"wp","href":"https:\/\/api.w.org\/{rel}","templated":true}]}}