{"id":5558,"date":"2024-06-28T13:20:52","date_gmt":"2024-06-28T10:20:52","guid":{"rendered":"https:\/\/dentgen.clinic\/privacy-policy-for-employees\/"},"modified":"2024-07-31T14:49:21","modified_gmt":"2024-07-31T11:49:21","slug":"calisan-aydinlatma-metni","status":"publish","type":"page","link":"https:\/\/dentgen.clinic\/tr\/calisan-aydinlatma-metni\/","title":{"rendered":"\u00c7al\u0131\u015fan Ayd\u0131nlatma Metni"},"content":{"rendered":"\t\t<div data-elementor-type=\"wp-page\" data-elementor-id=\"5558\" class=\"elementor elementor-5558 elementor-5475\" data-elementor-post-type=\"page\">\n\t\t\t\t<div class=\"elementor-element elementor-element-3bb41793 e-con-full e-flex e-con e-parent\" data-id=\"3bb41793\" data-element_type=\"container\" data-settings=\"{&quot;background_background&quot;:&quot;classic&quot;,&quot;shape_divider_bottom&quot;:&quot;waves&quot;}\">\n\t\t\t\t<div class=\"elementor-shape elementor-shape-bottom\" aria-hidden=\"true\" data-negative=\"false\">\n\t\t\t<svg xmlns=\"http:\/\/www.w3.org\/2000\/svg\" viewBox=\"0 0 1000 100\" preserveAspectRatio=\"none\">\n\t<path class=\"elementor-shape-fill\" d=\"M421.9,6.5c22.6-2.5,51.5,0.4,75.5,5.3c23.6,4.9,70.9,23.5,100.5,35.7c75.8,32.2,133.7,44.5,192.6,49.7\n\tc23.6,2.1,48.7,3.5,103.4-2.5c54.7-6,106.2-25.6,106.2-25.6V0H0v30.3c0,0,72,32.6,158.4,30.5c39.2-0.7,92.8-6.7,134-22.4\n\tc21.2-8.1,52.2-18.2,79.7-24.2C399.3,7.9,411.6,7.5,421.9,6.5z\"\/>\n<\/svg>\t\t<\/div>\n\t\t\t\t<div class=\"elementor-element elementor-element-4674f152 elementor-invisible elementor-widget elementor-widget-heading\" data-id=\"4674f152\" data-element_type=\"widget\" data-settings=\"{&quot;_animation&quot;:&quot;fadeIn&quot;}\" data-widget_type=\"heading.default\">\n\t\t\t\t<div class=\"elementor-widget-container\">\n\t\t\t\t\t<span class=\"elementor-heading-title elementor-size-default\">\u00c7al\u0131\u015fan Ayd\u0131nlatma Metni<\/span>\t\t\t\t<\/div>\n\t\t\t\t<\/div>\n\t\t\t\t<\/div>\n\t\t<div class=\"elementor-element elementor-element-431461f e-con-full e-flex e-con e-parent\" data-id=\"431461f\" data-element_type=\"container\">\n\t\t\t\t<div class=\"elementor-element elementor-element-de56660 elementor-widget__width-initial elementor-widget elementor-widget-heading\" data-id=\"de56660\" data-element_type=\"widget\" data-widget_type=\"heading.default\">\n\t\t\t\t<div class=\"elementor-widget-container\">\n\t\t\t\t\t<h1 class=\"elementor-heading-title elementor-size-default\">Ki\u015fisel Verilerin \u0130\u015flenmesine \u0130li\u015fkin \u00c7al\u0131\u015fan Ayd\u0131nlatma Metni<\/h1>\t\t\t\t<\/div>\n\t\t\t\t<\/div>\n\t\t\t\t<div class=\"elementor-element elementor-element-31acd82 elementor-widget__width-initial elementor-widget elementor-widget-text-editor\" data-id=\"31acd82\" data-element_type=\"widget\" data-widget_type=\"text-editor.default\">\n\t\t\t\t<div class=\"elementor-widget-container\">\n\t\t\t\t\t\t\t\t\t<div class=\"flex flex-grow flex-col max-w-full\"><div class=\"text-message flex flex-col items-start whitespace-pre-wrap break-words [.text-message+&amp;]:mt-5 juice:w-full juice:items-end overflow-x-auto gap-2\" dir=\"auto\" data-message-author-role=\"assistant\" data-message-id=\"da279f7b-4c2f-4058-9296-f10d4c3767f5\"><div class=\"flex w-full flex-col gap-1 juice:empty:hidden juice:first:pt-[3px]\"><div class=\"markdown prose w-full break-words dark:prose-invert light\"><p><strong>Ki\u015fisel Veri \u0130\u015fleme Bildirimi<\/strong><\/p><p><strong>\u015eerifali Mah. Miras Sok. \u00c7ankaya Plaza 20\/1 \u00dcmraniye\/\u0130STANBUL (Dentgen)<\/strong> veri sorumlusu olarak bu bildirimi haz\u0131rlam\u0131\u015ft\u0131r. Bu Ayd\u0131nlatma Metni, 6698 say\u0131l\u0131 Ki\u015fisel Verilerin Korunmas\u0131 Kanunu ve 30356 say\u0131l\u0131 Resm\u00ee Gazete\u2019de yay\u0131mlanan Ayd\u0131nlatma Y\u00fck\u00fcml\u00fcl\u00fc\u011f\u00fcn\u00fcn Yerine Getirilmesinde Uyulacak Usul ve Esaslar Hakk\u0131nda Tebli\u011f \u00e7er\u00e7evesinde ki\u015fisel verilerin toplanma y\u00f6ntemleri, i\u015flenme ilkeleri, ama\u00e7lar\u0131, saklanmas\u0131 ve aktar\u0131lmas\u0131, i\u015fleme faaliyetlerinin hukuki dayanaklar\u0131 hakk\u0131nda bilgilendirme amac\u0131 ta\u015f\u0131maktad\u0131r.<\/p><p><strong>\u00d6zel Nitelikli Ki\u015fisel Veri Nedir?<\/strong><\/p><p>\u00d6zel nitelikli ki\u015fisel veriler; ki\u015filerin \u0131rk\u0131, etnik k\u00f6keni, siyasi d\u00fc\u015f\u00fcnceleri, felsefi inan\u00e7lar\u0131, dini, mezhebi veya di\u011fer inan\u00e7lar\u0131, giyim tarzlar\u0131, dernek, vak\u0131f veya sendika \u00fcyelikleri, sa\u011fl\u0131klar\u0131, cinsel ya\u015famlar\u0131, ceza mahkumiyetleri ve g\u00fcvenlik tedbirleri ile ilgili veriler ile biyometrik ve genetik verilerdir. Bu t\u00fcr veriler di\u011fer veri kategorilerine g\u00f6re daha y\u00fcksek koruma gerektirdi\u011finden, i\u015flenmesi durumunda ayr\u0131ca bilgilendirme yap\u0131lmas\u0131 gerekmektedir.<\/p><p><strong>\u0130\u015flenen Ki\u015fisel Veriler (\u00d6zel Nitelikli Ki\u015fisel Veriler Dahil)<\/strong><\/p><ol><li>Ad-Soyad<\/li><li>\u0130mza, Paraf<\/li><li>TC. Kimlik Numaras\u0131<\/li><li>Do\u011fum Yeri ve Tarihi<\/li><li>Telefon Numaras\u0131<\/li><li>Mesle\u011fi<\/li><li>Ge\u00e7mi\u015f \u00c7al\u0131\u015fma Bilgisi<\/li><li>Foto\u011fraf<\/li><li>Ya\u015f<\/li><li>E\u011fitim Durumu<\/li><li>Medeni Hali<\/li><li>Ev Adresi<\/li><li>Tedavi Bilgisi<\/li><li>Maluliyet Bilgisi<\/li><li>Cinsiyet<\/li><li>\u0130\u015fe Giri\u015f Sa\u011fl\u0131k Raporu<\/li><li>Kan Grubu Bilgisi<\/li><li>Kronik Hastal\u0131k Bilgisi<\/li><li>Tetanoz\/Hepatit Hastal\u0131klar\u0131<\/li><li>Ba\u011f\u0131\u015f\u0131kl\u0131k Hastal\u0131k Bilgisi<\/li><li>A\u015f\u0131 Bilgisi<\/li><li>Rahats\u0131zl\u0131k \u015eikayet Bilgisi<\/li><li>T\u0131bbi Anamnez Bilgileri<\/li><li>T\u0131bbi \u015eikayet Bilgisi<\/li><li>Hastal\u0131k Bilgisi<\/li><li>Ameliyat Bilgisi<\/li><li>Meslek Hastal\u0131\u011f\u0131 Bilgisi<\/li><li>Tetkik\/Muayene Bilgisi<\/li><li>Sigara veya Alkol Kullan\u0131m\u0131 Bilgisi<\/li><li>Kullan\u0131lan \u0130la\u00e7 Bilgisi<\/li><li>Sa\u011fl\u0131k Raporu<\/li><li>Kamera Kayd\u0131 G\u00f6r\u00fcnt\u00fcleri<\/li><\/ol><p><strong>Ki\u015fisel Verilerinizin \u0130\u015flenme Amac\u0131<\/strong><\/p><p>1-15. maddelerde yer alan ki\u015fisel verileriniz Dentgen\u2019in \u0130\u015f Kanunundan kaynaklanan y\u00fck\u00fcml\u00fcl\u00fckleri nedeniyle ve haklar\u0131 kapsam\u0131nda toplanmakta ve i\u015flenmektedir. 16-31. maddelerde yer alan sa\u011fl\u0131k ile ilgili i\u015flenen \u00f6zel nitelikli ki\u015fisel verileriniz i\u015f sa\u011fl\u0131\u011f\u0131\/g\u00fcvenli\u011fi faaliyetlerinin y\u00fcr\u00fct\u00fclmesi, denetim\/etik faaliyetlerinin y\u00fcr\u00fct\u00fclmesi, faaliyetlerin mevzuata uygun y\u00fcr\u00fct\u00fclmesi, i\u00e7 denetim-soru\u015fturma-istihbarat faaliyetlerinin y\u00fcr\u00fct\u00fclmesi, yetkili ki\u015fi, kurum ve kurulu\u015flara bilgi verilmesi, y\u00f6netim faaliyetlerinin y\u00fcr\u00fct\u00fclmesi, \u00e7al\u0131\u015fanlar i\u00e7in i\u015f akdi ve mevzuattan kaynakl\u0131 y\u00fck\u00fcml\u00fcl\u00fcklerin yerine getirilmesi, i\u015fverenin denetim hakk\u0131n\u0131n kullan\u0131lmas\u0131, i\u015f kanunu ve s\u00f6zle\u015fmesinden kaynaklanan y\u00fck\u00fcml\u00fcl\u00fcklerin ifas\u0131 amac\u0131yla, KVKK\u2019n\u0131n 6. maddesinde belirtilen \u201cSa\u011fl\u0131k ve cinsel hayata ili\u015fkin ki\u015fisel verilerin ancak kamu sa\u011fl\u0131\u011f\u0131n\u0131n korunmas\u0131, koruyucu hekimlik, t\u0131bb\u00ee te\u015fhis, tedavi ve bak\u0131m hizmetlerinin y\u00fcr\u00fct\u00fclmesi, sa\u011fl\u0131k hizmetleri ile finansman\u0131n\u0131n planlanmas\u0131 ve y\u00f6netimi amac\u0131yla, s\u0131r saklama y\u00fck\u00fcml\u00fcl\u00fc\u011f\u00fc alt\u0131nda bulunan ki\u015filer veya yetkili kurum ve kurulu\u015flar taraf\u0131ndan ilgilinin a\u00e7\u0131k r\u0131zas\u0131 aranmaks\u0131z\u0131n i\u015flenebilece\u011fi\u201d hukuki sebebine dayanarak ve bu sebeplerle s\u0131n\u0131rl\u0131 olarak i\u015flenmektedir. 32. maddede yer alan kamera kayd\u0131, operasyon s\u00fcre\u00e7lerinin denetlenmesi, i\u015f sa\u011fl\u0131\u011f\u0131 ve g\u00fcvenli\u011finin sa\u011flanmas\u0131 ve denetlenmesi, \u00e7al\u0131\u015fma yerinin, malzemelerin ve a\u011f\u0131z di\u015f sa\u011fl\u0131\u011f\u0131 merkezinin g\u00fcvenli\u011finin sa\u011flanmas\u0131 ama\u00e7lar\u0131yla i\u015flenmektedir. Ses kayd\u0131 yap\u0131lmamaktad\u0131r. Kamera kayd\u0131 yap\u0131lan alanlar a\u015fa\u011f\u0131da liste halinde belirtilmi\u015ftir. Tuvalet, giyinme odas\u0131 gibi \u00f6zel alanlarda kay\u0131t yap\u0131lmamaktad\u0131r. Bu kay\u0131tlar, yasal y\u00fck\u00fcml\u00fcl\u00fckler gerektirmedik\u00e7e 20 g\u00fcn saklanmakta, sonras\u0131nda ise ayn\u0131 kayd\u0131n \u00fczerine kay\u0131t yap\u0131larak imha edilmektedir. \u0130\u015fverenin i\u015f yeri denetimi kapsam\u0131nda ihtiya\u00e7 duymas\u0131 veya yasal gerekliliklerin olu\u015fmas\u0131 halinde bu kay\u0131tlar yetkili merci ve makamlara verilebilmektedir. Ancak bu kay\u0131tlar, gereklilik hali d\u0131\u015f\u0131nda \u00fc\u00e7\u00fcnc\u00fc ki\u015filerle payla\u015f\u0131lmamaktad\u0131r.<\/p><p><strong>Ki\u015fisel Verilerinizin Toplanma \u015eekli<\/strong><\/p><p>Kamera kayd\u0131, a\u011f\u0131z ve di\u015f sa\u011fl\u0131\u011f\u0131 merkezinin de\u011fi\u015fik alanlar\u0131nda bulunan kameralar ile toplanmaktad\u0131r. Kamera kayd\u0131 yap\u0131lan alanlar a\u015fa\u011f\u0131da liste halinde belirtilmi\u015ftir. Sa\u011fl\u0131k ile ilgili ki\u015fisel verileriniz yaz\u0131\u015fmalar, bas\u0131l\u0131 ve elektronik formlar, s\u00f6zle\u015fmeler arac\u0131l\u0131\u011f\u0131yla ve i\u015f yeri hekiminin muayeneleri sonucunda haz\u0131rlanan raporlar arac\u0131l\u0131\u011f\u0131yla toplanmaktad\u0131r.<\/p><p><strong>Ki\u015fisel Verilerinizin \u0130\u015flenmesinde ve Aktar\u0131lmas\u0131nda Uygulanan \u0130lkeler ve \u0130\u015flemenin Yasal Dayanaklar\u0131<\/strong><\/p><p>Ki\u015fisel verileriniz a\u015fa\u011f\u0131da maddeler halinde belirtilen ilkelere uygun olarak i\u015flenmekte ve aktar\u0131lmaktad\u0131r:<\/p><ul><li>Hukuka ve d\u00fcr\u00fcstl\u00fck kurallar\u0131na uygun olma,<\/li><li>Do\u011fru ve gerekti\u011finde g\u00fcncel olma,<\/li><li>Belirli, a\u00e7\u0131k ve me\u015fru ama\u00e7lar i\u00e7in i\u015flenme,<\/li><li>\u0130\u015flendikleri ama\u00e7la ba\u011flant\u0131l\u0131, s\u0131n\u0131rl\u0131 ve \u00f6l\u00e7\u00fcl\u00fc olma,<\/li><li>\u0130lgili mevzuatta \u00f6ng\u00f6r\u00fclen veya i\u015flendikleri ama\u00e7 i\u00e7in gerekli olan s\u00fcre kadar muhafaza edilme.<\/li><\/ul><p>Ki\u015fisel verilerinizin i\u015flenmesinin nedenleri yukar\u0131da yal\u0131n bir dille a\u00e7\u0131klanm\u0131\u015ft\u0131r. Ancak bu b\u00f6l\u00fcmde ki\u015fisel verilerin i\u015flenmesine ili\u015fkin genel bir bilgilendirme yap\u0131lm\u0131\u015ft\u0131r. Ki\u015fisel verilerin i\u015flenme sebepleri a\u015fa\u011f\u0131dakilerden biri veya birka\u00e7\u0131 olabilir:<\/p><ul><li>\u0130lgili ki\u015finin a\u00e7\u0131k r\u0131zas\u0131n\u0131n varl\u0131\u011f\u0131,<\/li><li>Kanunlarda a\u00e7\u0131k\u00e7a \u00f6ng\u00f6r\u00fclmesi,<\/li><li>Fiili imk\u00e2ns\u0131zl\u0131k nedeniyle r\u0131zas\u0131n\u0131 a\u00e7\u0131klayamayacak durumda bulunan veya r\u0131zas\u0131na hukuki ge\u00e7erlilik tan\u0131nmayan ki\u015finin kendisinin ya da bir ba\u015fkas\u0131n\u0131n hayat\u0131 veya beden b\u00fct\u00fcnl\u00fc\u011f\u00fcn\u00fcn korunmas\u0131 i\u00e7in zorunlu olmas\u0131,<\/li><li>Bir s\u00f6zle\u015fmenin kurulmas\u0131 veya ifas\u0131yla do\u011fudan do\u011fruya ilgili olmas\u0131 kayd\u0131yla s\u00f6zle\u015fmenin taraflar\u0131na ait ki\u015fisel verilerin i\u015flenmesinin gerekli olmas\u0131,<\/li><li>Veri sorumlusunun hukuki y\u00fck\u00fcml\u00fcl\u00fc\u011f\u00fcn\u00fc yerine getirebilmesi i\u00e7in zorunlu olmas\u0131,<\/li><li>\u0130lgili ki\u015finin kendisi taraf\u0131ndan alenile\u015ftirilmi\u015f olmas\u0131,<\/li><li>Bir hakk\u0131n tesisi, kullan\u0131lmas\u0131 veya korunmas\u0131 i\u00e7in veri i\u015flemenin zorunlu olmas\u0131,<\/li><li>\u0130lgili ki\u015finin temek hak ve \u00f6zg\u00fcrl\u00fcklerine zarar vermemek kayd\u0131yla, veri sorumlusunun me\u015fru menfaatleri i\u00e7in veri i\u015flenmesinin zorunlu olmas\u0131.<\/li><\/ul><p>Bu kapsamda i\u015fveren, durumun hal ve ko\u015fullar\u0131na uygun olarak ki\u015fisel verilerinizi yukar\u0131da a\u00e7\u0131k\u00e7a belirtilmeyen nedenler i\u00e7in de i\u015fleyebilmektedir. Ancak bu i\u015fleme faaliyetinin de yasalar ve me\u015fru ama\u00e7lar \u00e7er\u00e7evesinde gereklilik halini do\u011furan nedenle s\u0131n\u0131rl\u0131 olarak yap\u0131lacak olup ki\u015fisel verinin i\u015flenme ihtiyac\u0131 ortadan kalkt\u0131\u011f\u0131nda verileriniz imha edilecektir.<\/p><p><strong>Ki\u015fisel Verilerin Aktar\u0131ld\u0131\u011f\u0131 Ki\u015filer<\/strong><\/p><p>Ki\u015fisel verileriniz,<\/p><ul><li>Yasal d\u00fczenlemenin \u00f6ng\u00f6rd\u00fc\u011f\u00fc kapsamda faaliyetlerin mevzuata uygun y\u00fcr\u00fct\u00fclmesi, yetkili ki\u015fi, kurum ve kurulu\u015flara bilgi verilmesi, \u00e7al\u0131\u015fanlar i\u00e7in i\u015f akdi ve mevzuattan kaynakl\u0131 y\u00fck\u00fcml\u00fcl\u00fcklerin yerine getirilmesi amac\u0131yla Bakanl\u0131klara, Sosyal G\u00fcvenlik Kurumuna, \u0130\u015f Yeri Hekimine,<\/li><li>Hukuk i\u015flerinin takibi ve y\u00fcr\u00fct\u00fclmesi a\u00e7\u0131s\u0131ndan \u00e7al\u0131\u015f\u0131lan hukuk b\u00fcrosuna,<\/li><li>\u00c7al\u0131\u015ft\u0131\u011f\u0131n\u0131z g\u00f6revin gerektirmesi halinde gerekli tedbirler al\u0131narak ilgili yurt i\u00e7i ve yurt d\u0131\u015f\u0131ndaki hastalara, tedarik\u00e7ilere, sigorta firmalar\u0131na,<\/li><li>Gereklilik olmas\u0131 halinde g\u00fcvenlik firmas\u0131na aktar\u0131lmaktad\u0131r.<\/li><\/ul><p><strong>Ki\u015fisel Verilerin Saklanma S\u00fcresi<\/strong><\/p><p>Ki\u015fisel verileriniz aksi yasal bir gereklilik olmad\u0131k\u00e7a ilgili mevzuat uyar\u0131nca i\u015ften \u00e7\u0131k\u0131\u015f tarihinizden itibaren 5 y\u0131l boyunca saklanmaktad\u0131r.<\/p><p><strong>\u0130lgili Ki\u015finin Haklar\u0131<\/strong><\/p><p>KVKK ve ilgili mevzuat kapsam\u0131nda ki\u015fisel verilerinize ili\u015fkin olarak;<\/p><ul><li>Ki\u015fisel verilerinizin i\u015flenip i\u015flenmedi\u011fini \u00f6\u011frenme,<\/li><li>Ki\u015fisel verileriniz i\u015flenmi\u015fse buna ili\u015fkin bilgi talep etme,<\/li><li>Ki\u015fisel verilerin i\u015flenme amac\u0131n\u0131 ve bunlar\u0131n amac\u0131na uygun kullan\u0131l\u0131p kullan\u0131lmad\u0131\u011f\u0131n\u0131 \u00f6\u011frenme,<\/li><li>Yurt i\u00e7inde veya yurt d\u0131\u015f\u0131nda ki\u015fisel verilerinizin aktar\u0131ld\u0131\u011f\u0131 \u00fc\u00e7\u00fcnc\u00fc ki\u015fileri bilme,<\/li><li>Ki\u015fisel verilerinizin eksik veya yanl\u0131\u015f i\u015flenmi\u015f olmas\u0131 halinde bunlar\u0131n d\u00fczeltilmesini isteme,<\/li><li>KVKK mevzuat\u0131nda \u00f6ng\u00f6r\u00fclen \u015fartlar \u00e7er\u00e7evesinde ki\u015fisel verilerinizin silinmesini veya yok edilmesini isteme,<\/li><li>Eksik veya yanl\u0131\u015f verilerin d\u00fczeltilmesi ile ki\u015fisel verilerinizin silinmesi veya yok edilmesini talep etti\u011finizde, bu durumun ki\u015fisel verilerinizi aktard\u0131\u011f\u0131m\u0131z \u00fc\u00e7\u00fcnc\u00fc ki\u015filere bildirilmesini isteme,<\/li><li>Ki\u015fisel verilerin kanuna ayk\u0131r\u0131 olarak i\u015flenmesi sebebiyle zarara u\u011framan\u0131z halinde bu zarar\u0131n giderilmesini talep etme haklar\u0131na sahipsiniz.<\/li><\/ul><p><strong>Ba\u015fvuru Usulleri<\/strong><\/p><p>Ki\u015fisel verileriniz ile ilgili ba\u015fvuru ve taleplerinizi dilek\u00e7enizi \u0131slak imzal\u0131 olarak g\u00f6nderebilir veya elektronik ortamdan iletebilirsiniz. Ba\u015fvuru dilek\u00e7enizde; ad, soyad ve ba\u015fvuru yaz\u0131l\u0131 ise imza, T.C. kimlik numaras\u0131, tebligata esas yerle\u015fim yeri veya i\u015f yeri adresi, varsa bildirime esas elektronik posta adresi, telefon ve faks numaras\u0131, talep konusunun bulunmas\u0131 zorunludur. Ba\u015fvuru dilek\u00e7esine konuya ili\u015fkin bilgi ve belgeler eklenmelidir. Talep konusunun ba\u015fvuran\u0131n \u015fahs\u0131 ile ilgili olmas\u0131 gerekmekle birlikte, ba\u015fkas\u0131 ad\u0131na hareket ediliyor ise ba\u015fvuruyu yapan\u0131n bu konuda \u00f6zel olarak yetkili olmas\u0131 ve bu yetkinin belgelendirilmesi (\u00f6zel vek\u00e2letname) gerekmektedir. Ayr\u0131ca ba\u015fvurunun kimlik ve adres bilgilerini i\u00e7ermesi ve ba\u015fvuruya kimli\u011fi do\u011frulay\u0131c\u0131 belgelerin eklenmesi gerekmektedir. Yetkisiz \u00fc\u00e7\u00fcnc\u00fc ki\u015filerin ba\u015fkas\u0131 ad\u0131na yapt\u0131\u011f\u0131 talepler de\u011ferlendirmeye al\u0131nmayacakt\u0131r.<\/p><p>Yaz\u0131l\u0131 ba\u015fvurular\u0131n veri sorumlusuna tebli\u011f edildi\u011fi tarih, ba\u015fvuru tarihidir. Di\u011fer y\u00f6ntemlerle yap\u0131lan ba\u015fvurularda; ba\u015fvurunun veri sorumlusuna ula\u015ft\u0131\u011f\u0131 tarih, ba\u015fvuru tarihidir. Yaz\u0131l\u0131 ba\u015fvuru dilek\u00e7enizi <strong>\u015eerifali Mah. Miras Sok. \u00c7ankaya Plaza 20\/1 \u00dcmraniye\/\u0130STANBUL<\/strong> adresine g\u00f6nderebilir veya bu adrese bizzat gelerek ba\u015fvuruda bulunabilirsiniz. Elektronik ortamda haz\u0131rlad\u0131\u011f\u0131n\u0131z ba\u015fvuru dilek\u00e7enizi mobil imza veya g\u00fcvenli elektronik imza ile imzalay\u0131p <strong><a rel=\"noreferrer\">info@dentgen.com.tr<\/a><\/strong> adresine e-posta g\u00f6ndererek veya kay\u0131tl\u0131 elektronik posta (KEP) adresi ve g\u00fcvenli elektronik imza ya da mobil imza kullanmak suretiyle <strong><a rel=\"noreferrer\">sttadsm@hs01.kep.tr<\/a><\/strong> adresine g\u00f6ndererek ba\u015fvuruda bulunabilirsiniz.<\/p><p><strong>Ba\u015fvurular\u0131n Cevaplanma S\u00fcresi ve \u00dccreti<\/strong><\/p><p>Ki\u015fisel verilerinize ili\u015fkin hak talepleriniz de\u011ferlendirilerek, bize ula\u015ft\u0131\u011f\u0131 tarihten itibaren en ge\u00e7 30 g\u00fcn i\u00e7erisinde cevaplan\u0131r. Ba\u015fvurunuzun olumsuz de\u011ferlendirilmesi halinde gerek\u00e7eli ret sebepleri ba\u015fvuruda belirtti\u011finiz adrese elektronik posta veya posta yolu ba\u015fta olmak \u00fczere adrese kargolanarak da cevap verilebilir.<\/p><p>Ba\u015fvurunun yaz\u0131l\u0131 olarak cevaplanmas\u0131 halinde, on sayfaya kadar \u00fccret al\u0131nmaz. On sayfan\u0131n \u00fczerindeki her sayfa i\u00e7in 1 T\u00fcrk Liras\u0131 i\u015flem \u00fccreti al\u0131nabilir. Ba\u015fvuruya cevab\u0131n CD, flash bellek gibi bir kay\u0131t ortam\u0131nda verilmesi halinde veri sorumlusu taraf\u0131ndan talep edilebilecek \u00fccret kay\u0131t ortam\u0131n\u0131n maliyetini ge\u00e7emez.<\/p><p><strong>Kamera Kayd\u0131 Yap\u0131lan Alanlar<\/strong><\/p><ol><li>Bina giri\u015fi<\/li><li>Hasta bekleme salonu<\/li><li>Hasta kay\u0131t b\u00f6l\u00fcm\u00fc<\/li><li>Koridorlar<\/li><li>Yemekhane<\/li><\/ol><\/div><\/div><\/div><\/div><div class=\"mt-1 flex gap-3 empty:hidden juice:-ml-3\"><div class=\"items-center justify-start rounded-xl p-1 flex\">\u00a0<\/div><\/div>\t\t\t\t\t\t\t\t<\/div>\n\t\t\t\t<\/div>\n\t\t\t\t<\/div>\n\t\t\t\t<\/div>\n\t\t","protected":false},"excerpt":{"rendered":"<p>\u00c7al\u0131\u015fan Ayd\u0131nlatma Metni Ki\u015fisel Verilerin \u0130\u015flenmesine \u0130li\u015fkin \u00c7al\u0131\u015fan Ayd\u0131nlatma Metni Ki\u015fisel Veri \u0130\u015fleme Bildirimi \u015eerifali Mah. Miras Sok. \u00c7ankaya Plaza 20\/1 \u00dcmraniye\/\u0130STANBUL (Dentgen) veri sorumlusu olarak bu bildirimi haz\u0131rlam\u0131\u015ft\u0131r. Bu Ayd\u0131nlatma Metni, 6698 say\u0131l\u0131 Ki\u015fisel Verilerin Korunmas\u0131 Kanunu ve 30356 say\u0131l\u0131 Resm\u00ee Gazete\u2019de yay\u0131mlanan Ayd\u0131nlatma Y\u00fck\u00fcml\u00fcl\u00fc\u011f\u00fcn\u00fcn Yerine Getirilmesinde Uyulacak Usul ve Esaslar Hakk\u0131nda Tebli\u011f \u00e7er\u00e7evesinde [&hellip;]<\/p>\n","protected":false},"author":1,"featured_media":0,"parent":0,"menu_order":0,"comment_status":"closed","ping_status":"closed","template":"elementor_header_footer","meta":{"footnotes":""},"class_list":["post-5558","page","type-page","status-publish","hentry"],"_links":{"self":[{"href":"https:\/\/dentgen.clinic\/tr\/wp-json\/wp\/v2\/pages\/5558","targetHints":{"allow":["GET"]}}],"collection":[{"href":"https:\/\/dentgen.clinic\/tr\/wp-json\/wp\/v2\/pages"}],"about":[{"href":"https:\/\/dentgen.clinic\/tr\/wp-json\/wp\/v2\/types\/page"}],"author":[{"embeddable":true,"href":"https:\/\/dentgen.clinic\/tr\/wp-json\/wp\/v2\/users\/1"}],"replies":[{"embeddable":true,"href":"https:\/\/dentgen.clinic\/tr\/wp-json\/wp\/v2\/comments?post=5558"}],"version-history":[{"count":0,"href":"https:\/\/dentgen.clinic\/tr\/wp-json\/wp\/v2\/pages\/5558\/revisions"}],"wp:attachment":[{"href":"https:\/\/dentgen.clinic\/tr\/wp-json\/wp\/v2\/media?parent=5558"}],"curies":[{"name":"wp","href":"https:\/\/api.w.org\/{rel}","templated":true}]}}