{"id":5918,"date":"2024-06-13T15:22:26","date_gmt":"2024-06-13T12:22:26","guid":{"rendered":"https:\/\/dentgen.clinic\/dt-cem-taze\/"},"modified":"2025-03-12T16:43:25","modified_gmt":"2025-03-12T13:43:25","slug":"dt-cem-taze","status":"publish","type":"page","link":"https:\/\/dentgen.clinic\/tr\/dis-hekimleri\/dt-cem-taze\/","title":{"rendered":"Dt. Cem Taze"},"content":{"rendered":"\t\t<div data-elementor-type=\"wp-page\" data-elementor-id=\"5918\" class=\"elementor elementor-5918 elementor-4040\" data-elementor-post-type=\"page\">\n\t\t\t\t<div class=\"elementor-element elementor-element-3bb41793 e-con-full e-flex e-con e-parent\" data-id=\"3bb41793\" data-element_type=\"container\" data-settings=\"{&quot;background_background&quot;:&quot;classic&quot;,&quot;shape_divider_bottom&quot;:&quot;waves&quot;}\">\n\t\t\t\t<div class=\"elementor-shape elementor-shape-bottom\" aria-hidden=\"true\" data-negative=\"false\">\n\t\t\t<svg xmlns=\"http:\/\/www.w3.org\/2000\/svg\" viewBox=\"0 0 1000 100\" preserveAspectRatio=\"none\">\n\t<path class=\"elementor-shape-fill\" d=\"M421.9,6.5c22.6-2.5,51.5,0.4,75.5,5.3c23.6,4.9,70.9,23.5,100.5,35.7c75.8,32.2,133.7,44.5,192.6,49.7\n\tc23.6,2.1,48.7,3.5,103.4-2.5c54.7-6,106.2-25.6,106.2-25.6V0H0v30.3c0,0,72,32.6,158.4,30.5c39.2-0.7,92.8-6.7,134-22.4\n\tc21.2-8.1,52.2-18.2,79.7-24.2C399.3,7.9,411.6,7.5,421.9,6.5z\"\/>\n<\/svg>\t\t<\/div>\n\t\t\t\t<div class=\"elementor-element elementor-element-4674f152 elementor-invisible elementor-widget elementor-widget-heading\" data-id=\"4674f152\" data-element_type=\"widget\" data-settings=\"{&quot;_animation&quot;:&quot;fadeIn&quot;}\" data-widget_type=\"heading.default\">\n\t\t\t\t<div class=\"elementor-widget-container\">\n\t\t\t\t\t<span class=\"elementor-heading-title elementor-size-default\">Dt. Cem Taze <\/span>\t\t\t\t<\/div>\n\t\t\t\t<\/div>\n\t\t\t\t<\/div>\n\t\t<div class=\"elementor-element elementor-element-45b1b46c e-con-full e-flex e-con e-parent\" data-id=\"45b1b46c\" data-element_type=\"container\" data-settings=\"{&quot;background_background&quot;:&quot;classic&quot;}\">\n\t\t<div class=\"elementor-element elementor-element-7c357568 e-con-full e-flex e-con e-child\" data-id=\"7c357568\" data-element_type=\"container\">\n\t\t\t\t<div class=\"elementor-element elementor-element-7990810f elementor-widget elementor-widget-heading\" data-id=\"7990810f\" data-element_type=\"widget\" data-widget_type=\"heading.default\">\n\t\t\t\t<div class=\"elementor-widget-container\">\n\t\t\t\t\t<h2 class=\"elementor-heading-title elementor-size-default\">Dt. Cem Taze <\/h2>\t\t\t\t<\/div>\n\t\t\t\t<\/div>\n\t\t\t\t<div class=\"elementor-element elementor-element-600be71b elementor-invisible elementor-widget elementor-widget-text-editor\" data-id=\"600be71b\" data-element_type=\"widget\" data-settings=\"{&quot;_animation&quot;:&quot;fadeIn&quot;,&quot;_animation_delay&quot;:200}\" data-widget_type=\"text-editor.default\">\n\t\t\t\t<div class=\"elementor-widget-container\">\n\t\t\t\t\t\t\t\t\t<div class=\"flex flex-grow flex-col max-w-full\">\n<div class=\"min-h-[20px] text-message flex flex-col items-start whitespace-pre-wrap break-words [.text-message+&amp;]:mt-5 juice:w-full juice:items-end overflow-x-auto gap-2\" dir=\"auto\" data-message-author-role=\"assistant\" data-message-id=\"169c136f-2d49-4e82-9b2a-48c9dadcd18f\">\n<div class=\"flex w-full flex-col gap-1 juice:empty:hidden juice:first:pt-[3px]\">\n<div class=\"markdown prose w-full break-words dark:prose-invert light\">\n<p>Dr. Cem Taze, \u00e7e\u015fitli ileri di\u015f prosed\u00fcrlerinde uzmanla\u015fm\u0131\u015f yetkin bir pratisyen hekimdir. Mesleki ilgi alanlar\u0131 aras\u0131nda g\u00f6m\u00fcl\u00fc di\u015f \u00e7ekimi, ileri implant cerrahisi, kemik b\u00fcy\u00fctme, botoks ve dermal dolgu uygulamalar\u0131, kist operasyonlar\u0131, yumu\u015fak doku cerrahisi, endodontik cerrahi ve bi\u015fektomi yer almaktad\u0131r. Gazi \u00dcniversitesi Di\u015f Hekimli\u011fi Fak\u00fcltesi&#8217;nden mezun olan Dr. Taze, K\u0131r\u0131kkale \u00dcniversitesi Di\u015f Hekimli\u011fi Fak\u00fcltesi&#8217;nde A\u011f\u0131z Di\u015f ve \u00c7ene Cerrahisi alan\u0131nda uzmanla\u015fm\u0131\u015ft\u0131r. A\u00c7B\u0130D 15. Uluslararas\u0131 Kongresi&#8217;ndeki sunumlar ve ileri dental teknikler \u00fczerine e\u011fitim kurslar\u0131 da dahil olmak \u00fczere \u00e7ok say\u0131da kurs ve sempozyuma aktif olarak kat\u0131lm\u0131\u015ft\u0131r. Ayr\u0131ca se\u00e7ici lazer toz yata\u011f\u0131 f\u00fczyon eritme kullanarak biyomimetik dental implant \u00fcretimi \u00fczerine yapt\u0131\u011f\u0131 yay\u0131n ile bilim camias\u0131na katk\u0131da bulunmu\u015ftur.    <\/p>\n<\/div>\n<\/div>\n<\/div>\n<\/div>\n\t\t\t\t\t\t\t\t<\/div>\n\t\t\t\t<\/div>\n\t\t\t\t<div class=\"elementor-element elementor-element-45e8d990 elementor-align-center elementor-invisible elementor-widget elementor-widget-button\" data-id=\"45e8d990\" data-element_type=\"widget\" data-settings=\"{&quot;_animation&quot;:&quot;fadeIn&quot;,&quot;_animation_delay&quot;:400}\" data-widget_type=\"button.default\">\n\t\t\t\t<div class=\"elementor-widget-container\">\n\t\t\t\t\t\t\t\t\t<div class=\"elementor-button-wrapper\">\n\t\t\t\t\t<a class=\"elementor-button elementor-button-link elementor-size-sm\" href=\"#name\">\n\t\t\t\t\t\t<span class=\"elementor-button-content-wrapper\">\n\t\t\t\t\t\t<span class=\"elementor-button-icon\">\n\t\t\t\t<svg aria-hidden=\"true\" class=\"e-font-icon-svg e-fas-arrow-alt-circle-down\" viewBox=\"0 0 512 512\" xmlns=\"http:\/\/www.w3.org\/2000\/svg\"><path d=\"M504 256c0 137-111 248-248 248S8 393 8 256 119 8 256 8s248 111 248 248zM212 140v116h-70.9c-10.7 0-16.1 13-8.5 20.5l114.9 114.3c4.7 4.7 12.2 4.7 16.9 0l114.9-114.3c7.6-7.6 2.2-20.5-8.5-20.5H300V140c0-6.6-5.4-12-12-12h-64c-6.6 0-12 5.4-12 12z\"><\/path><\/svg>\t\t\t<\/span>\n\t\t\t\t\t\t\t\t\t<span class=\"elementor-button-text\">CV'yi \u0130ncele<\/span>\n\t\t\t\t\t<\/span>\n\t\t\t\t\t<\/a>\n\t\t\t\t<\/div>\n\t\t\t\t\t\t\t\t<\/div>\n\t\t\t\t<\/div>\n\t\t\t\t<\/div>\n\t\t<div class=\"elementor-element elementor-element-743123aa e-con-full e-flex e-con e-child\" data-id=\"743123aa\" data-element_type=\"container\" data-settings=\"{&quot;background_background&quot;:&quot;classic&quot;}\">\n\t\t\t\t<div class=\"elementor-element elementor-element-45884666 elementor-invisible elementor-widget elementor-widget-image\" data-id=\"45884666\" data-element_type=\"widget\" data-settings=\"{&quot;_animation&quot;:&quot;zoomIn&quot;}\" data-widget_type=\"image.default\">\n\t\t\t\t<div class=\"elementor-widget-container\">\n\t\t\t\t\t\t\t\t\t\t\t\t\t\t\t<img fetchpriority=\"high\" decoding=\"async\" width=\"1000\" height=\"1779\" src=\"https:\/\/dentgen.clinic\/wp-content\/uploads\/2024\/06\/4-1-1-1-1-1-1-1-1-1-1.jpg\" class=\"attachment-full size-full wp-image-3971\" alt=\"\" srcset=\"https:\/\/dentgen.clinic\/wp-content\/uploads\/2024\/06\/4-1-1-1-1-1-1-1-1-1-1.jpg 1000w, https:\/\/dentgen.clinic\/wp-content\/uploads\/2024\/06\/4-1-1-1-1-1-1-1-1-1-1-169x300.jpg 169w, https:\/\/dentgen.clinic\/wp-content\/uploads\/2024\/06\/4-1-1-1-1-1-1-1-1-1-1-576x1024.jpg 576w, https:\/\/dentgen.clinic\/wp-content\/uploads\/2024\/06\/4-1-1-1-1-1-1-1-1-1-1-768x1366.jpg 768w, https:\/\/dentgen.clinic\/wp-content\/uploads\/2024\/06\/4-1-1-1-1-1-1-1-1-1-1-863x1536.jpg 863w\" sizes=\"(max-width: 1000px) 100vw, 1000px\" \/>\t\t\t\t\t\t\t\t\t\t\t\t\t\t\t<\/div>\n\t\t\t\t<\/div>\n\t\t\t\t<\/div>\n\t\t\t\t<\/div>\n\t\t<div class=\"elementor-element elementor-element-51322a4 e-con-full e-flex e-con e-child\" data-id=\"51322a4\" data-element_type=\"container\" id=\"name\" data-settings=\"{&quot;background_background&quot;:&quot;classic&quot;,&quot;shape_divider_bottom&quot;:&quot;waves&quot;,&quot;shape_divider_top&quot;:&quot;waves&quot;}\">\n\t\t\t\t<div class=\"elementor-shape elementor-shape-top\" aria-hidden=\"true\" data-negative=\"false\">\n\t\t\t<svg xmlns=\"http:\/\/www.w3.org\/2000\/svg\" viewBox=\"0 0 1000 100\" preserveAspectRatio=\"none\">\n\t<path class=\"elementor-shape-fill\" d=\"M421.9,6.5c22.6-2.5,51.5,0.4,75.5,5.3c23.6,4.9,70.9,23.5,100.5,35.7c75.8,32.2,133.7,44.5,192.6,49.7\n\tc23.6,2.1,48.7,3.5,103.4-2.5c54.7-6,106.2-25.6,106.2-25.6V0H0v30.3c0,0,72,32.6,158.4,30.5c39.2-0.7,92.8-6.7,134-22.4\n\tc21.2-8.1,52.2-18.2,79.7-24.2C399.3,7.9,411.6,7.5,421.9,6.5z\"\/>\n<\/svg>\t\t<\/div>\n\t\t\t\t<div class=\"elementor-shape elementor-shape-bottom\" aria-hidden=\"true\" data-negative=\"false\">\n\t\t\t<svg xmlns=\"http:\/\/www.w3.org\/2000\/svg\" viewBox=\"0 0 1000 100\" preserveAspectRatio=\"none\">\n\t<path class=\"elementor-shape-fill\" d=\"M421.9,6.5c22.6-2.5,51.5,0.4,75.5,5.3c23.6,4.9,70.9,23.5,100.5,35.7c75.8,32.2,133.7,44.5,192.6,49.7\n\tc23.6,2.1,48.7,3.5,103.4-2.5c54.7-6,106.2-25.6,106.2-25.6V0H0v30.3c0,0,72,32.6,158.4,30.5c39.2-0.7,92.8-6.7,134-22.4\n\tc21.2-8.1,52.2-18.2,79.7-24.2C399.3,7.9,411.6,7.5,421.9,6.5z\"\/>\n<\/svg>\t\t<\/div>\n\t\t\t\t<div class=\"elementor-element elementor-element-1b9937e elementor-widget__width-initial elementor-widget elementor-widget-text-editor\" data-id=\"1b9937e\" data-element_type=\"widget\" data-widget_type=\"text-editor.default\">\n\t\t\t\t<div class=\"elementor-widget-container\">\n\t\t\t\t\t\t\t\t\t<table border=\"1\" width=\"100%\" cellspacing=\"0\" cellpadding=\"4\">\n<tbody>\n<tr valign=\"TOP\">\n<td width=\"50%\">\n<p><strong>\u0130sim<\/strong><\/p>\n<\/td>\n<td width=\"50%\">\n<p><strong>Dt. Cem Taze <\/strong><\/p>\n<\/td>\n<\/tr>\n<tr valign=\"TOP\">\n<td width=\"50%\">\n<p><strong>Uzmanl\u0131k<\/strong><\/p>\n<\/td>\n<td width=\"50%\">\n<p><strong>Pratisyen Hekim<\/strong><\/p>\n<\/td>\n<\/tr>\n<tr valign=\"TOP\">\n<td width=\"50%\">\n<p><strong>Profesyonel \u0130lgi Alanlar\u0131<\/strong><\/p>\n<\/td>\n<td width=\"50%\">\n<ul>\n<li>\n<p><strong>G\u00f6m\u00fcl\u00fc Di\u015f \u00c7ekimi<\/strong><\/p>\n<\/li>\n<\/ul>\n<ul>\n<li>\n<p><strong>\u0130leri \u0130mplant Cerrahisi<\/strong><\/p>\n<\/li>\n<\/ul>\n<ul>\n<li>\n<p><strong>Kemik B\u00fcy\u00fctme<\/strong><\/p>\n<\/li>\n<\/ul>\n<ul>\n<li>\n<p><strong>Botoks ve Dermal Dolgu<\/strong><\/p>\n<\/li>\n<\/ul>\n<ul>\n<li>\n<p><strong>Kist Operasyonu<\/strong><\/p>\n<\/li>\n<\/ul>\n<ul>\n<li>\n<p><strong>Yumu\u015fak Doku Cerrahisi<\/strong><\/p>\n<\/li>\n<\/ul>\n<ul>\n<li>\n<p><strong>Endodontik Cerrahi<\/strong><\/p>\n<\/li>\n<\/ul>\n<ul>\n<li>\n<p><strong>Bi\u015fektomi<\/strong><\/p>\n<\/li>\n<\/ul>\n<\/td>\n<\/tr>\n<tr valign=\"TOP\">\n<td width=\"50%\">\n<p><strong>E\u011fitim<\/strong><\/p>\n<\/td>\n<td width=\"50%\">\n<ul>\n<li>\n<p><strong>Gazi \u00dcniversitesi, Di\u015f Hekimli\u011fi Fak\u00fcltesi<\/strong><\/p>\n<\/li>\n<li>\n<p><strong>K\u0131r\u0131kkale \u00dcniversitesi, Di\u015f Hekimli\u011fi Fak\u00fcltesi &#8211; A\u011f\u0131z Di\u015f ve \u00c7ene Cerrahisi<\/strong><\/p>\n<\/li>\n<\/ul>\n<\/td>\n<\/tr>\n<tr valign=\"TOP\">\n<td width=\"50%\">\n<p><strong>Kurslar\/Sempozyumlar\/Sunumlar<\/strong><\/p>\n<\/td>\n<td width=\"50%\">\n<ul>\n<li>\n<p><strong>Cem Taze, \u00d6zkan \u00d6zg\u00fcl, Mustafa Erc\u00fcment \u00d6nder, Umut Tekin, Petek Korkusuz, &#8220;Biomimetic Porous Dental Implant Design, In Vivo Evaluation,&#8221; S\u00f6zl\u00fc Sunum, A\u00c7B\u0130D 15. Uluslararas\u0131 Kongresi, 11-15 May\u0131s 2022<\/strong><\/p>\n<\/li>\n<\/ul>\n<ul>\n<li>\n<p><strong>K\u0131br\u0131s Amerikan \u00dcniversitesi S\u00fcrekli E\u011fitim Uygulama ve Ara\u015ft\u0131rma Merkezi &#8220;Botoks ve Dermal Filler E\u011fitim Kursu,&#8221; 12 Mart 2022, Ankara<\/strong><\/p>\n<\/li>\n<\/ul>\n<ul>\n<li>\n<p><strong>Nobel Biocare &#8220;Tam Di\u015fsiz ve Potansiyel Di\u015fsiz Hastalar i\u00e7in All-on-4 Tedavi Konsepti&#8221;, 2 Kas\u0131m 2019, Ankara<\/strong><\/p>\n<\/li>\n<\/ul>\n<ul>\n<li>\n<p><strong>Bilimimplant &#8220;Sin\u00fcs Lifting, Kemik Greftleme Teknikleri ve \u0130mplant Destekli Protezler,&#8221; 6 Nisan 2019, Ankara<\/strong><\/p>\n<\/li>\n<\/ul>\n<ul>\n<li>\n<p><strong>Nobel Biocare &#8220;Total Mandibular Edent\u00fclizm i\u00e7in Alternatif Konsept Trefoil Sistemi,&#8221; 11 Kas\u0131m 2021, Antalya<\/strong><\/p>\n<\/li>\n<\/ul>\n<ul>\n<li>\n<p><strong>Nobel Biocare &#8220;Total Edentulizm \u00c7\u00f6z\u00fcmleri&#8221;, 6 Nisan 2019, Ankara<\/strong><\/p>\n<\/li>\n<\/ul>\n<ul>\n<li>\n<p><strong>Dentimplant &#8220;Minimal \u0130nvaziv \u0130mplantoloji Perspektifinden A\u00e7\u0131l\u0131 \u0130mplantlar&#8221;, 30 Kas\u0131m 2019, Ankara<\/strong><\/p>\n<\/li>\n<\/ul>\n<ul>\n<li>\n<p><strong>Dentimplant &#8220;18. Y\u0131l Di\u015f Hekimleri Toplant\u0131s\u0131&#8221;, 21 Ekim 2021, Antalya<\/strong><\/p>\n<\/li>\n<\/ul>\n<ul>\n<li>\n<p><strong>A\u00c7B\u0130D 15. Uluslararas\u0131 Kongresi, 11-15 May\u0131s 2022<\/strong><\/p>\n<\/li>\n<\/ul>\n<ul>\n<li>\n<p><strong>A\u00c7B\u0130D 14. Uluslararas\u0131 Online Kongresi, 7-9 May\u0131s 2021<\/strong><\/p>\n<\/li>\n<\/ul>\n<\/td>\n<\/tr>\n<tr valign=\"TOP\">\n<td width=\"50%\">\n<p><strong>Yay\u0131n<\/strong><\/p>\n<\/td>\n<td width=\"50%\">\n<ul>\n<li>\n<p>&#8220;Se\u00e7ici Lazer Toz Yata\u011f\u0131 F\u00fczyon Eritme Kullan\u0131larak Biyomimetik Dental \u0130mplant \u00dcretimi i\u00e7in Sunum Onay\u0131: In-vitro Sonu\u00e7lar&#8221;<\/p>\n<\/li>\n<\/ul>\n<\/td>\n<\/tr>\n<tr valign=\"TOP\">\n<td width=\"50%\">\n<p><strong>\u00dcyelik<\/strong><\/p>\n<\/td>\n<td width=\"50%\">\n<ul>\n<li>\n<p>A\u00c7B\u0130D (A\u011f\u0131z Di\u015f ve \u00c7ene Cerrahisi Derne\u011fi)<\/p>\n<\/li>\n<\/ul>\n<\/td>\n<\/tr>\n<\/tbody>\n<\/table>\n\t\t\t\t\t\t\t\t<\/div>\n\t\t\t\t<\/div>\n\t\t\t\t<\/div>\n\t\t\t\t<\/div>\n\t\t","protected":false},"excerpt":{"rendered":"<p>Dt. Cem Taze Dt. Cem Taze Dr. Cem Taze, \u00e7e\u015fitli ileri di\u015f prosed\u00fcrlerinde uzmanla\u015fm\u0131\u015f yetkin bir pratisyen hekimdir. Mesleki ilgi alanlar\u0131 aras\u0131nda g\u00f6m\u00fcl\u00fc di\u015f \u00e7ekimi, ileri implant cerrahisi, kemik b\u00fcy\u00fctme, botoks ve dermal dolgu uygulamalar\u0131, kist operasyonlar\u0131, yumu\u015fak doku cerrahisi, endodontik cerrahi ve bi\u015fektomi yer almaktad\u0131r. Gazi \u00dcniversitesi Di\u015f Hekimli\u011fi Fak\u00fcltesi&#8217;nden mezun olan Dr. Taze, [&hellip;]<\/p>\n","protected":false},"author":1,"featured_media":0,"parent":15320,"menu_order":0,"comment_status":"closed","ping_status":"closed","template":"elementor_header_footer","meta":{"footnotes":""},"class_list":["post-5918","page","type-page","status-publish","hentry"],"_links":{"self":[{"href":"https:\/\/dentgen.clinic\/tr\/wp-json\/wp\/v2\/pages\/5918","targetHints":{"allow":["GET"]}}],"collection":[{"href":"https:\/\/dentgen.clinic\/tr\/wp-json\/wp\/v2\/pages"}],"about":[{"href":"https:\/\/dentgen.clinic\/tr\/wp-json\/wp\/v2\/types\/page"}],"author":[{"embeddable":true,"href":"https:\/\/dentgen.clinic\/tr\/wp-json\/wp\/v2\/users\/1"}],"replies":[{"embeddable":true,"href":"https:\/\/dentgen.clinic\/tr\/wp-json\/wp\/v2\/comments?post=5918"}],"version-history":[{"count":0,"href":"https:\/\/dentgen.clinic\/tr\/wp-json\/wp\/v2\/pages\/5918\/revisions"}],"up":[{"embeddable":true,"href":"https:\/\/dentgen.clinic\/tr\/wp-json\/wp\/v2\/pages\/15320"}],"wp:attachment":[{"href":"https:\/\/dentgen.clinic\/tr\/wp-json\/wp\/v2\/media?parent=5918"}],"curies":[{"name":"wp","href":"https:\/\/api.w.org\/{rel}","templated":true}]}}